{"id":107168,"date":"2026-05-04T18:13:00","date_gmt":"2026-05-04T21:13:00","guid":{"rendered":"https:\/\/www.hediyepazar.com\/?product=haweel-15-6-inch-universal-laptop-cantasi-5775"},"modified":"2026-05-04T18:13:00","modified_gmt":"2026-05-04T21:13:00","slug":"haweel-15-6-inch-universal-laptop-cantasi-5775","status":"publish","type":"product","link":"https:\/\/www.hediyepazar.com\/?product=haweel-15-6-inch-universal-laptop-cantasi-5775","title":{"rendered":"Haweel 15.6 \u0130nch Universal Laptop \u00c7antas\u0131-(5775)"},"content":{"rendered":"<p><iframe allow=\"accelerometer; autoplay; clipboard-write; encrypted-media; gyroscope; picture-in-picture\" allowfullscreen=\"\" frameborder=\"0\" height=\"315\" src=\"https:\/\/www.youtube.com\/embed\/kUK2oD0WAzM\" title=\"YouTube video player\" width=\"560\"><\/iframe><\/p>\n<p><strong>Haweel 15.6 &#304;nch Universal Laptop &Ccedil;antas&#305;<\/strong><\/p>\n<p><img decoding=\"async\" data-cke-saved-src=\"https:\/\/cdn.myikas.com\/images\/4b0890c4-46f7-49c5-9b0d-d8f3dae632d6\/264e2600-063b-4948-90e3-6b4f742c98a4\/image_1950.webp\" src=\"https:\/\/hepsicdn.com.tr\/static\/product_detail\/hbnete0c485ca_5265111.webp\"><\/p>\n<p><img decoding=\"async\" data-cke-saved-src=\"https:\/\/cdn.myikas.com\/images\/4b0890c4-46f7-49c5-9b0d-d8f3dae632d6\/9c1d681e-e813-46c6-b6e8-0b3a257f7356\/image_1950.webp\" src=\"https:\/\/hepsicdn.com.tr\/static\/product_detail\/hbnete0c485ca_5265112.webp\"><\/p>\n<p><img decoding=\"async\" data-cke-saved-src=\"https:\/\/cdn.myikas.com\/images\/4b0890c4-46f7-49c5-9b0d-d8f3dae632d6\/48cea554-6c87-4c21-b0a7-a57e1834725b\/image_1950.webp\" src=\"https:\/\/hepsicdn.com.tr\/static\/product_detail\/hbnete0c485ca_5265113.webp\"><\/p>\n<p><img decoding=\"async\" data-cke-saved-src=\"https:\/\/cdn.myikas.com\/images\/4b0890c4-46f7-49c5-9b0d-d8f3dae632d6\/8b9e13e3-7362-4423-9a7c-cd1efe14f863\/image_1950.webp\" src=\"https:\/\/hepsicdn.com.tr\/static\/product_detail\/hbnete0c485ca_5265114.webp\"><\/p>\n<p><img decoding=\"async\" data-cke-saved-src=\"https:\/\/cdn.myikas.com\/images\/4b0890c4-46f7-49c5-9b0d-d8f3dae632d6\/b3c01948-8462-4b85-bd4a-f7e847a5a8a1\/image_1950.webp\" src=\"https:\/\/hepsicdn.com.tr\/static\/product_detail\/hbnete0c485ca_5265115.webp\"><\/p>\n<p><img decoding=\"async\" data-cke-saved-src=\"https:\/\/cdn.myikas.com\/images\/4b0890c4-46f7-49c5-9b0d-d8f3dae632d6\/9d30a73c-dab8-49fb-bfb5-94c8878869fb\/image_1950.webp\" src=\"https:\/\/hepsicdn.com.tr\/static\/product_detail\/hbnete0c485ca_5265116.webp\"><\/p>\n<p><img decoding=\"async\" data-cke-saved-src=\"https:\/\/cdn.myikas.com\/images\/4b0890c4-46f7-49c5-9b0d-d8f3dae632d6\/7265d1ad-2f81-4d83-a195-66a846398d4e\/image_1950.webp\" src=\"https:\/\/hepsicdn.com.tr\/static\/product_detail\/hbnete0c485ca_5265117.webp\"><\/p>\n<p><strong>Haweel 15.6 &#304;nch Universal Laptop &Ccedil;antas&#305;<\/strong><br \/>D&#305;&#351; k&#305;s&#305;mda y&uuml;ksek kaliteli oxford kuma&#351; ve i&ccedil; k&#305;s&#305;mda yumu&#351;ak dokulu materyal kullan&#305;lm&#305;&#351;t&#305;r.<br \/>Toza, suya, kire ve darbelere kar&#351;&#305; &ccedil;ok katmanl&#305; koruma sa&#287;lar.<br \/>G&uuml;nl&uuml;k kullan&#305;m ve seyahatler i&ccedil;in uygun ultra ince hafif tasar&#305;ma sahiptir.<br \/>Pratik fermuar&#305; sayesinde diz&uuml;st&uuml; bilgisayar&#305;n&#305;za kolayca eri&#351;im sa&#287;layabilirsiniz.<br \/>Dayan&#305;kl&#305; ve su ge&ccedil;irmez malzemeden &uuml;retilmi&#351;tir.<br \/>Uyumluluk: 15.6 in&ccedil; boyutuna kadar t&uuml;m diz&uuml;st&uuml; bilgisayarlar ile uyumludur.<\/p>\n<p><\/p>\n","protected":false},"excerpt":{"rendered":"<p>Haweel 15.6 &#304;nch Universal Laptop &Ccedil;antas&#305; Haweel 15.6 &#304;nch Universal Laptop &Ccedil;antas&#305;D&#305;&#351; k&#305;s&#305;mda y&uuml;ksek kaliteli oxford kuma&#351; ve i&ccedil; k&#305;s&#305;mda yumu&#351;ak dokulu materyal kullan&#305;lm&#305;&#351;t&#305;r.Toza, suya, kire ve darbelere kar&#351;&#305; &ccedil;ok katmanl&#305; koruma sa&#287;lar.G&uuml;nl&uuml;k kullan&#305;m ve seyahatler i&ccedil;in uygun ultra ince hafif tasar&#305;ma sahiptir.Pratik fermuar&#305; sayesinde diz&uuml;st&uuml; bilgisayar&#305;n&#305;za kolayca eri&#351;im sa&#287;layabilirsiniz.Dayan&#305;kl&#305; ve su ge&ccedil;irmez malzemeden &uuml;retilmi&#351;tir.Uyumluluk:&#8230;<\/p>\n","protected":false},"featured_media":107167,"comment_status":"open","ping_status":"closed","template":"","meta":{"_kad_post_transparent":"","_kad_post_title":"","_kad_post_layout":"","_kad_post_sidebar_id":"","_kad_post_content_style":"","_kad_post_vertical_padding":"","_kad_post_feature":"","_kad_post_feature_position":"","_kad_post_header":false,"_kad_post_footer":false,"_kad_post_classname":""},"product_brand":[],"product_cat":[14481],"product_tag":[],"class_list":{"0":"post-107168","1":"product","2":"type-product","3":"status-publish","4":"has-post-thumbnail","6":"product_cat-bilgisayar-tablet-aksesuar-bilgisayar-tablet-elektronik-bilgisayar-tablet-aksesuar-bilgisayar-tablet-elektronik","8":"first","9":"instock","10":"purchasable","11":"product-type-simple","12":"entry","13":"content-bg","14":"loop-entry"},"_links":{"self":[{"href":"https:\/\/www.hediyepazar.com\/index.php?rest_route=\/wp\/v2\/product\/107168","targetHints":{"allow":["GET"]}}],"collection":[{"href":"https:\/\/www.hediyepazar.com\/index.php?rest_route=\/wp\/v2\/product"}],"about":[{"href":"https:\/\/www.hediyepazar.com\/index.php?rest_route=\/wp\/v2\/types\/product"}],"replies":[{"embeddable":true,"href":"https:\/\/www.hediyepazar.com\/index.php?rest_route=%2Fwp%2Fv2%2Fcomments&post=107168"}],"wp:featuredmedia":[{"embeddable":true,"href":"https:\/\/www.hediyepazar.com\/index.php?rest_route=\/wp\/v2\/media\/107167"}],"wp:attachment":[{"href":"https:\/\/www.hediyepazar.com\/index.php?rest_route=%2Fwp%2Fv2%2Fmedia&parent=107168"}],"wp:term":[{"taxonomy":"product_brand","embeddable":true,"href":"https:\/\/www.hediyepazar.com\/index.php?rest_route=%2Fwp%2Fv2%2Fproduct_brand&post=107168"},{"taxonomy":"product_cat","embeddable":true,"href":"https:\/\/www.hediyepazar.com\/index.php?rest_route=%2Fwp%2Fv2%2Fproduct_cat&post=107168"},{"taxonomy":"product_tag","embeddable":true,"href":"https:\/\/www.hediyepazar.com\/index.php?rest_route=%2Fwp%2Fv2%2Fproduct_tag&post=107168"}],"curies":[{"name":"wp","href":"https:\/\/api.w.org\/{rel}","templated":true}]}}