{"id":107170,"date":"2026-05-04T18:13:11","date_gmt":"2026-05-04T21:13:11","guid":{"rendered":"https:\/\/www.hediyepazar.com\/?product=haweel-133-inch-universal-laptop-cantasi-5775"},"modified":"2026-05-04T18:13:11","modified_gmt":"2026-05-04T21:13:11","slug":"haweel-133-inch-universal-laptop-cantasi-5775","status":"publish","type":"product","link":"https:\/\/www.hediyepazar.com\/?product=haweel-133-inch-universal-laptop-cantasi-5775","title":{"rendered":"Haweel 133 \u0130nch Universal Laptop \u00c7antas\u0131-(5775)"},"content":{"rendered":"<p><iframe allow=\"accelerometer; autoplay; clipboard-write; encrypted-media; gyroscope; picture-in-picture\" allowfullscreen=\"\" frameborder=\"0\" height=\"315\" src=\"https:\/\/www.youtube.com\/embed\/kUK2oD0WAzM\" title=\"YouTube video player\" width=\"560\"><\/iframe><\/p>\n<p><strong>Haweel 13,3 &#304;nch Universal Laptop &Ccedil;antas&#305;<\/strong><\/p>\n<p><img decoding=\"async\" data-cke-saved-src=\"https:\/\/cdn.myikas.com\/images\/4b0890c4-46f7-49c5-9b0d-d8f3dae632d6\/030e5e2f-860e-4078-a402-9b966cc198f6\/image_1950.webp\" src=\"https:\/\/hepsicdn.com.tr\/static\/product_detail\/hbnet57b80d92_5265211.webp\"><\/p>\n<p><img decoding=\"async\" data-cke-saved-src=\"https:\/\/cdn.myikas.com\/images\/4b0890c4-46f7-49c5-9b0d-d8f3dae632d6\/d6adccbb-9fff-48ac-8672-f371441c3061\/image_1950.webp\" src=\"https:\/\/hepsicdn.com.tr\/static\/product_detail\/hbnet57b80d92_5265212.webp\"><\/p>\n<p><img decoding=\"async\" data-cke-saved-src=\"https:\/\/cdn.myikas.com\/images\/4b0890c4-46f7-49c5-9b0d-d8f3dae632d6\/47851e8f-3ae1-4711-8991-09e3b539d7f4\/image_1950.webp\" src=\"https:\/\/hepsicdn.com.tr\/static\/product_detail\/hbnet57b80d92_5265213.webp\"><\/p>\n<p><img decoding=\"async\" data-cke-saved-src=\"https:\/\/cdn.myikas.com\/images\/4b0890c4-46f7-49c5-9b0d-d8f3dae632d6\/e39a207e-0e56-4e17-8b66-da824238b1cc\/image_1950.webp\" src=\"https:\/\/hepsicdn.com.tr\/static\/product_detail\/hbnet57b80d92_5265214.webp\"><\/p>\n<p><img decoding=\"async\" data-cke-saved-src=\"https:\/\/cdn.myikas.com\/images\/4b0890c4-46f7-49c5-9b0d-d8f3dae632d6\/aa54280f-eaf1-4923-9c2f-7ba76a160849\/image_1950.webp\" src=\"https:\/\/hepsicdn.com.tr\/static\/product_detail\/hbnet57b80d92_5265215.webp\"><\/p>\n<p><img decoding=\"async\" data-cke-saved-src=\"https:\/\/cdn.myikas.com\/images\/4b0890c4-46f7-49c5-9b0d-d8f3dae632d6\/ea7e474b-857f-44f7-90a8-aa3beb413817\/image_1950.webp\" src=\"https:\/\/hepsicdn.com.tr\/static\/product_detail\/hbnet57b80d92_5265216.webp\"><\/p>\n<p><img decoding=\"async\" data-cke-saved-src=\"https:\/\/cdn.myikas.com\/images\/4b0890c4-46f7-49c5-9b0d-d8f3dae632d6\/f6361697-a6e6-45af-845b-ffb72486d961\/image_1950.webp\" src=\"https:\/\/hepsicdn.com.tr\/static\/product_detail\/hbnet57b80d92_5265217.webp\"><\/p>\n<p><strong>Haweel 13,3 &#304;nch Universal Laptop &Ccedil;antas&#305;<\/strong><br \/>D&#305;&#351; k&#305;s&#305;mda y&uuml;ksek kaliteli oxford kuma&#351; ve i&ccedil; k&#305;s&#305;mda yumu&#351;ak dokulu materyal kullan&#305;lm&#305;&#351;t&#305;r.<br \/>Toza, suya, kire ve darbelere kar&#351;&#305; &ccedil;ok katmanl&#305; koruma sa&#287;lar.<br \/>G&uuml;nl&uuml;k kullan&#305;m ve seyahatler i&ccedil;in uygun ultra ince hafif tasar&#305;ma sahiptir.<br \/>Pratik fermuar&#305; sayesinde diz&uuml;st&uuml; bilgisayar&#305;n&#305;za kolayca eri&#351;im sa&#287;layabilirsiniz.<br \/>Dayan&#305;kl&#305; ve su ge&ccedil;irmez malzemeden &uuml;retilmi&#351;tir.<br \/>Ayarlanabilir ask&#305; tasar&#305;m&#305;yla sizin i&ccedil;in en rahat konumda kullanabilirsiniz.<br \/>Uyumluluk: 13,3 in&ccedil; boyutuna kadar t&uuml;m diz&uuml;st&uuml; bilgisayarlar ile uyumludur.<\/p>\n","protected":false},"excerpt":{"rendered":"<p>Haweel 13,3 &#304;nch Universal Laptop &Ccedil;antas&#305; Haweel 13,3 &#304;nch Universal Laptop &Ccedil;antas&#305;D&#305;&#351; k&#305;s&#305;mda y&uuml;ksek kaliteli oxford kuma&#351; ve i&ccedil; k&#305;s&#305;mda yumu&#351;ak dokulu materyal kullan&#305;lm&#305;&#351;t&#305;r.Toza, suya, kire ve darbelere kar&#351;&#305; &ccedil;ok katmanl&#305; koruma sa&#287;lar.G&uuml;nl&uuml;k kullan&#305;m ve seyahatler i&ccedil;in uygun ultra ince hafif tasar&#305;ma sahiptir.Pratik fermuar&#305; sayesinde diz&uuml;st&uuml; bilgisayar&#305;n&#305;za kolayca eri&#351;im sa&#287;layabilirsiniz.Dayan&#305;kl&#305; ve su ge&ccedil;irmez malzemeden &uuml;retilmi&#351;tir.Ayarlanabilir&#8230;<\/p>\n","protected":false},"featured_media":107169,"comment_status":"open","ping_status":"closed","template":"","meta":{"_kad_post_transparent":"","_kad_post_title":"","_kad_post_layout":"","_kad_post_sidebar_id":"","_kad_post_content_style":"","_kad_post_vertical_padding":"","_kad_post_feature":"","_kad_post_feature_position":"","_kad_post_header":false,"_kad_post_footer":false,"_kad_post_classname":""},"product_brand":[],"product_cat":[14481],"product_tag":[],"class_list":{"0":"post-107170","1":"product","2":"type-product","3":"status-publish","4":"has-post-thumbnail","6":"product_cat-bilgisayar-tablet-aksesuar-bilgisayar-tablet-elektronik-bilgisayar-tablet-aksesuar-bilgisayar-tablet-elektronik","8":"first","9":"instock","10":"purchasable","11":"product-type-simple","12":"entry","13":"content-bg","14":"loop-entry"},"_links":{"self":[{"href":"https:\/\/www.hediyepazar.com\/index.php?rest_route=\/wp\/v2\/product\/107170","targetHints":{"allow":["GET"]}}],"collection":[{"href":"https:\/\/www.hediyepazar.com\/index.php?rest_route=\/wp\/v2\/product"}],"about":[{"href":"https:\/\/www.hediyepazar.com\/index.php?rest_route=\/wp\/v2\/types\/product"}],"replies":[{"embeddable":true,"href":"https:\/\/www.hediyepazar.com\/index.php?rest_route=%2Fwp%2Fv2%2Fcomments&post=107170"}],"wp:featuredmedia":[{"embeddable":true,"href":"https:\/\/www.hediyepazar.com\/index.php?rest_route=\/wp\/v2\/media\/107169"}],"wp:attachment":[{"href":"https:\/\/www.hediyepazar.com\/index.php?rest_route=%2Fwp%2Fv2%2Fmedia&parent=107170"}],"wp:term":[{"taxonomy":"product_brand","embeddable":true,"href":"https:\/\/www.hediyepazar.com\/index.php?rest_route=%2Fwp%2Fv2%2Fproduct_brand&post=107170"},{"taxonomy":"product_cat","embeddable":true,"href":"https:\/\/www.hediyepazar.com\/index.php?rest_route=%2Fwp%2Fv2%2Fproduct_cat&post=107170"},{"taxonomy":"product_tag","embeddable":true,"href":"https:\/\/www.hediyepazar.com\/index.php?rest_route=%2Fwp%2Fv2%2Fproduct_tag&post=107170"}],"curies":[{"name":"wp","href":"https:\/\/api.w.org\/{rel}","templated":true}]}}