{"id":107182,"date":"2026-05-04T18:17:08","date_gmt":"2026-05-04T21:17:08","guid":{"rendered":"https:\/\/www.hediyepazar.com\/?product=falavodo-qwa12-hizli-wireless-kablosuz-sarj-cihazi-iphonesamsung-5775"},"modified":"2026-05-04T18:17:08","modified_gmt":"2026-05-04T21:17:08","slug":"falavodo-qwa12-hizli-wireless-kablosuz-sarj-cihazi-iphonesamsung-5775","status":"publish","type":"product","link":"https:\/\/www.hediyepazar.com\/?product=falavodo-qwa12-hizli-wireless-kablosuz-sarj-cihazi-iphonesamsung-5775","title":{"rendered":"Falavodo Qwa12 H\u0131zl\u0131 Wireless Kablosuz \u015earj Cihaz\u0131 \u0130phoneSamsung-(5775)"},"content":{"rendered":"<p>-%80&#8217;e varan g&uuml;&ccedil; d&ouml;n&uuml;&#351;&uuml;m oran&#305;,<\/p>\n<p>-H&#305;zl&#305; &#351;arj,<\/p>\n<p>-Al&uuml;minyum &ccedil;er&ccedil;eve,<\/p>\n<p>-Deri y&uuml;zey,<\/p>\n<p>-Micro USB &#351;arj ba&#287;lant&#305; noktas&#305;<\/p>\n<p><\/p>\n<p><img decoding=\"async\" data-cke-saved-src=\"https:\/\/cdn.myikas.com\/images\/4b0890c4-46f7-49c5-9b0d-d8f3dae632d6\/acc91451-dbde-4aaf-b7bf-5a4d2534d400\/image_1950.webp\" src=\"https:\/\/hepsicdn.com.tr\/static\/product_detail\/hbnet1bd16333_5267111.webp\">&#8203;<\/p>\n<p><\/p>\n<p><img decoding=\"async\" data-cke-saved-src=\"https:\/\/cdn.myikas.com\/images\/4b0890c4-46f7-49c5-9b0d-d8f3dae632d6\/058b8ae2-ce49-4774-b41e-e501df850601\/image_1950.webp\" src=\"https:\/\/hepsicdn.com.tr\/static\/product_detail\/hbnet1bd16333_5267112.webp\">&#8203;<\/p>\n<p><img decoding=\"async\" data-cke-saved-src=\"https:\/\/cdn.myikas.com\/images\/4b0890c4-46f7-49c5-9b0d-d8f3dae632d6\/0a2a51aa-9d58-4809-a488-5b6089967648\/image_1950.webp\" src=\"https:\/\/hepsicdn.com.tr\/static\/product_detail\/hbnet1bd16333_5267113.webp\"><img decoding=\"async\" data-cke-saved-src=\"https:\/\/cdn.myikas.com\/images\/4b0890c4-46f7-49c5-9b0d-d8f3dae632d6\/6e75c155-10db-4c70-bf6b-43300f7793b4\/image_1950.webp\" src=\"https:\/\/hepsicdn.com.tr\/static\/product_detail\/hbnet1bd16333_5267114.webp\"><img decoding=\"async\" data-cke-saved-src=\"https:\/\/cdn.myikas.com\/images\/4b0890c4-46f7-49c5-9b0d-d8f3dae632d6\/8d12b34d-a253-4a39-b900-4b4b1242a88d\/image_1950.webp\" src=\"https:\/\/hepsicdn.com.tr\/static\/product_detail\/hbnet1bd16333_5267115.webp\">&#8203;<\/p>\n","protected":false},"excerpt":{"rendered":"<p>-%80&#8217;e varan g&uuml;&ccedil; d&ouml;n&uuml;&#351;&uuml;m oran&#305;, -H&#305;zl&#305; &#351;arj, -Al&uuml;minyum &ccedil;er&ccedil;eve, -Deri y&uuml;zey, -Micro USB &#351;arj ba&#287;lant&#305; noktas&#305; &#8203; &#8203; &#8203;<\/p>\n","protected":false},"featured_media":107181,"comment_status":"open","ping_status":"closed","template":"","meta":{"_kad_post_transparent":"","_kad_post_title":"","_kad_post_layout":"","_kad_post_sidebar_id":"","_kad_post_content_style":"","_kad_post_vertical_padding":"","_kad_post_feature":"","_kad_post_feature_position":"","_kad_post_header":false,"_kad_post_footer":false,"_kad_post_classname":""},"product_brand":[],"product_cat":[14496],"product_tag":[],"class_list":{"0":"post-107182","1":"product","2":"type-product","3":"status-publish","4":"has-post-thumbnail","6":"product_cat-sarj-cihazlarikablolari-cep-telefonu-aksesuarlari-cep-telefonu-elektronik-sarj-cihazlarikablolari","8":"first","9":"instock","10":"purchasable","11":"product-type-simple","12":"entry","13":"content-bg","14":"loop-entry"},"_links":{"self":[{"href":"https:\/\/www.hediyepazar.com\/index.php?rest_route=\/wp\/v2\/product\/107182","targetHints":{"allow":["GET"]}}],"collection":[{"href":"https:\/\/www.hediyepazar.com\/index.php?rest_route=\/wp\/v2\/product"}],"about":[{"href":"https:\/\/www.hediyepazar.com\/index.php?rest_route=\/wp\/v2\/types\/product"}],"replies":[{"embeddable":true,"href":"https:\/\/www.hediyepazar.com\/index.php?rest_route=%2Fwp%2Fv2%2Fcomments&post=107182"}],"wp:featuredmedia":[{"embeddable":true,"href":"https:\/\/www.hediyepazar.com\/index.php?rest_route=\/wp\/v2\/media\/107181"}],"wp:attachment":[{"href":"https:\/\/www.hediyepazar.com\/index.php?rest_route=%2Fwp%2Fv2%2Fmedia&parent=107182"}],"wp:term":[{"taxonomy":"product_brand","embeddable":true,"href":"https:\/\/www.hediyepazar.com\/index.php?rest_route=%2Fwp%2Fv2%2Fproduct_brand&post=107182"},{"taxonomy":"product_cat","embeddable":true,"href":"https:\/\/www.hediyepazar.com\/index.php?rest_route=%2Fwp%2Fv2%2Fproduct_cat&post=107182"},{"taxonomy":"product_tag","embeddable":true,"href":"https:\/\/www.hediyepazar.com\/index.php?rest_route=%2Fwp%2Fv2%2Fproduct_tag&post=107182"}],"curies":[{"name":"wp","href":"https:\/\/api.w.org\/{rel}","templated":true}]}}