{"id":107210,"date":"2026-05-04T18:22:23","date_gmt":"2026-05-04T21:22:23","guid":{"rendered":"https:\/\/www.hediyepazar.com\/?product=iphone-x-icin-bluetooth-anten-film-flex-5775"},"modified":"2026-05-04T18:22:23","modified_gmt":"2026-05-04T21:22:23","slug":"iphone-x-icin-bluetooth-anten-film-flex-5775","status":"publish","type":"product","link":"https:\/\/www.hediyepazar.com\/?product=iphone-x-icin-bluetooth-anten-film-flex-5775","title":{"rendered":"\u0130phone X \u0130\u00e7in Bluetooth Anten Film Flex-(5775)"},"content":{"rendered":"<p style=\"box-sizing: border-box; margin: 0px 0px 24px; font-size: 12px; color: rgb(73, 83, 94); text-align: center; padding: 0px; border: 0px; outline: 0px; font-family: Tahoma, Geneva, sans-serif; line-height: 20px;\">S&#305;n&#305;f:De&#287;i&#351;tirilebilir Cep Telefonu&nbsp;&nbsp;Yedek Par&ccedil;alar&#305;<\/p>\n<p style=\"box-sizing: border-box; margin: 0px 0px 24px; font-size: 12px; color: rgb(73, 83, 94); text-align: center; padding: 0px; border: 0px; outline: 0px; font-family: Tahoma, Geneva, sans-serif; line-height: 20px;\"><span style=\"box-sizing: border-box; margin: 0px; padding: 0px; border: 0px; outline: 0px; font-weight: 700;\">Marka<\/span>:&nbsp;<span style=\"box-sizing: border-box;\">APPLE<\/span><\/p>\n<p style=\"box-sizing: border-box; margin: 0px 0px 24px; font-size: 12px; color: rgb(73, 83, 94); text-align: center; padding: 0px; border: 0px; outline: 0px; font-family: Tahoma, Geneva, sans-serif; line-height: 20px;\"><span style=\"box-sizing: border-box; margin: 0px; padding: 0px; border: 0px; outline: 0px; font-weight: 700;\">Model:&nbsp;<\/span><span style=\"color: rgb(73, 83, 94); font-family: Tahoma, Geneva, sans-serif; font-size: 12px; text-align: center;\">&#304;PHONE X<\/span><\/p>\n<p style=\"box-sizing: border-box; margin: 0px 0px 24px; font-size: 12px; color: rgb(73, 83, 94); text-align: center; padding: 0px; border: 0px; outline: 0px; font-family: Tahoma, Geneva, sans-serif; line-height: 20px;\"><span style=\"box-sizing: border-box; margin: 0px; padding: 0px; border: 0px; outline: 0px; font-weight: 700;\">&Uuml;r&uuml;n A&ccedil;&#305;klamas&#305;<\/span><\/p>\n<p style=\"box-sizing: border-box; margin: 0px 0px 24px; font-size: 12px; color: rgb(73, 83, 94); text-align: center; padding: 0px; border: 0px; outline: 0px; font-family: Tahoma, Geneva, sans-serif; line-height: 20px;\">&#304;PHONE X &#304;&Ccedil;&#304;N BLUETOOTH ANTEN F&#304;LM FLEX<\/p>\n<p><\/p>\n","protected":false},"excerpt":{"rendered":"<p>S&#305;n&#305;f:De&#287;i&#351;tirilebilir Cep Telefonu&nbsp;&nbsp;Yedek Par&ccedil;alar&#305; Marka:&nbsp;APPLE Model:&nbsp;&#304;PHONE X &Uuml;r&uuml;n A&ccedil;&#305;klamas&#305; &#304;PHONE X &#304;&Ccedil;&#304;N BLUETOOTH ANTEN F&#304;LM FLEX<\/p>\n","protected":false},"featured_media":107209,"comment_status":"open","ping_status":"closed","template":"","meta":{"_kad_post_transparent":"","_kad_post_title":"","_kad_post_layout":"","_kad_post_sidebar_id":"","_kad_post_content_style":"","_kad_post_vertical_padding":"","_kad_post_feature":"","_kad_post_feature_position":"","_kad_post_header":false,"_kad_post_footer":false,"_kad_post_classname":""},"product_brand":[],"product_cat":[14759],"product_tag":[],"class_list":{"0":"post-107210","1":"product","2":"type-product","3":"status-publish","4":"has-post-thumbnail","6":"product_cat-film-flex-cep-telefonu-yedek-parcalari-cep-telefonu-elektronik-film-flex","8":"first","9":"instock","10":"purchasable","11":"product-type-simple","12":"entry","13":"content-bg","14":"loop-entry"},"_links":{"self":[{"href":"https:\/\/www.hediyepazar.com\/index.php?rest_route=\/wp\/v2\/product\/107210","targetHints":{"allow":["GET"]}}],"collection":[{"href":"https:\/\/www.hediyepazar.com\/index.php?rest_route=\/wp\/v2\/product"}],"about":[{"href":"https:\/\/www.hediyepazar.com\/index.php?rest_route=\/wp\/v2\/types\/product"}],"replies":[{"embeddable":true,"href":"https:\/\/www.hediyepazar.com\/index.php?rest_route=%2Fwp%2Fv2%2Fcomments&post=107210"}],"wp:featuredmedia":[{"embeddable":true,"href":"https:\/\/www.hediyepazar.com\/index.php?rest_route=\/wp\/v2\/media\/107209"}],"wp:attachment":[{"href":"https:\/\/www.hediyepazar.com\/index.php?rest_route=%2Fwp%2Fv2%2Fmedia&parent=107210"}],"wp:term":[{"taxonomy":"product_brand","embeddable":true,"href":"https:\/\/www.hediyepazar.com\/index.php?rest_route=%2Fwp%2Fv2%2Fproduct_brand&post=107210"},{"taxonomy":"product_cat","embeddable":true,"href":"https:\/\/www.hediyepazar.com\/index.php?rest_route=%2Fwp%2Fv2%2Fproduct_cat&post=107210"},{"taxonomy":"product_tag","embeddable":true,"href":"https:\/\/www.hediyepazar.com\/index.php?rest_route=%2Fwp%2Fv2%2Fproduct_tag&post=107210"}],"curies":[{"name":"wp","href":"https:\/\/api.w.org\/{rel}","templated":true}]}}