{"id":107236,"date":"2026-05-04T18:26:57","date_gmt":"2026-05-04T21:26:57","guid":{"rendered":"https:\/\/www.hediyepazar.com\/?product=galaxy-j6-2018-j600-darbe-emici-seffaf-silikon-kilif-5775"},"modified":"2026-05-04T18:26:57","modified_gmt":"2026-05-04T21:26:57","slug":"galaxy-j6-2018-j600-darbe-emici-seffaf-silikon-kilif-5775","status":"publish","type":"product","link":"https:\/\/www.hediyepazar.com\/?product=galaxy-j6-2018-j600-darbe-emici-seffaf-silikon-kilif-5775","title":{"rendered":"Galaxy J6 2018 J600 Darbe Emici \u015eeffaf Silikon K\u0131l\u0131f-(5775)"},"content":{"rendered":"<p><img decoding=\"async\" data-cke-saved-src=\"https:\/\/cdn.myikas.com\/images\/4b0890c4-46f7-49c5-9b0d-d8f3dae632d6\/231b494f-23d0-4d58-a646-605ced5a2769\/image_1950.webp\" src=\"https:\/\/hepsicdn.com.tr\/static\/product_detail\/hbnet9cc2aaa2_5277111.webp\"><img decoding=\"async\" data-cke-saved-src=\"https:\/\/cdn.myikas.com\/images\/4b0890c4-46f7-49c5-9b0d-d8f3dae632d6\/db3e2df3-1a4b-4bed-a845-a04942a51640\/image_1950.webp\" src=\"https:\/\/hepsicdn.com.tr\/static\/product_detail\/hbnet9cc2aaa2_5277112.webp\"><img decoding=\"async\" data-cke-saved-src=\"https:\/\/cdn.myikas.com\/images\/4b0890c4-46f7-49c5-9b0d-d8f3dae632d6\/81ab779d-747f-48b5-aad1-2d51ff156e59\/image_1950.webp\" src=\"https:\/\/hepsicdn.com.tr\/static\/product_detail\/hbnet9cc2aaa2_5277113.webp\"><img decoding=\"async\" data-cke-saved-src=\"https:\/\/cdn.myikas.com\/images\/4b0890c4-46f7-49c5-9b0d-d8f3dae632d6\/d6334106-6997-4aac-9dd2-bd2ccf65a89e\/image_1950.webp\" src=\"https:\/\/hepsicdn.com.tr\/static\/product_detail\/hbnet9cc2aaa2_5277114.webp\"><\/p>\n<p><\/p>\n<div color:=\"\" open=\"\" style=\"box-sizing: content-box; margin: 0px; padding: 0px; border: 0px; font-variant-numeric: inherit; font-variant-east-asian: inherit; font-stretch: inherit; line-height: inherit;\" vertical-align:=\"\"><span style=\"box-sizing: content-box; margin: 0px; padding: 0px; border: 0px; font-style: inherit; font-variant: inherit; font-weight: inherit; font-stretch: inherit; font-size: inherit; line-height: inherit; font-family: arial, helvetica, sans-serif; vertical-align: baseline;\"><span style=\"box-sizing: content-box; font-weight: 700;\"><span data-spm-anchor-id=\"a2g10.10010108.1000023.i3.731f185f8X77Fd\" style=\"box-sizing: content-box; margin: 0px; padding: 0px; border: 0px; font-style: inherit; font-variant: inherit; font-weight: inherit; font-stretch: inherit; font-size: 18px; line-height: inherit; font-family: inherit; vertical-align: baseline;\">&ouml;zellikleri:<\/span><\/span><\/span><\/div>\n<div color:=\"\" data-spm-anchor-id=\"a2g10.10010108.1000023.i1.731f185f8X77Fd\" open=\"\" style=\"box-sizing: content-box; margin: 0px; padding: 0px; border: 0px; font-variant-numeric: inherit; font-variant-east-asian: inherit; font-stretch: inherit; line-height: inherit;\" vertical-align:=\"\"><span style=\"box-sizing: content-box; margin: 0px; padding: 0px; border: 0px; font-style: inherit; font-variant: inherit; font-weight: inherit; font-stretch: inherit; font-size: inherit; line-height: inherit; font-family: arial, helvetica, sans-serif; vertical-align: baseline;\"><span style=\"box-sizing: content-box; margin: 0px; padding: 0px; border: 0px; font-style: inherit; font-variant: inherit; font-weight: inherit; font-stretch: inherit; font-size: 14px; line-height: inherit; font-family: inherit; vertical-align: baseline;\">yeni tasar&#305;m&#305; ile &ccedil;okrahat<\/span><\/span><\/div>\n<div color:=\"\" open=\"\" style=\"box-sizing: content-box; margin: 0px; padding: 0px; border: 0px; font-variant-numeric: inherit; font-variant-east-asian: inherit; font-stretch: inherit; line-height: inherit;\" vertical-align:=\"\"><span style=\"box-sizing: content-box; margin: 0px; padding: 0px; border: 0px; font-style: inherit; font-variant: inherit; font-weight: inherit; font-stretch: inherit; font-size: inherit; line-height: inherit; font-family: arial, helvetica, sans-serif; vertical-align: baseline;\"><span style=\"box-sizing: content-box; margin: 0px; padding: 0px; border: 0px; font-style: inherit; font-variant: inherit; font-weight: inherit; font-stretch: inherit; font-size: 14px; line-height: inherit; font-family: inherit; vertical-align: baseline;\">Tasar&#305;m&#305;yla t&uuml;m ba&#287;lant&#305; noktalar&#305;na eri&#351;im sa&#287;lar<\/span><\/span><\/div>\n<div color:=\"\" open=\"\" style=\"box-sizing: content-box; margin: 0px; padding: 0px; border: 0px; font-variant-numeric: inherit; font-variant-east-asian: inherit; font-stretch: inherit; line-height: inherit;\" vertical-align:=\"\"><span style=\"box-sizing: content-box; margin: 0px; padding: 0px; border: 0px; font-style: inherit; font-variant: inherit; font-weight: inherit; font-stretch: inherit; font-size: inherit; line-height: inherit; font-family: arial, helvetica, sans-serif; vertical-align: baseline;\"><span data-spm-anchor-id=\"a2g10.10010108.1000023.i2.731f185f8X77Fd\" style=\"box-sizing: content-box; margin: 0px; padding: 0px; border: 0px; font-style: inherit; font-variant: inherit; font-weight: inherit; font-stretch: inherit; font-size: 14px; line-height: inherit; font-family: inherit; vertical-align: baseline;\">Yeni tasar&#305;m telefonunuzu korumak i&ccedil;in ekstra g&uuml;venli&nbsp;<\/span><\/span><\/div>\n<div color:=\"\" open=\"\" style=\"box-sizing: content-box; margin: 0px; padding: 0px; border: 0px; font-variant-numeric: inherit; font-variant-east-asian: inherit; font-stretch: inherit; line-height: inherit;\" vertical-align:=\"\"><span style=\"box-sizing: content-box; margin: 0px; padding: 0px; border: 0px; font-style: inherit; font-variant: inherit; font-weight: inherit; font-stretch: inherit; font-size: inherit; line-height: inherit; font-family: arial, helvetica, sans-serif; vertical-align: baseline;\"><span style=\"box-sizing: content-box; margin: 0px; padding: 0px; border: 0px; font-style: inherit; font-variant: inherit; font-weight: inherit; font-stretch: inherit; font-size: 14px; line-height: inherit; font-family: inherit; vertical-align: baseline;\">Yumu&#351;ak i&ccedil; tasar&#305;m<\/span><\/span><\/div>\n<div style=\"box-sizing: content-box; margin: 0px; padding: 0px; border: 0px; font-variant-numeric: inherit; font-variant-east-asian: inherit; font-stretch: inherit; line-height: inherit; vertical-align: baseline; color: rgb(0, 0, 0);\"><font face=\"arial, helvetica, sans-serif\"><span style=\"font-size: 14px;\">&Ccedil;&#305;kart&#305;p-Tak&#305;lmas&#305; &ccedil;ok kolay<\/span><\/font><\/div>\n<p><\/p>\n","protected":false},"excerpt":{"rendered":"<p>&ouml;zellikleri: yeni tasar&#305;m&#305; ile &ccedil;okrahat Tasar&#305;m&#305;yla t&uuml;m ba&#287;lant&#305; noktalar&#305;na eri&#351;im sa&#287;lar Yeni tasar&#305;m telefonunuzu korumak i&ccedil;in ekstra g&uuml;venli&nbsp; Yumu&#351;ak i&ccedil; tasar&#305;m &Ccedil;&#305;kart&#305;p-Tak&#305;lmas&#305; &ccedil;ok kolay<\/p>\n","protected":false},"featured_media":107235,"comment_status":"open","ping_status":"closed","template":"","meta":{"_kad_post_transparent":"","_kad_post_title":"","_kad_post_layout":"","_kad_post_sidebar_id":"","_kad_post_content_style":"","_kad_post_vertical_padding":"","_kad_post_feature":"","_kad_post_feature_position":"","_kad_post_header":false,"_kad_post_footer":false,"_kad_post_classname":""},"product_brand":[],"product_cat":[14520],"product_tag":[],"class_list":{"0":"post-107236","1":"product","2":"type-product","3":"status-publish","4":"has-post-thumbnail","6":"product_cat-telefon-kilifi-cep-telefonu-aksesuarlari-cep-telefonu-elektronik-telefon-kilifi","8":"first","9":"instock","10":"purchasable","11":"product-type-simple","12":"entry","13":"content-bg","14":"loop-entry"},"_links":{"self":[{"href":"https:\/\/www.hediyepazar.com\/index.php?rest_route=\/wp\/v2\/product\/107236","targetHints":{"allow":["GET"]}}],"collection":[{"href":"https:\/\/www.hediyepazar.com\/index.php?rest_route=\/wp\/v2\/product"}],"about":[{"href":"https:\/\/www.hediyepazar.com\/index.php?rest_route=\/wp\/v2\/types\/product"}],"replies":[{"embeddable":true,"href":"https:\/\/www.hediyepazar.com\/index.php?rest_route=%2Fwp%2Fv2%2Fcomments&post=107236"}],"wp:featuredmedia":[{"embeddable":true,"href":"https:\/\/www.hediyepazar.com\/index.php?rest_route=\/wp\/v2\/media\/107235"}],"wp:attachment":[{"href":"https:\/\/www.hediyepazar.com\/index.php?rest_route=%2Fwp%2Fv2%2Fmedia&parent=107236"}],"wp:term":[{"taxonomy":"product_brand","embeddable":true,"href":"https:\/\/www.hediyepazar.com\/index.php?rest_route=%2Fwp%2Fv2%2Fproduct_brand&post=107236"},{"taxonomy":"product_cat","embeddable":true,"href":"https:\/\/www.hediyepazar.com\/index.php?rest_route=%2Fwp%2Fv2%2Fproduct_cat&post=107236"},{"taxonomy":"product_tag","embeddable":true,"href":"https:\/\/www.hediyepazar.com\/index.php?rest_route=%2Fwp%2Fv2%2Fproduct_tag&post=107236"}],"curies":[{"name":"wp","href":"https:\/\/api.w.org\/{rel}","templated":true}]}}