{"id":107242,"date":"2026-05-04T18:27:14","date_gmt":"2026-05-04T21:27:14","guid":{"rendered":"https:\/\/www.hediyepazar.com\/?product=baseus-simple-kristal-10w-qi-wireless-kablosuz-hizli-sarj-5775"},"modified":"2026-05-04T18:27:14","modified_gmt":"2026-05-04T21:27:14","slug":"baseus-simple-kristal-10w-qi-wireless-kablosuz-hizli-sarj-5775","status":"publish","type":"product","link":"https:\/\/www.hediyepazar.com\/?product=baseus-simple-kristal-10w-qi-wireless-kablosuz-hizli-sarj-5775","title":{"rendered":"Baseus Simple Kristal 10W Qi Wireless Kablosuz H\u0131zl\u0131 \u015earj-(5775)"},"content":{"rendered":"<p><img decoding=\"async\" alt=\"\" data-cke-saved-src=\"https:\/\/cdn.myikas.com\/images\/4b0890c4-46f7-49c5-9b0d-d8f3dae632d6\/2ee6d85d-358c-40b5-9558-ed96af47ff01\/image_1950.webp\" src=\"https:\/\/cdn.myikas.com\/images\/4b0890c4-46f7-49c5-9b0d-d8f3dae632d6\/2ee6d85d-358c-40b5-9558-ed96af47ff01\/image_1950.webp\"\/><img decoding=\"async\" data-cke-saved-src=\"https:\/\/cdn.myikas.com\/images\/4b0890c4-46f7-49c5-9b0d-d8f3dae632d6\/da596c30-19fe-4615-950c-85508d131ef8\/image_1950.webp\" src=\"https:\/\/hepsicdn.com.tr\/static\/product_detail\/hbnet3bcbb675_5280411.webp\"><img decoding=\"async\" data-cke-saved-src=\"https:\/\/cdn.myikas.com\/images\/4b0890c4-46f7-49c5-9b0d-d8f3dae632d6\/f9156be6-34f0-46d8-85c2-673cfacd7637\/image_1950.webp\" src=\"https:\/\/hepsicdn.com.tr\/static\/product_detail\/hbnet3bcbb675_5280412.webp\"><img decoding=\"async\" data-cke-saved-src=\"https:\/\/cdn.myikas.com\/images\/4b0890c4-46f7-49c5-9b0d-d8f3dae632d6\/1523003c-4da8-4756-af41-fc71dc5c25b4\/image_1950.webp\" src=\"https:\/\/hepsicdn.com.tr\/static\/product_detail\/hbnet3bcbb675_5280413.webp\"><\/p>\n<p>Marka Ad&#305;: BASEUS<br \/>Uyumlu Modeller: &nbsp;Apple, Xiaomi, Huawei, universal, Samsung<br \/>Giri&#351;: 5 V \/ 2A<br \/>&Ccedil;&#305;k&#305;&#351;: 5 V \/ 2A<br \/>Kalite Belgelendirme: CE, RoHS, FCC, CCC<br \/>G&uuml;&ccedil; Kayna&#287;&#305;: USBDestek<br \/>H&#305;zl&#305; &#350;arj Teknolojisi: Hi&ccedil;biri<br \/>Model Numaras&#305;: Basit Kablosuz &#350;arj Cihaz&#305;<br \/>USB ba&#287;lant&#305; noktalar&#305;: Hi&ccedil;biri<br \/>&ccedil;&#305;k&#305;&#351; aray&uuml;z&uuml;: Hi&ccedil;biri<br \/>ipucu: kablosuz &#351;arj<br \/>&Ouml;zellik 1: iPhone X 8 Plus i&ccedil;in; Samsung Galaxy S9 S8 plus&nbsp;Not 8 S7 S6&nbsp;<br \/>&Ouml;zellik 2: Kablosuz Telefon &#350;arj Cihaz&#305;; Baseus Kablosuz &#350;arj Cihaz&#305;; H&#305;zl&#305; Kablosuz &#350;arj Cihaz&#305;<br \/>&Ouml;zellik 3: Qi Kablosuz &#350;arj Cihaz&#305;, Kablosuz &#350;arj, Qi &#350;arj Cihaz&#305;<br \/>&Ouml;zellik 4: Kablosuz &#350;arj Pedi, Masa&uuml;st&uuml; Kablosuz<br \/>&#350;arj Cihaz&#305; T&uuml;r&uuml;: 10W (Maks) H&#305;zl&#305; &#350;arj QI Kablosuz &#350;arj Cihaz&#305;; Kablosuz &#350;arj; Uygun: Kablosuz Fonksiyonlu Cep Telefonu veya BulitinWirelessCharging Ring<br \/>Renk: &#350;effaf<\/p>\n<p>&#8203;<\/p>\n<p><\/p>\n","protected":false},"excerpt":{"rendered":"<p>Marka Ad&#305;: BASEUSUyumlu Modeller: &nbsp;Apple, Xiaomi, Huawei, universal, SamsungGiri&#351;: 5 V \/ 2A&Ccedil;&#305;k&#305;&#351;: 5 V \/ 2AKalite Belgelendirme: CE, RoHS, FCC, CCCG&uuml;&ccedil; Kayna&#287;&#305;: USBDestekH&#305;zl&#305; &#350;arj Teknolojisi: Hi&ccedil;biriModel Numaras&#305;: Basit Kablosuz &#350;arj Cihaz&#305;USB ba&#287;lant&#305; noktalar&#305;: Hi&ccedil;biri&ccedil;&#305;k&#305;&#351; aray&uuml;z&uuml;: Hi&ccedil;biriipucu: kablosuz &#351;arj&Ouml;zellik 1: iPhone X 8 Plus i&ccedil;in; Samsung Galaxy S9 S8 plus&nbsp;Not 8 S7 S6&nbsp;&Ouml;zellik 2: Kablosuz&#8230;<\/p>\n","protected":false},"featured_media":107241,"comment_status":"open","ping_status":"closed","template":"","meta":{"_kad_post_transparent":"","_kad_post_title":"","_kad_post_layout":"","_kad_post_sidebar_id":"","_kad_post_content_style":"","_kad_post_vertical_padding":"","_kad_post_feature":"","_kad_post_feature_position":"","_kad_post_header":false,"_kad_post_footer":false,"_kad_post_classname":""},"product_brand":[],"product_cat":[14496],"product_tag":[],"class_list":{"0":"post-107242","1":"product","2":"type-product","3":"status-publish","4":"has-post-thumbnail","6":"product_cat-sarj-cihazlarikablolari-cep-telefonu-aksesuarlari-cep-telefonu-elektronik-sarj-cihazlarikablolari","8":"first","9":"instock","10":"purchasable","11":"product-type-simple","12":"entry","13":"content-bg","14":"loop-entry"},"_links":{"self":[{"href":"https:\/\/www.hediyepazar.com\/index.php?rest_route=\/wp\/v2\/product\/107242","targetHints":{"allow":["GET"]}}],"collection":[{"href":"https:\/\/www.hediyepazar.com\/index.php?rest_route=\/wp\/v2\/product"}],"about":[{"href":"https:\/\/www.hediyepazar.com\/index.php?rest_route=\/wp\/v2\/types\/product"}],"replies":[{"embeddable":true,"href":"https:\/\/www.hediyepazar.com\/index.php?rest_route=%2Fwp%2Fv2%2Fcomments&post=107242"}],"wp:featuredmedia":[{"embeddable":true,"href":"https:\/\/www.hediyepazar.com\/index.php?rest_route=\/wp\/v2\/media\/107241"}],"wp:attachment":[{"href":"https:\/\/www.hediyepazar.com\/index.php?rest_route=%2Fwp%2Fv2%2Fmedia&parent=107242"}],"wp:term":[{"taxonomy":"product_brand","embeddable":true,"href":"https:\/\/www.hediyepazar.com\/index.php?rest_route=%2Fwp%2Fv2%2Fproduct_brand&post=107242"},{"taxonomy":"product_cat","embeddable":true,"href":"https:\/\/www.hediyepazar.com\/index.php?rest_route=%2Fwp%2Fv2%2Fproduct_cat&post=107242"},{"taxonomy":"product_tag","embeddable":true,"href":"https:\/\/www.hediyepazar.com\/index.php?rest_route=%2Fwp%2Fv2%2Fproduct_tag&post=107242"}],"curies":[{"name":"wp","href":"https:\/\/api.w.org\/{rel}","templated":true}]}}