{"id":107244,"date":"2026-05-04T18:27:18","date_gmt":"2026-05-04T21:27:18","guid":{"rendered":"https:\/\/www.hediyepazar.com\/?product=ally-360-donerli-miknatisli-cep-telefonu-arac-tutucu-5775"},"modified":"2026-05-04T18:27:18","modified_gmt":"2026-05-04T21:27:18","slug":"ally-360-donerli-miknatisli-cep-telefonu-arac-tutucu-5775","status":"publish","type":"product","link":"https:\/\/www.hediyepazar.com\/?product=ally-360-donerli-miknatisli-cep-telefonu-arac-tutucu-5775","title":{"rendered":"Ally 360 Donerli M\u0131knat\u0131sl\u0131 Cep Telefonu Ara\u00e7 Tutucu-(5775)"},"content":{"rendered":"<p><img decoding=\"async\" alt=\"\" data-cke-saved-src=\"https:\/\/cdn.myikas.com\/images\/4b0890c4-46f7-49c5-9b0d-d8f3dae632d6\/a15e1f1b-e2b8-4329-9ebc-09f81230ed3c\/image_1950.webp\" src=\"https:\/\/cdn.myikas.com\/images\/4b0890c4-46f7-49c5-9b0d-d8f3dae632d6\/a15e1f1b-e2b8-4329-9ebc-09f81230ed3c\/image_1950.webp\"\/><img decoding=\"async\" data-cke-saved-src=\"https:\/\/cdn.myikas.com\/images\/4b0890c4-46f7-49c5-9b0d-d8f3dae632d6\/7e4fa9f7-a173-4bcc-a9bb-19ea6cd70ef8\/image_1950.webp\" src=\"https:\/\/hepsicdn.com.tr\/static\/product_detail\/hbnetfb2c4f3f_5281611.webp\"><img decoding=\"async\" data-cke-saved-src=\"https:\/\/cdn.myikas.com\/images\/4b0890c4-46f7-49c5-9b0d-d8f3dae632d6\/79b3418c-c5f5-40eb-b829-6fac0bb44265\/image_1950.webp\" src=\"https:\/\/hepsicdn.com.tr\/static\/product_detail\/hbnetfb2c4f3f_5281612.webp\">,<\/p>\n<p>Y&uuml;ksek kaliteli 360 derece top bi&ccedil;imli tasar&#305;m, herhangi bir g&ouml;r&uuml;&#351; a&ccedil;&#305;s&#305;nda telefonunuzu ayarlaman&#305;z&#305; ve tutman&#305;z&#305; sa&#287;lar<br \/>G&uuml;&ccedil;l&uuml; manyetik. G&uuml;&ccedil;l&uuml; 3M yap&#305;&#351;t&#305;r&#305;c&#305; B&uuml;y&uuml;k montajl&#305; metal plaka ile GPS ve tabletleri sabit tutar Telefonunuza&nbsp; zarar vermez<br \/>Kolay kurulum ve kullan&#305;m Araban&#305;za&nbsp; ofisinize&nbsp; mutfak tezgah&#305;na banyoya&nbsp; yatak odas&#305;na vb dahil olmak &uuml;zere istedi&#287;iniz y&uuml;zeyie&nbsp;yap&#305;&#351;t&#305;r&#305;n<\/p>\n","protected":false},"excerpt":{"rendered":"<p>, Y&uuml;ksek kaliteli 360 derece top bi&ccedil;imli tasar&#305;m, herhangi bir g&ouml;r&uuml;&#351; a&ccedil;&#305;s&#305;nda telefonunuzu ayarlaman&#305;z&#305; ve tutman&#305;z&#305; sa&#287;larG&uuml;&ccedil;l&uuml; manyetik. G&uuml;&ccedil;l&uuml; 3M yap&#305;&#351;t&#305;r&#305;c&#305; B&uuml;y&uuml;k montajl&#305; metal plaka ile GPS ve tabletleri sabit tutar Telefonunuza&nbsp; zarar vermezKolay kurulum ve kullan&#305;m Araban&#305;za&nbsp; ofisinize&nbsp; mutfak tezgah&#305;na banyoya&nbsp; yatak odas&#305;na vb dahil olmak &uuml;zere istedi&#287;iniz y&uuml;zeyie&nbsp;yap&#305;&#351;t&#305;r&#305;n<\/p>\n","protected":false},"featured_media":107243,"comment_status":"open","ping_status":"closed","template":"","meta":{"_kad_post_transparent":"","_kad_post_title":"","_kad_post_layout":"","_kad_post_sidebar_id":"","_kad_post_content_style":"","_kad_post_vertical_padding":"","_kad_post_feature":"","_kad_post_feature_position":"","_kad_post_header":false,"_kad_post_footer":false,"_kad_post_classname":""},"product_brand":[],"product_cat":[7872],"product_tag":[],"class_list":{"0":"post-107244","1":"product","2":"type-product","3":"status-publish","4":"has-post-thumbnail","6":"product_cat-arac-ici-telefon-tutucular-oto-aksesuarlari-cep-telefonu-elektronik-arac-ici-telefon-tutucular","8":"first","9":"instock","10":"purchasable","11":"product-type-simple","12":"entry","13":"content-bg","14":"loop-entry"},"_links":{"self":[{"href":"https:\/\/www.hediyepazar.com\/index.php?rest_route=\/wp\/v2\/product\/107244","targetHints":{"allow":["GET"]}}],"collection":[{"href":"https:\/\/www.hediyepazar.com\/index.php?rest_route=\/wp\/v2\/product"}],"about":[{"href":"https:\/\/www.hediyepazar.com\/index.php?rest_route=\/wp\/v2\/types\/product"}],"replies":[{"embeddable":true,"href":"https:\/\/www.hediyepazar.com\/index.php?rest_route=%2Fwp%2Fv2%2Fcomments&post=107244"}],"wp:featuredmedia":[{"embeddable":true,"href":"https:\/\/www.hediyepazar.com\/index.php?rest_route=\/wp\/v2\/media\/107243"}],"wp:attachment":[{"href":"https:\/\/www.hediyepazar.com\/index.php?rest_route=%2Fwp%2Fv2%2Fmedia&parent=107244"}],"wp:term":[{"taxonomy":"product_brand","embeddable":true,"href":"https:\/\/www.hediyepazar.com\/index.php?rest_route=%2Fwp%2Fv2%2Fproduct_brand&post=107244"},{"taxonomy":"product_cat","embeddable":true,"href":"https:\/\/www.hediyepazar.com\/index.php?rest_route=%2Fwp%2Fv2%2Fproduct_cat&post=107244"},{"taxonomy":"product_tag","embeddable":true,"href":"https:\/\/www.hediyepazar.com\/index.php?rest_route=%2Fwp%2Fv2%2Fproduct_tag&post=107244"}],"curies":[{"name":"wp","href":"https:\/\/api.w.org\/{rel}","templated":true}]}}