{"id":107248,"date":"2026-05-04T18:29:12","date_gmt":"2026-05-04T21:29:12","guid":{"rendered":"https:\/\/www.hediyepazar.com\/?product=hoco-u33-tasima-cantali-mikro-usb-kablo-5775"},"modified":"2026-05-04T18:29:12","modified_gmt":"2026-05-04T21:29:12","slug":"hoco-u33-tasima-cantali-mikro-usb-kablo-5775","status":"publish","type":"product","link":"https:\/\/www.hediyepazar.com\/?product=hoco-u33-tasima-cantali-mikro-usb-kablo-5775","title":{"rendered":"Hoco U33 Ta\u015f\u0131ma \u00c7antal\u0131 Mikro Usb Kablo-(5775)"},"content":{"rendered":"<p>Belirtimi:<\/p>\n<p>Genel model numaras&#305; U33<br \/>Tip kablo<br \/>Konnekt&ouml;r mikro USB<br \/>Malzeme TPE, al&uuml;minyum ala&#351;&#305;m<br \/>Kablo uzunlu&#287;u 90cm<br \/>Boyut 52 * 52 * 22mm<br \/>A&#287;&#305;rl&#305;k 37g<br \/>Paket a&#287;&#305;rl&#305;&#287;&#305; bir paket a&#287;&#305;rl&#305;&#287;&#305; 0.08 KGS\/0.17 lb<br \/>Karton ba&#351;&#305;na adet 100<br \/>Karton a&#287;&#305;rl&#305;k 8.00 KGS\/17.64 lb<br \/>Karton boyutu 52cm * 38cm * 27cm\/20.47 in&ccedil; * 14.96 in&ccedil; * 10.63 in&ccedil;<\/p>\n<p>Daha detayl&#305; foto&#287;raflar:<\/p>\n<p><img decoding=\"async\" alt=\"\" data-cke-saved-src=\"https:\/\/cdn.myikas.com\/images\/4b0890c4-46f7-49c5-9b0d-d8f3dae632d6\/2a37b738-d7a4-43c8-bce6-521c234dda5e\/image_1950.webp\" src=\"https:\/\/cdn.myikas.com\/images\/4b0890c4-46f7-49c5-9b0d-d8f3dae632d6\/2a37b738-d7a4-43c8-bce6-521c234dda5e\/image_1950.webp\"\/><img decoding=\"async\" data-cke-saved-src=\"https:\/\/cdn.myikas.com\/images\/4b0890c4-46f7-49c5-9b0d-d8f3dae632d6\/1393197b-0910-43f8-b87a-651f4cf503da\/image_1950.webp\" src=\"https:\/\/hepsicdn.com.tr\/static\/product_detail\/hbnetc7474bbc_5281811.webp\"><img decoding=\"async\" data-cke-saved-src=\"https:\/\/cdn.myikas.com\/images\/4b0890c4-46f7-49c5-9b0d-d8f3dae632d6\/afd7717e-507d-493d-8b22-c423a6bca321\/image_1950.webp\" src=\"https:\/\/hepsicdn.com.tr\/static\/product_detail\/hbnetc7474bbc_5281812.webp\"><img decoding=\"async\" data-cke-saved-src=\"https:\/\/cdn.myikas.com\/images\/4b0890c4-46f7-49c5-9b0d-d8f3dae632d6\/9b01cf6b-975c-449d-a723-2a03c40ab1a4\/image_1950.webp\" src=\"https:\/\/hepsicdn.com.tr\/static\/product_detail\/hbnetc7474bbc_5281813.webp\">&#8203;<\/p>\n","protected":false},"excerpt":{"rendered":"<p>Belirtimi: Genel model numaras&#305; U33Tip kabloKonnekt&ouml;r mikro USBMalzeme TPE, al&uuml;minyum ala&#351;&#305;mKablo uzunlu&#287;u 90cmBoyut 52 * 52 * 22mmA&#287;&#305;rl&#305;k 37gPaket a&#287;&#305;rl&#305;&#287;&#305; bir paket a&#287;&#305;rl&#305;&#287;&#305; 0.08 KGS\/0.17 lbKarton ba&#351;&#305;na adet 100Karton a&#287;&#305;rl&#305;k 8.00 KGS\/17.64 lbKarton boyutu 52cm * 38cm * 27cm\/20.47 in&ccedil; * 14.96 in&ccedil; * 10.63 in&ccedil; Daha detayl&#305; foto&#287;raflar: &#8203;<\/p>\n","protected":false},"featured_media":107247,"comment_status":"open","ping_status":"closed","template":"","meta":{"_kad_post_transparent":"","_kad_post_title":"","_kad_post_layout":"","_kad_post_sidebar_id":"","_kad_post_content_style":"","_kad_post_vertical_padding":"","_kad_post_feature":"","_kad_post_feature_position":"","_kad_post_header":false,"_kad_post_footer":false,"_kad_post_classname":""},"product_brand":[],"product_cat":[14496],"product_tag":[],"class_list":{"0":"post-107248","1":"product","2":"type-product","3":"status-publish","4":"has-post-thumbnail","6":"product_cat-sarj-cihazlarikablolari-cep-telefonu-aksesuarlari-cep-telefonu-elektronik-sarj-cihazlarikablolari","8":"first","9":"instock","10":"purchasable","11":"product-type-simple","12":"entry","13":"content-bg","14":"loop-entry"},"_links":{"self":[{"href":"https:\/\/www.hediyepazar.com\/index.php?rest_route=\/wp\/v2\/product\/107248","targetHints":{"allow":["GET"]}}],"collection":[{"href":"https:\/\/www.hediyepazar.com\/index.php?rest_route=\/wp\/v2\/product"}],"about":[{"href":"https:\/\/www.hediyepazar.com\/index.php?rest_route=\/wp\/v2\/types\/product"}],"replies":[{"embeddable":true,"href":"https:\/\/www.hediyepazar.com\/index.php?rest_route=%2Fwp%2Fv2%2Fcomments&post=107248"}],"wp:featuredmedia":[{"embeddable":true,"href":"https:\/\/www.hediyepazar.com\/index.php?rest_route=\/wp\/v2\/media\/107247"}],"wp:attachment":[{"href":"https:\/\/www.hediyepazar.com\/index.php?rest_route=%2Fwp%2Fv2%2Fmedia&parent=107248"}],"wp:term":[{"taxonomy":"product_brand","embeddable":true,"href":"https:\/\/www.hediyepazar.com\/index.php?rest_route=%2Fwp%2Fv2%2Fproduct_brand&post=107248"},{"taxonomy":"product_cat","embeddable":true,"href":"https:\/\/www.hediyepazar.com\/index.php?rest_route=%2Fwp%2Fv2%2Fproduct_cat&post=107248"},{"taxonomy":"product_tag","embeddable":true,"href":"https:\/\/www.hediyepazar.com\/index.php?rest_route=%2Fwp%2Fv2%2Fproduct_tag&post=107248"}],"curies":[{"name":"wp","href":"https:\/\/api.w.org\/{rel}","templated":true}]}}