{"id":107266,"date":"2026-05-04T18:32:15","date_gmt":"2026-05-04T21:32:15","guid":{"rendered":"https:\/\/www.hediyepazar.com\/?product=ally-apple-airpods-bos-sarj-standi-5775"},"modified":"2026-05-04T18:32:15","modified_gmt":"2026-05-04T21:32:15","slug":"ally-apple-airpods-bos-sarj-standi-5775","status":"publish","type":"product","link":"https:\/\/www.hediyepazar.com\/?product=ally-apple-airpods-bos-sarj-standi-5775","title":{"rendered":"Ally Apple Airpods Bo\u015f \u015earj Stand\u0131-(5775)"},"content":{"rendered":"<p><img decoding=\"async\" alt=\"\" data-cke-saved-src=\"https:\/\/cdn.myikas.com\/images\/4b0890c4-46f7-49c5-9b0d-d8f3dae632d6\/0dd8b008-13ac-400c-8f08-3916cedcc7d3\/image_1950.webp\" src=\"https:\/\/cdn.myikas.com\/images\/4b0890c4-46f7-49c5-9b0d-d8f3dae632d6\/0dd8b008-13ac-400c-8f08-3916cedcc7d3\/image_1950.webp\"\/><img decoding=\"async\" alt=\"\" data-cke-saved-src=\"https:\/\/cdn.myikas.com\/images\/4b0890c4-46f7-49c5-9b0d-d8f3dae632d6\/93424bb6-2567-4609-9e63-059235c21de9\/image_1950.webp\" src=\"https:\/\/cdn.myikas.com\/images\/4b0890c4-46f7-49c5-9b0d-d8f3dae632d6\/93424bb6-2567-4609-9e63-059235c21de9\/image_1950.webp\"\/><img decoding=\"async\" data-cke-saved-src=\"https:\/\/cdn.myikas.com\/images\/4b0890c4-46f7-49c5-9b0d-d8f3dae632d6\/ceac46ed-9cf0-4bd8-ab7c-2e5d6f2400a4\/image_1950.webp\" src=\"https:\/\/hepsicdn.com.tr\/static\/product_detail\/hbnet3e85706e_5285311.webp\"><img decoding=\"async\" data-cke-saved-src=\"https:\/\/cdn.myikas.com\/images\/4b0890c4-46f7-49c5-9b0d-d8f3dae632d6\/77db61be-e5d1-43b9-93dd-d1bee546d162\/image_1950.webp\" src=\"https:\/\/hepsicdn.com.tr\/static\/product_detail\/hbnet3e85706e_5285312.webp\">&#8203;&#8203;<\/p>\n","protected":false},"excerpt":{"rendered":"<p>&#8203;&#8203;<\/p>\n","protected":false},"featured_media":107265,"comment_status":"open","ping_status":"closed","template":"","meta":{"_kad_post_transparent":"","_kad_post_title":"","_kad_post_layout":"","_kad_post_sidebar_id":"","_kad_post_content_style":"","_kad_post_vertical_padding":"","_kad_post_feature":"","_kad_post_feature_position":"","_kad_post_header":false,"_kad_post_footer":false,"_kad_post_classname":""},"product_brand":[],"product_cat":[14565],"product_tag":[],"class_list":{"0":"post-107266","1":"product","2":"type-product","3":"status-publish","4":"has-post-thumbnail","6":"product_cat-airpods-aksesuarlar-giyilebilir-teknoloji-elektronik-airpods-aksesuarlar","8":"first","9":"instock","10":"purchasable","11":"product-type-simple","12":"entry","13":"content-bg","14":"loop-entry"},"_links":{"self":[{"href":"https:\/\/www.hediyepazar.com\/index.php?rest_route=\/wp\/v2\/product\/107266","targetHints":{"allow":["GET"]}}],"collection":[{"href":"https:\/\/www.hediyepazar.com\/index.php?rest_route=\/wp\/v2\/product"}],"about":[{"href":"https:\/\/www.hediyepazar.com\/index.php?rest_route=\/wp\/v2\/types\/product"}],"replies":[{"embeddable":true,"href":"https:\/\/www.hediyepazar.com\/index.php?rest_route=%2Fwp%2Fv2%2Fcomments&post=107266"}],"wp:featuredmedia":[{"embeddable":true,"href":"https:\/\/www.hediyepazar.com\/index.php?rest_route=\/wp\/v2\/media\/107265"}],"wp:attachment":[{"href":"https:\/\/www.hediyepazar.com\/index.php?rest_route=%2Fwp%2Fv2%2Fmedia&parent=107266"}],"wp:term":[{"taxonomy":"product_brand","embeddable":true,"href":"https:\/\/www.hediyepazar.com\/index.php?rest_route=%2Fwp%2Fv2%2Fproduct_brand&post=107266"},{"taxonomy":"product_cat","embeddable":true,"href":"https:\/\/www.hediyepazar.com\/index.php?rest_route=%2Fwp%2Fv2%2Fproduct_cat&post=107266"},{"taxonomy":"product_tag","embeddable":true,"href":"https:\/\/www.hediyepazar.com\/index.php?rest_route=%2Fwp%2Fv2%2Fproduct_tag&post=107266"}],"curies":[{"name":"wp","href":"https:\/\/api.w.org\/{rel}","templated":true}]}}