{"id":107274,"date":"2026-05-04T18:33:07","date_gmt":"2026-05-04T21:33:07","guid":{"rendered":"https:\/\/www.hediyepazar.com\/?product=huawei-p9p9litep10p10-plus-novamate-8honor-8v9v10-ic-kulaklik-5775"},"modified":"2026-05-04T18:33:07","modified_gmt":"2026-05-04T21:33:07","slug":"huawei-p9p9litep10p10-plus-novamate-8honor-8v9v10-ic-kulaklik-5775","status":"publish","type":"product","link":"https:\/\/www.hediyepazar.com\/?product=huawei-p9p9litep10p10-plus-novamate-8honor-8v9v10-ic-kulaklik-5775","title":{"rendered":"Huawei P9P9liteP10P10 Plus NovaMate 8Honor 8V9V10 \u0130\u00e7 Kulakl\u0131k-(5775)"},"content":{"rendered":"<p style=\"box-sizing: border-box; margin: 0px 0px 24px; font-size: 12px; color: rgb(102, 102, 102); text-align: center; padding: 0px; border: 0px; outline: 0px; font-family: Tahoma, Geneva, sans-serif;\">Marka: OEM<\/p>\n<p style=\"box-sizing: border-box; margin: 0px 0px 24px; font-size: 12px; color: rgb(102, 102, 102); text-align: center; padding: 0px; border: 0px; outline: 0px; font-family: Tahoma, Geneva, sans-serif;\">Model: OEM<\/p>\n<p style=\"box-sizing: border-box; margin: 0px 0px 24px; font-size: 12px; color: rgb(102, 102, 102); text-align: center; padding: 0px; border: 0px; outline: 0px; font-family: Tahoma, Geneva, sans-serif;\">Kalite:<\/p>\n<p style=\"box-sizing: border-box; margin: 0px 0px 24px; font-size: 12px; color: rgb(102, 102, 102); text-align: center; padding: 0px; border: 0px; outline: 0px; font-family: Tahoma, Geneva, sans-serif;\">Huawei P9 i&ccedil; kulakl&#305;k speaker<\/p>\n<p style=\"box-sizing: border-box; margin: 0px 0px 24px; font-size: 12px; color: rgb(102, 102, 102); text-align: center; padding: 0px; border: 0px; outline: 0px; font-family: Tahoma, Geneva, sans-serif;\">Huawei P9 lite i&ccedil; kulakl&#305;k speaker<\/p>\n<p style=\"box-sizing: border-box; margin: 0px 0px 24px; font-size: 12px; color: rgb(102, 102, 102); text-align: center; padding: 0px; border: 0px; outline: 0px; font-family: Tahoma, Geneva, sans-serif;\">Huawei P9 Plus i&ccedil; kulakl&#305;k speaker<\/p>\n<p style=\"box-sizing: border-box; margin: 0px 0px 24px; font-size: 12px; color: rgb(102, 102, 102); text-align: center; padding: 0px; border: 0px; outline: 0px; font-family: Tahoma, Geneva, sans-serif;\">Huawei P9 Lite (2017)Honor 8 Lite, Nova Lite, Huawei GR3 (2017) i&ccedil; kulakl&#305;k speaker<\/p>\n<p style=\"box-sizing: border-box; margin: 0px 0px 24px; font-size: 12px; color: rgb(102, 102, 102); text-align: center; padding: 0px; border: 0px; outline: 0px; font-family: Tahoma, Geneva, sans-serif;\">Huawei Ascend Mate8 i&ccedil; kulakl&#305;k speaker<\/p>\n<p style=\"box-sizing: border-box; margin: 0px 0px 24px; font-size: 12px; color: rgb(102, 102, 102); text-align: center; padding: 0px; border: 0px; outline: 0px; font-family: Tahoma, Geneva, sans-serif;\">Huawei P10 i&ccedil; kulakl&#305;k speaker<\/p>\n<p style=\"box-sizing: border-box; margin: 0px 0px 24px; font-size: 12px; color: rgb(102, 102, 102); text-align: center; padding: 0px; border: 0px; outline: 0px; font-family: Tahoma, Geneva, sans-serif;\">Huawei P10 Plus i&ccedil; kulakl&#305;k speaker<\/p>\n<p style=\"box-sizing: border-box; margin: 0px 0px 24px; font-size: 12px; color: rgb(102, 102, 102); text-align: center; padding: 0px; border: 0px; outline: 0px; font-family: Tahoma, Geneva, sans-serif;\">Huawei P10 Lite i&ccedil; kulakl&#305;k speaker<\/p>\n<p style=\"box-sizing: border-box; margin: 0px 0px 24px; font-size: 12px; color: rgb(102, 102, 102); text-align: center; padding: 0px; border: 0px; outline: 0px; font-family: Tahoma, Geneva, sans-serif;\">Huawei nova plus i&ccedil; kulakl&#305;k speaker<\/p>\n<p style=\"box-sizing: border-box; margin: 0px 0px 24px; font-size: 12px; color: rgb(102, 102, 102); text-align: center; padding: 0px; border: 0px; outline: 0px; font-family: Tahoma, Geneva, sans-serif;\">Huawei nova i&ccedil; kulakl&#305;k speaker<\/p>\n<p style=\"box-sizing: border-box; margin: 0px 0px 24px; font-size: 12px; color: rgb(102, 102, 102); text-align: center; padding: 0px; border: 0px; outline: 0px; font-family: Tahoma, Geneva, sans-serif;\">Huawei Honor 8 i&ccedil; kulakl&#305;k speaker<\/p>\n<p style=\"box-sizing: border-box; margin: 0px 0px 24px; font-size: 12px; color: rgb(102, 102, 102); text-align: center; padding: 0px; border: 0px; outline: 0px; font-family: Tahoma, Geneva, sans-serif;\">Huawei Honor V8, V9 i&ccedil; kulakl&#305;k speaker<\/p>\n<p style=\"box-sizing: border-box; margin: 0px 0px 24px; font-size: 12px; color: rgb(102, 102, 102); text-align: center; padding: 0px; border: 0px; outline: 0px; font-family: Tahoma, Geneva, sans-serif;\"><\/p>\n<p style=\"box-sizing: border-box; margin: 0px 0px 24px; font-size: 12px; color: rgb(102, 102, 102); text-align: center; padding: 0px; border: 0px; outline: 0px; font-family: Tahoma, Geneva, sans-serif;\"><\/p>\n","protected":false},"excerpt":{"rendered":"<p>Marka: OEM Model: OEM Kalite: Huawei P9 i&ccedil; kulakl&#305;k speaker Huawei P9 lite i&ccedil; kulakl&#305;k speaker Huawei P9 Plus i&ccedil; kulakl&#305;k speaker Huawei P9 Lite (2017)Honor 8 Lite, Nova Lite, Huawei GR3 (2017) i&ccedil; kulakl&#305;k speaker Huawei Ascend Mate8 i&ccedil; kulakl&#305;k speaker Huawei P10 i&ccedil; kulakl&#305;k speaker Huawei P10 Plus i&ccedil; kulakl&#305;k speaker Huawei P10&#8230;<\/p>\n","protected":false},"featured_media":107273,"comment_status":"open","ping_status":"closed","template":"","meta":{"_kad_post_transparent":"","_kad_post_title":"","_kad_post_layout":"","_kad_post_sidebar_id":"","_kad_post_content_style":"","_kad_post_vertical_padding":"","_kad_post_feature":"","_kad_post_feature_position":"","_kad_post_header":false,"_kad_post_footer":false,"_kad_post_classname":""},"product_brand":[],"product_cat":[14614],"product_tag":[],"class_list":{"0":"post-107274","1":"product","2":"type-product","3":"status-publish","4":"has-post-thumbnail","6":"product_cat-ic-kulaklik-speaker-cep-telefonu-yedek-parcalari-cep-telefonu-elektronik-ic-kulaklik-speaker","8":"first","9":"instock","10":"purchasable","11":"product-type-simple","12":"entry","13":"content-bg","14":"loop-entry"},"_links":{"self":[{"href":"https:\/\/www.hediyepazar.com\/index.php?rest_route=\/wp\/v2\/product\/107274","targetHints":{"allow":["GET"]}}],"collection":[{"href":"https:\/\/www.hediyepazar.com\/index.php?rest_route=\/wp\/v2\/product"}],"about":[{"href":"https:\/\/www.hediyepazar.com\/index.php?rest_route=\/wp\/v2\/types\/product"}],"replies":[{"embeddable":true,"href":"https:\/\/www.hediyepazar.com\/index.php?rest_route=%2Fwp%2Fv2%2Fcomments&post=107274"}],"wp:featuredmedia":[{"embeddable":true,"href":"https:\/\/www.hediyepazar.com\/index.php?rest_route=\/wp\/v2\/media\/107273"}],"wp:attachment":[{"href":"https:\/\/www.hediyepazar.com\/index.php?rest_route=%2Fwp%2Fv2%2Fmedia&parent=107274"}],"wp:term":[{"taxonomy":"product_brand","embeddable":true,"href":"https:\/\/www.hediyepazar.com\/index.php?rest_route=%2Fwp%2Fv2%2Fproduct_brand&post=107274"},{"taxonomy":"product_cat","embeddable":true,"href":"https:\/\/www.hediyepazar.com\/index.php?rest_route=%2Fwp%2Fv2%2Fproduct_cat&post=107274"},{"taxonomy":"product_tag","embeddable":true,"href":"https:\/\/www.hediyepazar.com\/index.php?rest_route=%2Fwp%2Fv2%2Fproduct_tag&post=107274"}],"curies":[{"name":"wp","href":"https:\/\/api.w.org\/{rel}","templated":true}]}}