{"id":107292,"date":"2026-05-04T18:35:05","date_gmt":"2026-05-04T21:35:05","guid":{"rendered":"https:\/\/www.hediyepazar.com\/?product=ally-samsung-galaxy-a3-a310-2016-icin-on-panel-5775"},"modified":"2026-05-04T18:35:05","modified_gmt":"2026-05-04T21:35:05","slug":"ally-samsung-galaxy-a3-a310-2016-icin-on-panel-5775","status":"publish","type":"product","link":"https:\/\/www.hediyepazar.com\/?product=ally-samsung-galaxy-a3-a310-2016-icin-on-panel-5775","title":{"rendered":"Ally Samsung Galaxy A3 A310 (2016) \u0130\u00e7in \u00d6n Panel-(5775)"},"content":{"rendered":"<p style=\"box-sizing: border-box; margin: 0px 0px 24px; font-size: 12px; color: rgb(102, 102, 102); text-align: center; padding: 0px; border: 0px; outline: 0px; font-family: Tahoma, Geneva, sans-serif; line-height: 20px;\"><span style=\"box-sizing: border-box; margin: 0px; padding: 0px; border: 0px; outline: 0px; font-weight: 700;\">Marka<\/span>: ALLY&nbsp;&nbsp;<\/p>\n<p style=\"box-sizing: border-box; margin: 0px 0px 24px; font-size: 12px; color: rgb(102, 102, 102); text-align: center; padding: 0px; border: 0px; outline: 0px; font-family: Tahoma, Geneva, sans-serif; line-height: 20px;\"><span style=\"box-sizing: border-box; margin: 0px; padding: 0px; border: 0px; outline: 0px; font-weight: 700;\">Model:&nbsp;<\/span>ALLY GALAXY A3 A310 (2016)&nbsp;&nbsp;<\/p>\n<p style=\"box-sizing: border-box; margin: 0px 0px 24px; font-size: 12px; color: rgb(102, 102, 102); text-align: center; padding: 0px; border: 0px; outline: 0px; font-family: Tahoma, Geneva, sans-serif; line-height: 20px;\"><span style=\"box-sizing: border-box; margin: 0px; padding: 0px; border: 0px; outline: 0px; font-weight: 700;\">Kalite:&nbsp;&nbsp;<\/span><\/p>\n<p style=\"box-sizing: border-box; margin: 0px 0px 24px; font-size: 12px; color: rgb(102, 102, 102); text-align: center; padding: 0px; border: 0px; outline: 0px; font-family: Tahoma, Geneva, sans-serif; line-height: 20px;\"><span style=\"box-sizing: border-box; margin: 0px; padding: 0px; border: 0px; outline: 0px; font-weight: 700;\">&Uuml;r&uuml;n A&ccedil;&#305;klamas&#305;<\/span><\/p>\n<p style=\"box-sizing: border-box; margin: 0px 0px 24px; font-size: 12px; color: rgb(102, 102, 102); text-align: center; padding: 0px; border: 0px; outline: 0px; font-family: Tahoma, Geneva, sans-serif; line-height: 20px;\">GALAXY A3 A310 (2016) &Ouml;N PANEL<\/p>\n<p style=\"box-sizing: border-box; margin: 0px 0px 24px; font-size: 12px; color: rgb(102, 102, 102); text-align: center; padding: 0px; border: 0px; outline: 0px; font-family: Tahoma, Geneva, sans-serif; line-height: 20px;\"><\/p>\n","protected":false},"excerpt":{"rendered":"<p>Marka: ALLY&nbsp;&nbsp; Model:&nbsp;ALLY GALAXY A3 A310 (2016)&nbsp;&nbsp; Kalite:&nbsp;&nbsp; &Uuml;r&uuml;n A&ccedil;&#305;klamas&#305; GALAXY A3 A310 (2016) &Ouml;N PANEL<\/p>\n","protected":false},"featured_media":107291,"comment_status":"open","ping_status":"closed","template":"","meta":{"_kad_post_transparent":"","_kad_post_title":"","_kad_post_layout":"","_kad_post_sidebar_id":"","_kad_post_content_style":"","_kad_post_vertical_padding":"","_kad_post_feature":"","_kad_post_feature_position":"","_kad_post_header":false,"_kad_post_footer":false,"_kad_post_classname":""},"product_brand":[],"product_cat":[14749],"product_tag":[],"class_list":{"0":"post-107292","1":"product","2":"type-product","3":"status-publish","4":"has-post-thumbnail","6":"product_cat-kasa-kapak-cep-telefonu-yedek-parcalari-cep-telefonu-elektronik-kasa-kapak","8":"first","9":"instock","10":"purchasable","11":"product-type-simple","12":"entry","13":"content-bg","14":"loop-entry"},"_links":{"self":[{"href":"https:\/\/www.hediyepazar.com\/index.php?rest_route=\/wp\/v2\/product\/107292","targetHints":{"allow":["GET"]}}],"collection":[{"href":"https:\/\/www.hediyepazar.com\/index.php?rest_route=\/wp\/v2\/product"}],"about":[{"href":"https:\/\/www.hediyepazar.com\/index.php?rest_route=\/wp\/v2\/types\/product"}],"replies":[{"embeddable":true,"href":"https:\/\/www.hediyepazar.com\/index.php?rest_route=%2Fwp%2Fv2%2Fcomments&post=107292"}],"wp:featuredmedia":[{"embeddable":true,"href":"https:\/\/www.hediyepazar.com\/index.php?rest_route=\/wp\/v2\/media\/107291"}],"wp:attachment":[{"href":"https:\/\/www.hediyepazar.com\/index.php?rest_route=%2Fwp%2Fv2%2Fmedia&parent=107292"}],"wp:term":[{"taxonomy":"product_brand","embeddable":true,"href":"https:\/\/www.hediyepazar.com\/index.php?rest_route=%2Fwp%2Fv2%2Fproduct_brand&post=107292"},{"taxonomy":"product_cat","embeddable":true,"href":"https:\/\/www.hediyepazar.com\/index.php?rest_route=%2Fwp%2Fv2%2Fproduct_cat&post=107292"},{"taxonomy":"product_tag","embeddable":true,"href":"https:\/\/www.hediyepazar.com\/index.php?rest_route=%2Fwp%2Fv2%2Fproduct_tag&post=107292"}],"curies":[{"name":"wp","href":"https:\/\/api.w.org\/{rel}","templated":true}]}}