{"id":107322,"date":"2026-05-04T18:38:32","date_gmt":"2026-05-04T21:38:32","guid":{"rendered":"https:\/\/www.hediyepazar.com\/?product=ally-nk102-iphoneipadipod-lightning-to-usb-kamera-adaptoru-5775"},"modified":"2026-05-04T18:38:32","modified_gmt":"2026-05-04T21:38:32","slug":"ally-nk102-iphoneipadipod-lightning-to-usb-kamera-adaptoru-5775","status":"publish","type":"product","link":"https:\/\/www.hediyepazar.com\/?product=ally-nk102-iphoneipadipod-lightning-to-usb-kamera-adaptoru-5775","title":{"rendered":"ALLY Nk102 \u0130Phone\u0130Pad\u0130Pod Lightning To Usb Kamera Adapt\u00f6r\u00fc-(5775)"},"content":{"rendered":"<p><strong font-size:=\"\" open=\"\" style=\"margin: 0px; padding: 0px; outline: 0px; border: 0px; color: rgb(68, 68, 68); font-family: \">Genel Bak&#305;&#351;<\/strong><br font-size:=\"\" open=\"\" style=\"color: rgb(68, 68, 68); font-family: \"\/><span font-size:=\"\" open=\"\" style=\"color: rgb(68, 68, 68); font-family: \">Lightning-USB Kamera Adapt&ouml;r&uuml; ile, dijital kameran&#305;zdaki foto&#287;raf ve videolar&#305; Retina ekranl&#305; iPad veya iPad mini&#8217;nize indirmek &ccedil;ok kolayd&#305;r. Bu sayede foto&#287;raf ve videolar&#305;n&#305;z&#305; muhte&#351;em iPad ekran&#305;nda g&ouml;r&uuml;nt&uuml;leyebilir, aileniz ve arkada&#351;lar&#305;n&#305;zla payla&#351;abilirsiniz. Lightning-USB Kamera Adapt&ouml;r&uuml;n&uuml; ba&#287;lad&#305;ktan sonra, iPad&#8217;iniz, i&ccedil;e aktarmak istedi&#287;iniz foto&#287;raflar&#305; ve videolar&#305; se&ccedil;menize, bunlar&#305; alb&uuml;mler halinde d&uuml;zenlemenize olanak sa&#287;layan Foto&#287;raflar uygulamas&#305;n&#305; otomatik olarak a&ccedil;ar. iPad&#8217;inizi PC&#8217;niz veya Mac&#8217;inize e&#351;zamanlad&#305;&#287;&#305;n&#305;zda, iPad&#8217;inizdeki foto&#287;raflar ve videolar bilgisayar&#305;n&#305;z&#305;n foto&#287;raf ar&#351;ivine eklenir. Lightning-USB Kamera Adapt&ouml;r&uuml;, JPEG ve RAW dahil standart foto&#287;raf formatlar&#305;n&#305; ve H.264 ve MPEG-4 dahil SD ve HD video formatlar&#305;n&#305; destekler.<\/span><br font-size:=\"\" open=\"\" style=\"color: rgb(68, 68, 68); font-family: \"\/><br font-size:=\"\" open=\"\" style=\"color: rgb(68, 68, 68); font-family: \"\/><strong font-size:=\"\" open=\"\" style=\"margin: 0px; padding: 0px; outline: 0px; border: 0px; color: rgb(68, 68, 68); font-family: \">Uyumluluk&nbsp;<\/strong><br font-size:=\"\" open=\"\" style=\"color: rgb(68, 68, 68); font-family: \"\/><span font-size:=\"\" open=\"\" style=\"color: rgb(68, 68, 68); font-family: \">iPad Modelleri<\/span><br font-size:=\"\" open=\"\" style=\"color: rgb(68, 68, 68); font-family: \"\/><span font-size:=\"\" open=\"\" style=\"color: rgb(68, 68, 68); font-family: \">Retina ekranl&#305; iPad<\/span><br font-size:=\"\" open=\"\" style=\"color: rgb(68, 68, 68); font-family: \"\/><span font-size:=\"\" open=\"\" style=\"color: rgb(68, 68, 68); font-family: \">iPad mini<\/span><br font-size:=\"\" open=\"\" style=\"color: rgb(68, 68, 68); font-family: \"\/><span font-size:=\"\" open=\"\" style=\"color: rgb(68, 68, 68); font-family: \">iPad mini 2<\/span><br font-size:=\"\" open=\"\" style=\"color: rgb(68, 68, 68); font-family: \"\/><span font-size:=\"\" open=\"\" style=\"color: rgb(68, 68, 68); font-family: \">iPad Air<\/span><br font-size:=\"\" open=\"\" style=\"color: rgb(68, 68, 68); font-family: \"\/><span font-size:=\"\" open=\"\" style=\"color: rgb(68, 68, 68); font-family: \">iPad Air 2<\/span><br font-size:=\"\" open=\"\" style=\"color: rgb(68, 68, 68); font-family: \"\/><span font-size:=\"\" open=\"\" style=\"color: rgb(68, 68, 68); font-family: \">iPad mini 3<\/span><br font-size:=\"\" open=\"\" style=\"color: rgb(68, 68, 68); font-family: \"\/><span font-size:=\"\" open=\"\" style=\"color: rgb(68, 68, 68); font-family: \">&nbsp;<\/span><br font-size:=\"\" open=\"\" style=\"color: rgb(68, 68, 68); font-family: \"\/><strong font-size:=\"\" open=\"\" style=\"margin: 0px; padding: 0px; outline: 0px; border: 0px; color: rgb(68, 68, 68); font-family: \">Kutu &#304;&ccedil;eri&#287;i<\/strong><br font-size:=\"\" open=\"\" style=\"color: rgb(68, 68, 68); font-family: \"\/><span font-size:=\"\" open=\"\" style=\"color: rgb(68, 68, 68); font-family: \">Lightning-USB Kamera Adapt&ouml;r&uuml;.<\/span><\/p>\n","protected":false},"excerpt":{"rendered":"<p>Genel Bak&#305;&#351;Lightning-USB Kamera Adapt&ouml;r&uuml; ile, dijital kameran&#305;zdaki foto&#287;raf ve videolar&#305; Retina ekranl&#305; iPad veya iPad mini&#8217;nize indirmek &ccedil;ok kolayd&#305;r. Bu sayede foto&#287;raf ve videolar&#305;n&#305;z&#305; muhte&#351;em iPad ekran&#305;nda g&ouml;r&uuml;nt&uuml;leyebilir, aileniz ve arkada&#351;lar&#305;n&#305;zla payla&#351;abilirsiniz. Lightning-USB Kamera Adapt&ouml;r&uuml;n&uuml; ba&#287;lad&#305;ktan sonra, iPad&#8217;iniz, i&ccedil;e aktarmak istedi&#287;iniz foto&#287;raflar&#305; ve videolar&#305; se&ccedil;menize, bunlar&#305; alb&uuml;mler halinde d&uuml;zenlemenize olanak sa&#287;layan Foto&#287;raflar uygulamas&#305;n&#305; otomatik olarak&#8230;<\/p>\n","protected":false},"featured_media":107321,"comment_status":"open","ping_status":"closed","template":"","meta":{"_kad_post_transparent":"","_kad_post_title":"","_kad_post_layout":"","_kad_post_sidebar_id":"","_kad_post_content_style":"","_kad_post_vertical_padding":"","_kad_post_feature":"","_kad_post_feature_position":"","_kad_post_header":false,"_kad_post_footer":false,"_kad_post_classname":""},"product_brand":[],"product_cat":[14459],"product_tag":[],"class_list":{"0":"post-107322","1":"product","2":"type-product","3":"status-publish","4":"has-post-thumbnail","6":"product_cat-cevirici-donusturucu-cep-telefonu-aksesuarlari-cep-telefonu-elektronik-cevirici-donusturucu","8":"first","9":"instock","10":"purchasable","11":"product-type-simple","12":"entry","13":"content-bg","14":"loop-entry"},"_links":{"self":[{"href":"https:\/\/www.hediyepazar.com\/index.php?rest_route=\/wp\/v2\/product\/107322","targetHints":{"allow":["GET"]}}],"collection":[{"href":"https:\/\/www.hediyepazar.com\/index.php?rest_route=\/wp\/v2\/product"}],"about":[{"href":"https:\/\/www.hediyepazar.com\/index.php?rest_route=\/wp\/v2\/types\/product"}],"replies":[{"embeddable":true,"href":"https:\/\/www.hediyepazar.com\/index.php?rest_route=%2Fwp%2Fv2%2Fcomments&post=107322"}],"wp:featuredmedia":[{"embeddable":true,"href":"https:\/\/www.hediyepazar.com\/index.php?rest_route=\/wp\/v2\/media\/107321"}],"wp:attachment":[{"href":"https:\/\/www.hediyepazar.com\/index.php?rest_route=%2Fwp%2Fv2%2Fmedia&parent=107322"}],"wp:term":[{"taxonomy":"product_brand","embeddable":true,"href":"https:\/\/www.hediyepazar.com\/index.php?rest_route=%2Fwp%2Fv2%2Fproduct_brand&post=107322"},{"taxonomy":"product_cat","embeddable":true,"href":"https:\/\/www.hediyepazar.com\/index.php?rest_route=%2Fwp%2Fv2%2Fproduct_cat&post=107322"},{"taxonomy":"product_tag","embeddable":true,"href":"https:\/\/www.hediyepazar.com\/index.php?rest_route=%2Fwp%2Fv2%2Fproduct_tag&post=107322"}],"curies":[{"name":"wp","href":"https:\/\/api.w.org\/{rel}","templated":true}]}}