{"id":107438,"date":"2026-05-04T18:54:18","date_gmt":"2026-05-04T21:54:18","guid":{"rendered":"https:\/\/www.hediyepazar.com\/?product=iphone-xxs-dark-ultra-koruma-karbon-fiber-silikon-kilif-5775"},"modified":"2026-05-04T18:54:18","modified_gmt":"2026-05-04T21:54:18","slug":"iphone-xxs-dark-ultra-koruma-karbon-fiber-silikon-kilif-5775","status":"publish","type":"product","link":"https:\/\/www.hediyepazar.com\/?product=iphone-xxs-dark-ultra-koruma-karbon-fiber-silikon-kilif-5775","title":{"rendered":"\u0130phone XXS Dark Ultra Koruma Karbon Fiber Silikon K\u0131l\u0131f-(5775)"},"content":{"rendered":"<p><\/p>\n<p style=\"margin: 0px 0px 24px; padding: 0px; border: 0px; outline: 0px; font-size: 12px; color: rgb(102, 102, 102); font-family: Tahoma, Geneva, sans-serif;\">&#304;PHONE X,10 DARK ULTRA KORUMA KARON F&#304;BER DOKU S&#304;L&#304;KON KILIF<\/p>\n<p style=\"margin: 0px 0px 24px; padding: 0px; border: 0px; outline: 0px; font-size: 12px; color: rgb(102, 102, 102); font-family: Tahoma, Geneva, sans-serif;\"><span style=\"margin: 0px; padding: 0px; border: 0px; outline: 0px;\">Kaliteli i&#351;&ccedil;ili&#287;e sahip olan silikon k&#305;l&#305;f sayesinde telefonunuzu sadece korumakla kalmaz, zarif tasar&#305;m&#305; sayesinde de daha g&uuml;zel bir g&ouml;r&uuml;n&uuml;m kazand&#305;r&#305;rs&#305;n&#305;z.<\/span><\/p>\n<p style=\"margin: 0px 0px 24px; padding: 0px; border: 0px; outline: 0px; font-size: 12px; color: rgb(102, 102, 102); font-family: Tahoma, Geneva, sans-serif; line-height: 20px;\">&Ouml;zellikler<br \/>Y&uuml;ksek kalite silikon materyalden &uuml;retilmi&#351;tir.<br \/>Cihaz&#305;n&#305;z&#305;n arka, yan taraflar&#305;n&#305; ve &ouml;n &ccedil;er&ccedil;evesini &ccedil;iziklerden, kirden, darbelerden korur.<br \/>K&#305;l&#305;f cihaz &uuml;zerindeyken &#351;arj, kulakl&#305;k, kamera veya ses kontrol tu&#351;lar&#305; kullan&#305;labilir.<br \/>Harika kal&#305;p kesimi ve esnekli&#287;i sayesinde telefonunuza m&uuml;kemmel uyar.<br \/>Kolayca tak&#305;l&#305;p &ccedil;&#305;kart&#305;labilir.<br \/>Cihaz&#305;n &ouml;n y&uuml;z&uuml;n&uuml; kapatmaz.<\/p>\n<p><img decoding=\"async\" alt=\"\" data-cke-saved-src=\"https:\/\/cdn.myikas.com\/images\/4b0890c4-46f7-49c5-9b0d-d8f3dae632d6\/d6453ef5-6d08-481c-b593-0a21aa4cb8d1\/image_1950.webp\" src=\"https:\/\/cdn.myikas.com\/images\/4b0890c4-46f7-49c5-9b0d-d8f3dae632d6\/d6453ef5-6d08-481c-b593-0a21aa4cb8d1\/image_1950.webp\"\/><img decoding=\"async\" data-cke-saved-src=\"https:\/\/cdn.myikas.com\/images\/4b0890c4-46f7-49c5-9b0d-d8f3dae632d6\/a9b30f08-4c1c-45da-b575-443c41be616e\/image_1950.webp\" src=\"https:\/\/hepsicdn.com.tr\/static\/product_detail\/hbnet69fe75b3_5326811.webp\"><img decoding=\"async\" data-cke-saved-src=\"https:\/\/cdn.myikas.com\/images\/4b0890c4-46f7-49c5-9b0d-d8f3dae632d6\/592f1d98-b64b-4338-b8c4-bcda2dfbd402\/image_1950.webp\" src=\"https:\/\/hepsicdn.com.tr\/static\/product_detail\/hbnet69fe75b3_5326812.webp\"><img decoding=\"async\" data-cke-saved-src=\"https:\/\/cdn.myikas.com\/images\/4b0890c4-46f7-49c5-9b0d-d8f3dae632d6\/ea25977c-b9c5-41bb-aa7a-f13dcdbb09fa\/image_1950.webp\" src=\"https:\/\/hepsicdn.com.tr\/static\/product_detail\/hbnet69fe75b3_5326813.webp\"><img decoding=\"async\" data-cke-saved-src=\"https:\/\/cdn.myikas.com\/images\/4b0890c4-46f7-49c5-9b0d-d8f3dae632d6\/0a9293e7-19c4-43c6-a651-8f1e5bd03f9b\/image_1950.webp\" src=\"https:\/\/hepsicdn.com.tr\/static\/product_detail\/hbnet69fe75b3_5326814.webp\"><img decoding=\"async\" data-cke-saved-src=\"https:\/\/cdn.myikas.com\/images\/4b0890c4-46f7-49c5-9b0d-d8f3dae632d6\/4dc70f81-ef00-4844-a3a0-ade8283669c0\/image_1950.webp\" src=\"https:\/\/hepsicdn.com.tr\/static\/product_detail\/hbnet69fe75b3_5326815.webp\"><img decoding=\"async\" data-cke-saved-src=\"https:\/\/cdn.myikas.com\/images\/4b0890c4-46f7-49c5-9b0d-d8f3dae632d6\/e344d380-ff2d-4595-9b25-cb87b9ed063a\/image_1950.webp\" src=\"https:\/\/hepsicdn.com.tr\/static\/product_detail\/hbnet69fe75b3_5326816.webp\"><img decoding=\"async\" data-cke-saved-src=\"https:\/\/cdn.myikas.com\/images\/4b0890c4-46f7-49c5-9b0d-d8f3dae632d6\/c8c624f6-cb9e-4fb8-9055-ee0dd8cfd451\/image_1950.webp\" src=\"https:\/\/hepsicdn.com.tr\/static\/product_detail\/hbnet69fe75b3_5326817.webp\">&#8203;<\/p>\n","protected":false},"excerpt":{"rendered":"<p>&#304;PHONE X,10 DARK ULTRA KORUMA KARON F&#304;BER DOKU S&#304;L&#304;KON KILIF Kaliteli i&#351;&ccedil;ili&#287;e sahip olan silikon k&#305;l&#305;f sayesinde telefonunuzu sadece korumakla kalmaz, zarif tasar&#305;m&#305; sayesinde de daha g&uuml;zel bir g&ouml;r&uuml;n&uuml;m kazand&#305;r&#305;rs&#305;n&#305;z. &Ouml;zelliklerY&uuml;ksek kalite silikon materyalden &uuml;retilmi&#351;tir.Cihaz&#305;n&#305;z&#305;n arka, yan taraflar&#305;n&#305; ve &ouml;n &ccedil;er&ccedil;evesini &ccedil;iziklerden, kirden, darbelerden korur.K&#305;l&#305;f cihaz &uuml;zerindeyken &#351;arj, kulakl&#305;k, kamera veya ses kontrol tu&#351;lar&#305; kullan&#305;labilir.Harika&#8230;<\/p>\n","protected":false},"featured_media":107437,"comment_status":"open","ping_status":"closed","template":"","meta":{"_kad_post_transparent":"","_kad_post_title":"","_kad_post_layout":"","_kad_post_sidebar_id":"","_kad_post_content_style":"","_kad_post_vertical_padding":"","_kad_post_feature":"","_kad_post_feature_position":"","_kad_post_header":false,"_kad_post_footer":false,"_kad_post_classname":""},"product_brand":[],"product_cat":[14520],"product_tag":[],"class_list":{"0":"post-107438","1":"product","2":"type-product","3":"status-publish","4":"has-post-thumbnail","6":"product_cat-telefon-kilifi-cep-telefonu-aksesuarlari-cep-telefonu-elektronik-telefon-kilifi","8":"first","9":"instock","10":"purchasable","11":"product-type-simple","12":"entry","13":"content-bg","14":"loop-entry"},"_links":{"self":[{"href":"https:\/\/www.hediyepazar.com\/index.php?rest_route=\/wp\/v2\/product\/107438","targetHints":{"allow":["GET"]}}],"collection":[{"href":"https:\/\/www.hediyepazar.com\/index.php?rest_route=\/wp\/v2\/product"}],"about":[{"href":"https:\/\/www.hediyepazar.com\/index.php?rest_route=\/wp\/v2\/types\/product"}],"replies":[{"embeddable":true,"href":"https:\/\/www.hediyepazar.com\/index.php?rest_route=%2Fwp%2Fv2%2Fcomments&post=107438"}],"wp:featuredmedia":[{"embeddable":true,"href":"https:\/\/www.hediyepazar.com\/index.php?rest_route=\/wp\/v2\/media\/107437"}],"wp:attachment":[{"href":"https:\/\/www.hediyepazar.com\/index.php?rest_route=%2Fwp%2Fv2%2Fmedia&parent=107438"}],"wp:term":[{"taxonomy":"product_brand","embeddable":true,"href":"https:\/\/www.hediyepazar.com\/index.php?rest_route=%2Fwp%2Fv2%2Fproduct_brand&post=107438"},{"taxonomy":"product_cat","embeddable":true,"href":"https:\/\/www.hediyepazar.com\/index.php?rest_route=%2Fwp%2Fv2%2Fproduct_cat&post=107438"},{"taxonomy":"product_tag","embeddable":true,"href":"https:\/\/www.hediyepazar.com\/index.php?rest_route=%2Fwp%2Fv2%2Fproduct_tag&post=107438"}],"curies":[{"name":"wp","href":"https:\/\/api.w.org\/{rel}","templated":true}]}}