{"id":107462,"date":"2026-05-04T18:57:05","date_gmt":"2026-05-04T21:57:05","guid":{"rendered":"https:\/\/www.hediyepazar.com\/?product=cift-baslik-sert-plastik-acma-aparati-5775"},"modified":"2026-05-04T18:57:05","modified_gmt":"2026-05-04T21:57:05","slug":"cift-baslik-sert-plastik-acma-aparati-5775","status":"publish","type":"product","link":"https:\/\/www.hediyepazar.com\/?product=cift-baslik-sert-plastik-acma-aparati-5775","title":{"rendered":"\u00c7ift Ba\u015fl\u0131k Sert Plastik A\u00e7ma Aparat\u0131-(5775)"},"content":{"rendered":"<p style=\"margin: 0px 0px 24px; padding: 0px; border: 0px; outline: 0px; font-size: 12px; color: rgb(102, 102, 102); font-family: Tahoma, Geneva, sans-serif;\">&Uuml;r&uuml;n A&ccedil;&#305;klams&#305;&nbsp;<\/p>\n<p style=\"margin: 0px 0px 24px; padding: 0px; border: 0px; outline: 0px; font-size: 12px; color: rgb(102, 102, 102); font-family: Tahoma, Geneva, sans-serif;\">S&#305;n&#305;f: &nbsp;Cep Telefonu Tamir Seti<\/p>\n<p style=\"margin: 0px 0px 24px; padding: 0px; border: 0px; outline: 0px; font-size: 12px; color: rgb(102, 102, 102); font-family: Tahoma, Geneva, sans-serif;\">Kalite: A++<\/p>\n<p style=\"margin: 0px 0px 24px; padding: 0px; border: 0px; outline: 0px; font-size: 12px; color: rgb(102, 102, 102); font-family: Tahoma, Geneva, sans-serif;\">Marka: ALLY<\/p>\n<p style=\"margin: 0cm 0cm 0.0001pt; padding: 0px; border: 0px; outline: 0px; font-size: 12px; color: rgb(102, 102, 102); font-family: Tahoma, Geneva, sans-serif; background-image: initial; background-position: initial; background-size: initial; background-repeat: initial; background-attachment: initial; background-origin: initial; background-clip: initial; line-height: 15pt; vertical-align: baseline;\"><span style=\"margin: 0px; padding: 0px; border: 0px; outline: 0px; font-size: 9pt;\">&Uuml;r&uuml;n A&ccedil;&#305;klams&#305;&nbsp;<o:p><\/o:p><\/span><\/p>\n<p style=\"margin: 0px 0px 24px; padding: 0px; border: 0px; outline: 0px; font-size: 12px; color: rgb(102, 102, 102); font-family: Tahoma, Geneva, sans-serif; background-image: initial; background-position: initial; background-size: initial; background-repeat: initial; background-attachment: initial; background-origin: initial; background-clip: initial; line-height: 15pt; vertical-align: baseline;\">&Ccedil;&#304;FT BA&#350;LIK SERT PLAST&#304;K A&Ccedil;MA APARATI<\/p>\n<p style=\"margin: 0cm 0cm 0.0001pt; padding: 0px; border: 0px; outline: 0px; font-size: 12px; color: rgb(102, 102, 102); font-family: Tahoma, Geneva, sans-serif; background-image: initial; background-position: initial; background-size: initial; background-repeat: initial; background-attachment: initial; background-origin: initial; background-clip: initial; line-height: 15pt; vertical-align: baseline;\"><span style=\"margin: 0px; padding: 0px; border: 0px; outline: 0px; font-size: 9pt;\">Bayilik i&ccedil;in Lutfen bizimle irtibat Kurun<\/span><\/p>\n","protected":false},"excerpt":{"rendered":"<p>&Uuml;r&uuml;n A&ccedil;&#305;klams&#305;&nbsp; S&#305;n&#305;f: &nbsp;Cep Telefonu Tamir Seti Kalite: A++ Marka: ALLY &Uuml;r&uuml;n A&ccedil;&#305;klams&#305;&nbsp; &Ccedil;&#304;FT BA&#350;LIK SERT PLAST&#304;K A&Ccedil;MA APARATI Bayilik i&ccedil;in Lutfen bizimle irtibat Kurun<\/p>\n","protected":false},"featured_media":107461,"comment_status":"open","ping_status":"closed","template":"","meta":{"_kad_post_transparent":"","_kad_post_title":"","_kad_post_layout":"","_kad_post_sidebar_id":"","_kad_post_content_style":"","_kad_post_vertical_padding":"","_kad_post_feature":"","_kad_post_feature_position":"","_kad_post_header":false,"_kad_post_footer":false,"_kad_post_classname":""},"product_brand":[],"product_cat":[14575],"product_tag":[],"class_list":{"0":"post-107462","1":"product","2":"type-product","3":"status-publish","4":"has-post-thumbnail","6":"product_cat-tamir-seti-tamir-malzemeleri-elektronik-tamir-seti","8":"first","9":"instock","10":"purchasable","11":"product-type-simple","12":"entry","13":"content-bg","14":"loop-entry"},"_links":{"self":[{"href":"https:\/\/www.hediyepazar.com\/index.php?rest_route=\/wp\/v2\/product\/107462","targetHints":{"allow":["GET"]}}],"collection":[{"href":"https:\/\/www.hediyepazar.com\/index.php?rest_route=\/wp\/v2\/product"}],"about":[{"href":"https:\/\/www.hediyepazar.com\/index.php?rest_route=\/wp\/v2\/types\/product"}],"replies":[{"embeddable":true,"href":"https:\/\/www.hediyepazar.com\/index.php?rest_route=%2Fwp%2Fv2%2Fcomments&post=107462"}],"wp:featuredmedia":[{"embeddable":true,"href":"https:\/\/www.hediyepazar.com\/index.php?rest_route=\/wp\/v2\/media\/107461"}],"wp:attachment":[{"href":"https:\/\/www.hediyepazar.com\/index.php?rest_route=%2Fwp%2Fv2%2Fmedia&parent=107462"}],"wp:term":[{"taxonomy":"product_brand","embeddable":true,"href":"https:\/\/www.hediyepazar.com\/index.php?rest_route=%2Fwp%2Fv2%2Fproduct_brand&post=107462"},{"taxonomy":"product_cat","embeddable":true,"href":"https:\/\/www.hediyepazar.com\/index.php?rest_route=%2Fwp%2Fv2%2Fproduct_cat&post=107462"},{"taxonomy":"product_tag","embeddable":true,"href":"https:\/\/www.hediyepazar.com\/index.php?rest_route=%2Fwp%2Fv2%2Fproduct_tag&post=107462"}],"curies":[{"name":"wp","href":"https:\/\/api.w.org\/{rel}","templated":true}]}}