{"id":107482,"date":"2026-05-04T19:00:13","date_gmt":"2026-05-04T22:00:13","guid":{"rendered":"https:\/\/www.hediyepazar.com\/?product=ally-apple-watch-icin-38mm-lazer-kaplama-koruma-kilif-5775"},"modified":"2026-05-04T19:00:13","modified_gmt":"2026-05-04T22:00:13","slug":"ally-apple-watch-icin-38mm-lazer-kaplama-koruma-kilif-5775","status":"publish","type":"product","link":"https:\/\/www.hediyepazar.com\/?product=ally-apple-watch-icin-38mm-lazer-kaplama-koruma-kilif-5775","title":{"rendered":"Ally Apple Watch \u0130\u00e7in 38mm Lazer Kaplama Koruma K\u0131l\u0131f-(5775)"},"content":{"rendered":"<p style=\"margin: 0px 0px 24px; padding: 0px; border: 0px; outline: 0px; font-size: 12px; color: rgb(102, 102, 102); font-family: Tahoma, Geneva, sans-serif; line-height: 20px;\">Kaliteli i&#351;&ccedil;ili&#287;e sahip olan silikon k&#305;l&#305;f saatinizi sadece korumakla kalmaz, zarif tasar&#305;m&#305; sayesinde de daha g&uuml;zel bir g&ouml;r&uuml;n&uuml;m kazand&#305;r&#305;r.<\/p>\n<p style=\"margin: 0px 0px 24px; padding: 0px; border: 0px; outline: 0px; font-size: 12px; color: rgb(102, 102, 102); font-family: Tahoma, Geneva, sans-serif; line-height: 20px;\"><span style=\"margin: 0px; padding: 0px; border: 0px; outline: 0px; font-weight: 700;\">&Ouml;zellikler<\/span><br \/>Y&uuml;ksek kalite silikon materyalden &uuml;retilmi&#351;tir.<br \/>Cihaz&#305;n&#305;z&#305;n &nbsp;yan taraflar&#305;n&#305;&nbsp;&ccedil;er&ccedil;evesini &ccedil;iziklerden, kirden, darbelerden korur.<br \/>K&#305;l&#305;f cihaz &uuml;zerindeyken &nbsp;ses kontrol tu&#351;lar&#305; kullan&#305;labilir.<br \/>Harika kal&#305;p kesimi ve esnekli&#287;i sayesinde saatinize m&uuml;kemmel uyar.<br \/>Kolayca tak&#305;l&#305;p &ccedil;&#305;kart&#305;labilir.<br \/>Cihaz&#305;n &ouml;n y&uuml;z&uuml;n&uuml; kapatmaz<\/p>\n<p style=\"margin: 0px 0px 24px; padding: 0px; border: 0px; outline: 0px; font-size: 12px; color: rgb(102, 102, 102); font-family: Tahoma, Geneva, sans-serif; line-height: 20px;\">&#8203;<img decoding=\"async\" alt=\"\" data-cke-saved-src=\"https:\/\/cdn.myikas.com\/images\/4b0890c4-46f7-49c5-9b0d-d8f3dae632d6\/ab313c67-569d-49cc-8534-921bed6ab62b\/image_1950.webp\" src=\"https:\/\/cdn.myikas.com\/images\/4b0890c4-46f7-49c5-9b0d-d8f3dae632d6\/ab313c67-569d-49cc-8534-921bed6ab62b\/image_1950.webp\"\/><span style=\"color: rgb(102, 102, 102); font-family: Tahoma, Geneva, sans-serif; font-size: 12px;\">&#8203;<\/span><img decoding=\"async\" data-cke-saved-src=\"https:\/\/cdn.myikas.com\/images\/4b0890c4-46f7-49c5-9b0d-d8f3dae632d6\/d9698c0d-8860-4c7a-93fe-66f6c7951da8\/image_1950.webp\" src=\"https:\/\/hepsicdn.com.tr\/static\/product_detail\/hbnetbe276831_5332911.webp\"><img decoding=\"async\" data-cke-saved-src=\"https:\/\/cdn.myikas.com\/images\/4b0890c4-46f7-49c5-9b0d-d8f3dae632d6\/bccc6836-f8f9-4158-9827-8b242158190b\/image_1950.webp\" src=\"https:\/\/hepsicdn.com.tr\/static\/product_detail\/hbnetbe276831_5332912.webp\"><img decoding=\"async\" data-cke-saved-src=\"https:\/\/cdn.myikas.com\/images\/4b0890c4-46f7-49c5-9b0d-d8f3dae632d6\/5ad16d6d-df82-404c-bd60-f5c134a24c0b\/image_1950.webp\" src=\"https:\/\/hepsicdn.com.tr\/static\/product_detail\/hbnetbe276831_5332913.webp\"><img decoding=\"async\" data-cke-saved-src=\"https:\/\/cdn.myikas.com\/images\/4b0890c4-46f7-49c5-9b0d-d8f3dae632d6\/6e464415-8b31-43eb-b88a-c9b5a49f321e\/image_1950.webp\" src=\"https:\/\/hepsicdn.com.tr\/static\/product_detail\/hbnetbe276831_5332914.webp\">&#8203;<\/p>\n","protected":false},"excerpt":{"rendered":"<p>Kaliteli i&#351;&ccedil;ili&#287;e sahip olan silikon k&#305;l&#305;f saatinizi sadece korumakla kalmaz, zarif tasar&#305;m&#305; sayesinde de daha g&uuml;zel bir g&ouml;r&uuml;n&uuml;m kazand&#305;r&#305;r. &Ouml;zelliklerY&uuml;ksek kalite silikon materyalden &uuml;retilmi&#351;tir.Cihaz&#305;n&#305;z&#305;n &nbsp;yan taraflar&#305;n&#305;&nbsp;&ccedil;er&ccedil;evesini &ccedil;iziklerden, kirden, darbelerden korur.K&#305;l&#305;f cihaz &uuml;zerindeyken &nbsp;ses kontrol tu&#351;lar&#305; kullan&#305;labilir.Harika kal&#305;p kesimi ve esnekli&#287;i sayesinde saatinize m&uuml;kemmel uyar.Kolayca tak&#305;l&#305;p &ccedil;&#305;kart&#305;labilir.Cihaz&#305;n &ouml;n y&uuml;z&uuml;n&uuml; kapatmaz &#8203;&#8203;&#8203;<\/p>\n","protected":false},"featured_media":107481,"comment_status":"open","ping_status":"closed","template":"","meta":{"_kad_post_transparent":"","_kad_post_title":"","_kad_post_layout":"","_kad_post_sidebar_id":"","_kad_post_content_style":"","_kad_post_vertical_padding":"","_kad_post_feature":"","_kad_post_feature_position":"","_kad_post_header":false,"_kad_post_footer":false,"_kad_post_classname":""},"product_brand":[],"product_cat":[14524],"product_tag":[],"class_list":{"0":"post-107482","1":"product","2":"type-product","3":"status-publish","4":"has-post-thumbnail","6":"product_cat-akilli-saat-kordon-giyilebilir-teknoloji-elektronik-akilli-saat-kordon","8":"first","9":"instock","10":"purchasable","11":"product-type-simple","12":"entry","13":"content-bg","14":"loop-entry"},"_links":{"self":[{"href":"https:\/\/www.hediyepazar.com\/index.php?rest_route=\/wp\/v2\/product\/107482","targetHints":{"allow":["GET"]}}],"collection":[{"href":"https:\/\/www.hediyepazar.com\/index.php?rest_route=\/wp\/v2\/product"}],"about":[{"href":"https:\/\/www.hediyepazar.com\/index.php?rest_route=\/wp\/v2\/types\/product"}],"replies":[{"embeddable":true,"href":"https:\/\/www.hediyepazar.com\/index.php?rest_route=%2Fwp%2Fv2%2Fcomments&post=107482"}],"wp:featuredmedia":[{"embeddable":true,"href":"https:\/\/www.hediyepazar.com\/index.php?rest_route=\/wp\/v2\/media\/107481"}],"wp:attachment":[{"href":"https:\/\/www.hediyepazar.com\/index.php?rest_route=%2Fwp%2Fv2%2Fmedia&parent=107482"}],"wp:term":[{"taxonomy":"product_brand","embeddable":true,"href":"https:\/\/www.hediyepazar.com\/index.php?rest_route=%2Fwp%2Fv2%2Fproduct_brand&post=107482"},{"taxonomy":"product_cat","embeddable":true,"href":"https:\/\/www.hediyepazar.com\/index.php?rest_route=%2Fwp%2Fv2%2Fproduct_cat&post=107482"},{"taxonomy":"product_tag","embeddable":true,"href":"https:\/\/www.hediyepazar.com\/index.php?rest_route=%2Fwp%2Fv2%2Fproduct_tag&post=107482"}],"curies":[{"name":"wp","href":"https:\/\/api.w.org\/{rel}","templated":true}]}}