{"id":107502,"date":"2026-05-04T19:02:18","date_gmt":"2026-05-04T22:02:18","guid":{"rendered":"https:\/\/www.hediyepazar.com\/?product=ally-iphone-lightning-egik-basli-halat-usb-kablo-1metre-5775"},"modified":"2026-05-04T19:02:18","modified_gmt":"2026-05-04T22:02:18","slug":"ally-iphone-lightning-egik-basli-halat-usb-kablo-1metre-5775","status":"publish","type":"product","link":"https:\/\/www.hediyepazar.com\/?product=ally-iphone-lightning-egik-basli-halat-usb-kablo-1metre-5775","title":{"rendered":"Ally \u0130phone Lightning E\u011fik Ba\u015fl\u0131 Halat Usb Kablo 1metre-(5775)"},"content":{"rendered":"<p style=\"margin: 0px 0px 24px; padding: 0px; border: 0px; outline: 0px; font-size: 12px; color: rgb(102, 102, 102); font-family: Tahoma, Geneva, sans-serif;\"><span style=\"margin: 0px; padding: 0px; border: 0px; outline: 0px; font-weight: 700;\">Marka<\/span>: ALLY<\/p>\n<p style=\"margin: 0px 0px 24px; padding: 0px; border: 0px; outline: 0px; font-size: 12px; color: rgb(102, 102, 102); font-family: Tahoma, Geneva, sans-serif;\"><span style=\"margin: 0px; padding: 0px; border: 0px; outline: 0px; font-weight: 700;\">Model:&nbsp;<\/span>&#304;PHONE 5S,6S,6S PLUS 7,7&nbsp;<\/p>\n<p style=\"margin: 0px 0px 24px; padding: 0px; border: 0px; outline: 0px; font-size: 12px; color: rgb(102, 102, 102); font-family: Tahoma, Geneva, sans-serif;\"><span style=\"margin: 0px; padding: 0px; border: 0px; outline: 0px; font-weight: 700;\">Kalite: A++<\/span><\/p>\n<p style=\"margin: 0px 0px 24px; padding: 0px; border: 0px; outline: 0px; font-size: 12px; color: rgb(102, 102, 102); font-family: Tahoma, Geneva, sans-serif;\"><span style=\"margin: 0px; padding: 0px; border: 0px; outline: 0px; font-weight: 700;\">&Uuml;r&uuml;n A&ccedil;&#305;klamas&#305;<\/span><\/p>\n<p style=\"margin: 0px 0px 24px; padding: 0px; border: 0px; outline: 0px; font-size: 12px; color: rgb(102, 102, 102); font-family: Tahoma, Geneva, sans-serif;\">&#304;PHONE 5S,6S,7 PLUS L&#304;GHTN&#304;NG &nbsp;E&#286;&#304;K BA&#350;LI HALAT USB KABALO<\/p>\n<p style=\"margin: 0px 0px 24px; padding: 0px; border: 0px; outline: 0px; font-size: 12px; color: rgb(102, 102, 102); font-family: Tahoma, Geneva, sans-serif;\"><\/p>\n<p><\/p>\n","protected":false},"excerpt":{"rendered":"<p>Marka: ALLY Model:&nbsp;&#304;PHONE 5S,6S,6S PLUS 7,7&nbsp; Kalite: A++ &Uuml;r&uuml;n A&ccedil;&#305;klamas&#305; &#304;PHONE 5S,6S,7 PLUS L&#304;GHTN&#304;NG &nbsp;E&#286;&#304;K BA&#350;LI HALAT USB KABALO<\/p>\n","protected":false},"featured_media":107501,"comment_status":"open","ping_status":"closed","template":"","meta":{"_kad_post_transparent":"","_kad_post_title":"","_kad_post_layout":"","_kad_post_sidebar_id":"","_kad_post_content_style":"","_kad_post_vertical_padding":"","_kad_post_feature":"","_kad_post_feature_position":"","_kad_post_header":false,"_kad_post_footer":false,"_kad_post_classname":""},"product_brand":[],"product_cat":[14496],"product_tag":[],"class_list":{"0":"post-107502","1":"product","2":"type-product","3":"status-publish","4":"has-post-thumbnail","6":"product_cat-sarj-cihazlarikablolari-cep-telefonu-aksesuarlari-cep-telefonu-elektronik-sarj-cihazlarikablolari","8":"first","9":"instock","10":"purchasable","11":"product-type-simple","12":"entry","13":"content-bg","14":"loop-entry"},"_links":{"self":[{"href":"https:\/\/www.hediyepazar.com\/index.php?rest_route=\/wp\/v2\/product\/107502","targetHints":{"allow":["GET"]}}],"collection":[{"href":"https:\/\/www.hediyepazar.com\/index.php?rest_route=\/wp\/v2\/product"}],"about":[{"href":"https:\/\/www.hediyepazar.com\/index.php?rest_route=\/wp\/v2\/types\/product"}],"replies":[{"embeddable":true,"href":"https:\/\/www.hediyepazar.com\/index.php?rest_route=%2Fwp%2Fv2%2Fcomments&post=107502"}],"wp:featuredmedia":[{"embeddable":true,"href":"https:\/\/www.hediyepazar.com\/index.php?rest_route=\/wp\/v2\/media\/107501"}],"wp:attachment":[{"href":"https:\/\/www.hediyepazar.com\/index.php?rest_route=%2Fwp%2Fv2%2Fmedia&parent=107502"}],"wp:term":[{"taxonomy":"product_brand","embeddable":true,"href":"https:\/\/www.hediyepazar.com\/index.php?rest_route=%2Fwp%2Fv2%2Fproduct_brand&post=107502"},{"taxonomy":"product_cat","embeddable":true,"href":"https:\/\/www.hediyepazar.com\/index.php?rest_route=%2Fwp%2Fv2%2Fproduct_cat&post=107502"},{"taxonomy":"product_tag","embeddable":true,"href":"https:\/\/www.hediyepazar.com\/index.php?rest_route=%2Fwp%2Fv2%2Fproduct_tag&post=107502"}],"curies":[{"name":"wp","href":"https:\/\/api.w.org\/{rel}","templated":true}]}}