{"id":107648,"date":"2026-05-04T19:25:06","date_gmt":"2026-05-04T22:25:06","guid":{"rendered":"https:\/\/www.hediyepazar.com\/?product=ally-samsung-galaxy-grand-duos-i9082-icin-titresim-motoru-5775"},"modified":"2026-05-04T19:25:06","modified_gmt":"2026-05-04T22:25:06","slug":"ally-samsung-galaxy-grand-duos-i9082-icin-titresim-motoru-5775","status":"publish","type":"product","link":"https:\/\/www.hediyepazar.com\/?product=ally-samsung-galaxy-grand-duos-i9082-icin-titresim-motoru-5775","title":{"rendered":"Ally Samsung Galaxy Grand Duos \u01309082 \u0130\u00e7in Titre\u015fim Motoru-(5775)"},"content":{"rendered":"<p><\/p>\n<p 0cm=\"\" :=\"\" background-attachment:=\"\" background-clip:=\"\" background-image:=\"\" background-origin:=\"\" background-position:=\"\" background-repeat:=\"\" background-size:=\"\" cep=\"\" line-height:=\"\" outline:=\"\" p=\"\" span=\"\" tirilebilir=\"\" vertical-align:=\"\" yedek=\"\"><strong>Model:1&nbsp;<\/strong>Ally Galaxy Grand Neo i9060<!--{cke_protected}{C}%3C!%2D%2D%3Fxml%3Anamespace%20prefix%20%3D%20%22o%22%20%2F%2D%2D%3E--><o:p><\/o:p><\/p>\n<p 0cm=\"\" ally=\"\" background-attachment:=\"\" background-clip:=\"\" background-image:=\"\" background-origin:=\"\" background-position:=\"\" background-repeat:=\"\" background-size:=\"\" duos=\"\" galaxy=\"\" grand=\"\" line-height:=\"\" p=\"\" span=\"\" vertical-align:=\"\"><strong>Ally Galaxy Grand Neo i9060 Titre&#351;im Motoru<\/strong><\/p>\n<p 0cm=\"\" ally=\"\" background-attachment:=\"\" background-clip:=\"\" background-image:=\"\" background-origin:=\"\" background-position:=\"\" background-repeat:=\"\" background-size:=\"\" duos=\"\" galaxy=\"\" grand=\"\" line-height:=\"\" p=\"\" span=\"\" vertical-align:=\"\"><strong><o:p><\/o:p><\/strong>Ally Galaxy Grand Duos i9082, Titre&#351;im Motoru&#8203;<strong><span 0cm=\"\" background-attachment:=\"\" background-clip:=\"\" background-image:=\"\" background-origin:=\"\" background-position:=\"\" background-repeat:=\"\" background-size:=\"\" line-height:=\"\" n=\"\" outline:=\"\" p=\"\" span=\"\" vertical-align:=\"\"><span 0cm=\"\" ally=\"\" background-attachment:=\"\" background-clip:=\"\" background-image:=\"\" background-origin:=\"\" background-position:=\"\" background-repeat:=\"\" background-size:=\"\" duos=\"\" galaxy=\"\" grand=\"\" line-height:=\"\" outline:=\"\" p=\"\" span=\"\" vertical-align:=\"\"><strong><o:p><\/o:p><\/strong><\/span><\/span><\/strong><\/p>\n<p 0cm=\"\" ally=\"\" background-attachment:=\"\" background-clip:=\"\" background-image:=\"\" background-origin:=\"\" background-position:=\"\" background-repeat:=\"\" background-size:=\"\" duos=\"\" galaxy=\"\" grand=\"\" i9082=\"\" im=\"\" line-height:=\"\" p=\"\" span=\"\" vertical-align:=\"\"><strong><span 0cm=\"\" background-attachment:=\"\" background-clip:=\"\" background-image:=\"\" background-origin:=\"\" background-position:=\"\" background-repeat:=\"\" background-size:=\"\" line-height:=\"\" n=\"\" outline:=\"\" p=\"\" span=\"\" vertical-align:=\"\"><span 0cm=\"\" ally=\"\" background-attachment:=\"\" background-clip:=\"\" background-image:=\"\" background-origin:=\"\" background-position:=\"\" background-repeat:=\"\" background-size:=\"\" duos=\"\" galaxy=\"\" grand=\"\" line-height:=\"\" outline:=\"\" p=\"\" span=\"\" vertical-align:=\"\"><o:p>&#8203;&#8203;<\/o:p><\/span><\/span><\/strong><\/p>\n<p><\/p>\n<p><\/p>\n","protected":false},"excerpt":{"rendered":"<p>Model:1&nbsp;Ally Galaxy Grand Neo i9060 Ally Galaxy Grand Neo i9060 Titre&#351;im Motoru Ally Galaxy Grand Duos i9082, Titre&#351;im Motoru&#8203; &#8203;&#8203;<\/p>\n","protected":false},"featured_media":107647,"comment_status":"open","ping_status":"closed","template":"","meta":{"_kad_post_transparent":"","_kad_post_title":"","_kad_post_layout":"","_kad_post_sidebar_id":"","_kad_post_content_style":"","_kad_post_vertical_padding":"","_kad_post_feature":"","_kad_post_feature_position":"","_kad_post_header":false,"_kad_post_footer":false,"_kad_post_classname":""},"product_brand":[],"product_cat":[14681],"product_tag":[],"class_list":{"0":"post-107648","1":"product","2":"type-product","3":"status-publish","4":"has-post-thumbnail","6":"product_cat-titresim-motoru-cep-telefonu-yedek-parcalari-cep-telefonu-elektronik-titresim-motoru","8":"first","9":"instock","10":"purchasable","11":"product-type-simple","12":"entry","13":"content-bg","14":"loop-entry"},"_links":{"self":[{"href":"https:\/\/www.hediyepazar.com\/index.php?rest_route=\/wp\/v2\/product\/107648","targetHints":{"allow":["GET"]}}],"collection":[{"href":"https:\/\/www.hediyepazar.com\/index.php?rest_route=\/wp\/v2\/product"}],"about":[{"href":"https:\/\/www.hediyepazar.com\/index.php?rest_route=\/wp\/v2\/types\/product"}],"replies":[{"embeddable":true,"href":"https:\/\/www.hediyepazar.com\/index.php?rest_route=%2Fwp%2Fv2%2Fcomments&post=107648"}],"wp:featuredmedia":[{"embeddable":true,"href":"https:\/\/www.hediyepazar.com\/index.php?rest_route=\/wp\/v2\/media\/107647"}],"wp:attachment":[{"href":"https:\/\/www.hediyepazar.com\/index.php?rest_route=%2Fwp%2Fv2%2Fmedia&parent=107648"}],"wp:term":[{"taxonomy":"product_brand","embeddable":true,"href":"https:\/\/www.hediyepazar.com\/index.php?rest_route=%2Fwp%2Fv2%2Fproduct_brand&post=107648"},{"taxonomy":"product_cat","embeddable":true,"href":"https:\/\/www.hediyepazar.com\/index.php?rest_route=%2Fwp%2Fv2%2Fproduct_cat&post=107648"},{"taxonomy":"product_tag","embeddable":true,"href":"https:\/\/www.hediyepazar.com\/index.php?rest_route=%2Fwp%2Fv2%2Fproduct_tag&post=107648"}],"curies":[{"name":"wp","href":"https:\/\/api.w.org\/{rel}","templated":true}]}}