{"id":107666,"date":"2026-05-04T19:27:19","date_gmt":"2026-05-04T22:27:19","guid":{"rendered":"https:\/\/www.hediyepazar.com\/?product=ally-aluminyum-alasim-bisiklet-motorsiklet-gidon-telefon-tutucu-5775"},"modified":"2026-05-04T19:27:19","modified_gmt":"2026-05-04T22:27:19","slug":"ally-aluminyum-alasim-bisiklet-motorsiklet-gidon-telefon-tutucu-5775","status":"publish","type":"product","link":"https:\/\/www.hediyepazar.com\/?product=ally-aluminyum-alasim-bisiklet-motorsiklet-gidon-telefon-tutucu-5775","title":{"rendered":"ALLY Al\u00fcminyum Ala\u015f\u0131m Bisiklet Motorsiklet Gidon Telefon Tutucu-(5775)"},"content":{"rendered":"<p>ALLY Al&uuml;minyum Ala&#351;&#305;m Bisiklet Motorsiklet Gidon Telefon Tutucu<br \/> Motosikletler ve Bisikletler i&ccedil;in Tasarland&#305;<br \/> Motosiklet s&uuml;r&uuml;&#351;&uuml;n&uuml;n zorluklar&#305;na dayanacak &#351;ekilde &uuml;retilmi&#351;tir.<br \/> Sa&#287;lam bir tutu&#351; mekanizmas&#305;yla donat&#305;lan bu tutucu, telefonunuzu s&#305;k&#305;ca yerinde kilitleyerek s&uuml;r&uuml;&#351;leriniz s&#305;ras&#305;nda i&ccedil;inizin rahat olmas&#305;n&#305; sa&#287;lar.<br \/> Cihaz&#305;n&#305;z&#305;n engebeli yollarda veya engebeli arazilerde bile g&uuml;venli bir &#351;ekilde yerinde kalaca&#287;&#305;ndan emin olabilirsiniz.<br \/> Ayarlanabilir ve d&ouml;nd&uuml;r&uuml;lebilir BH105, esnek ve d&ouml;nd&uuml;r&uuml;lebilir tasar&#305;m&#305;yla e&#351;siz bir &ccedil;ok y&ouml;nl&uuml;l&uuml;k sunar. 360 derece d&ouml;n&uuml;&#351; kabiliyetiyle, s&uuml;r&uuml;&#351; s&#305;ras&#305;nda optimum g&ouml;r&uuml;&#351; sa&#287;layarak g&ouml;r&uuml;&#351; a&ccedil;&#305;s&#305;n&#305; tercihlerinize g&ouml;re kolayca ayarlayabilirsiniz.<br \/> Marka: Ally<br \/> Malzeme: Al&uuml;minyum Ala&#351;&#305;m<br \/> Boyut: 10*8.2*6.5cm<br \/> Uyumluluk: 4.7-6.8 in&ccedil;<\/p>\n<p><img decoding=\"async\" style=\"height:700px; width:700px\" src=\"https:\/\/hepsicdn.com.tr\/static\/product_detail\/hbnet0b6deac8_5392611.webp\"><\/p>\n<p><img decoding=\"async\" style=\"height:700px; width:700px\" src=\"https:\/\/hepsicdn.com.tr\/static\/product_detail\/hbnet0b6deac8_5392612.webp\"><\/p>\n","protected":false},"excerpt":{"rendered":"<p>ALLY Al&uuml;minyum Ala&#351;&#305;m Bisiklet Motorsiklet Gidon Telefon Tutucu Motosikletler ve Bisikletler i&ccedil;in Tasarland&#305; Motosiklet s&uuml;r&uuml;&#351;&uuml;n&uuml;n zorluklar&#305;na dayanacak &#351;ekilde &uuml;retilmi&#351;tir. Sa&#287;lam bir tutu&#351; mekanizmas&#305;yla donat&#305;lan bu tutucu, telefonunuzu s&#305;k&#305;ca yerinde kilitleyerek s&uuml;r&uuml;&#351;leriniz s&#305;ras&#305;nda i&ccedil;inizin rahat olmas&#305;n&#305; sa&#287;lar. Cihaz&#305;n&#305;z&#305;n engebeli yollarda veya engebeli arazilerde bile g&uuml;venli bir &#351;ekilde yerinde kalaca&#287;&#305;ndan emin olabilirsiniz. Ayarlanabilir ve d&ouml;nd&uuml;r&uuml;lebilir BH105, esnek&#8230;<\/p>\n","protected":false},"featured_media":107665,"comment_status":"open","ping_status":"closed","template":"","meta":{"_kad_post_transparent":"","_kad_post_title":"","_kad_post_layout":"","_kad_post_sidebar_id":"","_kad_post_content_style":"","_kad_post_vertical_padding":"","_kad_post_feature":"","_kad_post_feature_position":"","_kad_post_header":false,"_kad_post_footer":false,"_kad_post_classname":""},"product_brand":[],"product_cat":[14464],"product_tag":[],"class_list":{"0":"post-107666","1":"product","2":"type-product","3":"status-publish","4":"has-post-thumbnail","6":"product_cat-oto-aksesuarlari-oto-aksesuarlari-cep-telefonu-elektronik-bisiklet-motosiklet-aksesuarlari","8":"first","9":"instock","10":"purchasable","11":"product-type-simple","12":"entry","13":"content-bg","14":"loop-entry"},"_links":{"self":[{"href":"https:\/\/www.hediyepazar.com\/index.php?rest_route=\/wp\/v2\/product\/107666","targetHints":{"allow":["GET"]}}],"collection":[{"href":"https:\/\/www.hediyepazar.com\/index.php?rest_route=\/wp\/v2\/product"}],"about":[{"href":"https:\/\/www.hediyepazar.com\/index.php?rest_route=\/wp\/v2\/types\/product"}],"replies":[{"embeddable":true,"href":"https:\/\/www.hediyepazar.com\/index.php?rest_route=%2Fwp%2Fv2%2Fcomments&post=107666"}],"wp:featuredmedia":[{"embeddable":true,"href":"https:\/\/www.hediyepazar.com\/index.php?rest_route=\/wp\/v2\/media\/107665"}],"wp:attachment":[{"href":"https:\/\/www.hediyepazar.com\/index.php?rest_route=%2Fwp%2Fv2%2Fmedia&parent=107666"}],"wp:term":[{"taxonomy":"product_brand","embeddable":true,"href":"https:\/\/www.hediyepazar.com\/index.php?rest_route=%2Fwp%2Fv2%2Fproduct_brand&post=107666"},{"taxonomy":"product_cat","embeddable":true,"href":"https:\/\/www.hediyepazar.com\/index.php?rest_route=%2Fwp%2Fv2%2Fproduct_cat&post=107666"},{"taxonomy":"product_tag","embeddable":true,"href":"https:\/\/www.hediyepazar.com\/index.php?rest_route=%2Fwp%2Fv2%2Fproduct_tag&post=107666"}],"curies":[{"name":"wp","href":"https:\/\/api.w.org\/{rel}","templated":true}]}}