{"id":107718,"date":"2026-05-04T19:31:58","date_gmt":"2026-05-04T22:31:58","guid":{"rendered":"https:\/\/www.hediyepazar.com\/?product=ezere-wp-07-uv-isikli-elektrikli-sivrisinek-kovucu-5775"},"modified":"2026-05-04T19:31:58","modified_gmt":"2026-05-04T22:31:58","slug":"ezere-wp-07-uv-isikli-elektrikli-sivrisinek-kovucu-5775","status":"publish","type":"product","link":"https:\/\/www.hediyepazar.com\/?product=ezere-wp-07-uv-isikli-elektrikli-sivrisinek-kovucu-5775","title":{"rendered":"EZERE WP-07 UV I\u015f\u0131kl\u0131 Elektrikli Sivrisinek Kovucu-(5775)"},"content":{"rendered":"<p><strong>EZERE WP-07 UV I&#351;&#305;kl&#305; Elektrikli Sivrisinek Kovucu<\/strong><\/p>\n<p><img decoding=\"async\" data-cke-saved-src=\"https:\/\/cdn.myikas.com\/images\/4b0890c4-46f7-49c5-9b0d-d8f3dae632d6\/ecb28c40-1797-42e3-a50f-a0567b14eda8\/image_1950.webp\" src=\"https:\/\/hepsicdn.com.tr\/static\/product_detail\/hbnet5fa5e75e_5514611.webp\"><\/p>\n<p><img decoding=\"async\" data-cke-saved-src=\"https:\/\/cdn.myikas.com\/images\/4b0890c4-46f7-49c5-9b0d-d8f3dae632d6\/298ad9b2-754d-4ef5-a363-a674d90862ad\/image_1950.webp\" src=\"https:\/\/hepsicdn.com.tr\/static\/product_detail\/hbnet5fa5e75e_5514612.webp\"><\/p>\n<p><img decoding=\"async\" data-cke-saved-src=\"https:\/\/cdn.myikas.com\/images\/4b0890c4-46f7-49c5-9b0d-d8f3dae632d6\/ce9f43b5-74c3-4b1b-918c-e6405c1449a6\/image_1950.webp\" src=\"https:\/\/hepsicdn.com.tr\/static\/product_detail\/hbnet5fa5e75e_5514613.webp\"><\/p>\n<p><img decoding=\"async\" data-cke-saved-src=\"https:\/\/cdn.myikas.com\/images\/4b0890c4-46f7-49c5-9b0d-d8f3dae632d6\/2ba6cd64-4353-4a66-9e2d-9cd5026d1917\/image_1950.webp\" src=\"https:\/\/hepsicdn.com.tr\/static\/product_detail\/hbnet5fa5e75e_5514614.webp\"><\/p>\n<p><img decoding=\"async\" data-cke-saved-src=\"https:\/\/cdn.myikas.com\/images\/4b0890c4-46f7-49c5-9b0d-d8f3dae632d6\/bfac5c1e-f266-4476-a5d3-0238ba89e55c\/image_1950.webp\" src=\"https:\/\/hepsicdn.com.tr\/static\/product_detail\/hbnet5fa5e75e_5514615.webp\"><\/p>\n<p><img decoding=\"async\" data-cke-saved-src=\"https:\/\/cdn.myikas.com\/images\/4b0890c4-46f7-49c5-9b0d-d8f3dae632d6\/dcdb01a2-79e3-4539-9d99-3c4f7be62177\/image_1950.webp\" src=\"https:\/\/hepsicdn.com.tr\/static\/product_detail\/hbnet5fa5e75e_5514616.webp\"><\/p>\n<p><strong>EZERE WP-07 UV I&#351;&#305;kl&#305; Elektrikli Sivrisinek Kovucu<\/strong><br \/>EZERE WP-07&nbsp;UV ile sineklerden saniyeler i&ccedil;inde kurtulabilirsiniz.<br \/>&#350;&#305;k ve modern g&ouml;r&uuml;n&uuml;m&uuml;n&uuml;n yan&#305; s&#305;ra, y&uuml;ksek voltajl&#305; &ouml;rg&uuml; &#305;zgara sayesinde y&uuml;ksek etkinli&#287;e sahiptir.<br \/>Evinizde, ofisinizde, yazl&#305;&#287;&#305;n&#305;zda ve diledi&#287;iniz her yerde g&uuml;venle kullanabilirsiniz.<br \/>Islak ve rutubetli yerlerde kullan&#305;lmas&#305; tavsiye edilmez.<br \/>3000V<br \/>&Uuml;r&uuml;n boyutu: 51*21cm<\/p>\n<p><\/p>\n","protected":false},"excerpt":{"rendered":"<p>EZERE WP-07 UV I&#351;&#305;kl&#305; Elektrikli Sivrisinek Kovucu EZERE WP-07 UV I&#351;&#305;kl&#305; Elektrikli Sivrisinek KovucuEZERE WP-07&nbsp;UV ile sineklerden saniyeler i&ccedil;inde kurtulabilirsiniz.&#350;&#305;k ve modern g&ouml;r&uuml;n&uuml;m&uuml;n&uuml;n yan&#305; s&#305;ra, y&uuml;ksek voltajl&#305; &ouml;rg&uuml; &#305;zgara sayesinde y&uuml;ksek etkinli&#287;e sahiptir.Evinizde, ofisinizde, yazl&#305;&#287;&#305;n&#305;zda ve diledi&#287;iniz her yerde g&uuml;venle kullanabilirsiniz.Islak ve rutubetli yerlerde kullan&#305;lmas&#305; tavsiye edilmez.3000V&Uuml;r&uuml;n boyutu: 51*21cm<\/p>\n","protected":false},"featured_media":107717,"comment_status":"open","ping_status":"closed","template":"","meta":{"_kad_post_transparent":"","_kad_post_title":"","_kad_post_layout":"","_kad_post_sidebar_id":"","_kad_post_content_style":"","_kad_post_vertical_padding":"","_kad_post_feature":"","_kad_post_feature_position":"","_kad_post_header":false,"_kad_post_footer":false,"_kad_post_classname":""},"product_brand":[],"product_cat":[14156],"product_tag":[],"class_list":{"0":"post-107718","1":"product","2":"type-product","3":"status-publish","4":"has-post-thumbnail","6":"product_cat-pratik-ev-esyalari-ev-gerecleri-ev-yasam-pratik-ev-esyalari-ev-gerecleri-ev-yasam","8":"first","9":"instock","10":"purchasable","11":"product-type-simple","12":"entry","13":"content-bg","14":"loop-entry"},"_links":{"self":[{"href":"https:\/\/www.hediyepazar.com\/index.php?rest_route=\/wp\/v2\/product\/107718","targetHints":{"allow":["GET"]}}],"collection":[{"href":"https:\/\/www.hediyepazar.com\/index.php?rest_route=\/wp\/v2\/product"}],"about":[{"href":"https:\/\/www.hediyepazar.com\/index.php?rest_route=\/wp\/v2\/types\/product"}],"replies":[{"embeddable":true,"href":"https:\/\/www.hediyepazar.com\/index.php?rest_route=%2Fwp%2Fv2%2Fcomments&post=107718"}],"wp:featuredmedia":[{"embeddable":true,"href":"https:\/\/www.hediyepazar.com\/index.php?rest_route=\/wp\/v2\/media\/107717"}],"wp:attachment":[{"href":"https:\/\/www.hediyepazar.com\/index.php?rest_route=%2Fwp%2Fv2%2Fmedia&parent=107718"}],"wp:term":[{"taxonomy":"product_brand","embeddable":true,"href":"https:\/\/www.hediyepazar.com\/index.php?rest_route=%2Fwp%2Fv2%2Fproduct_brand&post=107718"},{"taxonomy":"product_cat","embeddable":true,"href":"https:\/\/www.hediyepazar.com\/index.php?rest_route=%2Fwp%2Fv2%2Fproduct_cat&post=107718"},{"taxonomy":"product_tag","embeddable":true,"href":"https:\/\/www.hediyepazar.com\/index.php?rest_route=%2Fwp%2Fv2%2Fproduct_tag&post=107718"}],"curies":[{"name":"wp","href":"https:\/\/api.w.org\/{rel}","templated":true}]}}