{"id":107720,"date":"2026-05-04T19:32:04","date_gmt":"2026-05-04T22:32:04","guid":{"rendered":"https:\/\/www.hediyepazar.com\/?product=ally-p9-bluetooth-5-0-mikrofonlu-kulakustu-kablosuz-kulaklik-5775"},"modified":"2026-05-04T19:32:04","modified_gmt":"2026-05-04T22:32:04","slug":"ally-p9-bluetooth-5-0-mikrofonlu-kulakustu-kablosuz-kulaklik-5775","status":"publish","type":"product","link":"https:\/\/www.hediyepazar.com\/?product=ally-p9-bluetooth-5-0-mikrofonlu-kulakustu-kablosuz-kulaklik-5775","title":{"rendered":"ALLY P9 Bluetooth 5.0 Mikrofonlu Kulak\u00fcst\u00fc Kablosuz Kulakl\u0131k-(5775)"},"content":{"rendered":"<p><strong><span style=\"font-size: 13px;\">ALLY P9 Bluetooth 5.0 Mikrofonlu Kulak&uuml;st&uuml; Kablosuz Kulakl&#305;k<\/span><\/strong><\/p>\n<p><img decoding=\"async\" data-cke-saved-src=\"https:\/\/cdn.myikas.com\/images\/4b0890c4-46f7-49c5-9b0d-d8f3dae632d6\/a175a939-1658-44a3-a457-e2b4a59a61a9\/image_1950.webp\" src=\"https:\/\/hepsicdn.com.tr\/static\/product_detail\/hbneta4240e5c_5520011.webp\"><\/p>\n<p><img decoding=\"async\" data-cke-saved-src=\"https:\/\/cdn.myikas.com\/images\/4b0890c4-46f7-49c5-9b0d-d8f3dae632d6\/e318e0ff-5799-4d34-af26-fa79215a264c\/image_1950.webp\" src=\"https:\/\/hepsicdn.com.tr\/static\/product_detail\/hbneta4240e5c_5520012.webp\"><\/p>\n<p><img decoding=\"async\" data-cke-saved-src=\"https:\/\/cdn.myikas.com\/images\/4b0890c4-46f7-49c5-9b0d-d8f3dae632d6\/4f29eba9-755a-4c3a-bee5-a06a6f9a666b\/image_1950.webp\" src=\"https:\/\/hepsicdn.com.tr\/static\/product_detail\/hbneta4240e5c_5520013.webp\"><\/p>\n<p><img decoding=\"async\" data-cke-saved-src=\"https:\/\/cdn.myikas.com\/images\/4b0890c4-46f7-49c5-9b0d-d8f3dae632d6\/16d55fe4-a50f-4ca8-8e5e-952d2ece04e2\/image_1950.webp\" src=\"https:\/\/hepsicdn.com.tr\/static\/product_detail\/hbneta4240e5c_5520014.webp\"><\/p>\n<p><strong>ALLY P9 Bluetooth 5.0 Mikrofonlu Kulak&uuml;st&uuml; Kablosuz Kulakl&#305;k<\/strong><br \/>&#350;&#305;k tasar&#305;m&#305;yla size ba&#351;ka bir hava katar.<br \/>Kablosuz tasar&#305;m&#305;yla size &ouml;zg&uuml;rce m&uuml;zik dinleme olana&#287;&#305; sunar.<br \/>Apple ve android sistemi uyumludur, bluetooth &ouml;zelli&#287;i olan t&uuml;m cihazlarla uyumludur.<br \/>5.0 Bluetooth versiyonu ile h&#305;zl&#305; e&#351;le&#351;me ve g&uuml;&ccedil;l&uuml; ses iletimi sa&#287;lar.<br \/>&#350;arj&#305; uzun &ouml;m&uuml;rl&uuml;d&uuml;r.<br \/>CE sertifikas&#305;na sahiptir.<br \/>Bluetooth versiyonu: Bluetooth 5.0<br \/>Diren&ccedil;: 32&Omega;<br \/>68dB<br \/>&Ccedil;ap: 40mm<br \/>5 Farkl&#305; renk se&ccedil;ene&#287;i bulunur.<\/p>\n","protected":false},"excerpt":{"rendered":"<p>ALLY P9 Bluetooth 5.0 Mikrofonlu Kulak&uuml;st&uuml; Kablosuz Kulakl&#305;k ALLY P9 Bluetooth 5.0 Mikrofonlu Kulak&uuml;st&uuml; Kablosuz Kulakl&#305;k&#350;&#305;k tasar&#305;m&#305;yla size ba&#351;ka bir hava katar.Kablosuz tasar&#305;m&#305;yla size &ouml;zg&uuml;rce m&uuml;zik dinleme olana&#287;&#305; sunar.Apple ve android sistemi uyumludur, bluetooth &ouml;zelli&#287;i olan t&uuml;m cihazlarla uyumludur.5.0 Bluetooth versiyonu ile h&#305;zl&#305; e&#351;le&#351;me ve g&uuml;&ccedil;l&uuml; ses iletimi sa&#287;lar.&#350;arj&#305; uzun &ouml;m&uuml;rl&uuml;d&uuml;r.CE sertifikas&#305;na sahiptir.Bluetooth versiyonu: Bluetooth&#8230;<\/p>\n","protected":false},"featured_media":107719,"comment_status":"open","ping_status":"closed","template":"","meta":{"_kad_post_transparent":"","_kad_post_title":"","_kad_post_layout":"","_kad_post_sidebar_id":"","_kad_post_content_style":"","_kad_post_vertical_padding":"","_kad_post_feature":"","_kad_post_feature_position":"","_kad_post_header":false,"_kad_post_footer":false,"_kad_post_classname":""},"product_brand":[],"product_cat":[14632],"product_tag":[],"class_list":{"0":"post-107720","1":"product","2":"type-product","3":"status-publish","4":"has-post-thumbnail","6":"product_cat-bluetooth-kulaklik-kulaklik-elektronik-bluetooth-kulaklik-kulaklik-elektronik","8":"first","9":"instock","10":"purchasable","11":"product-type-simple","12":"entry","13":"content-bg","14":"loop-entry"},"_links":{"self":[{"href":"https:\/\/www.hediyepazar.com\/index.php?rest_route=\/wp\/v2\/product\/107720","targetHints":{"allow":["GET"]}}],"collection":[{"href":"https:\/\/www.hediyepazar.com\/index.php?rest_route=\/wp\/v2\/product"}],"about":[{"href":"https:\/\/www.hediyepazar.com\/index.php?rest_route=\/wp\/v2\/types\/product"}],"replies":[{"embeddable":true,"href":"https:\/\/www.hediyepazar.com\/index.php?rest_route=%2Fwp%2Fv2%2Fcomments&post=107720"}],"wp:featuredmedia":[{"embeddable":true,"href":"https:\/\/www.hediyepazar.com\/index.php?rest_route=\/wp\/v2\/media\/107719"}],"wp:attachment":[{"href":"https:\/\/www.hediyepazar.com\/index.php?rest_route=%2Fwp%2Fv2%2Fmedia&parent=107720"}],"wp:term":[{"taxonomy":"product_brand","embeddable":true,"href":"https:\/\/www.hediyepazar.com\/index.php?rest_route=%2Fwp%2Fv2%2Fproduct_brand&post=107720"},{"taxonomy":"product_cat","embeddable":true,"href":"https:\/\/www.hediyepazar.com\/index.php?rest_route=%2Fwp%2Fv2%2Fproduct_cat&post=107720"},{"taxonomy":"product_tag","embeddable":true,"href":"https:\/\/www.hediyepazar.com\/index.php?rest_route=%2Fwp%2Fv2%2Fproduct_tag&post=107720"}],"curies":[{"name":"wp","href":"https:\/\/api.w.org\/{rel}","templated":true}]}}