{"id":107743,"date":"2026-05-04T19:34:41","date_gmt":"2026-05-04T22:34:41","guid":{"rendered":"https:\/\/www.hediyepazar.com\/?product=turk-tirnak-torpusu-100-180-grid-profesyonel-2"},"modified":"2026-05-04T19:34:41","modified_gmt":"2026-05-04T22:34:41","slug":"turk-tirnak-torpusu-100-180-grid-profesyonel-2","status":"publish","type":"product","link":"https:\/\/www.hediyepazar.com\/?product=turk-tirnak-torpusu-100-180-grid-profesyonel-2","title":{"rendered":"Turk T\u0131rnak T\u00f6rp\u00fcs\u00fc 100\/180 Grid Profesyonel"},"content":{"rendered":"<p>\t<strong>\u00dcr\u00fcn \u00d6zellikleri :\u00a0<\/strong><\/p>\n<p>\t<strong>NE G\u00d6NDER\u0130YORUZ ? <\/strong>1 ADET, Turk Absolute Design olarak, \u00d6zelikle Protez t\u0131rnaklara ve normal t\u0131rnaklar i\u00e7in tasarlad\u0131\u011f\u0131m\u0131z 2 y\u00fczeyli t\u0131rnak t\u00f6rp\u00fcs\u00fc g\u00f6nderiyoruz<\/p>\n<p>\t<strong>\u00d6l\u00e7\u00fcler : <\/strong> <strong>M\u00dcKEMMEL BOYUT <\/strong>&#8211; Kullan\u0131\u015fl\u0131 t\u0131rnak tampon blo\u011fu, t\u0131rnak u\u00e7lar\u0131n\u0131z\u0131 kavramak ve cilalamak i\u00e7in kullan\u0131\u015fl\u0131 ve rahat olan harika bir boyuta\u00a0 \u00a0sahiptir. Ayr\u0131ca \u00e7antan\u0131za, el \u00e7antan\u0131za veya tuvalet \u00e7antan\u0131za, manik\u00fcr\u00fcn\u00fcze her zaman ve her yerde s\u0131\u011fd\u0131rmak i\u00e7in uygundurlar. &#8211; Ekran yan\u0131lmalar\u0131na kar\u015f\u0131 l\u00fctfen \u00f6l\u00e7\u00fcleri kar\u015f\u0131la\u015ft\u0131r\u0131n.<\/p>\n<p>\t<strong>GEN\u0130\u015e KULLANIM ALANI : Profesyonel kullan\u0131m, T\u0131rnak Salonu, , Makyaj St\u00fcdyosu veya ev kullan\u0131m\u0131. D\u00fcnya \u00e7ap\u0131nda kad\u0131nlar, erkekler ve t\u0131rnak profesyonelleri i\u00e7in ideal bir t\u0131rnak bak\u0131m arac\u0131. Hem do\u011fal hem de yapay t\u0131rnaklar\u0131 \u015fekillendirmek i\u00e7in m\u00fckemmeldir. <\/strong><\/p>\n<p>\t<strong>\u00d6NE \u00c7IKAN \u00d6ZELL\u0130K : PROFESYONEL TASARLADIK VE 100 GRID &#8211; 180 GRID 2 Y\u00dcZEYDEN OLU\u015eTURDUK\u00a0\u00a0<\/strong><\/p>\n<p>\t<strong>UYGUN MAL\u0130YET\/TASARRUF :<\/strong> Manik\u00fcr ve pedik\u00fcr i\u00e7in mutlaka sahip olunmas\u0131 gereken bir \u00fcr\u00fcn. Profesyonel salon kullan\u0131m\u0131, ayr\u0131ca uygun ev kullan\u0131m\u0131 ve y\u00fcksek maliyet olmadan bir\u00e7ok kez kendinizi manik\u00fcr yap\u0131n<\/p>\n<p>\t<strong>\u00c7OK SE\u00c7ENEKL\u0130 : <\/strong>UV jel ve akrilik uygulamadan \u00f6nce p\u00fcr\u00fczl\u00fc t\u0131rnak y\u00fczeyini parlatmak ve \u015fekillendirmek i\u00e7in kullan\u0131\u015fl\u0131 bir k\u00fc\u00e7\u00fck t\u0131rnak sanat arac\u0131. El ve ayak t\u0131rnaklar\u0131 i\u00e7in kullan\u0131labilir.<\/p>\n<p>\t<strong>S\u00dcNGER Y\u00dcZEY : <\/strong>S\u00fcnger y\u00fczeyi, t\u0131rna\u011f\u0131n\u0131za zarar vermeden, herhangi bir y\u00f6nde daha hafif bir dokunu\u015fla t\u0131rnaklar\u0131n\u0131z\u0131 t\u00f6rp\u00fclemenizi sa\u011flar. Do\u011fal t\u0131rnak \u00fczerinde uzun s\u00fcreli kullan\u0131m, genel t\u0131rnak sa\u011fl\u0131\u011f\u0131na ve g\u00fcc\u00fcne katk\u0131da bulunabilir.<\/p>\n<p>\tT\u0131rnak kenar\u0131n\u0131 t\u00f6rp\u00fcleyin, \u00e7\u0131k\u0131nt\u0131lar\u0131 kald\u0131r\u0131n, t\u0131rnaklar\u0131 p\u00fcr\u00fczs\u00fczle\u015ftirin, t\u0131rnak parlat\u0131n, T\u0131rnaklar\u0131n\u0131z\u0131 son kat cila yapmadan, bir hafta s\u00fcrebilen \u00e7ok parlak bir parlakl\u0131k elde etmek kolayd\u0131r.<\/p>\n<p>\t<strong>KOLAY TEM\u0130ZLEME : <\/strong>Kolay temizlenir, akrilik sonras\u0131 hasarlar\u0131 onar\u0131r, zay\u0131f t\u0131rnaklar\u0131 yeniler ve g\u00fc\u00e7lendirir, t\u0131rnak u\u00e7lar\u0131n\u0131 ve yar\u0131klar\u0131n\u0131 d\u00fczeltir, lekeleri giderir, korur ve nemlendirir, g\u00fcvenli, do\u011fal ve etkilidir, t\u0131rnaklar\u0131n\u0131z\u0131 g\u00fc\u00e7l\u00fc ve harika g\u00f6r\u00fcnmesini sa\u011flar. Kum d\u00f6k\u00fclmesi yok &#8211; su alt\u0131nda y\u0131kanabilir, Tekrar kullan\u0131labilir<\/p>\n<p>\t<strong>M\u00dcKEMMEL SATI\u015e SONRASI H\u0130ZMET : <\/strong>Turk \/ Turk olarak m\u00fc\u015fterilerimize en iyi hizmeti sunmay\u0131 ama\u00e7l\u0131yor, g\u00fcvenle sat\u0131n alabilmeniz i\u00e7in, ambalaj kalitemize g\u00fcveniyor, her \u00fcr\u00fcn sorunsuz teslimat i\u00e7in \u00f6zenle paketliyor ve resimde belirtilen renk, ebat, \u00f6zelikte \u00fcr\u00fcn g\u00f6ndermeyi taahh\u00fct ediyoruz. Hasarl\u0131 \u00fcr\u00fcn ald\u0131ysan\u0131z veya di\u011fer \u00fcr\u00fcn ve paket teslimat sorunlar\u0131 oldu\u011funda bizimle ileti\u015fime ge\u00e7mekten \u00e7ekinmeyin.<\/p>\n<p>\t\u00a0<\/p>\n<p>\t<strong>Detayl\u0131 bilgi i\u00e7in ek resimleri inceleyebilirsiniz<\/strong><\/p>\n<p><\/p>\n<p>\t<strong><strong> <\/strong><\/strong><\/p>\n<p>\t\u00a0<\/p>\n","protected":false},"excerpt":{"rendered":"<p>\u00dcr\u00fcn \u00d6zellikleri :\u00a0 NE G\u00d6NDER\u0130YORUZ ? 1 ADET, Turk Absolute Design olarak, \u00d6zelikle Protez t\u0131rnaklara ve normal t\u0131rnaklar i\u00e7in tasarlad\u0131\u011f\u0131m\u0131z 2 y\u00fczeyli t\u0131rnak t\u00f6rp\u00fcs\u00fc g\u00f6nderiyoruz \u00d6l\u00e7\u00fcler : M\u00dcKEMMEL BOYUT &#8211; Kullan\u0131\u015fl\u0131 t\u0131rnak tampon blo\u011fu, t\u0131rnak u\u00e7lar\u0131n\u0131z\u0131 kavramak ve cilalamak i\u00e7in kullan\u0131\u015fl\u0131 ve rahat olan harika bir boyuta\u00a0 \u00a0sahiptir. Ayr\u0131ca \u00e7antan\u0131za, el \u00e7antan\u0131za veya tuvalet \u00e7antan\u0131za,&#8230;<\/p>\n","protected":false},"featured_media":102065,"comment_status":"open","ping_status":"closed","template":"","meta":{"_kad_post_transparent":"","_kad_post_title":"","_kad_post_layout":"","_kad_post_sidebar_id":"","_kad_post_content_style":"","_kad_post_vertical_padding":"","_kad_post_feature":"","_kad_post_feature_position":"","_kad_post_header":false,"_kad_post_footer":false,"_kad_post_classname":""},"product_brand":[],"product_cat":[14207],"product_tag":[],"class_list":{"0":"post-107743","1":"product","2":"type-product","3":"status-publish","4":"has-post-thumbnail","6":"product_cat-el-tirnak-bakim-ve-aksesuarlar-kisisel-bakim-aletleri-elektronik-el-tirnak-bakim-ve-aksesuarlar","8":"first","9":"instock","10":"purchasable","11":"product-type-simple","12":"entry","13":"content-bg","14":"loop-entry"},"_links":{"self":[{"href":"https:\/\/www.hediyepazar.com\/index.php?rest_route=\/wp\/v2\/product\/107743","targetHints":{"allow":["GET"]}}],"collection":[{"href":"https:\/\/www.hediyepazar.com\/index.php?rest_route=\/wp\/v2\/product"}],"about":[{"href":"https:\/\/www.hediyepazar.com\/index.php?rest_route=\/wp\/v2\/types\/product"}],"replies":[{"embeddable":true,"href":"https:\/\/www.hediyepazar.com\/index.php?rest_route=%2Fwp%2Fv2%2Fcomments&post=107743"}],"wp:featuredmedia":[{"embeddable":true,"href":"https:\/\/www.hediyepazar.com\/index.php?rest_route=\/wp\/v2\/media\/102065"}],"wp:attachment":[{"href":"https:\/\/www.hediyepazar.com\/index.php?rest_route=%2Fwp%2Fv2%2Fmedia&parent=107743"}],"wp:term":[{"taxonomy":"product_brand","embeddable":true,"href":"https:\/\/www.hediyepazar.com\/index.php?rest_route=%2Fwp%2Fv2%2Fproduct_brand&post=107743"},{"taxonomy":"product_cat","embeddable":true,"href":"https:\/\/www.hediyepazar.com\/index.php?rest_route=%2Fwp%2Fv2%2Fproduct_cat&post=107743"},{"taxonomy":"product_tag","embeddable":true,"href":"https:\/\/www.hediyepazar.com\/index.php?rest_route=%2Fwp%2Fv2%2Fproduct_tag&post=107743"}],"curies":[{"name":"wp","href":"https:\/\/api.w.org\/{rel}","templated":true}]}}