{"id":107755,"date":"2026-05-04T19:36:22","date_gmt":"2026-05-04T22:36:22","guid":{"rendered":"https:\/\/www.hediyepazar.com\/?product=turk-manikur-pedikur-tirnak-torpu-seti-pilli-2"},"modified":"2026-05-04T19:36:22","modified_gmt":"2026-05-04T22:36:22","slug":"turk-manikur-pedikur-tirnak-torpu-seti-pilli-2","status":"publish","type":"product","link":"https:\/\/www.hediyepazar.com\/?product=turk-manikur-pedikur-tirnak-torpu-seti-pilli-2","title":{"rendered":"Turk Manik\u00fcr Pedik\u00fcr T\u0131rnak T\u00f6rp\u00fc Seti Pilli"},"content":{"rendered":"<p>\t<strong>\u00dcr\u00fcn \u00d6zellikleri : <\/strong><\/p>\n<p>\t<strong>\u00d6l\u00e7\u00fcler (bir cep telefonu ortalama 16 cm dir. K\u0131yaslaman\u0131z i\u00e7in kolayl\u0131k de\u011fil mi ? ) :\u00a0 16 CM\u00a0<\/strong><\/p>\n<p>\t2 AA pil ile \u00e7al\u0131\u015f\u0131r (DAH\u0130L DE\u011e\u0130LD\u0130R)<br \/>\tManik\u00fcr seti, her bir hassas haz\u0131rlanm\u0131\u015f t\u0131rnak ba\u015fl\u0131\u011f\u0131 ile birlikte t\u0131rnaklar\u0131n\u0131z\u0131 h\u0131zl\u0131 ve kolay bir \u015fekilde \u015fekillendirmenizi, \u015fekillendirmenizi, p\u00fcr\u00fczs\u00fczle\u015ftirmenizi ve parlatman\u0131z\u0131 sa\u011flar.<br \/>\t5 \u00e7e\u015fit ta\u015flama ba\u015fl\u0131\u011f\u0131 de\u011fi\u015ftirilebilir, kullan\u0131m\u0131 kolay, g\u00fcvenli ve elinizi incitmez.<br \/>\tManik\u00fcr kompakt cihaz\u0131, zamandan ve emekten tasarruf edersiniz, g\u00fczelli\u011finize ula\u015fmak i\u00e7in rahatlars\u0131n\u0131z.<br \/>\t\u0130nce parmaklar\u0131n\u0131 almak i\u00e7in on dakika.<br \/>\tBe\u015f De\u011fi\u015ftirilebilir Ba\u015fl\u0131k<\/p>\n<p>\t1. Cone Metal Nas\u0131r S\u00f6k\u00fcc\u00fc X 1 : \u00d6zellikle el nas\u0131rlar\u0131 i\u00e7in parmak ve ayak parma\u011f\u0131 \u00e7evresindeki sertle\u015fmi\u015f deriyi ve nas\u0131rlar\u0131 e\u011feler ve yok eder.<\/p>\n<p>\t2.Silindir Cila Ba\u015fl\u0131\u011f\u0131 X 1 : T\u0131rna\u011f\u0131n kenar\u0131n\u0131 parlat\u0131n, t\u0131rna\u011f\u0131 istedi\u011finiz gibi \u015fekillendirin, t\u0131rnak kenar\u0131 boyunca kullanabilirsiniz.<\/p>\n<p>\t3.Pembe Disk Kafas\u0131 X 1 : Parlatma ve D\u00fczeltme<\/p>\n<p>\t4. Silindir p\u00fcr\u00fczs\u00fcz \u015eekillendirici X 1 : T\u0131rnak ucunu parlat\u0131n, p\u00fcr\u00fczl\u00fc dokuyu \u00e7\u0131kar\u0131n.<\/p>\n<p>\t5.Soft Parlatma Ke\u00e7esi Koni X 1 : Manik\u00fcr veya pedik\u00fcr\u00fc tamamlamak i\u00e7in t\u0131rna\u011f\u0131 parlat\u0131r.<br \/>\tTa\u015flama ba\u015fl\u0131klar\u0131n\u0131 farkl\u0131 ama\u00e7lar i\u00e7in de\u011fi\u015ftirin:<br \/>\tMetal Ta\u015flama Kafas\u0131: kal\u0131n ve sert \u00e7\u0131kar\u0131n \u00f6l\u00fc cilt, el nas\u0131r, cildi temiz ve e\u015fit tutun.<br \/>\tT\u0131rnak Kenar\u0131 Ta\u015flama Ba\u015fl\u0131\u011f\u0131: T\u0131rnak kenar\u0131n\u0131, t\u0131rnak bo\u015flu\u011funu d\u00fczeltin, t\u0131rnak bo\u015flu\u011funun ve kenar\u0131n daha p\u00fcr\u00fczs\u00fcz g\u00f6r\u00fcnmesini sa\u011flay\u0131n.<br \/>\tT\u0131rnak Y\u00fczeyi Ta\u015flama Ba\u015fl\u0131\u011f\u0131: T\u0131rnak y\u00fczeyini, sarkmalar\u0131 ve tepeleri bile z\u0131mparalay\u0131n ve d\u00fczeltin.<br \/>\tKeskin E\u011fimli Ta\u015flama Ba\u015fl\u0131\u011f\u0131: T\u0131rnak y\u00fczeyini parlatmak ve t\u0131rna\u011f\u0131n\u0131z\u0131n daha parlak g\u00f6r\u00fcnmesini sa\u011flamak i\u00e7in kullan\u0131l\u0131r.<\/p>\n<p>\t<strong>M\u00dcKEMMEL SATI\u015e SONRASI H\u0130ZMET : <\/strong>Bu \u00fcr\u00fcne daha avantajl\u0131 sahip olabilmeniz i\u00e7in ma\u011fazam\u0131z\u0131 ziyaret ederek, kampanyalar\u0131 inceleyebilirsiniz. Turk \/ Turk olarak m\u00fc\u015fterilerimize en iyi hizmeti sunmay\u0131 ama\u00e7l\u0131yor, g\u00fcvenle sat\u0131n alabilmeniz i\u00e7in, ambalaj kalitemize g\u00fcveniyor, her \u00fcr\u00fcn sorunsuz teslimat i\u00e7in \u00f6zenle paketliyor ve resimde belirtilen renk, ebat, \u00f6zelikte \u00fcr\u00fcn g\u00f6ndermeyi taahh\u00fct ediyoruz. Hasarl\u0131 \u00fcr\u00fcn ald\u0131ysan\u0131z veya di\u011fer \u00fcr\u00fcn ve paket teslimat sorunlar\u0131 oldu\u011funda bizimle ileti\u015fime ge\u00e7mekten \u00e7ekinmeyin.<\/p>\n<p>\t<strong>Detayl\u0131 bilgi i\u00e7in ek resimleri inceleyebilirsiniz<\/strong><\/p>\n<p><\/p>\n<p>\t<strong><strong> <\/strong><\/strong><\/p>\n<p>\t\u00a0<\/p>\n","protected":false},"excerpt":{"rendered":"<p>\u00dcr\u00fcn \u00d6zellikleri : \u00d6l\u00e7\u00fcler (bir cep telefonu ortalama 16 cm dir. K\u0131yaslaman\u0131z i\u00e7in kolayl\u0131k de\u011fil mi ? ) :\u00a0 16 CM\u00a0 2 AA pil ile \u00e7al\u0131\u015f\u0131r (DAH\u0130L DE\u011e\u0130LD\u0130R) Manik\u00fcr seti, her bir hassas haz\u0131rlanm\u0131\u015f t\u0131rnak ba\u015fl\u0131\u011f\u0131 ile birlikte t\u0131rnaklar\u0131n\u0131z\u0131 h\u0131zl\u0131 ve kolay bir \u015fekilde \u015fekillendirmenizi, \u015fekillendirmenizi, p\u00fcr\u00fczs\u00fczle\u015ftirmenizi ve parlatman\u0131z\u0131 sa\u011flar. 5 \u00e7e\u015fit ta\u015flama ba\u015fl\u0131\u011f\u0131 de\u011fi\u015ftirilebilir,&#8230;<\/p>\n","protected":false},"featured_media":0,"comment_status":"open","ping_status":"closed","template":"","meta":{"_kad_post_transparent":"","_kad_post_title":"","_kad_post_layout":"","_kad_post_sidebar_id":"","_kad_post_content_style":"","_kad_post_vertical_padding":"","_kad_post_feature":"","_kad_post_feature_position":"","_kad_post_header":false,"_kad_post_footer":false,"_kad_post_classname":""},"product_brand":[],"product_cat":[14207],"product_tag":[],"class_list":{"0":"post-107755","1":"product","2":"type-product","3":"status-publish","5":"product_cat-el-tirnak-bakim-ve-aksesuarlar-kisisel-bakim-aletleri-elektronik-el-tirnak-bakim-ve-aksesuarlar","7":"first","8":"instock","9":"purchasable","10":"product-type-simple","11":"entry","12":"content-bg","13":"loop-entry"},"_links":{"self":[{"href":"https:\/\/www.hediyepazar.com\/index.php?rest_route=\/wp\/v2\/product\/107755","targetHints":{"allow":["GET"]}}],"collection":[{"href":"https:\/\/www.hediyepazar.com\/index.php?rest_route=\/wp\/v2\/product"}],"about":[{"href":"https:\/\/www.hediyepazar.com\/index.php?rest_route=\/wp\/v2\/types\/product"}],"replies":[{"embeddable":true,"href":"https:\/\/www.hediyepazar.com\/index.php?rest_route=%2Fwp%2Fv2%2Fcomments&post=107755"}],"wp:attachment":[{"href":"https:\/\/www.hediyepazar.com\/index.php?rest_route=%2Fwp%2Fv2%2Fmedia&parent=107755"}],"wp:term":[{"taxonomy":"product_brand","embeddable":true,"href":"https:\/\/www.hediyepazar.com\/index.php?rest_route=%2Fwp%2Fv2%2Fproduct_brand&post=107755"},{"taxonomy":"product_cat","embeddable":true,"href":"https:\/\/www.hediyepazar.com\/index.php?rest_route=%2Fwp%2Fv2%2Fproduct_cat&post=107755"},{"taxonomy":"product_tag","embeddable":true,"href":"https:\/\/www.hediyepazar.com\/index.php?rest_route=%2Fwp%2Fv2%2Fproduct_tag&post=107755"}],"curies":[{"name":"wp","href":"https:\/\/api.w.org\/{rel}","templated":true}]}}