{"id":107760,"date":"2026-05-04T19:37:15","date_gmt":"2026-05-04T22:37:15","guid":{"rendered":"https:\/\/www.hediyepazar.com\/?product=turk-topuk-torpusu-2-tarafli-solingen-profesyonel-2"},"modified":"2026-05-04T19:37:15","modified_gmt":"2026-05-04T22:37:15","slug":"turk-topuk-torpusu-2-tarafli-solingen-profesyonel-2","status":"publish","type":"product","link":"https:\/\/www.hediyepazar.com\/?product=turk-topuk-torpusu-2-tarafli-solingen-profesyonel-2","title":{"rendered":"Turk Topuk T\u00f6rp\u00fcs\u00fc 2 Tarafl\u0131 Solingen Profesyonel"},"content":{"rendered":"<p>\t<strong>\u00dcr\u00fcn \u00d6zellikleri : <\/strong><\/p>\n<p>\t<strong>AKSESUARLAR \u00dcR\u00dcNE DAH\u0130L DE\u011e\u0130LD\u0130R. <\/strong><\/p>\n<p>\t<strong>Materyal : <\/strong> ABS Plastik Sap\u00a0<\/p>\n<p>\t<strong>Adet \/ Renk \/ Tasar\u0131m : <\/strong> 1 Adet, Turk Solingen Profesyonel Design olarak tasarlad\u0131\u011f\u0131m\u0131z, resimde yer alan modeli , s\u00fcrpriz ya\u015famaman\u0131z i\u00e7in birebir g\u00f6nderiyoruz<\/p>\n<p>\t<strong>\u00d6l\u00e7\u00fcler : <\/strong>6,5 x 10 cm paslanmaz \u00e7elik t\u00f6rp\u00fc b\u00f6l\u00fcm\u00fc &#8211; Toplam uzunluk 22 cm<\/p>\n<p>\t\u00d6NE \u00c7IKAN \u00d6ZELL\u0130K : 6 x 10 cm extra large geni\u015flikte paslanmaz \u00e7elik t\u00f6rp\u00fc b\u00f6l\u00fcm\u00fc<\/p>\n<p>\tSA\u011eLIKLI VE MUTLU AYAKLAR &#8211; Ayak t\u00f6rp\u00fcs\u00fc geni\u015f 6,5 X 10 cm y\u00fczey alan\u0131na ve ergonomik ayak uyumuna sahip oldu\u011fundan, ayaklar\u0131n\u0131z\u0131 uzatabilir ve ayak bile\u011finizi zorlamadan kolayl\u0131kla \u00e7al\u0131\u015ft\u0131rabilirsiniz. Birka\u00e7 ge\u00e7i\u015ften sonra inan\u0131lmaz bir p\u00fcr\u00fczs\u00fczl\u00fck elde edeceksiniz. Nas\u0131r\u0131, \u00e7atlam\u0131\u015f cildi ve \u00f6l\u00fc cildi kolayca \u00e7\u0131karman\u0131za yard\u0131mc\u0131 olabilecek t\u00f6rp\u00fc y\u00fczeyi ile tasarlanm\u0131\u015ft\u0131r. M\u00fckemmel boyut, \u0130nsan esteti\u011fine g\u00f6re tasarlanm\u0131\u015ft\u0131r. Hem B\u00dcY\u00dcK ayak t\u00f6rp\u00fcs\u00fc hem de g\u00fc\u00e7l\u00fc bir plastik sapa sahiptir. \u00d6zellikle Extra Large ayak t\u00f6rp\u00fcs\u00fc, kullan\u0131m s\u0131ras\u0131nda sizin i\u00e7in daha uygun olan ergonomik kaymaz bir tutama\u011fa sahiptir.<\/p>\n<p>\tNazik\u00e7e kullan\u0131n \u00e7\u00fcnk\u00fc kurumu\u015f nas\u0131r katmanlar\u0131n\u0131 ve \u00e7atlam\u0131\u015f topuklar\u0131 t\u0131ra\u015f etmenize yard\u0131mc\u0131 olur, ayaklar\u0131n\u0131z \u015fark\u0131 s\u00f6ylemek ve dans etmek isteyecek, ayaklar\u0131n\u0131z\u0131n her zamankinden daha iyi g\u00f6r\u00fcnmesini ve hissetmesini sa\u011flayacak!<\/p>\n<p>\tAYAKLARINIZI DAHA GEN\u00c7 VE D\u00dcZG\u00dcN H\u0130SSED\u0130N &#8211; Ponza ta\u015f\u0131ndan, t\u00f6rp\u00fcden daha iyi. Di\u011fer ayak t\u00f6rp\u00fcs\u00fcndeki sorun keskin de\u011fil veya sadece kuruyken \u00e7al\u0131\u015f\u0131yor.\u00a0 \u00a0\u00c7\u00fcnk\u00fc pedik\u00fcr aletimiz hem \u0131slak hem de kuru ayaklarda kullan\u0131labilir, bu da du\u015fta veya banyo yaparken \u00f6l\u00fc cildi \u00e7\u0131karabilece\u011finiz anlam\u0131na gelir.<\/p>\n<p>\t\u00a0<\/p>\n<p>\tB\u0130R DAHA ASLA KURU \u00c7ATLAK TOPUKLARA SAH\u0130P OLMAYIN &#8211; Ayaklar i\u00e7in nas\u0131r s\u00f6k\u00fcc\u00fcm\u00fcz, 6,5 X 10 CM profesyonel ayak t\u00f6rp\u00fcs\u00fcne sahip bir pedik\u00fcr ayak t\u00f6rp\u00fcs\u00fcnden isteyebilece\u011finiz her \u015feye sahiptir, tam boyutlu ve inan\u0131lmaz derecede hafiftir. Salon kalitesinde sonu\u00e7lar elde edin ve evinizin rahatl\u0131\u011f\u0131nda inan\u0131lmaz derecede p\u00fcr\u00fczs\u00fcz ve ipeksi ayaklar i\u00e7in alabilece\u011finiz en iyi sonu\u00e7lar\u0131 ald\u0131\u011f\u0131n\u0131z\u0131 hayal edin.<\/p>\n<p>\t<strong>M\u00dcKEMMEL SATI\u015e SONRASI H\u0130ZMET : <\/strong>Bu \u00fcr\u00fcne daha avantajl\u0131 sahip olabilmeniz i\u00e7in ma\u011fazam\u0131z\u0131 ziyaret ederek, kampanyalar\u0131 inceleyebilirsiniz. Turk \/ Turk olarak m\u00fc\u015fterilerimize en iyi hizmeti sunmay\u0131 ama\u00e7l\u0131yor, g\u00fcvenle sat\u0131n alabilmeniz i\u00e7in, ambalaj kalitemize g\u00fcveniyor, her \u00fcr\u00fcn sorunsuz teslimat i\u00e7in \u00f6zenle paketliyor ve resimde belirtilen renk, ebat, \u00f6zelikte \u00fcr\u00fcn g\u00f6ndermeyi taahh\u00fct ediyoruz. Hasarl\u0131 \u00fcr\u00fcn ald\u0131ysan\u0131z veya di\u011fer \u00fcr\u00fcn ve paket teslimat sorunlar\u0131 oldu\u011funda bizimle ileti\u015fime ge\u00e7mekten \u00e7ekinmeyin.<\/p>\n<p>\t<strong>Detayl\u0131 bilgi i\u00e7in ek resimleri inceleyebilirsiniz<\/strong><\/p>\n<p><\/p>\n<p>\t<strong><strong> <\/strong><\/strong><\/p>\n<p>\t\u00a0<\/p>\n","protected":false},"excerpt":{"rendered":"<p>\u00dcr\u00fcn \u00d6zellikleri : AKSESUARLAR \u00dcR\u00dcNE DAH\u0130L DE\u011e\u0130LD\u0130R. Materyal : ABS Plastik Sap\u00a0 Adet \/ Renk \/ Tasar\u0131m : 1 Adet, Turk Solingen Profesyonel Design olarak tasarlad\u0131\u011f\u0131m\u0131z, resimde yer alan modeli , s\u00fcrpriz ya\u015famaman\u0131z i\u00e7in birebir g\u00f6nderiyoruz \u00d6l\u00e7\u00fcler : 6,5 x 10 cm paslanmaz \u00e7elik t\u00f6rp\u00fc b\u00f6l\u00fcm\u00fc &#8211; Toplam uzunluk 22 cm \u00d6NE \u00c7IKAN \u00d6ZELL\u0130K :&#8230;<\/p>\n","protected":false},"featured_media":102091,"comment_status":"open","ping_status":"closed","template":"","meta":{"_kad_post_transparent":"","_kad_post_title":"","_kad_post_layout":"","_kad_post_sidebar_id":"","_kad_post_content_style":"","_kad_post_vertical_padding":"","_kad_post_feature":"","_kad_post_feature_position":"","_kad_post_header":false,"_kad_post_footer":false,"_kad_post_classname":""},"product_brand":[],"product_cat":[7853],"product_tag":[],"class_list":{"0":"post-107760","1":"product","2":"type-product","3":"status-publish","4":"has-post-thumbnail","6":"product_cat-ayak-tirnak-ve-bakim-malzemeleri-kisisel-bakim-aletleri-elektronik-ayak-tirnak-ve-bakim-malzemeleri","8":"first","9":"instock","10":"purchasable","11":"product-type-simple","12":"entry","13":"content-bg","14":"loop-entry"},"_links":{"self":[{"href":"https:\/\/www.hediyepazar.com\/index.php?rest_route=\/wp\/v2\/product\/107760","targetHints":{"allow":["GET"]}}],"collection":[{"href":"https:\/\/www.hediyepazar.com\/index.php?rest_route=\/wp\/v2\/product"}],"about":[{"href":"https:\/\/www.hediyepazar.com\/index.php?rest_route=\/wp\/v2\/types\/product"}],"replies":[{"embeddable":true,"href":"https:\/\/www.hediyepazar.com\/index.php?rest_route=%2Fwp%2Fv2%2Fcomments&post=107760"}],"wp:featuredmedia":[{"embeddable":true,"href":"https:\/\/www.hediyepazar.com\/index.php?rest_route=\/wp\/v2\/media\/102091"}],"wp:attachment":[{"href":"https:\/\/www.hediyepazar.com\/index.php?rest_route=%2Fwp%2Fv2%2Fmedia&parent=107760"}],"wp:term":[{"taxonomy":"product_brand","embeddable":true,"href":"https:\/\/www.hediyepazar.com\/index.php?rest_route=%2Fwp%2Fv2%2Fproduct_brand&post=107760"},{"taxonomy":"product_cat","embeddable":true,"href":"https:\/\/www.hediyepazar.com\/index.php?rest_route=%2Fwp%2Fv2%2Fproduct_cat&post=107760"},{"taxonomy":"product_tag","embeddable":true,"href":"https:\/\/www.hediyepazar.com\/index.php?rest_route=%2Fwp%2Fv2%2Fproduct_tag&post=107760"}],"curies":[{"name":"wp","href":"https:\/\/api.w.org\/{rel}","templated":true}]}}