{"id":107775,"date":"2026-05-04T19:42:36","date_gmt":"2026-05-04T22:42:36","guid":{"rendered":"https:\/\/www.hediyepazar.com\/?product=turk-parmak-yumusatma-2-adet-manikur-kasesi-2"},"modified":"2026-05-04T19:42:36","modified_gmt":"2026-05-04T22:42:36","slug":"turk-parmak-yumusatma-2-adet-manikur-kasesi-2","status":"publish","type":"product","link":"https:\/\/www.hediyepazar.com\/?product=turk-parmak-yumusatma-2-adet-manikur-kasesi-2","title":{"rendered":"Turk Parmak Yumu\u015fatma 2 ADET Manik\u00fcr Kasesi"},"content":{"rendered":"<p>\t<strong>\u00dcr\u00fcn \u00d6zellikleri : <\/strong><\/p>\n<p>\t<strong>AKSESUARLAR \u00dcR\u00dcNE DAH\u0130L DE\u011e\u0130LD\u0130R. <\/strong><\/p>\n<p>\t<strong>Materyal : <\/strong> Plastik<\/p>\n<p>\t<strong>Adet \/ Renk \/ Tasar\u0131m : <\/strong> 1 Adet, Turk Blazina Bores Design olarak tasarlad\u0131\u011f\u0131m\u0131z, resimde yer alan rengi, s\u00fcrpriz ya\u015famaman\u0131z i\u00e7in birebir g\u00f6nderiyoruz<\/p>\n<p>\t<strong>\u00d6l\u00e7\u00fcler (bir cep telefonu ortalama 16 cm dir. K\u0131yaslaman\u0131z i\u00e7in kolayl\u0131k de\u011fil mi ? ) : <\/strong> 14 x 7 cm<\/p>\n<p>\t<strong>PRAT\u0130K TASARIM : <\/strong>Oluk tasar\u0131m\u0131, el \u015fekline uyum sa\u011flar, b\u00f6ylece be\u015f t\u0131rna\u011f\u0131n\u0131z uygun \u015fekilde yerle\u015ftirilir ve kullan\u0131m\u0131 kolayd\u0131r.<\/p>\n<p>\t<strong>SICAKLI\u011eI TUTAN TASARIM : <\/strong>Eller yerle\u015ftirildikten sonra do\u011fal olarak kapal\u0131 bir alan olu\u015fturabilir. K\u0131\u015f\u0131n, yumu\u015fatma etkisini artt\u0131rmak i\u00e7in su s\u0131cakl\u0131\u011f\u0131 uzun s\u00fcre korunabilir.<\/p>\n<p>\t<strong>Y\u00dcKSEK KAL\u0130TEL\u0130 MALZEME : <\/strong>Y\u00fcksek kaliteli PVC malzemelerden yap\u0131lm\u0131\u015ft\u0131r, tek par\u00e7a kal\u0131plama, ek bo\u015flu\u011fu yok, su s\u0131z\u0131nt\u0131s\u0131 endi\u015fesi yok, dayan\u0131kl\u0131 ve y\u00fcksek s\u0131cakl\u0131klarda deforme olmaz.<\/p>\n<p>\tKOLAY TEM\u0130ZL\u0130K : Kapa\u011f\u0131 ve taban kapa\u011f\u0131, i\u00e7 temizli\u011fini kolayla\u015ft\u0131rmak i\u00e7in kolayca ayr\u0131labilir.<\/p>\n<p>\t<strong>K\u00dc\u00c7\u00dcK VE KULLANI\u015eLI :<\/strong> Evde manik\u00fcr, oje \u00e7\u0131karma vb gereksinimlerini kar\u015f\u0131layan b\u00fcy\u00fck bir kapasiteye sahiptir.<\/p>\n<p><strong>M\u00dcKEMMEL SATI\u015e SONRASI H\u0130ZMET : <\/strong>Bu \u00fcr\u00fcne daha avantajl\u0131 sahip olabilmeniz i\u00e7in ma\u011fazam\u0131z\u0131 ziyaret ederek, kampanyalar\u0131 inceleyebilirsiniz. Turk \/ Turk olarak m\u00fc\u015fterilerimize en iyi hizmeti sunmay\u0131 ama\u00e7l\u0131yor, g\u00fcvenle sat\u0131n alabilmeniz i\u00e7in, ambalaj kalitemize g\u00fcveniyor, her \u00fcr\u00fcn sorunsuz teslimat i\u00e7in \u00f6zenle paketliyor ve resimde belirtilen renk, ebat, \u00f6zelikte \u00fcr\u00fcn g\u00f6ndermeyi taahh\u00fct ediyoruz. Hasarl\u0131 \u00fcr\u00fcn ald\u0131ysan\u0131z veya di\u011fer \u00fcr\u00fcn ve paket teslimat sorunlar\u0131 oldu\u011funda bizimle ileti\u015fime ge\u00e7mekten \u00e7ekinmeyin.<\/p>\n","protected":false},"excerpt":{"rendered":"<p>\u00dcr\u00fcn \u00d6zellikleri : AKSESUARLAR \u00dcR\u00dcNE DAH\u0130L DE\u011e\u0130LD\u0130R. Materyal : Plastik Adet \/ Renk \/ Tasar\u0131m : 1 Adet, Turk Blazina Bores Design olarak tasarlad\u0131\u011f\u0131m\u0131z, resimde yer alan rengi, s\u00fcrpriz ya\u015famaman\u0131z i\u00e7in birebir g\u00f6nderiyoruz \u00d6l\u00e7\u00fcler (bir cep telefonu ortalama 16 cm dir. K\u0131yaslaman\u0131z i\u00e7in kolayl\u0131k de\u011fil mi ? ) : 14 x 7 cm PRAT\u0130K TASARIM&#8230;<\/p>\n","protected":false},"featured_media":0,"comment_status":"open","ping_status":"closed","template":"","meta":{"_kad_post_transparent":"","_kad_post_title":"","_kad_post_layout":"","_kad_post_sidebar_id":"","_kad_post_content_style":"","_kad_post_vertical_padding":"","_kad_post_feature":"","_kad_post_feature_position":"","_kad_post_header":false,"_kad_post_footer":false,"_kad_post_classname":""},"product_brand":[],"product_cat":[14207],"product_tag":[],"class_list":{"0":"post-107775","1":"product","2":"type-product","3":"status-publish","5":"product_cat-el-tirnak-bakim-ve-aksesuarlar-kisisel-bakim-aletleri-elektronik-el-tirnak-bakim-ve-aksesuarlar","7":"first","8":"instock","9":"purchasable","10":"product-type-simple","11":"entry","12":"content-bg","13":"loop-entry"},"_links":{"self":[{"href":"https:\/\/www.hediyepazar.com\/index.php?rest_route=\/wp\/v2\/product\/107775","targetHints":{"allow":["GET"]}}],"collection":[{"href":"https:\/\/www.hediyepazar.com\/index.php?rest_route=\/wp\/v2\/product"}],"about":[{"href":"https:\/\/www.hediyepazar.com\/index.php?rest_route=\/wp\/v2\/types\/product"}],"replies":[{"embeddable":true,"href":"https:\/\/www.hediyepazar.com\/index.php?rest_route=%2Fwp%2Fv2%2Fcomments&post=107775"}],"wp:attachment":[{"href":"https:\/\/www.hediyepazar.com\/index.php?rest_route=%2Fwp%2Fv2%2Fmedia&parent=107775"}],"wp:term":[{"taxonomy":"product_brand","embeddable":true,"href":"https:\/\/www.hediyepazar.com\/index.php?rest_route=%2Fwp%2Fv2%2Fproduct_brand&post=107775"},{"taxonomy":"product_cat","embeddable":true,"href":"https:\/\/www.hediyepazar.com\/index.php?rest_route=%2Fwp%2Fv2%2Fproduct_cat&post=107775"},{"taxonomy":"product_tag","embeddable":true,"href":"https:\/\/www.hediyepazar.com\/index.php?rest_route=%2Fwp%2Fv2%2Fproduct_tag&post=107775"}],"curies":[{"name":"wp","href":"https:\/\/api.w.org\/{rel}","templated":true}]}}