{"id":107778,"date":"2026-05-04T19:43:06","date_gmt":"2026-05-04T22:43:06","guid":{"rendered":"https:\/\/www.hediyepazar.com\/?product=turk-tarak-temizleyici-mini-tirmik-2-adet-2"},"modified":"2026-05-04T19:43:06","modified_gmt":"2026-05-04T22:43:06","slug":"turk-tarak-temizleyici-mini-tirmik-2-adet-2","status":"publish","type":"product","link":"https:\/\/www.hediyepazar.com\/?product=turk-tarak-temizleyici-mini-tirmik-2-adet-2","title":{"rendered":"Turk Tarak Temizleyici Mini T\u0131rm\u0131k 2 ADET"},"content":{"rendered":"<p>\t<strong>\u00dcr\u00fcn \u00d6zellikleri : <\/strong><\/p>\n<p>\t<strong>AKSESUARLAR \u00dcR\u00dcNE DAH\u0130L DE\u011e\u0130LD\u0130R. <\/strong><\/p>\n<p>\t<strong>Materyal : Plastik\u00a0<\/strong><\/p>\n<p>\t<strong>Adet \/ Renk \/ Tasar\u0131m : <\/strong> 2 Adet, Turk\u00a0 Design olarak tasarlad\u0131\u011f\u0131m\u0131z, resimde yer alan rengi, s\u00fcrpriz ya\u015famaman\u0131z i\u00e7in birebir g\u00f6nderiyoruz<\/p>\n<p>\t<strong>\u00d6l\u00e7\u00fcler (bir cep telefonu ortalama 16 cm dir. K\u0131yaslaman\u0131z i\u00e7in kolayl\u0131k de\u011fil mi ? ) :\u00a0 8,5 x 3,5 cm\u00a0<\/strong><\/p>\n<p>\tYEN\u0130L\u0130K\u00c7\u0130 TASARIM: Aral\u0131kl\u0131 tasar\u0131m, f\u0131r\u00e7a k\u0131llar\u0131n\u0131 \u00e7ekmek yerine hareket ettirir. Bu, eski moda parmak temizleme veya harap olmu\u015f f\u0131r\u00e7alardan kaynaklanan hayal k\u0131r\u0131kl\u0131\u011f\u0131n\u0131n art\u0131k ortadan kalkt\u0131\u011f\u0131 anlam\u0131na gelir<\/p>\n<p>\tKOLAY KAVRAMA KOLU: Kavramas\u0131 ve tutmas\u0131 kolay, kaymas\u0131 kolay olmayan ergonomik sap tasar\u0131m\u0131n\u0131 benimser. Top ve kavisli \u015fekli, f\u0131r\u00e7a temizleme tara\u011f\u0131n\u0131 s\u0131k\u0131 bir \u015fekilde kavraman\u0131z\u0131 sa\u011flar, b\u00f6ylece endi\u015felenmenize gerek kalmaz. elinden kay\u0131p gidiyor<\/p>\n<p>\tSA\u00c7 FIR\u00c7ASI TIRMIK TASARIMI: Tarak temizleyici, tara\u011f\u0131n\u0131zdaki veya f\u0131r\u00e7an\u0131zdaki kir ve sa\u00e7lar\u0131 etkili ve kolay bir \u015fekilde temizlemek i\u00e7in \u00f6zel olarak tasarlanm\u0131\u015ft\u0131r. 7 t\u0131rm\u0131kl\u0131 tasar\u0131m, herhangi bir domuz f\u0131r\u00e7as\u0131, dalgal\u0131 f\u0131r\u00e7a veya taraktan ge\u00e7irmeyi kolayla\u015ft\u0131r\u0131r.<\/p>\n<p>\tK\u00dc\u00c7\u00dcK BOYUT: Kompakt boyut, seyahat ihtiya\u00e7lar\u0131n\u0131zdan birini \u00e7\u0131karman\u0131za gerek kalmadan onu tuvalet \u00e7antan\u0131za, el \u00e7antan\u0131za veya s\u0131rt \u00e7antan\u0131za ekleyebilece\u011finiz anlam\u0131na gelir<\/p>\n<p>\tT\u00dcM SA\u00c7 FIR\u00c7ALARI VE TARAKLAR \u0130\u00c7\u0130N UYGUN: Bu tarak temizleyici, sakal f\u0131r\u00e7as\u0131, sa\u00e7 tara\u011f\u0131 vb. gibi \u00e7e\u015fitli taraklar i\u00e7in ideal bir ara\u00e7t\u0131r. Domuz k\u0131ll\u0131 f\u0131r\u00e7an\u0131zdan, geni\u015f k\u0131ll\u0131 f\u0131r\u00e7a koleksiyonunuza kadar her \u015feyi temizlemek i\u00e7in kullanmaktan \u00e7ekinmeyeceksiniz. Ayr\u0131ca evcil hayvan\u0131n\u0131z\u0131n f\u0131r\u00e7alar\u0131n\u0131 temizlemek i\u00e7in m\u00fckemmel bir ara\u00e7t\u0131r.<\/p>\n<p>\t<strong>M\u00dcKEMMEL SATI\u015e SONRASI H\u0130ZMET : <\/strong>Bu \u00fcr\u00fcne daha avantajl\u0131 sahip olabilmeniz i\u00e7in ma\u011fazam\u0131z\u0131 ziyaret ederek, kampanyalar\u0131 inceleyebilirsiniz. Turk \/ Turk olarak m\u00fc\u015fterilerimize en iyi hizmeti sunmay\u0131 ama\u00e7l\u0131yor, g\u00fcvenle sat\u0131n alabilmeniz i\u00e7in, ambalaj kalitemize g\u00fcveniyor, her \u00fcr\u00fcn sorunsuz teslimat i\u00e7in \u00f6zenle paketliyor ve resimde belirtilen renk, ebat, \u00f6zelikte \u00fcr\u00fcn g\u00f6ndermeyi taahh\u00fct ediyoruz. Hasarl\u0131 \u00fcr\u00fcn ald\u0131ysan\u0131z veya di\u011fer \u00fcr\u00fcn ve paket teslimat sorunlar\u0131 oldu\u011funda bizimle ileti\u015fime ge\u00e7mekten \u00e7ekinmeyin.<\/p>\n<p>\t<strong>Detayl\u0131 bilgi i\u00e7in ek resimleri inceleyebilirsiniz<\/strong><\/p>\n<p><\/p>\n<p>\t<strong><strong> <\/strong><\/strong><\/p>\n<p>\t\u00a0<\/p>\n","protected":false},"excerpt":{"rendered":"<p>\u00dcr\u00fcn \u00d6zellikleri : AKSESUARLAR \u00dcR\u00dcNE DAH\u0130L DE\u011e\u0130LD\u0130R. Materyal : Plastik\u00a0 Adet \/ Renk \/ Tasar\u0131m : 2 Adet, Turk\u00a0 Design olarak tasarlad\u0131\u011f\u0131m\u0131z, resimde yer alan rengi, s\u00fcrpriz ya\u015famaman\u0131z i\u00e7in birebir g\u00f6nderiyoruz \u00d6l\u00e7\u00fcler (bir cep telefonu ortalama 16 cm dir. K\u0131yaslaman\u0131z i\u00e7in kolayl\u0131k de\u011fil mi ? ) :\u00a0 8,5 x 3,5 cm\u00a0 YEN\u0130L\u0130K\u00c7\u0130 TASARIM: Aral\u0131kl\u0131 tasar\u0131m,&#8230;<\/p>\n","protected":false},"featured_media":102111,"comment_status":"open","ping_status":"closed","template":"","meta":{"_kad_post_transparent":"","_kad_post_title":"","_kad_post_layout":"","_kad_post_sidebar_id":"","_kad_post_content_style":"","_kad_post_vertical_padding":"","_kad_post_feature":"","_kad_post_feature_position":"","_kad_post_header":false,"_kad_post_footer":false,"_kad_post_classname":""},"product_brand":[],"product_cat":[14302],"product_tag":[],"class_list":{"0":"post-107778","1":"product","2":"type-product","3":"status-publish","4":"has-post-thumbnail","6":"product_cat-sac-fircasi-ve-tarak-sac-bakimi-kozmetik-sac-fircasi-ve-tarak-sac-bakimi-kozmetik","8":"first","9":"instock","10":"purchasable","11":"product-type-simple","12":"entry","13":"content-bg","14":"loop-entry"},"_links":{"self":[{"href":"https:\/\/www.hediyepazar.com\/index.php?rest_route=\/wp\/v2\/product\/107778","targetHints":{"allow":["GET"]}}],"collection":[{"href":"https:\/\/www.hediyepazar.com\/index.php?rest_route=\/wp\/v2\/product"}],"about":[{"href":"https:\/\/www.hediyepazar.com\/index.php?rest_route=\/wp\/v2\/types\/product"}],"replies":[{"embeddable":true,"href":"https:\/\/www.hediyepazar.com\/index.php?rest_route=%2Fwp%2Fv2%2Fcomments&post=107778"}],"wp:featuredmedia":[{"embeddable":true,"href":"https:\/\/www.hediyepazar.com\/index.php?rest_route=\/wp\/v2\/media\/102111"}],"wp:attachment":[{"href":"https:\/\/www.hediyepazar.com\/index.php?rest_route=%2Fwp%2Fv2%2Fmedia&parent=107778"}],"wp:term":[{"taxonomy":"product_brand","embeddable":true,"href":"https:\/\/www.hediyepazar.com\/index.php?rest_route=%2Fwp%2Fv2%2Fproduct_brand&post=107778"},{"taxonomy":"product_cat","embeddable":true,"href":"https:\/\/www.hediyepazar.com\/index.php?rest_route=%2Fwp%2Fv2%2Fproduct_cat&post=107778"},{"taxonomy":"product_tag","embeddable":true,"href":"https:\/\/www.hediyepazar.com\/index.php?rest_route=%2Fwp%2Fv2%2Fproduct_tag&post=107778"}],"curies":[{"name":"wp","href":"https:\/\/api.w.org\/{rel}","templated":true}]}}