{"id":107780,"date":"2026-05-04T19:43:09","date_gmt":"2026-05-04T22:43:09","guid":{"rendered":"https:\/\/www.hediyepazar.com\/?product=turk-el-ayak-pompalari-igne-hortum-sisirme-kiti-2"},"modified":"2026-05-04T19:43:09","modified_gmt":"2026-05-04T22:43:09","slug":"turk-el-ayak-pompalari-igne-hortum-sisirme-kiti-2","status":"publish","type":"product","link":"https:\/\/www.hediyepazar.com\/?product=turk-el-ayak-pompalari-igne-hortum-sisirme-kiti-2","title":{"rendered":"Turk El Ayak Pompalar\u0131 \u0130\u011fne Hortum \u015ei\u015firme Kiti"},"content":{"rendered":"<p>\t<strong>\u00dcr\u00fcn \u00d6zellikleri : <\/strong><\/p>\n<p>\t<strong>Adet \/ Renk \/ Tasar\u0131m : <\/strong> 6 l\u0131 SET , Turk Blazina Bores Design olarak tasarlad\u0131\u011f\u0131m\u0131z modeli, s\u00fcrpriz ya\u015famaman\u0131z i\u00e7in birebir g\u00f6nderiyoruz.<\/p>\n<p>\t\u0130\u011fne boyutu 3.8 cm x Balon pompas\u0131 ucu 3.4 cm x K\u00fc\u00e7\u00fck hortum 10.8 cm x\u00a0B\u00fcy\u00fck hortum 150 cm\u00a0<\/p>\n<p>\tBu lastik valf uzatmas\u0131 metal ve y\u00fcksek kaliteli plastikten \u00fcretilmi\u015ftir, uzun bir kullan\u0131m \u00f6mr\u00fc i\u00e7in maksimum dayan\u0131kl\u0131l\u0131k ve esneklik sa\u011flar.<\/p>\n<p>\tGenel boyut ve tasar\u0131ma sahiptir, kompres\u00f6rler, elektrikli hava pompalar\u0131 ve neredeyse her el pompas\u0131 i\u00e7in iyi bir aksesuard\u0131r.<br \/>\tBisiklet pompas\u0131n\u0131 ve hava kompres\u00f6r\u00fcn\u00fc sabitlemek i\u00e7in harika \u015fi\u015firme adapt\u00f6r\u00fc. \u00c7ok say\u0131da bisiklet lasti\u011fi olarak kullan\u0131labilir \u2013 da\u011f bisikleti \u2013 yar\u0131\u015f bisikleti \u2013 katlan\u0131r bisiklet \u2013 motosiklet \u2013 otomobil.<\/p>\n<p>\tYoga topu, jimnastik topu, kickball, pilates topu, futbol, basketbol topu, oyuncak top i\u00e7in pompa adapt\u00f6r\u00fc<\/p>\n<p>\t<strong>M\u00dcKEMMEL SATI\u015e SONRASI H\u0130ZMET : <\/strong>Bu \u00fcr\u00fcne daha avantajl\u0131 sahip olabilmeniz i\u00e7in ma\u011fazam\u0131z\u0131 ziyaret ederek, kampanyalar\u0131 inceleyebilirsiniz. Turk \/ Turk olarak m\u00fc\u015fterilerimize en iyi hizmeti sunmay\u0131 ama\u00e7l\u0131yor, g\u00fcvenle sat\u0131n alabilmeniz i\u00e7in, ambalaj kalitemize g\u00fcveniyor, her \u00fcr\u00fcn sorunsuz teslimat i\u00e7in \u00f6zenle paketliyor ve resimde belirtilen renk, ebat, \u00f6zelikte \u00fcr\u00fcn g\u00f6ndermeyi taahh\u00fct ediyoruz. Hasarl\u0131 \u00fcr\u00fcn ald\u0131ysan\u0131z veya di\u011fer \u00fcr\u00fcn ve paket teslimat sorunlar\u0131 oldu\u011funda bizimle ileti\u015fime ge\u00e7mekten \u00e7ekinmeyin.<\/p>\n<p>\t<strong>Detayl\u0131 bilgi i\u00e7in ek resimleri inceleyebilirsiniz<\/strong><\/p>\n<p><\/p>\n<p>\t<strong><strong> <\/strong><\/strong><\/p>\n<p>\t\u00a0<\/p>\n","protected":false},"excerpt":{"rendered":"<p>\u00dcr\u00fcn \u00d6zellikleri : Adet \/ Renk \/ Tasar\u0131m : 6 l\u0131 SET , Turk Blazina Bores Design olarak tasarlad\u0131\u011f\u0131m\u0131z modeli, s\u00fcrpriz ya\u015famaman\u0131z i\u00e7in birebir g\u00f6nderiyoruz. \u0130\u011fne boyutu 3.8 cm x Balon pompas\u0131 ucu 3.4 cm x K\u00fc\u00e7\u00fck hortum 10.8 cm x\u00a0B\u00fcy\u00fck hortum 150 cm\u00a0 Bu lastik valf uzatmas\u0131 metal ve y\u00fcksek kaliteli plastikten \u00fcretilmi\u015ftir, uzun&#8230;<\/p>\n","protected":false},"featured_media":107779,"comment_status":"open","ping_status":"closed","template":"","meta":{"_kad_post_transparent":"","_kad_post_title":"","_kad_post_layout":"","_kad_post_sidebar_id":"","_kad_post_content_style":"","_kad_post_vertical_padding":"","_kad_post_feature":"","_kad_post_feature_position":"","_kad_post_header":false,"_kad_post_footer":false,"_kad_post_classname":""},"product_brand":[],"product_cat":[14310],"product_tag":[],"class_list":{"0":"post-107780","1":"product","2":"type-product","3":"status-publish","4":"has-post-thumbnail","6":"product_cat-motosiklet-aksesuarlari-motosiklet-otomobil-motosiklet-yasam-motosiklet-aksesuarlari","8":"first","9":"instock","10":"purchasable","11":"product-type-simple","12":"entry","13":"content-bg","14":"loop-entry"},"_links":{"self":[{"href":"https:\/\/www.hediyepazar.com\/index.php?rest_route=\/wp\/v2\/product\/107780","targetHints":{"allow":["GET"]}}],"collection":[{"href":"https:\/\/www.hediyepazar.com\/index.php?rest_route=\/wp\/v2\/product"}],"about":[{"href":"https:\/\/www.hediyepazar.com\/index.php?rest_route=\/wp\/v2\/types\/product"}],"replies":[{"embeddable":true,"href":"https:\/\/www.hediyepazar.com\/index.php?rest_route=%2Fwp%2Fv2%2Fcomments&post=107780"}],"wp:featuredmedia":[{"embeddable":true,"href":"https:\/\/www.hediyepazar.com\/index.php?rest_route=\/wp\/v2\/media\/107779"}],"wp:attachment":[{"href":"https:\/\/www.hediyepazar.com\/index.php?rest_route=%2Fwp%2Fv2%2Fmedia&parent=107780"}],"wp:term":[{"taxonomy":"product_brand","embeddable":true,"href":"https:\/\/www.hediyepazar.com\/index.php?rest_route=%2Fwp%2Fv2%2Fproduct_brand&post=107780"},{"taxonomy":"product_cat","embeddable":true,"href":"https:\/\/www.hediyepazar.com\/index.php?rest_route=%2Fwp%2Fv2%2Fproduct_cat&post=107780"},{"taxonomy":"product_tag","embeddable":true,"href":"https:\/\/www.hediyepazar.com\/index.php?rest_route=%2Fwp%2Fv2%2Fproduct_tag&post=107780"}],"curies":[{"name":"wp","href":"https:\/\/api.w.org\/{rel}","templated":true}]}}