{"id":107820,"date":"2026-05-04T19:50:21","date_gmt":"2026-05-04T22:50:21","guid":{"rendered":"https:\/\/www.hediyepazar.com\/?product=turk-kuafor-tup-sikacagi-sac-boya-macun-krem-2"},"modified":"2026-05-04T19:50:21","modified_gmt":"2026-05-04T22:50:21","slug":"turk-kuafor-tup-sikacagi-sac-boya-macun-krem-2","status":"publish","type":"product","link":"https:\/\/www.hediyepazar.com\/?product=turk-kuafor-tup-sikacagi-sac-boya-macun-krem-2","title":{"rendered":"Turk Kuaf\u00f6r T\u00fcp S\u0131kaca\u011f\u0131 Sa\u00e7 Boya Macun Krem"},"content":{"rendered":"<p>\t<strong>\u00dcr\u00fcn \u00d6zellikleri : <\/strong><\/p>\n<p>\t<strong>Adet \/ Renk \/ Tasar\u0131m : <\/strong> 1 Adet, Turk Nano Absolute Professional Design olarak tasarlad\u0131\u011f\u0131m\u0131z, resimde yer alan modeli , s\u00fcrpriz ya\u015famaman\u0131z i\u00e7in birebir g\u00f6nderiyoruz.Renkler K\u0131rm\u0131z\u0131, Ye\u015fil veya Beyaz olabilir<br \/>\t.<br \/>\t<strong>\u00d6l\u00e7\u00fcler : <\/strong>12 X 12 CM<\/p>\n<p>\t<strong>Materyal : Kuaf\u00f6rler i\u00e7in b\u00fcy\u00fck boy tasarlanan boya s\u0131kaca\u011f\u0131 kaliteli plastikten yap\u0131lm\u0131\u015ft\u0131r, dayan\u0131kl\u0131 ve kullan\u0131m\u0131 g\u00fcvenlidir, kolay k\u0131r\u0131lmaz, uzun s\u00fcre dayanabilir <\/strong><\/p>\n<p>\t<strong>\u00d6l\u00e7\u00fcler : &#8211; Ekran yan\u0131lmalar\u0131na kar\u015f\u0131 l\u00fctfen \u00f6l\u00e7\u00fcleri kar\u015f\u0131la\u015ft\u0131r\u0131n. <\/strong><\/p>\n<p>\t<strong style=\"color: rgb(0, 128, 0);\">GEN\u0130\u015e KULLANIM ALANI : \u00c7ok daha b\u00fcy\u00fck, \u00e7ok daha g\u00fc\u00e7l\u00fc ! 8 cm geni\u015fli\u011fe kadar t\u00fcp \u00fcr\u00fcnleri s\u0131kabilir<\/strong><\/p>\n<p>\t<strong style=\"color: rgb(0, 128, 0);\">Al\u00fcminyum veya plastik t\u00fcpler- Sa\u00e7 boyas\u0131<\/strong><\/p>\n<p>\t<strong>Di\u015f macunu,<br \/>\tT\u00fcp \u00e7ikolatalar,<br \/>\tT\u00fcp kremler,<br \/>\tTemizleme k\u00f6p\u00fc\u011f\u00fc<br \/>\tYa\u011fl\u0131 Boya<br \/>\tMerhem\/ila\u00e7lar<br \/>\tTutkal veya di\u011fer \u00f6\u011feler ve bir t\u00fcpten s\u0131k\u0131lmas\u0131 veya da\u011f\u0131t\u0131lmas\u0131 gereken di\u011fer s\u0131v\u0131 \u00f6\u011felerinizin her son damlas\u0131n\u0131 s\u0131kmak i\u00e7in tasarlanm\u0131\u015ft\u0131r <\/strong><\/p>\n<p>\t<strong>KOLAY YERLE\u015eT\u0130RME &#8211;<\/strong> T\u00fcp s\u0131k\u0131\u015ft\u0131r\u0131c\u0131n\u0131n yeterli \u00f6l\u00e7\u00fclerindeki i\u00e7 a\u00e7\u0131kl\u0131\u011f\u0131, t\u00fcplerin kolayca yerle\u015ftirilmesine izin vermek i\u00e7in yeterli bo\u015fluk sa\u011flar. Daha kal\u0131n katlanm\u0131\u015f u\u00e7lu borular bile zahmetsizce tak\u0131labilir.<\/p>\n<p>\t<strong>GER\u0130 AKI\u015eIN \u00d6NLENMES\u0130 &#8211;<\/strong> Kendinden s\u0131zd\u0131rmaz kompozit b\u0131\u00e7ak, kullan\u0131m s\u0131ras\u0131nda t\u00fcp\u00fcn i\u00e7eri\u011fini zahmetsizce d\u0131\u015far\u0131 \u00e7\u0131karmak i\u00e7in tasarlanm\u0131\u015ft\u0131r, serbest b\u0131rak\u0131ld\u0131\u011f\u0131nda, t\u00fcp\u00fcn i\u00e7eri\u011finin herhangi bir geri ak\u0131\u015f\u0131n\u0131 \u00f6nlemek i\u00e7in t\u00fcp\u00fc kapatacakt\u0131r. Kompozit b\u0131\u00e7a\u011f\u0131n bu yay benzeri kendinden s\u0131zd\u0131rmazl\u0131k \u00f6zelli\u011finin dayan\u0131kl\u0131 oldu\u011fu kan\u0131tlanm\u0131\u015ft\u0131r ve uzun s\u00fcreli kullan\u0131mlarda etkinli\u011fini kaybetmez.<\/p>\n<p>\t<strong>T\u00dcP \u0130\u00c7ER\u0130\u011e\u0130NDEN EN \u0130Y\u0130 \u015eEK\u0130LDE YARARLANIN &#8211;<\/strong> Tamamen s\u0131k\u0131lmazsa t\u00fcpteki \u00fcr\u00fcn\u00fcn ortalama %12&#8217;si bo\u015fa gider. \u00dcr\u00fcn\u00fcn\u00fcz\u00fcn her son damlas\u0131n\u0131n tad\u0131n\u0131 \u00e7\u0131karmak ve israf\u0131 durdurmak i\u00e7in bug\u00fcn kendinize bir t\u00fcp s\u0131kaca\u011f\u0131 al\u0131n! Tek ba\u015f\u0131na &#8220;kurtard\u0131\u011f\u0131n\u0131z&#8221; ekstra \u00fcr\u00fcn\u00fcn de\u011feri, t\u00fcp s\u0131k\u0131\u015ft\u0131r\u0131c\u0131n\u0131n maliyetinden \u00e7ok daha a\u011f\u0131r basar.<\/p>\n<p>\t<strong>Kullan\u0131ma uygun:<\/strong> D\u00f6nd\u00fcrme kolu ile tasarlanm\u0131\u015f bu di\u015f macunu s\u0131kaca\u011f\u0131, di\u015f macununuzu yuvarlanan \u015fafta yerle\u015ftirin, ard\u0131ndan kolu d\u00f6nd\u00fcr\u00fcn, daha fazla g\u00fcce gerek yok, kullan\u0131\u015fl\u0131 ve s\u0131kmas\u0131 kolay<\/p>\n<p>\t<strong>M\u00dcKEMMEL SATI\u015e SONRASI H\u0130ZMET : <\/strong>Turk \/ Turk olarak m\u00fc\u015fterilerimize en iyi hizmeti sunmay\u0131 ama\u00e7l\u0131yor, g\u00fcvenle sat\u0131n alabilmeniz i\u00e7in, ambalaj kalitemize g\u00fcveniyor, her \u00fcr\u00fcn sorunsuz teslimat i\u00e7in \u00f6zenle paketliyor ve resimde belirtilen renk, ebat, \u00f6zelikte \u00fcr\u00fcn g\u00f6ndermeyi taahh\u00fct ediyoruz. Hasarl\u0131 \u00fcr\u00fcn ald\u0131ysan\u0131z veya di\u011fer \u00fcr\u00fcn ve paket teslimat sorunlar\u0131 oldu\u011funda bizimle ileti\u015fime ge\u00e7mekten \u00e7ekinmeyin.<\/p>\n<p>\t<strong>Detayl\u0131 bilgi i\u00e7in ek resimleri inceleyebilirsiniz<\/strong><\/p>\n<p><\/p>\n<p>\t<strong><strong> <\/strong><\/strong><\/p>\n<p>\t\u00a0<\/p>\n","protected":false},"excerpt":{"rendered":"<p>\u00dcr\u00fcn \u00d6zellikleri : Adet \/ Renk \/ Tasar\u0131m : 1 Adet, Turk Nano Absolute Professional Design olarak tasarlad\u0131\u011f\u0131m\u0131z, resimde yer alan modeli , s\u00fcrpriz ya\u015famaman\u0131z i\u00e7in birebir g\u00f6nderiyoruz.Renkler K\u0131rm\u0131z\u0131, Ye\u015fil veya Beyaz olabilir . \u00d6l\u00e7\u00fcler : 12 X 12 CM Materyal : Kuaf\u00f6rler i\u00e7in b\u00fcy\u00fck boy tasarlanan boya s\u0131kaca\u011f\u0131 kaliteli plastikten yap\u0131lm\u0131\u015ft\u0131r, dayan\u0131kl\u0131 ve kullan\u0131m\u0131&#8230;<\/p>\n","protected":false},"featured_media":0,"comment_status":"open","ping_status":"closed","template":"","meta":{"_kad_post_transparent":"","_kad_post_title":"","_kad_post_layout":"","_kad_post_sidebar_id":"","_kad_post_content_style":"","_kad_post_vertical_padding":"","_kad_post_feature":"","_kad_post_feature_position":"","_kad_post_header":false,"_kad_post_footer":false,"_kad_post_classname":""},"product_brand":[],"product_cat":[14227],"product_tag":[],"class_list":{"0":"post-107820","1":"product","2":"type-product","3":"status-publish","5":"product_cat-kuafor-urunleri-erkek-kuafor-kuafor-urunleri","7":"first","8":"instock","9":"purchasable","10":"product-type-simple","11":"entry","12":"content-bg","13":"loop-entry"},"_links":{"self":[{"href":"https:\/\/www.hediyepazar.com\/index.php?rest_route=\/wp\/v2\/product\/107820","targetHints":{"allow":["GET"]}}],"collection":[{"href":"https:\/\/www.hediyepazar.com\/index.php?rest_route=\/wp\/v2\/product"}],"about":[{"href":"https:\/\/www.hediyepazar.com\/index.php?rest_route=\/wp\/v2\/types\/product"}],"replies":[{"embeddable":true,"href":"https:\/\/www.hediyepazar.com\/index.php?rest_route=%2Fwp%2Fv2%2Fcomments&post=107820"}],"wp:attachment":[{"href":"https:\/\/www.hediyepazar.com\/index.php?rest_route=%2Fwp%2Fv2%2Fmedia&parent=107820"}],"wp:term":[{"taxonomy":"product_brand","embeddable":true,"href":"https:\/\/www.hediyepazar.com\/index.php?rest_route=%2Fwp%2Fv2%2Fproduct_brand&post=107820"},{"taxonomy":"product_cat","embeddable":true,"href":"https:\/\/www.hediyepazar.com\/index.php?rest_route=%2Fwp%2Fv2%2Fproduct_cat&post=107820"},{"taxonomy":"product_tag","embeddable":true,"href":"https:\/\/www.hediyepazar.com\/index.php?rest_route=%2Fwp%2Fv2%2Fproduct_tag&post=107820"}],"curies":[{"name":"wp","href":"https:\/\/api.w.org\/{rel}","templated":true}]}}