{"id":107864,"date":"2026-05-04T20:04:06","date_gmt":"2026-05-04T23:04:06","guid":{"rendered":"https:\/\/www.hediyepazar.com\/?product=turk-celik-cimbiz-masa-a-milano-design-2-adet-3"},"modified":"2026-05-04T20:04:06","modified_gmt":"2026-05-04T23:04:06","slug":"turk-celik-cimbiz-masa-a-milano-design-2-adet-3","status":"publish","type":"product","link":"https:\/\/www.hediyepazar.com\/?product=turk-celik-cimbiz-masa-a-milano-design-2-adet-3","title":{"rendered":"Turk \u00c7elik C\u0131mb\u0131z Ma\u015fa A.Milano Design 2 ADET"},"content":{"rendered":"<p>\t<strong>\u00dcr\u00fcn \u00d6zellikleri : <\/strong><\/p>\n<p>\t<strong>AKSESUARLAR \u00dcR\u00dcNE DAH\u0130L DE\u011e\u0130LD\u0130R. <\/strong><\/p>\n<p>\t<strong>Materyal : <\/strong>Paslanmaz \u00c7elik<\/p>\n<p>\t<strong>Adet \/ Renk \/ Tasar\u0131m : <\/strong> 2 Adet, Turk Abbate Milano Design olarak tasarlad\u0131\u011f\u0131m\u0131z, resimde yer alan rengi, s\u00fcrpriz ya\u015famaman\u0131z i\u00e7in birebir g\u00f6nderiyoruz<\/p>\n<p>\t<strong>\u00d6l\u00e7\u00fcler : <\/strong>30 cm uzunluk x geni\u015flik 0,8 cm<\/p>\n<p>\t<strong style=\"color: rgb(0, 128, 0);\">GEN\u0130\u015e KULLANIM ALANI :<\/strong><\/p>\n<p>\t<span style=\"color:#008000;\"><strong>Restoranlar, b\u00fcfeler, d\u00fc\u011f\u00fcnler, partiler ve daha fazlas\u0131 i\u00e7in m\u00fckemmeldir. Yemek pi\u015firmek, k\u0131zartmak, k\u00fc\u00e7\u00fck nesneleri kapmak, eczane ama\u00e7l\u0131, sa\u00e7 \u00e7ekmek, elektrik tamiri. k\u00fc\u00e7\u00fck hayvanlar\u0131 beslemek, bir bah\u00e7eyi veya akvaryumu temizlemek, bitki bak\u0131m\u0131 i\u00e7in kullan\u0131labilir. Sallama \u00e7ay\u0131 al\u0131rken, Barmenler, i\u00e7kinize buz koyarken, kokteyl haz\u0131rlarken, kuyumcular ve sonsuz alanda kullan\u0131m ! <\/strong><\/span><\/p>\n<p>\t<strong>DAYANIKLI MALZEME :<\/strong> Milano c\u0131mb\u0131z ma\u015fas\u0131, pas ve korozyona dayan\u0131kl\u0131, toksik olmayan, kaplamas\u0131z, y\u00fcksek kaliteli g\u0131da s\u0131n\u0131f\u0131 paslanmaz \u00e7elikten yap\u0131lm\u0131\u015ft\u0131r. Bula\u015f\u0131k makinesinde y\u0131kanabilir. Kal\u0131nla\u015ft\u0131r\u0131lm\u0131\u015f mutfak c\u0131mb\u0131zlar\u0131 \u00e7ok sa\u011flam, sa\u011flam ve dayan\u0131kl\u0131d\u0131r.<\/p>\n<p>\t<strong>ERGONOM\u0130K TASARIM:<\/strong> Bu pi\u015firme c\u0131mb\u0131z\u0131, rahat ergonomik \u015fekle sahiptir. Rahat bir sap kullanarak, hareketlerinizi korumak i\u00e7in uzun pi\u015firme c\u0131mb\u0131z\u0131. U\u00e7, dokunmak ve hatta basmak i\u00e7in g\u00fcvenli olacak kadar k\u00f6rd\u00fcr ve yiyecekleri g\u00fcvenli bir \u015fekilde tutar, yiyeceklerin kayma ve kayma riskini en aza indirir.<\/p>\n<p>\t<strong>\u00c7OK AMA\u00c7LI KULLANIMLAR: <\/strong>Restoranlar, b\u00fcfeler, d\u00fc\u011f\u00fcnler, partiler ve daha fazlas\u0131 i\u00e7in m\u00fckemmeldir. Yemek pi\u015firmek, k\u0131zartmak, k\u00fc\u00e7\u00fck nesneleri kapmak, eczane ama\u00e7l\u0131, sa\u00e7 \u00e7ekmek, elektrik tamiri. k\u00fc\u00e7\u00fck hayvanlar\u0131 beslemek, bir bah\u00e7eyi veya akvaryumu temizlemek, bitki bak\u0131m\u0131 i\u00e7in kullan\u0131labilir.<\/p>\n<p>\t<strong>M\u00dcKEMMEL SATI\u015e SONRASI H\u0130ZMET : <\/strong>Turk \/ Turk olarak m\u00fc\u015fterilerimize en iyi hizmeti sunmay\u0131 ama\u00e7l\u0131yor, g\u00fcvenle sat\u0131n alabilmeniz i\u00e7in, ambalaj kalitemize g\u00fcveniyor, her \u00fcr\u00fcn sorunsuz teslimat i\u00e7in \u00f6zenle paketliyor ve resimde belirtilen renk, ebat, \u00f6zelikte \u00fcr\u00fcn g\u00f6ndermeyi taahh\u00fct ediyoruz. Hasarl\u0131 \u00fcr\u00fcn ald\u0131ysan\u0131z veya di\u011fer \u00fcr\u00fcn ve paket teslimat sorunlar\u0131 oldu\u011funda bizimle ileti\u015fime ge\u00e7mekten \u00e7ekinmeyin.<\/p>\n<p>\t<strong>Detayl\u0131 bilgi i\u00e7in ek resimleri inceleyebilirsiniz<\/strong><\/p>\n<p><\/p>\n<p>\t<strong><strong> <\/strong><\/strong><\/p>\n<p>\t\u00a0<\/p>\n","protected":false},"excerpt":{"rendered":"<p>\u00dcr\u00fcn \u00d6zellikleri : AKSESUARLAR \u00dcR\u00dcNE DAH\u0130L DE\u011e\u0130LD\u0130R. Materyal : Paslanmaz \u00c7elik Adet \/ Renk \/ Tasar\u0131m : 2 Adet, Turk Abbate Milano Design olarak tasarlad\u0131\u011f\u0131m\u0131z, resimde yer alan rengi, s\u00fcrpriz ya\u015famaman\u0131z i\u00e7in birebir g\u00f6nderiyoruz \u00d6l\u00e7\u00fcler : 30 cm uzunluk x geni\u015flik 0,8 cm GEN\u0130\u015e KULLANIM ALANI : Restoranlar, b\u00fcfeler, d\u00fc\u011f\u00fcnler, partiler ve daha fazlas\u0131 i\u00e7in&#8230;<\/p>\n","protected":false},"featured_media":102240,"comment_status":"open","ping_status":"closed","template":"","meta":{"_kad_post_transparent":"","_kad_post_title":"","_kad_post_layout":"","_kad_post_sidebar_id":"","_kad_post_content_style":"","_kad_post_vertical_padding":"","_kad_post_feature":"","_kad_post_feature_position":"","_kad_post_header":false,"_kad_post_footer":false,"_kad_post_classname":""},"product_brand":[],"product_cat":[14282],"product_tag":[],"class_list":{"0":"post-107864","1":"product","2":"type-product","3":"status-publish","4":"has-post-thumbnail","6":"product_cat-pratik-mutfak-gerecleri-yemek-hazirlik-sofra-mutfak-ev-yasam-pratik-mutfak-gerecleri","8":"first","9":"instock","10":"purchasable","11":"product-type-simple","12":"entry","13":"content-bg","14":"loop-entry"},"_links":{"self":[{"href":"https:\/\/www.hediyepazar.com\/index.php?rest_route=\/wp\/v2\/product\/107864","targetHints":{"allow":["GET"]}}],"collection":[{"href":"https:\/\/www.hediyepazar.com\/index.php?rest_route=\/wp\/v2\/product"}],"about":[{"href":"https:\/\/www.hediyepazar.com\/index.php?rest_route=\/wp\/v2\/types\/product"}],"replies":[{"embeddable":true,"href":"https:\/\/www.hediyepazar.com\/index.php?rest_route=%2Fwp%2Fv2%2Fcomments&post=107864"}],"wp:featuredmedia":[{"embeddable":true,"href":"https:\/\/www.hediyepazar.com\/index.php?rest_route=\/wp\/v2\/media\/102240"}],"wp:attachment":[{"href":"https:\/\/www.hediyepazar.com\/index.php?rest_route=%2Fwp%2Fv2%2Fmedia&parent=107864"}],"wp:term":[{"taxonomy":"product_brand","embeddable":true,"href":"https:\/\/www.hediyepazar.com\/index.php?rest_route=%2Fwp%2Fv2%2Fproduct_brand&post=107864"},{"taxonomy":"product_cat","embeddable":true,"href":"https:\/\/www.hediyepazar.com\/index.php?rest_route=%2Fwp%2Fv2%2Fproduct_cat&post=107864"},{"taxonomy":"product_tag","embeddable":true,"href":"https:\/\/www.hediyepazar.com\/index.php?rest_route=%2Fwp%2Fv2%2Fproduct_tag&post=107864"}],"curies":[{"name":"wp","href":"https:\/\/api.w.org\/{rel}","templated":true}]}}