{"id":107871,"date":"2026-05-04T20:05:16","date_gmt":"2026-05-04T23:05:16","guid":{"rendered":"https:\/\/www.hediyepazar.com\/?product=turk-kalorifer-petek-temizleme-fircasi-3-adet-2"},"modified":"2026-05-04T20:05:16","modified_gmt":"2026-05-04T23:05:16","slug":"turk-kalorifer-petek-temizleme-fircasi-3-adet-2","status":"publish","type":"product","link":"https:\/\/www.hediyepazar.com\/?product=turk-kalorifer-petek-temizleme-fircasi-3-adet-2","title":{"rendered":"Turk Kalorifer Petek Temizleme F\u0131r\u00e7as\u0131 3 ADET"},"content":{"rendered":"<p>\t<strong>\u00dcr\u00fcn \u00d6zellikleri : <\/strong><\/p>\n<p>\t<strong>Adet \/ Renk \/ Tasar\u0131m : 3\u00a0<\/strong>Adet, Turk\u00a0<span style=\"color: rgb(1, 15, 38); font-family: Roboto, sans-serif; font-size: 13px;\">Keope\u00a0\u00a0<\/span>Design olarak tasarlad\u0131\u011f\u0131m\u0131z, resimde yer alan MODEL\u0130 , s\u00fcrpriz ya\u015famaman\u0131z i\u00e7in birebir g\u00f6nderiyoruz<\/p>\n<p>\t<strong>\u00d6l\u00e7\u00fcler : 70 cm uzunluk<\/strong><\/p>\n<p>\t<strong>GEN\u0130\u015e KULLANIM ALANI : \u00c7o\u011fu tip radyat\u00f6r, kurutucu, avize, duvarlar, tavan, \u00e7al\u0131\u015fma masas\u0131, vantilat\u00f6r kanad\u0131, y\u00fcksek merdivenler veya b\u00fcy\u00fck mobilya tozu \u00e7ama\u015f\u0131r makines merdiven korkuluklar\u0131, hava ge\u00e7i\u015fleri, d\u0131\u015f mekan lavabolar\u0131 ve mobilya ve cihazlar\u0131n alt k\u0131s\u0131mlar\u0131n\u0131 temizlemek i\u00e7in \u00e7ok uygundur. i\u00e7-d\u0131\u015f mekan, ev, garaj, ofis, havuz, parke g\u00fcverte, beton zemin, fayans duvar ve k\u00fcvette yayg\u0131n olarak kullan\u0131lmaktad\u0131r.<\/strong><\/p>\n<p>\t<strong>\u00d6NE \u00c7IKAN \u00d6ZELL\u0130K : Kaymaz sap tasar\u0131m\u0131, tutmas\u0131 g\u00fcvenli ve rahatt\u0131r. Plastik malzeme sa\u011flam ve dayan\u0131kl\u0131d\u0131r. Ergonomik tutamak, g\u00fc\u00e7l\u00fc f\u0131r\u00e7alamay\u0131 destekleyerek temizli\u011fi kolayla\u015ft\u0131r\u0131r.<\/strong><\/p>\n<p>\t<strong>OLA\u011eAN\u00dcST\u00dc TOZ EMME &#8211; <\/strong>Temizleme f\u0131r\u00e7as\u0131 elektrostatik olarak tozu kolayca al\u0131r ve hapseder. Sa\u011flam ancak hafif esnek tasar\u0131m temizli\u011fi her zamankinden daha verimli hale geliyor.<\/p>\n<p>\t<strong>TEMEL EV TEM\u0130ZLEME FIR\u00c7ASI: <\/strong>Temizleme f\u0131r\u00e7as\u0131, ev bak\u0131m\u0131n\u0131n \u00f6nemli bir par\u00e7as\u0131d\u0131r. Uzun sapl\u0131 sert k\u0131ll\u0131 f\u0131r\u00e7a, diz \u00e7\u00f6kmeden ve b\u00fck\u00fclmeden ovalamaya izin verir. Yerle\u015fik uzun 70 CM sapl\u0131, duvarlar, tavan, avize, \u00e7al\u0131\u015fma masas\u0131, vantilat\u00f6r kanad\u0131, y\u00fcksek merdivenler veya b\u00fcy\u00fck mobilya tozu gibi noktalara ula\u015fman\u0131za yard\u0131mc\u0131 olur.<\/p>\n<p>\t<strong>DAYANIKLI UZUN KOL: <\/strong>F\u0131r\u00e7a, daha kal\u0131n ve daha y\u00fcksek kaliteli plastikten yap\u0131lm\u0131\u015f uzun bir sap ile birlikte gelir. Uzun temizleme f\u0131r\u00e7as\u0131 s\u0131rt\u0131n\u0131z\u0131 ve dizlerinizi kurtar\u0131r, fayans duvar sert zemin temizleme kabusuna veda eder, aile temizli\u011fini daha kolay ve mutlu k\u0131lar.<\/p>\n<p>\t<strong>\u0130Y\u0130 KAVRAMALAR: <\/strong>Kaymaz sap tasar\u0131m\u0131, tutmas\u0131 g\u00fcvenli ve rahatt\u0131r. Plastik malzeme sa\u011flam ve dayan\u0131kl\u0131d\u0131r. Ergonomik tutamak, g\u00fc\u00e7l\u00fc f\u0131r\u00e7alamay\u0131 destekleyerek temizli\u011fi kolayla\u015ft\u0131r\u0131r.<\/p>\n<p>\t\u0130\u015flevsellik evinizin temiz ve parlak kalmas\u0131na yard\u0131mc\u0131 olaca\u011f\u0131ndan, her seviyedeki pratik bir ev i\u00e7in m\u00fckemmel bir ektir. F\u0131r\u00e7a, dayan\u0131kl\u0131 sapl\u0131 Plastikten \u00dcretilmi\u015ftir &#8211; Temizlemesi ve parlak durumda tutmas\u0131 \u00e7ok basitken, g\u00fcnl\u00fck kullan\u0131m i\u00e7in idealdir.<\/p>\n<p>\t<strong>TASARRUF KATKISI :<\/strong> Temiz radyat\u00f6rler, s\u0131cak hava art\u0131k ince toz partik\u00fclleri ile kar\u0131\u015fmad\u0131\u011f\u0131ndan hava kalitesini iyile\u015ftirir Yak\u0131t faturalar\u0131nda potansiyel tasarruf ile geli\u015fmi\u015f radyat\u00f6r verimlili\u011fine katk\u0131da bulunur<\/p>\n<p>\t<strong>VER\u0130ML\u0130 FONKS\u0130YON : <\/strong>Esnek metal, toz birikiminin neden oldu\u011fu yang\u0131n tehlikelerini \u00f6nlemek i\u00e7in derin tozu etkili bir \u015fekilde temizleyebilir, naylon k\u0131llar\u0131n temizlenmesi kolayd\u0131r, plastik ve ask\u0131l\u0131 kulplar\u0131yla kullan\u0131m\u0131 ve saklanmas\u0131 kolayd\u0131r.<\/p>\n<p>\t<strong>M\u00dcKEMMEL SATI\u015e SONRASI H\u0130ZMET : <\/strong>Turk \/ Turk olarak m\u00fc\u015fterilerimize en iyi hizmeti sunmay\u0131 ama\u00e7l\u0131yor, g\u00fcvenle sat\u0131n alabilmeniz i\u00e7in, ambalaj kalitemize g\u00fcveniyor, her \u00fcr\u00fcn sorunsuz teslimat i\u00e7in \u00f6zenle paketliyor ve resimde belirtilen renk, ebat, \u00f6zelikte \u00fcr\u00fcn g\u00f6ndermeyi taahh\u00fct ediyoruz. Hasarl\u0131 \u00fcr\u00fcn ald\u0131ysan\u0131z veya di\u011fer \u00fcr\u00fcn ve paket teslimat sorunlar\u0131 oldu\u011funda bizimle ileti\u015fime ge\u00e7mekten \u00e7ekinmeyin.<\/p>\n<p>\t<strong>Detayl\u0131 bilgi i\u00e7in ek resimleri inceleyebilirsiniz<\/strong><\/p>\n<p>\t<strong><\/strong><\/p>\n<p>\t\u00a0<\/p>\n","protected":false},"excerpt":{"rendered":"<p>\u00dcr\u00fcn \u00d6zellikleri : Adet \/ Renk \/ Tasar\u0131m : 3\u00a0Adet, Turk\u00a0Keope\u00a0\u00a0Design olarak tasarlad\u0131\u011f\u0131m\u0131z, resimde yer alan MODEL\u0130 , s\u00fcrpriz ya\u015famaman\u0131z i\u00e7in birebir g\u00f6nderiyoruz \u00d6l\u00e7\u00fcler : 70 cm uzunluk GEN\u0130\u015e KULLANIM ALANI : \u00c7o\u011fu tip radyat\u00f6r, kurutucu, avize, duvarlar, tavan, \u00e7al\u0131\u015fma masas\u0131, vantilat\u00f6r kanad\u0131, y\u00fcksek merdivenler veya b\u00fcy\u00fck mobilya tozu \u00e7ama\u015f\u0131r makines merdiven korkuluklar\u0131, hava ge\u00e7i\u015fleri,&#8230;<\/p>\n","protected":false},"featured_media":102253,"comment_status":"open","ping_status":"closed","template":"","meta":{"_kad_post_transparent":"","_kad_post_title":"","_kad_post_layout":"","_kad_post_sidebar_id":"","_kad_post_content_style":"","_kad_post_vertical_padding":"","_kad_post_feature":"","_kad_post_feature_position":"","_kad_post_header":false,"_kad_post_footer":false,"_kad_post_classname":""},"product_brand":[],"product_cat":[14360],"product_tag":[],"class_list":{"0":"post-107871","1":"product","2":"type-product","3":"status-publish","4":"has-post-thumbnail","6":"product_cat-temizlik-gerecleri-ev-temizlik-supermarket-temizlik-gerecleri-ev-temizlik-supermarket","8":"first","9":"instock","10":"purchasable","11":"product-type-simple","12":"entry","13":"content-bg","14":"loop-entry"},"_links":{"self":[{"href":"https:\/\/www.hediyepazar.com\/index.php?rest_route=\/wp\/v2\/product\/107871","targetHints":{"allow":["GET"]}}],"collection":[{"href":"https:\/\/www.hediyepazar.com\/index.php?rest_route=\/wp\/v2\/product"}],"about":[{"href":"https:\/\/www.hediyepazar.com\/index.php?rest_route=\/wp\/v2\/types\/product"}],"replies":[{"embeddable":true,"href":"https:\/\/www.hediyepazar.com\/index.php?rest_route=%2Fwp%2Fv2%2Fcomments&post=107871"}],"wp:featuredmedia":[{"embeddable":true,"href":"https:\/\/www.hediyepazar.com\/index.php?rest_route=\/wp\/v2\/media\/102253"}],"wp:attachment":[{"href":"https:\/\/www.hediyepazar.com\/index.php?rest_route=%2Fwp%2Fv2%2Fmedia&parent=107871"}],"wp:term":[{"taxonomy":"product_brand","embeddable":true,"href":"https:\/\/www.hediyepazar.com\/index.php?rest_route=%2Fwp%2Fv2%2Fproduct_brand&post=107871"},{"taxonomy":"product_cat","embeddable":true,"href":"https:\/\/www.hediyepazar.com\/index.php?rest_route=%2Fwp%2Fv2%2Fproduct_cat&post=107871"},{"taxonomy":"product_tag","embeddable":true,"href":"https:\/\/www.hediyepazar.com\/index.php?rest_route=%2Fwp%2Fv2%2Fproduct_tag&post=107871"}],"curies":[{"name":"wp","href":"https:\/\/api.w.org\/{rel}","templated":true}]}}