{"id":107872,"date":"2026-05-04T20:05:19","date_gmt":"2026-05-04T23:05:19","guid":{"rendered":"https:\/\/www.hediyepazar.com\/?product=turk-kapakli-dis-firca-kutusu-4-adet-scappini-design-2"},"modified":"2026-05-04T20:05:19","modified_gmt":"2026-05-04T23:05:19","slug":"turk-kapakli-dis-firca-kutusu-4-adet-scappini-design-2","status":"publish","type":"product","link":"https:\/\/www.hediyepazar.com\/?product=turk-kapakli-dis-firca-kutusu-4-adet-scappini-design-2","title":{"rendered":"Turk Kapakl\u0131 Di\u015f F\u0131r\u00e7a Kutusu 4 ADET Scappini Design"},"content":{"rendered":"<p>\t<strong>\u00dcr\u00fcn \u00d6zellikleri : <\/strong><\/p>\n<p>\t<strong>AKSESUARLAR \u00dcR\u00dcNE DAH\u0130L DE\u011e\u0130LD\u0130R.\u00a0<\/strong><\/p>\n<p>\t<strong>Materyal :\u00a0<\/strong>PP Plastik<\/p>\n<p>\t<strong>Adet \/ Renk \/ Tasar\u0131m : <\/strong> 4 Adet, Turk Blazina Bores Design olarak tasarlad\u0131\u011f\u0131m\u0131z, resimde yer alan rengi, s\u00fcrpriz ya\u015famaman\u0131z i\u00e7in birebir g\u00f6nderiyoruz<\/p>\n<p>\t<span style=\"color: rgb(0, 128, 0);\"><strong>GEN\u0130\u015e KULLANIM ALANI :\u00a0<\/strong><\/span>Evde veya seyahatte kullan\u0131labilir di\u015f f\u0131r\u00e7as\u0131 kutusu<\/p>\n<p>\t<span style=\"color:#008000;\"><strong>\u00d6NE \u00c7IKAN \u00d6ZELL\u0130K : Kapakl\u0131 ve \u00e7ift tarafl\u0131 hava alabilir tasar\u0131m\u00a0<\/strong><\/span><\/p>\n<p>\tEvde veya seyahatte kullan\u0131labilir di\u015f f\u0131r\u00e7as\u0131 kutusu, \u00c7ift havaland\u0131rma delikleri sayesinde di\u015f f\u0131r\u00e7as\u0131n\u0131 kuru ve nefes alabilir tutar. Di\u015f f\u0131r\u00e7as\u0131n\u0131 deformasyondan korur. Yuvarlak K\u00f6\u015fe tasar\u0131m\u0131, \u00e7antan\u0131zdaki di\u011fer e\u015fyalar\u0131 \u00e7izmez.<\/p>\n<p>\t<strong>Ta\u015f\u0131nabilir ve Dayan\u0131kl\u0131: <\/strong>Di\u015f f\u0131r\u00e7as\u0131 kutusu a\u015f\u0131maya uygundur, seyahat, kamp, \u200b\u200bspor salonu, aile, otel, okul, i\u015f gezisi vb. i\u00e7in m\u00fckemmeldir. Plastik di\u015f f\u0131r\u00e7as\u0131 tutucu seyahat hafif ve dayan\u0131kl\u0131d\u0131r. Seyahat ederken di\u015f f\u0131r\u00e7alar\u0131n\u0131z\u0131 temiz ve ta\u015f\u0131mas\u0131 kolay tutun, yolculu\u011funuzu daha g\u00fcvenli ve sa\u011fl\u0131kl\u0131 hale getirin.<\/p>\n<p>\t<strong>G\u00fcvenli Sa\u011fl\u0131k Malzemesi: <\/strong>Seyahat di\u015f f\u0131r\u00e7as\u0131 kutusu, y\u00fcksek kaliteli PP malzemeden yap\u0131lm\u0131\u015ft\u0131r, g\u00fcvenli, dayan\u0131kl\u0131, zehirsiz, kokusuzdur. \u00c7ift havaland\u0131rma delikleri di\u015f f\u0131r\u00e7as\u0131n\u0131 kuru ve nefes alabilir tutar.<\/p>\n<p>\t<strong>M\u00dcKEMMEL SATI\u015e SONRASI H\u0130ZMET : <\/strong>Turk \/ Turk olarak m\u00fc\u015fterilerimize en iyi hizmeti sunmay\u0131 ama\u00e7l\u0131yor, g\u00fcvenle sat\u0131n alabilmeniz i\u00e7in, ambalaj kalitemize g\u00fcveniyor, her \u00fcr\u00fcn sorunsuz teslimat i\u00e7in \u00f6zenle paketliyor ve resimde belirtilen renk, ebat, \u00f6zelikte \u00fcr\u00fcn g\u00f6ndermeyi taahh\u00fct ediyoruz. Hasarl\u0131 \u00fcr\u00fcn ald\u0131ysan\u0131z veya di\u011fer \u00fcr\u00fcn ve paket teslimat sorunlar\u0131 oldu\u011funda bizimle ileti\u015fime ge\u00e7mekten \u00e7ekinmeyin.<\/p>\n<p>\t<strong>Detayl\u0131 bilgi i\u00e7in ek resimleri inceleyebilirsiniz<\/strong><\/p>\n<p><\/p>\n<p>\t<strong><strong> <\/strong><\/strong><\/p>\n<p>\t\u00a0<\/p>\n","protected":false},"excerpt":{"rendered":"<p>\u00dcr\u00fcn \u00d6zellikleri : AKSESUARLAR \u00dcR\u00dcNE DAH\u0130L DE\u011e\u0130LD\u0130R.\u00a0 Materyal :\u00a0PP Plastik Adet \/ Renk \/ Tasar\u0131m : 4 Adet, Turk Blazina Bores Design olarak tasarlad\u0131\u011f\u0131m\u0131z, resimde yer alan rengi, s\u00fcrpriz ya\u015famaman\u0131z i\u00e7in birebir g\u00f6nderiyoruz GEN\u0130\u015e KULLANIM ALANI :\u00a0Evde veya seyahatte kullan\u0131labilir di\u015f f\u0131r\u00e7as\u0131 kutusu \u00d6NE \u00c7IKAN \u00d6ZELL\u0130K : Kapakl\u0131 ve \u00e7ift tarafl\u0131 hava alabilir tasar\u0131m\u00a0 Evde&#8230;<\/p>\n","protected":false},"featured_media":102255,"comment_status":"open","ping_status":"closed","template":"","meta":{"_kad_post_transparent":"","_kad_post_title":"","_kad_post_layout":"","_kad_post_sidebar_id":"","_kad_post_content_style":"","_kad_post_vertical_padding":"","_kad_post_feature":"","_kad_post_feature_position":"","_kad_post_header":false,"_kad_post_footer":false,"_kad_post_classname":""},"product_brand":[],"product_cat":[14366],"product_tag":[],"class_list":{"0":"post-107872","1":"product","2":"type-product","3":"status-publish","4":"has-post-thumbnail","6":"product_cat-vucut-bakimi-cilt-bakimi-kadin-kozmetik-kadin-vucut-bakimi-cilt-bakimi-kadin-kozmetik-kadin","8":"first","9":"instock","10":"purchasable","11":"product-type-simple","12":"entry","13":"content-bg","14":"loop-entry"},"_links":{"self":[{"href":"https:\/\/www.hediyepazar.com\/index.php?rest_route=\/wp\/v2\/product\/107872","targetHints":{"allow":["GET"]}}],"collection":[{"href":"https:\/\/www.hediyepazar.com\/index.php?rest_route=\/wp\/v2\/product"}],"about":[{"href":"https:\/\/www.hediyepazar.com\/index.php?rest_route=\/wp\/v2\/types\/product"}],"replies":[{"embeddable":true,"href":"https:\/\/www.hediyepazar.com\/index.php?rest_route=%2Fwp%2Fv2%2Fcomments&post=107872"}],"wp:featuredmedia":[{"embeddable":true,"href":"https:\/\/www.hediyepazar.com\/index.php?rest_route=\/wp\/v2\/media\/102255"}],"wp:attachment":[{"href":"https:\/\/www.hediyepazar.com\/index.php?rest_route=%2Fwp%2Fv2%2Fmedia&parent=107872"}],"wp:term":[{"taxonomy":"product_brand","embeddable":true,"href":"https:\/\/www.hediyepazar.com\/index.php?rest_route=%2Fwp%2Fv2%2Fproduct_brand&post=107872"},{"taxonomy":"product_cat","embeddable":true,"href":"https:\/\/www.hediyepazar.com\/index.php?rest_route=%2Fwp%2Fv2%2Fproduct_cat&post=107872"},{"taxonomy":"product_tag","embeddable":true,"href":"https:\/\/www.hediyepazar.com\/index.php?rest_route=%2Fwp%2Fv2%2Fproduct_tag&post=107872"}],"curies":[{"name":"wp","href":"https:\/\/api.w.org\/{rel}","templated":true}]}}