{"id":107902,"date":"2026-05-04T20:11:15","date_gmt":"2026-05-04T23:11:15","guid":{"rendered":"https:\/\/www.hediyepazar.com\/?product=turk-masajli-silikon-banyo-fircasi-nuage-design-2"},"modified":"2026-05-04T20:11:15","modified_gmt":"2026-05-04T23:11:15","slug":"turk-masajli-silikon-banyo-fircasi-nuage-design-2","status":"publish","type":"product","link":"https:\/\/www.hediyepazar.com\/?product=turk-masajli-silikon-banyo-fircasi-nuage-design-2","title":{"rendered":"Turk Masajl\u0131 Silikon Banyo F\u0131r\u00e7as\u0131 Nuage Design"},"content":{"rendered":"<p>\t<strong>NEYE SAH\u0130P OLACAKSINIZ ? <\/strong> 1 ADET, GR\u0130 renk, 12 X 7 X 3 CM \u00f6l\u00e7lerinde, silikon,\u00a0 , Turk Nuage Design olarak tasarlad\u0131\u011f\u0131m\u0131z \u00fcr\u00fcn\u00fc g\u00f6nderiyoruz.Renk birebir g\u00f6nderilir ve s\u00fcrpriz ya\u015famazs\u0131n\u0131z.<\/p>\n<p>\t<strong>\u00dcr\u00fcn \u00d6zelikleri : <\/strong><\/p>\n<p>\t<strong>CANLANDIRICI : <\/strong>Du\u015f almadan hemen \u00f6nce g\u00fcnl\u00fck rutininize bu kuru f\u0131r\u00e7a ile bir sabah seans\u0131 ekleyin ve sadece bir spada alabilece\u011finiz t\u00fcrden bir bak\u0131mla cildinizi gen\u00e7le\u015ftirirken fark\u0131 hissedin. Ayaklardan omuzlara kadar bu v\u00fccut f\u0131r\u00e7as\u0131, lenf d\u00fc\u011f\u00fcmlerinizi uyarmaya, kan ak\u0131\u015f\u0131n\u0131 iyile\u015ftirmeye, toksinleri yok etmeye ve cildinizi ba\u015fka hi\u00e7bir \u015feyin yapamayaca\u011f\u0131 \u015fekilde pul pul d\u00f6kmeye yard\u0131mc\u0131 olur.<\/p>\n<p>\t<strong>HER YERDE :\u00a0 <\/strong>\u0130ster kollar\u0131n\u0131z\u0131 ve uyluklar\u0131n\u0131z\u0131 f\u0131r\u00e7alamak i\u00e7in, ister s\u0131rt\u0131n\u0131zdaki \u00f6l\u00fc deriy\u0130 TEM\u0130ZLEMEK i\u00e7in ergonomik sap\u0131 kullan\u0131n, bu banyo f\u0131r\u00e7as\u0131 cildinizin sabunlardan, kremlerden, du\u015f jellerinden en iyi \u015fekilde yararlanmas\u0131n\u0131 sa\u011flayan eksiksiz bir kuru cilt bak\u0131m \u00e7\u00f6z\u00fcm\u00fcd\u00fcr.<\/p>\n<p>\t<strong>SEL\u00dcL\u0130TLE M\u00dcCADELE: <\/strong>Kilo veriyor olsan\u0131z bile inat\u00e7\u0131 sel\u00fclit cildinizin ya\u015f\u0131n\u0131 veya \u00f6tesinde g\u00f6r\u00fcnmesini sa\u011flayabilir. Bu lenfatik drenajl\u0131 kuru v\u00fccut f\u0131r\u00e7as\u0131, sel\u00fcliti ezmeye, fasyay\u0131 k\u0131rmaya ve cildinizi p\u00fcr\u00fczs\u00fczle\u015ftirmeye yard\u0131mc\u0131 olabilir, b\u00f6ylece du\u015ftan her seferinde \u0131\u015f\u0131lt\u0131l\u0131 bir g\u00f6r\u00fcn\u00fcm elde edersiniz.<\/p>\n<p>\t<strong>KOLAY KULLANIM : <\/strong>Banyo f\u0131r\u00e7as\u0131n\u0131 \u0131l\u0131k suyla \u0131slat\u0131n ve zengin k\u00f6p\u00fck elde etmek i\u00e7in biraz du\u015f jeli uygulay\u0131n. T\u00fcm v\u00fccudunuzu nazik\u00e7e f\u0131r\u00e7alay\u0131n. Kulland\u0131ktan sonra iyice durulay\u0131n, kuru ve havaland\u0131r\u0131lm\u0131\u015f bir yere as\u0131n, k\u00fcflenmeyi \u00f6nleyin, bakteri \u00fcremesini azalt\u0131n ve servis \u00f6mr\u00fcn\u00fc uzat\u0131n.<\/p>\n<p>\t<strong>M\u00dcKEMMEL SATI\u015e SONRASI H\u0130ZMET : <\/strong>Turk \/ Turk olarak m\u00fc\u015fterilerimize en iyi hizmeti sunmay\u0131 ama\u00e7l\u0131yor, g\u00fcvenle sat\u0131n alabilmeniz i\u00e7in, ambalaj kalitemize g\u00fcveniyor, her \u00fcr\u00fcn sorunsuz teslimat i\u00e7in \u00f6zenle paketliyor ve resimde belirtilen renk, ebat, \u00f6zelikte \u00fcr\u00fcn g\u00f6ndermeyi taahh\u00fct ediyoruz. Hasarl\u0131 \u00fcr\u00fcn ald\u0131ysan\u0131z veya di\u011fer \u00fcr\u00fcn ve paket teslimat sorunlar\u0131 oldu\u011funda bizimle ileti\u015fime ge\u00e7mekten \u00e7ekinmeyin.<\/p>\n<p>\t<strong>Detayl\u0131 bilgi i\u00e7in ek resimleri inceleyebilirsiniz<\/strong><\/p>\n<p><\/p>\n<p>\t<strong><strong> <\/strong><\/strong><\/p>\n<p>\t\u00a0<\/p>\n","protected":false},"excerpt":{"rendered":"<p>NEYE SAH\u0130P OLACAKSINIZ ? 1 ADET, GR\u0130 renk, 12 X 7 X 3 CM \u00f6l\u00e7lerinde, silikon,\u00a0 , Turk Nuage Design olarak tasarlad\u0131\u011f\u0131m\u0131z \u00fcr\u00fcn\u00fc g\u00f6nderiyoruz.Renk birebir g\u00f6nderilir ve s\u00fcrpriz ya\u015famazs\u0131n\u0131z. \u00dcr\u00fcn \u00d6zelikleri : CANLANDIRICI : Du\u015f almadan hemen \u00f6nce g\u00fcnl\u00fck rutininize bu kuru f\u0131r\u00e7a ile bir sabah seans\u0131 ekleyin ve sadece bir spada alabilece\u011finiz t\u00fcrden bir&#8230;<\/p>\n","protected":false},"featured_media":102300,"comment_status":"open","ping_status":"closed","template":"","meta":{"_kad_post_transparent":"","_kad_post_title":"","_kad_post_layout":"","_kad_post_sidebar_id":"","_kad_post_content_style":"","_kad_post_vertical_padding":"","_kad_post_feature":"","_kad_post_feature_position":"","_kad_post_header":false,"_kad_post_footer":false,"_kad_post_classname":""},"product_brand":[],"product_cat":[14294],"product_tag":[],"class_list":{"0":"post-107902","1":"product","2":"type-product","3":"status-publish","4":"has-post-thumbnail","6":"product_cat-banyo-yapi-malzemeleri-yapi-market-bahce-yapi-market-ev-yasam-banyo-yapi-malzemeleri","8":"first","9":"instock","10":"purchasable","11":"product-type-simple","12":"entry","13":"content-bg","14":"loop-entry"},"_links":{"self":[{"href":"https:\/\/www.hediyepazar.com\/index.php?rest_route=\/wp\/v2\/product\/107902","targetHints":{"allow":["GET"]}}],"collection":[{"href":"https:\/\/www.hediyepazar.com\/index.php?rest_route=\/wp\/v2\/product"}],"about":[{"href":"https:\/\/www.hediyepazar.com\/index.php?rest_route=\/wp\/v2\/types\/product"}],"replies":[{"embeddable":true,"href":"https:\/\/www.hediyepazar.com\/index.php?rest_route=%2Fwp%2Fv2%2Fcomments&post=107902"}],"wp:featuredmedia":[{"embeddable":true,"href":"https:\/\/www.hediyepazar.com\/index.php?rest_route=\/wp\/v2\/media\/102300"}],"wp:attachment":[{"href":"https:\/\/www.hediyepazar.com\/index.php?rest_route=%2Fwp%2Fv2%2Fmedia&parent=107902"}],"wp:term":[{"taxonomy":"product_brand","embeddable":true,"href":"https:\/\/www.hediyepazar.com\/index.php?rest_route=%2Fwp%2Fv2%2Fproduct_brand&post=107902"},{"taxonomy":"product_cat","embeddable":true,"href":"https:\/\/www.hediyepazar.com\/index.php?rest_route=%2Fwp%2Fv2%2Fproduct_cat&post=107902"},{"taxonomy":"product_tag","embeddable":true,"href":"https:\/\/www.hediyepazar.com\/index.php?rest_route=%2Fwp%2Fv2%2Fproduct_tag&post=107902"}],"curies":[{"name":"wp","href":"https:\/\/api.w.org\/{rel}","templated":true}]}}