{"id":107930,"date":"2026-05-04T20:21:07","date_gmt":"2026-05-04T23:21:07","guid":{"rendered":"https:\/\/www.hediyepazar.com\/?product=turk-hali-kaydirmaz-cirt-pedler-30-adet-2"},"modified":"2026-05-04T20:21:07","modified_gmt":"2026-05-04T23:21:07","slug":"turk-hali-kaydirmaz-cirt-pedler-30-adet-2","status":"publish","type":"product","link":"https:\/\/www.hediyepazar.com\/?product=turk-hali-kaydirmaz-cirt-pedler-30-adet-2","title":{"rendered":"Turk Hal\u0131 Kayd\u0131rmaz C\u0131rt Pedler 30 ADET"},"content":{"rendered":"<p>\t<strong>\u00dcr\u00fcn \u00d6zellikleri : <\/strong><\/p>\n<p>\t<strong>Adet \/ Renk \/ Tasar\u0131m : <\/strong> 30 Adet, Turk Cassani Bottino Design olarak tasarlad\u0131\u011f\u0131m\u0131z, resimde yer alan S\u0130YAH rengi, s\u00fcrpriz ya\u015famaman\u0131z i\u00e7in birebir g\u00f6nderiyoruz<\/p>\n<p>\t<strong>\u00d6l\u00e7\u00fcler : <\/strong> 5 cm \u00e7ap\u0131nda<\/p>\n<p>\t<strong>C\u0131rt C\u0131rtl\u0131 Yap\u0131\u015fkan : <\/strong>G\u00fc\u00e7l\u00fc tutu\u015fa sahip yap\u0131\u015fkan c\u0131rt c\u0131rt bant. SADECE HALI DE\u011e\u0130L ; K\u00fc\u00e7\u00fck hafif \u015feyleri, zarflar\u0131, uzaktan kumandalar\u0131, y\u00f6nlendiricileri, perdeleri, kabin \u0131\u015f\u0131klar\u0131n\u0131, yamalar\u0131, bir minderi, ka\u011f\u0131tlar\u0131 ve di\u011fer kaymaz nesneleri tutturun.<\/p>\n<p>\t<strong>G\u00fc\u00e7l\u00fc Y\u00fckseltilmi\u015f Yap\u0131\u015fkan Bant : <\/strong>Cam, ah\u015fap, metal, plastik, kuma\u015f, duvar ve di\u011fer temiz d\u00fcz p\u00fcr\u00fczs\u00fcz y\u00fczeylerde daha uzun \u00f6m\u00fcrl\u00fc ve dayan\u0131kl\u0131 yap\u0131\u015fkan.. Organizasyon ve zanaat\/i\u015f\u00e7ilik i\u00e7in s\u0131n\u0131rs\u0131z olanaklar, kilim hal\u0131 paspas durdurma.<\/p>\n<p>\t<strong>\u00c7ift Tarafl\u0131 Bant\u0131n Kullan\u0131m\u0131 ve \u00c7\u0131kar\u0131lmas\u0131 Kolay <\/strong>: C\u0131rt c\u0131rtl\u0131 bantlar basit\u00e7e soyulup yap\u0131\u015ft\u0131r\u0131l\u0131r, arkas\u0131 yap\u0131\u015fkand\u0131r. Kalemlik, \u00e7i\u00e7ek vazosu, mobilya altl\u0131klar\u0131, kilim, hal\u0131, paspas, ayakkab\u0131 s\u00fcsleri, i\u015flemeli yama, aplike yamalar\u0131, telefon k\u0131l\u0131f\u0131 ve resim i\u00e7in m\u00fckemmel bir stoper<\/p>\n<p>\t<strong>Hem i\u00e7 hem de d\u0131\u015f mekanlarda yayg\u0131n olarak kullan\u0131l\u0131r :<\/strong> Okul projeleri, mutfak, ev ve ofis \u00e7evresinde d\u00fczenleme i\u00e7in uygundur; g\u00fcne\u015f duvar lambalar\u0131 i\u00e7in d\u0131\u015f mekan, kamp. Kuma\u015f montaj band\u0131m\u0131z tekstil, beton, porselen, plastik, kuma\u015f ve ah\u015fap dahil olmak \u00fczere hemen hemen her y\u00fczeye yap\u0131\u015fabilen su ge\u00e7irmezdir.<\/p>\n<p>\t<strong>\u00d6NEML\u0130 \u0130PU\u00c7LARI :<\/strong> \u00c7ift tarafl\u0131 yap\u0131\u015fkan duvar band\u0131m\u0131z sadece p\u00fcr\u00fczs\u00fcz, temiz ve kuru y\u00fczeylerde kullan\u0131l\u0131r. Herhangi bir elektrikli duvar, boyal\u0131 duvar, p\u00fcr\u00fczl\u00fc y\u00fczey veya d\u00fczensiz \u00f6\u011feler tavsiye edilmez. Bu montaj bantlar\u0131 \u00e7ok g\u00fc\u00e7l\u00fc bir yap\u0131\u015ft\u0131r\u0131c\u0131d\u0131r, iyi yap\u0131\u015f\u0131r ya da yap\u0131\u015fmaz, ger\u00e7ekten y\u00fczeye ba\u011fl\u0131d\u0131r ya da nesnenin stres noktas\u0131na ba\u011fl\u0131 olarak do\u011fru yere yap\u0131\u015f\u0131p yap\u0131\u015fmad\u0131\u011f\u0131na ba\u011fl\u0131d\u0131r.<\/p>\n<p>\t<strong>M\u00dcKEMMEL SATI\u015e SONRASI H\u0130ZMET : <\/strong>Turk \/ Turk olarak m\u00fc\u015fterilerimize en iyi hizmeti sunmay\u0131 ama\u00e7l\u0131yor, g\u00fcvenle sat\u0131n alabilmeniz i\u00e7in, ambalaj kalitemize g\u00fcveniyor, her \u00fcr\u00fcn sorunsuz teslimat i\u00e7in \u00f6zenle paketliyor ve resimde belirtilen renk, ebat, \u00f6zelikte \u00fcr\u00fcn g\u00f6ndermeyi taahh\u00fct ediyoruz. Hasarl\u0131 \u00fcr\u00fcn ald\u0131ysan\u0131z veya di\u011fer \u00fcr\u00fcn ve paket teslimat sorunlar\u0131 oldu\u011funda bizimle ileti\u015fime ge\u00e7mekten \u00e7ekinmeyin.<\/p>\n<p>\t<strong>Detayl\u0131 bilgi i\u00e7in ek resimleri inceleyebilirsiniz<\/strong><\/p>\n<p><\/p>\n<p>\t<strong><strong> <\/strong><\/strong><\/p>\n<p>\t\u00a0<\/p>\n","protected":false},"excerpt":{"rendered":"<p>\u00dcr\u00fcn \u00d6zellikleri : Adet \/ Renk \/ Tasar\u0131m : 30 Adet, Turk Cassani Bottino Design olarak tasarlad\u0131\u011f\u0131m\u0131z, resimde yer alan S\u0130YAH rengi, s\u00fcrpriz ya\u015famaman\u0131z i\u00e7in birebir g\u00f6nderiyoruz \u00d6l\u00e7\u00fcler : 5 cm \u00e7ap\u0131nda C\u0131rt C\u0131rtl\u0131 Yap\u0131\u015fkan : G\u00fc\u00e7l\u00fc tutu\u015fa sahip yap\u0131\u015fkan c\u0131rt c\u0131rt bant. SADECE HALI DE\u011e\u0130L ; K\u00fc\u00e7\u00fck hafif \u015feyleri, zarflar\u0131, uzaktan kumandalar\u0131, y\u00f6nlendiricileri, perdeleri,&#8230;<\/p>\n","protected":false},"featured_media":102337,"comment_status":"open","ping_status":"closed","template":"","meta":{"_kad_post_transparent":"","_kad_post_title":"","_kad_post_layout":"","_kad_post_sidebar_id":"","_kad_post_content_style":"","_kad_post_vertical_padding":"","_kad_post_feature":"","_kad_post_feature_position":"","_kad_post_header":false,"_kad_post_footer":false,"_kad_post_classname":""},"product_brand":[],"product_cat":[14156],"product_tag":[],"class_list":{"0":"post-107930","1":"product","2":"type-product","3":"status-publish","4":"has-post-thumbnail","6":"product_cat-pratik-ev-esyalari-ev-gerecleri-ev-yasam-pratik-ev-esyalari-ev-gerecleri-ev-yasam","8":"first","9":"instock","10":"purchasable","11":"product-type-simple","12":"entry","13":"content-bg","14":"loop-entry"},"_links":{"self":[{"href":"https:\/\/www.hediyepazar.com\/index.php?rest_route=\/wp\/v2\/product\/107930","targetHints":{"allow":["GET"]}}],"collection":[{"href":"https:\/\/www.hediyepazar.com\/index.php?rest_route=\/wp\/v2\/product"}],"about":[{"href":"https:\/\/www.hediyepazar.com\/index.php?rest_route=\/wp\/v2\/types\/product"}],"replies":[{"embeddable":true,"href":"https:\/\/www.hediyepazar.com\/index.php?rest_route=%2Fwp%2Fv2%2Fcomments&post=107930"}],"wp:featuredmedia":[{"embeddable":true,"href":"https:\/\/www.hediyepazar.com\/index.php?rest_route=\/wp\/v2\/media\/102337"}],"wp:attachment":[{"href":"https:\/\/www.hediyepazar.com\/index.php?rest_route=%2Fwp%2Fv2%2Fmedia&parent=107930"}],"wp:term":[{"taxonomy":"product_brand","embeddable":true,"href":"https:\/\/www.hediyepazar.com\/index.php?rest_route=%2Fwp%2Fv2%2Fproduct_brand&post=107930"},{"taxonomy":"product_cat","embeddable":true,"href":"https:\/\/www.hediyepazar.com\/index.php?rest_route=%2Fwp%2Fv2%2Fproduct_cat&post=107930"},{"taxonomy":"product_tag","embeddable":true,"href":"https:\/\/www.hediyepazar.com\/index.php?rest_route=%2Fwp%2Fv2%2Fproduct_tag&post=107930"}],"curies":[{"name":"wp","href":"https:\/\/api.w.org\/{rel}","templated":true}]}}