{"id":107954,"date":"2026-05-04T20:34:20","date_gmt":"2026-05-04T23:34:20","guid":{"rendered":"https:\/\/www.hediyepazar.com\/?product=turk-pipetli-bardak-2-li-momma-design-3"},"modified":"2026-05-04T20:34:20","modified_gmt":"2026-05-04T23:34:20","slug":"turk-pipetli-bardak-2-li-momma-design-3","status":"publish","type":"product","link":"https:\/\/www.hediyepazar.com\/?product=turk-pipetli-bardak-2-li-momma-design-3","title":{"rendered":"Turk Pipetli Bardak 2 li Momma Design"},"content":{"rendered":"<p>\t<strong>\u00dcr\u00fcn \u00d6zellikleri : <\/strong><\/p>\n<p>\t<strong>RENK : <\/strong> Turk\u00a0<span style=\"color: rgb(1, 15, 38); font-family: Roboto, sans-serif; font-size: 13px; background-color: rgb(247, 247, 247);\">Momma\u00a0<\/span>serisi olarak tasarlad\u0131\u011f\u0131m\u0131z bu \u00fcr\u00fcn\u00fc Resimdeki 2 li Renk\/tasar\u0131m\u0131 birebir g\u00f6re g\u00f6nderiyoruz. S\u00fcrpriz ya\u015famazs\u0131n\u0131z.<\/p>\n<p>\t<strong>MATERYAL : BPA i\u00e7ermeyen plastik <\/strong><\/p>\n<p>\t<strong>ADET : 2 <\/strong><\/p>\n<p>\t<strong>KAPAS\u0130TE : 350 ml <\/strong><\/p>\n<p>\tBebe\u011finiz\/\u00e7ocu\u011funuz\u00a0 i\u00e7in tasarlanm\u0131\u015f sevimli su\/meyve suyu barda\u011f\u0131<br \/>\tS\u0131zd\u0131rmaz kapakl\u0131 ve ergonomik tasar\u0131ma sahiptir.<br \/>\t2 li set, bir tanesini \u00e7antan\u0131zda ta\u015f\u0131man\u0131z i\u00e7in d\u00fc\u015f\u00fcn\u00fcld\u00fc.<\/p>\n<p>\t<strong>Ekran fark\u0131 nedeniyle, renk tonlar\u0131 %0,5 oran\u0131nda fark, Manuel \u00f6l\u00e7\u00fcm nedeniyle Milimetre fark olabilir. anlay\u0131\u015f g\u00f6stermenizi rica ederiz. <\/strong><\/p>\n<p>\tDETAYLI B\u0130LG\u0130 \u0130\u00c7\u0130N EK RES\u0130MLER\u0130 \u0130NCELEYEB\u0130L\u0130RS\u0130N\u0130Z.\t<\/p>\n<p>\t\u00a0<\/p>\n","protected":false},"excerpt":{"rendered":"<p>\u00dcr\u00fcn \u00d6zellikleri : RENK : Turk\u00a0Momma\u00a0serisi olarak tasarlad\u0131\u011f\u0131m\u0131z bu \u00fcr\u00fcn\u00fc Resimdeki 2 li Renk\/tasar\u0131m\u0131 birebir g\u00f6re g\u00f6nderiyoruz. S\u00fcrpriz ya\u015famazs\u0131n\u0131z. MATERYAL : BPA i\u00e7ermeyen plastik ADET : 2 KAPAS\u0130TE : 350 ml Bebe\u011finiz\/\u00e7ocu\u011funuz\u00a0 i\u00e7in tasarlanm\u0131\u015f sevimli su\/meyve suyu barda\u011f\u0131 S\u0131zd\u0131rmaz kapakl\u0131 ve ergonomik tasar\u0131ma sahiptir. 2 li set, bir tanesini \u00e7antan\u0131zda ta\u015f\u0131man\u0131z i\u00e7in d\u00fc\u015f\u00fcn\u00fcld\u00fc. Ekran fark\u0131&#8230;<\/p>\n","protected":false},"featured_media":102378,"comment_status":"open","ping_status":"closed","template":"","meta":{"_kad_post_transparent":"","_kad_post_title":"","_kad_post_layout":"","_kad_post_sidebar_id":"","_kad_post_content_style":"","_kad_post_vertical_padding":"","_kad_post_feature":"","_kad_post_feature_position":"","_kad_post_header":false,"_kad_post_footer":false,"_kad_post_classname":""},"product_brand":[],"product_cat":[14160],"product_tag":[],"class_list":{"0":"post-107954","1":"product","2":"type-product","3":"status-publish","4":"has-post-thumbnail","6":"product_cat-suluk-ve-matara-sofra-mutfak-ev-yasam-suluk-ve-matara-sofra-mutfak","8":"first","9":"instock","10":"purchasable","11":"product-type-simple","12":"entry","13":"content-bg","14":"loop-entry"},"_links":{"self":[{"href":"https:\/\/www.hediyepazar.com\/index.php?rest_route=\/wp\/v2\/product\/107954","targetHints":{"allow":["GET"]}}],"collection":[{"href":"https:\/\/www.hediyepazar.com\/index.php?rest_route=\/wp\/v2\/product"}],"about":[{"href":"https:\/\/www.hediyepazar.com\/index.php?rest_route=\/wp\/v2\/types\/product"}],"replies":[{"embeddable":true,"href":"https:\/\/www.hediyepazar.com\/index.php?rest_route=%2Fwp%2Fv2%2Fcomments&post=107954"}],"wp:featuredmedia":[{"embeddable":true,"href":"https:\/\/www.hediyepazar.com\/index.php?rest_route=\/wp\/v2\/media\/102378"}],"wp:attachment":[{"href":"https:\/\/www.hediyepazar.com\/index.php?rest_route=%2Fwp%2Fv2%2Fmedia&parent=107954"}],"wp:term":[{"taxonomy":"product_brand","embeddable":true,"href":"https:\/\/www.hediyepazar.com\/index.php?rest_route=%2Fwp%2Fv2%2Fproduct_brand&post=107954"},{"taxonomy":"product_cat","embeddable":true,"href":"https:\/\/www.hediyepazar.com\/index.php?rest_route=%2Fwp%2Fv2%2Fproduct_cat&post=107954"},{"taxonomy":"product_tag","embeddable":true,"href":"https:\/\/www.hediyepazar.com\/index.php?rest_route=%2Fwp%2Fv2%2Fproduct_tag&post=107954"}],"curies":[{"name":"wp","href":"https:\/\/api.w.org\/{rel}","templated":true}]}}