{"id":107962,"date":"2026-05-04T20:37:26","date_gmt":"2026-05-04T23:37:26","guid":{"rendered":"https:\/\/www.hediyepazar.com\/?product=turk-buz-kupu-surekli-kullanim-20-adet-nordgrona-2"},"modified":"2026-05-04T20:37:26","modified_gmt":"2026-05-04T23:37:26","slug":"turk-buz-kupu-surekli-kullanim-20-adet-nordgrona-2","status":"publish","type":"product","link":"https:\/\/www.hediyepazar.com\/?product=turk-buz-kupu-surekli-kullanim-20-adet-nordgrona-2","title":{"rendered":"Turk Buz K\u00fcp\u00fc S\u00fcrekli Kullan\u0131m 20 ADET Nordgr\u00f6na"},"content":{"rendered":"<p>\t<strong>\u00dcr\u00fcn \u00d6zellikleri : <\/strong><\/p>\n<p>\t<strong>RENK : <\/strong> Turk Nordgr\u00f6na serisi olarak tasarlad\u0131\u011f\u0131m\u0131z bu \u00fcr\u00fcn\u00fc 4 renk tasar\u0131m\u0131 birebir g\u00f6re g\u00f6nderiyoruz. S\u00fcrpriz ya\u015famazs\u0131n\u0131z.<\/p>\n<p>\t<strong>ADET : 20 Adet\u00a0<\/strong><\/p>\n<p>\t<strong>\u00d6L\u00c7\u00dcLER : 2,5 cm x 2,5 cm\u00a0<\/strong><\/p>\n<p>\t<strong>UYGUN, KOLAY VE YEN\u0130DEN KULLANILAB\u0130L\u0130R: <\/strong>Buz k\u00fcp\u00fc tepsilerini suyla yeniden doldurmak zorunda kalmadan buz k\u00fcplerini her zaman kullan\u0131ma haz\u0131r bulundurun. Bu yeniden kullan\u0131labilir buz k\u00fcpleri, kullan\u0131mdan hemen sonra y\u0131kanabilir, kurutulabilir ve saklanabilir. \u0130leride kullan\u0131lmak \u00fczere hemen dondurucuda de\u011fi\u015ftirilebilir.<\/p>\n<p>\t<strong>KARE YEN\u0130DEN KULLANILAB\u0130L\u0130R BUZ K\u00dcPLER\u0130: <\/strong>En sevdi\u011finiz i\u00e7ecekleri renkli buz k\u00fcpleriyle zenginle\u015ftirin. Bu buzlu buz k\u00fcpleri, i\u00e7ece\u011finizin en iyi \u015fekilde g\u00f6r\u00fcnmesini sa\u011flamak i\u00e7in kar\u0131\u015ft\u0131r\u0131p e\u015fle\u015ftirebilmeniz i\u00e7in \u00e7e\u015fitli e\u011flenceli renkler i\u00e7erir. Sadece en sevdi\u011finiz rengi kullan\u0131n veya renklerin bir kombinasyonunu kullan\u0131n. Se\u00e7im senin.<\/p>\n<p>\t<strong>\u0130\u00c7ECEK SEYRELTMES\u0130N\u0130 \u00d6NLEY\u0130N: <\/strong>\u00c7abuk eriyen ve i\u00e7eceklerinizi suland\u0131ran buz k\u00fcplerinin aksine, bu buz k\u00fcpleri s\u0131v\u0131 i\u00e7eceklerin tad\u0131n\u0131 s\u0131v\u0131y\u0131 seyreltmeden orijinal lezzet konsantrasyonunda tutman\u0131za yard\u0131mc\u0131 olur. Eridik\u00e7e s\u0131v\u0131 plastik i\u00e7inde tutulur, b\u00f6ylece i\u00e7ece\u011finiz ba\u015flang\u0131\u00e7taki kadar lezzetli ve ferahlat\u0131c\u0131 kal\u0131r.<\/p>\n<p>\tBir fincan veya normal bardaklar i\u00e7in m\u00fckemmel boyut. K\u00fcpler, toksik olmayan PE&#8217;den ve dam\u0131t\u0131lm\u0131\u015f sudan yap\u0131lm\u0131\u015ft\u0131r ve kazara k\u0131r\u0131lma, s\u0131z\u0131nt\u0131 veya hasar durumunda zarars\u0131zd\u0131r. 20 k\u00fcp, 1L s\u0131v\u0131y\u0131 normal s\u0131cakl\u0131kta yakla\u015f\u0131k 1,5 saat so\u011fuk tutabilir ve yal\u0131t\u0131ml\u0131 torbalarda daha uzun s\u00fcre dayan\u0131r. Not: Mikrodalga veya bula\u015f\u0131k makinesinde kullanmay\u0131n.<\/p>\n<p>\t<strong>BARDA\u011eINIZ \u0130\u00c7\u0130N M\u00dcKEMMEL BUZ K\u00dcPLER\u0130:<\/strong> Kahveler, alkoll\u00fc i\u00e7ecekler, su, meyve suyu, soda, kokteyl, serinletici \u00e7antalar ve daha fazlas\u0131 i\u00e7in m\u00fckemmeldir. Partilerde, restoranlarda, barlarda, evde e\u011flencelerde, havuzda ve seyahatlerinizde keyfini \u00e7\u0131kar\u0131n.<br \/>\t<strong>Ekran fark\u0131 nedeniyle, renk tonlar\u0131 %0,5 oran\u0131nda fark, Manuel \u00f6l\u00e7\u00fcm nedeniyle Milimetre fark olabilir. anlay\u0131\u015f g\u00f6stermenizi rica ederiz. <\/strong><\/p>\n<p>\tDETAYLI B\u0130LG\u0130 \u0130\u00c7\u0130N EK RES\u0130MLER\u0130 \u0130NCELEYEB\u0130L\u0130RS\u0130N\u0130Z.\t<\/p>\n<p>\t\u00a0<\/p>\n","protected":false},"excerpt":{"rendered":"<p>\u00dcr\u00fcn \u00d6zellikleri : RENK : Turk Nordgr\u00f6na serisi olarak tasarlad\u0131\u011f\u0131m\u0131z bu \u00fcr\u00fcn\u00fc 4 renk tasar\u0131m\u0131 birebir g\u00f6re g\u00f6nderiyoruz. S\u00fcrpriz ya\u015famazs\u0131n\u0131z. ADET : 20 Adet\u00a0 \u00d6L\u00c7\u00dcLER : 2,5 cm x 2,5 cm\u00a0 UYGUN, KOLAY VE YEN\u0130DEN KULLANILAB\u0130L\u0130R: Buz k\u00fcp\u00fc tepsilerini suyla yeniden doldurmak zorunda kalmadan buz k\u00fcplerini her zaman kullan\u0131ma haz\u0131r bulundurun. Bu yeniden kullan\u0131labilir buz&#8230;<\/p>\n","protected":false},"featured_media":0,"comment_status":"open","ping_status":"closed","template":"","meta":{"_kad_post_transparent":"","_kad_post_title":"","_kad_post_layout":"","_kad_post_sidebar_id":"","_kad_post_content_style":"","_kad_post_vertical_padding":"","_kad_post_feature":"","_kad_post_feature_position":"","_kad_post_header":false,"_kad_post_footer":false,"_kad_post_classname":""},"product_brand":[],"product_cat":[7826],"product_tag":[],"class_list":{"0":"post-107962","1":"product","2":"type-product","3":"status-publish","5":"product_cat-endustriyel-mutfak-ekipmanlari-sofra-sofra-mutfak-ev-yasam-endustriyel-mutfak-ekipmanlari","7":"first","8":"instock","9":"purchasable","10":"product-type-simple","11":"entry","12":"content-bg","13":"loop-entry"},"_links":{"self":[{"href":"https:\/\/www.hediyepazar.com\/index.php?rest_route=\/wp\/v2\/product\/107962","targetHints":{"allow":["GET"]}}],"collection":[{"href":"https:\/\/www.hediyepazar.com\/index.php?rest_route=\/wp\/v2\/product"}],"about":[{"href":"https:\/\/www.hediyepazar.com\/index.php?rest_route=\/wp\/v2\/types\/product"}],"replies":[{"embeddable":true,"href":"https:\/\/www.hediyepazar.com\/index.php?rest_route=%2Fwp%2Fv2%2Fcomments&post=107962"}],"wp:attachment":[{"href":"https:\/\/www.hediyepazar.com\/index.php?rest_route=%2Fwp%2Fv2%2Fmedia&parent=107962"}],"wp:term":[{"taxonomy":"product_brand","embeddable":true,"href":"https:\/\/www.hediyepazar.com\/index.php?rest_route=%2Fwp%2Fv2%2Fproduct_brand&post=107962"},{"taxonomy":"product_cat","embeddable":true,"href":"https:\/\/www.hediyepazar.com\/index.php?rest_route=%2Fwp%2Fv2%2Fproduct_cat&post=107962"},{"taxonomy":"product_tag","embeddable":true,"href":"https:\/\/www.hediyepazar.com\/index.php?rest_route=%2Fwp%2Fv2%2Fproduct_tag&post=107962"}],"curies":[{"name":"wp","href":"https:\/\/api.w.org\/{rel}","templated":true}]}}