{"id":107967,"date":"2026-05-04T20:40:34","date_gmt":"2026-05-04T23:40:34","guid":{"rendered":"https:\/\/www.hediyepazar.com\/?product=turk-yag-kizartma-sicratmaz-kapak-wittmann-2"},"modified":"2026-05-04T20:40:34","modified_gmt":"2026-05-04T23:40:34","slug":"turk-yag-kizartma-sicratmaz-kapak-wittmann-2","status":"publish","type":"product","link":"https:\/\/www.hediyepazar.com\/?product=turk-yag-kizartma-sicratmaz-kapak-wittmann-2","title":{"rendered":"Turk Ya\u011f K\u0131zartma S\u0131\u00e7ratmaz Kapak Wittmann"},"content":{"rendered":"<p>\t<strong>\u00dcr\u00fcn \u00d6zellikleri : <\/strong><\/p>\n<p>\t<strong>RENK : <\/strong> Turk Wittmann serisi olarak tasarlad\u0131\u011f\u0131m\u0131z bu \u00fcr\u00fcn\u00fc S\u0130YAH Renk\/tasar\u0131m\u0131 birebir g\u00f6re g\u00f6nderiyoruz. S\u00fcrpriz ya\u015famazs\u0131n\u0131z.<\/p>\n<p>\t<strong>MATERYAL : \u00c7elik <\/strong><\/p>\n<p>\t<strong>ADET : 1<\/strong><\/p>\n<p>\t<strong>\u00d6L\u00c7\u00dcLER : 33 CM \u00e7ap\u0131nda <\/strong><\/p>\n<p>\t<strong>KOLAY TEM\u0130ZLEME : <\/strong> Paslanmaz \u00e7elik ya\u011f s\u0131\u00e7rama korumas\u0131, d\u00fc\u015f\u00fck devirli bir bula\u015f\u0131k makinesinde temizlenmesi kolayd\u0131r . 33 cm \u00e7ap\u0131yla \u00e7o\u011fu tencere ve tavaya uyar ve t\u00fcm tavay\u0131 korur.<\/p>\n<p>\t<strong>ERGONOM\u0130K TASARIM : <\/strong> Pi\u015firme s\u0131ras\u0131nda sizi korumak i\u00e7in kullan\u0131\u015fl\u0131 bir \u0131s\u0131ya dayan\u0131kl\u0131 topuz kapa\u011f\u0131 vard\u0131r Pi\u015firmenin \u00e7e\u015fitli a\u015famalar\u0131nda, bu ya\u011f kalkan\u0131 pi\u015firme s\u00fcreci kolayla\u015ft\u0131racak ve hayat\u0131n\u0131z\u0131 kolayla\u015ft\u0131racakt\u0131r. K\u0131zartma tavas\u0131 i\u00e7in temizlemesi sonsuza kadar s\u00fcren di\u011fer s\u0131\u00e7rayan kapaklar\u0131n aksine, bu koruyucunun ince g\u00f6zenekli yap\u0131s\u0131 ya\u011f\u0131 i\u00e7ine yap\u0131\u015fmadan engeller<\/p>\n<p>\t<strong>M\u00dcKEMMEL KORUMA : <\/strong> Ellerinizi mutfakta k\u0131zart\u0131lan yiyeceklerle ilgili \u0131s\u0131dan koruyacakt\u0131r. Ya\u011f s\u0131\u00e7ramas\u0131n\u0131 \u00f6nleyin, s\u0131cak ya\u011f ve tehlikeli k\u0131zartma tavas\u0131 ya\u011f s\u0131\u00e7ramas\u0131na kar\u015f\u0131 tam koruma sa\u011flar. S\u0131cak nesnelerden g\u00fcvenli bir mesafede durman\u0131za ve birincil yan\u0131klar\u0131 durdurman\u0131za olanak tan\u0131yan uzun, sa\u011flam bir plastik sapa sahiptir. \u00c7o\u011fu \u015fekil ve boyuttaki k\u0131zartma ve sos tavalar\u0131 i\u00e7in m\u00fckemmel kombinasyonlu. K\u0131zartma tavas\u0131 i\u00e7in ince ya\u011f kapa\u011f\u0131 \u0131zgaras\u0131, tava i\u00e7inde uygun hava sirk\u00fclasyonu sa\u011flar.<\/p>\n<p>\t\u00a0<\/p>\n<p>\t<strong>M\u00dcKEMMEL SATI\u015e SONRASI H\u0130ZMET : <\/strong>Bu \u00fcr\u00fcne daha avantajl\u0131 sahip olabilmeniz i\u00e7in ma\u011fazam\u0131z\u0131 ziyaret ederek, kampanyalar\u0131 inceleyebilirsiniz. Turk \/ Turk olarak m\u00fc\u015fterilerimize en iyi hizmeti sunmay\u0131 ama\u00e7l\u0131yor, g\u00fcvenle sat\u0131n alabilmeniz i\u00e7in, ambalaj kalitemize g\u00fcveniyor, her \u00fcr\u00fcn sorunsuz teslimat i\u00e7in \u00f6zenle paketliyor ve resimde belirtilen renk, ebat, \u00f6zelikte \u00fcr\u00fcn g\u00f6ndermeyi taahh\u00fct ediyoruz. Hasarl\u0131 \u00fcr\u00fcn ald\u0131ysan\u0131z veya di\u011fer \u00fcr\u00fcn ve paket teslimat sorunlar\u0131 oldu\u011funda bizimle ileti\u015fime ge\u00e7mekten \u00e7ekinmeyin.<\/p>\n<p>\t<strong>Detayl\u0131 bilgi i\u00e7in ek resimleri inceleyebilirsiniz<\/strong><\/p>\n<p><\/p>\n<p>\t<strong><strong> <\/strong><\/strong><\/p>\n<p>\t\u00a0<\/p>\n","protected":false},"excerpt":{"rendered":"<p>\u00dcr\u00fcn \u00d6zellikleri : RENK : Turk Wittmann serisi olarak tasarlad\u0131\u011f\u0131m\u0131z bu \u00fcr\u00fcn\u00fc S\u0130YAH Renk\/tasar\u0131m\u0131 birebir g\u00f6re g\u00f6nderiyoruz. S\u00fcrpriz ya\u015famazs\u0131n\u0131z. MATERYAL : \u00c7elik ADET : 1 \u00d6L\u00c7\u00dcLER : 33 CM \u00e7ap\u0131nda KOLAY TEM\u0130ZLEME : Paslanmaz \u00e7elik ya\u011f s\u0131\u00e7rama korumas\u0131, d\u00fc\u015f\u00fck devirli bir bula\u015f\u0131k makinesinde temizlenmesi kolayd\u0131r . 33 cm \u00e7ap\u0131yla \u00e7o\u011fu tencere ve tavaya uyar ve&#8230;<\/p>\n","protected":false},"featured_media":0,"comment_status":"open","ping_status":"closed","template":"","meta":{"_kad_post_transparent":"","_kad_post_title":"","_kad_post_layout":"","_kad_post_sidebar_id":"","_kad_post_content_style":"","_kad_post_vertical_padding":"","_kad_post_feature":"","_kad_post_feature_position":"","_kad_post_header":false,"_kad_post_footer":false,"_kad_post_classname":""},"product_brand":[],"product_cat":[14260],"product_tag":[],"class_list":{"0":"post-107967","1":"product","2":"type-product","3":"status-publish","5":"product_cat-tencere-pisirme-sofra-mutfak-ev-yasam-tencere","7":"first","8":"instock","9":"purchasable","10":"product-type-simple","11":"entry","12":"content-bg","13":"loop-entry"},"_links":{"self":[{"href":"https:\/\/www.hediyepazar.com\/index.php?rest_route=\/wp\/v2\/product\/107967","targetHints":{"allow":["GET"]}}],"collection":[{"href":"https:\/\/www.hediyepazar.com\/index.php?rest_route=\/wp\/v2\/product"}],"about":[{"href":"https:\/\/www.hediyepazar.com\/index.php?rest_route=\/wp\/v2\/types\/product"}],"replies":[{"embeddable":true,"href":"https:\/\/www.hediyepazar.com\/index.php?rest_route=%2Fwp%2Fv2%2Fcomments&post=107967"}],"wp:attachment":[{"href":"https:\/\/www.hediyepazar.com\/index.php?rest_route=%2Fwp%2Fv2%2Fmedia&parent=107967"}],"wp:term":[{"taxonomy":"product_brand","embeddable":true,"href":"https:\/\/www.hediyepazar.com\/index.php?rest_route=%2Fwp%2Fv2%2Fproduct_brand&post=107967"},{"taxonomy":"product_cat","embeddable":true,"href":"https:\/\/www.hediyepazar.com\/index.php?rest_route=%2Fwp%2Fv2%2Fproduct_cat&post=107967"},{"taxonomy":"product_tag","embeddable":true,"href":"https:\/\/www.hediyepazar.com\/index.php?rest_route=%2Fwp%2Fv2%2Fproduct_tag&post=107967"}],"curies":[{"name":"wp","href":"https:\/\/api.w.org\/{rel}","templated":true}]}}