{"id":107972,"date":"2026-05-04T20:44:01","date_gmt":"2026-05-04T23:44:01","guid":{"rendered":"https:\/\/www.hediyepazar.com\/?product=turk-sac-boyasi-kesim-yikama-onlugu-30-adet-2"},"modified":"2026-05-04T20:44:01","modified_gmt":"2026-05-04T23:44:01","slug":"turk-sac-boyasi-kesim-yikama-onlugu-30-adet-2","status":"publish","type":"product","link":"https:\/\/www.hediyepazar.com\/?product=turk-sac-boyasi-kesim-yikama-onlugu-30-adet-2","title":{"rendered":"Turk Sa\u00e7 Boyas\u0131 Kesim Y\u0131kama \u00d6nl\u00fc\u011f\u00fc 30 Adet"},"content":{"rendered":"<p><strong>\u00dcr\u00fcn \u00d6zellikleri : <\/strong> <\/p>\n<p><strong>Adet : 30 adet KULLAN-AT FORMUNDA <\/strong><\/p>\n<p><strong>\u00d6l\u00e7\u00fcler :  UNISEX VE TEK BOYUT HERKESE UYAR  <\/strong><\/p>\n<p><strong>GEN\u0130\u015e KULLANIM ALANI : Evde sa\u00e7lar\u0131n\u0131 boyayanlar, a\u011f\u0131r makyaj yapanlar veya kuaf\u00f6r\/berber salonlar\u0131nda kullan\u0131labilir  <\/strong>    <\/p>\n<p>EVDE DE KULLANIM \u0130\u00c7\u0130N : Sa\u00e7\u0131n\u0131z\u0131 \u015fampuanlarken, kozmetik uygularken veya sa\u00e7 boyan\u0131z\u0131 kendiniz yaparken, kendinizi koruyun. Bunlar\u0131 ev rahatl\u0131\u011f\u0131nda kullan\u0131n, pratikli\u011finin ve rahatl\u0131\u011f\u0131n\u0131n tad\u0131n\u0131 \u00e7\u0131kar\u0131n.  <\/p>\n<p>UNISEX VE TEK BOYUT HERKESE UYAR : Bu salon sa\u00e7 pelerinleri erkekler, kad\u0131nlar ve hatta \u00e7ocuklar i\u00e7in m\u00fckemmeldir. Sadece boynunuza ba\u011flay\u0131n ve m\u00fc\u015fterilerinizi ve sandalyelerinizi temiz ve korumal\u0131 tutmak i\u00e7in salon \u00f6nl\u00fcklerini sandalyenin \u00fczerine as\u0131n <\/p>\n<p>\u0130\u015eYERLER\u0130 \u0130\u00c7\u0130N &#8211; SALONUNUZU MODERN, \u015eIK, TEM\u0130Z VE PROFESYONEL TUTUN :  Daha fazla m\u00fc\u015fteri \u00e7ekmek i\u00e7in o parlak atmosferi yarat\u0131n. Alan\u0131n\u0131z\u0131n etraf\u0131nda as\u0131l\u0131 pelerinlere ve \u00f6nl\u00fcklere gerek yok. Bu tek kullan\u0131ml\u0131k pelerinler tak\u0131labilir ve seans biter bitmez en yak\u0131n \u00e7\u00f6p kutusuna at\u0131labilir. <\/p>\n<p>H\u0130JYEN\u0130K B\u0130R ORTAM YARATIN : Bir m\u00fc\u015fteriden di\u011ferine giyilen KUAF\u00d6R pelerinleri, m\u00fc\u015fterileriniz aras\u0131nda mikroplar\u0131 aktarman\u0131n etkili bir yolu olabilir.  Bu tek kullan\u0131ml\u0131k pelerinler, bunlar\u0131n m\u00fc\u015fteriler aras\u0131nda dola\u015fmas\u0131n\u0131 \u00f6nlemeyi m\u00fcmk\u00fcn k\u0131lar. \u00d6zellikle bug\u00fcn\u00fcn zamanlar\u0131nda, m\u00fc\u015fteriler m\u00fcmk\u00fcn olan en az maruziyete sahip olmaktan \u00e7ok memnun olacaklard\u0131r. <\/p>\n<p>HAF\u0130F, SU GE\u00c7\u0130RMEZ, YIRTILMAYA DAYANIKLI TASARIM &#8211; Bu pelerinler hafif plastikten yap\u0131lm\u0131\u015f olsalar da dayan\u0131kl\u0131d\u0131rlar ve d\u00fczenli kullan\u0131mda y\u0131rt\u0131lmazlar. Su ge\u00e7irmez tasar\u0131m\u0131, sa\u00e7 y\u0131karken suyu giysilerden uzak tutacakt\u0131r. <br \/><strong>  Ekran fark\u0131 nedeniyle, renk tonlar\u0131 %0,5 oran\u0131nda fark, Manuel \u00f6l\u00e7\u00fcm nedeniyle Milimetre fark olabilir. anlay\u0131\u015f g\u00f6stermenizi rica ederiz. <\/strong>  <\/p>\n<p>DETAYLI B\u0130LG\u0130 \u0130\u00c7\u0130N EK RES\u0130MLER\u0130 \u0130NCELEYEB\u0130L\u0130RS\u0130N\u0130Z. <\/p>\n","protected":false},"excerpt":{"rendered":"<p>\u00dcr\u00fcn \u00d6zellikleri : Adet : 30 adet KULLAN-AT FORMUNDA \u00d6l\u00e7\u00fcler : UNISEX VE TEK BOYUT HERKESE UYAR GEN\u0130\u015e KULLANIM ALANI : Evde sa\u00e7lar\u0131n\u0131 boyayanlar, a\u011f\u0131r makyaj yapanlar veya kuaf\u00f6r\/berber salonlar\u0131nda kullan\u0131labilir EVDE DE KULLANIM \u0130\u00c7\u0130N : Sa\u00e7\u0131n\u0131z\u0131 \u015fampuanlarken, kozmetik uygularken veya sa\u00e7 boyan\u0131z\u0131 kendiniz yaparken, kendinizi koruyun. Bunlar\u0131 ev rahatl\u0131\u011f\u0131nda kullan\u0131n, pratikli\u011finin ve rahatl\u0131\u011f\u0131n\u0131n tad\u0131n\u0131&#8230;<\/p>\n","protected":false},"featured_media":107971,"comment_status":"open","ping_status":"closed","template":"","meta":{"_kad_post_transparent":"","_kad_post_title":"","_kad_post_layout":"","_kad_post_sidebar_id":"","_kad_post_content_style":"","_kad_post_vertical_padding":"","_kad_post_feature":"","_kad_post_feature_position":"","_kad_post_header":false,"_kad_post_footer":false,"_kad_post_classname":""},"product_brand":[],"product_cat":[7902],"product_tag":[],"class_list":{"0":"post-107972","1":"product","2":"type-product","3":"status-publish","4":"has-post-thumbnail","6":"product_cat-sac-boyasi-sac-bakimi-kozmetik-sac-boyasi-sac-bakimi-kozmetik","8":"first","9":"instock","10":"purchasable","11":"product-type-simple","12":"entry","13":"content-bg","14":"loop-entry"},"_links":{"self":[{"href":"https:\/\/www.hediyepazar.com\/index.php?rest_route=\/wp\/v2\/product\/107972","targetHints":{"allow":["GET"]}}],"collection":[{"href":"https:\/\/www.hediyepazar.com\/index.php?rest_route=\/wp\/v2\/product"}],"about":[{"href":"https:\/\/www.hediyepazar.com\/index.php?rest_route=\/wp\/v2\/types\/product"}],"replies":[{"embeddable":true,"href":"https:\/\/www.hediyepazar.com\/index.php?rest_route=%2Fwp%2Fv2%2Fcomments&post=107972"}],"wp:featuredmedia":[{"embeddable":true,"href":"https:\/\/www.hediyepazar.com\/index.php?rest_route=\/wp\/v2\/media\/107971"}],"wp:attachment":[{"href":"https:\/\/www.hediyepazar.com\/index.php?rest_route=%2Fwp%2Fv2%2Fmedia&parent=107972"}],"wp:term":[{"taxonomy":"product_brand","embeddable":true,"href":"https:\/\/www.hediyepazar.com\/index.php?rest_route=%2Fwp%2Fv2%2Fproduct_brand&post=107972"},{"taxonomy":"product_cat","embeddable":true,"href":"https:\/\/www.hediyepazar.com\/index.php?rest_route=%2Fwp%2Fv2%2Fproduct_cat&post=107972"},{"taxonomy":"product_tag","embeddable":true,"href":"https:\/\/www.hediyepazar.com\/index.php?rest_route=%2Fwp%2Fv2%2Fproduct_tag&post=107972"}],"curies":[{"name":"wp","href":"https:\/\/api.w.org\/{rel}","templated":true}]}}