{"id":107981,"date":"2026-05-04T20:47:05","date_gmt":"2026-05-04T23:47:05","guid":{"rendered":"https:\/\/www.hediyepazar.com\/?product=turk-unblocker-pistonlu-klozet-lavabo-gider-acici-pompa-2"},"modified":"2026-05-04T20:47:05","modified_gmt":"2026-05-04T23:47:05","slug":"turk-unblocker-pistonlu-klozet-lavabo-gider-acici-pompa-2","status":"publish","type":"product","link":"https:\/\/www.hediyepazar.com\/?product=turk-unblocker-pistonlu-klozet-lavabo-gider-acici-pompa-2","title":{"rendered":"Turk UnBlocker Pistonlu Klozet Lavabo Gider A\u00e7\u0131c\u0131 Pompa"},"content":{"rendered":"<p>\t<strong>\u00dcr\u00fcn \u00d6zellikleri : <\/strong><\/p>\n<p>\t<strong>\u00d6l\u00e7\u00fcler : <\/strong><\/p>\n<p>\t<strong>GEN\u0130\u015e KULLANIM ALANI : Tuvalet, lavabo, k\u00fcvetler, du\u015f, yer sifonu, t\u0131kal\u0131 borular vb. i\u00e7in kullan\u0131labilir.<\/strong><\/p>\n<p>\t<strong>\u00d6NE \u00c7IKAN \u00d6ZELL\u0130K : <\/strong><\/p>\n<p>\t<strong>OLA\u011eAN\u00dcST\u00dc G\u00dc\u00c7<\/strong>\u00a0: G\u00fc\u00e7l\u00fc bir hava bas\u0131nc\u0131 fark\u0131 olu\u015fturmak i\u00e7in t\u0131kanm\u0131\u015f borular\u0131n i\u00e7indeki havay\u0131 vakumlay\u0131n, su, tarama amac\u0131na ula\u015fmak i\u00e7in t\u0131kanm\u0131\u015f \u015feyleri g\u00fc\u00e7l\u00fc bir \u015fekilde pompalay\u0131n;<\/p>\n<p>\t<strong>ERGONOM\u0130K SAP : <\/strong>Tahliye p\u00fcsk\u00fcrt\u00fcc\u00fc, giderlerinizdeki en zorlu t\u0131kan\u0131kl\u0131klar\u0131 sadece saniyeler i\u00e7inde patlatmak i\u00e7in y\u00fcksek bas\u0131n\u00e7l\u0131 bas\u0131n\u00e7l\u0131 havan\u0131n g\u00fcc\u00fcn\u00fc kullan\u0131r.<\/p>\n<p>\t<strong>ZARARSIZ VE TASARRUFLU : <\/strong>Zarar Vermez, Yeniden Kullan\u0131labilir ve Tasarruf Edilebilir: borular\u0131n\u0131z\u0131 a\u015f\u0131nd\u0131rabilecek veya ailenizi tehlikeye atabilecek zararl\u0131 kimyasallar kullanmak tehlikeli olabilir. Tuvalet Hava P\u00fcsk\u00fcrt\u00fcc\u00fcm\u00fcz yeniden kullan\u0131labilir ve y\u0131llarca dayanabilir ve tesisat\u00e7\u0131y\u0131 aramaya gerek kalmadan t\u0131kan\u0131kl\u0131klar\u0131 temizleyerek sizi b\u00fcy\u00fck paralar \u00f6demekten kurtar\u0131r.<\/p>\n<p>\t<strong>D\u0130KKAT :<\/strong> Piston kullan\u0131rken asla kanal temizleme kimyasallar\u0131 kullanmay\u0131n. Bunu yapmak, giysilerinize veya cildinize zararl\u0131 kimyasallar s\u0131\u00e7ratabilir. Bu a\u011f\u0131r hizmet tipi UNBLOCKER Piston ile art\u0131k t\u00fcm giderleri g\u00fcvenle temizleyebilirsiniz.<\/p>\n<p>\t<strong>PROFESYONEL TES\u0130SAT\u00c7I G\u0130B\u0130 BAS\u0130T, HIZLI VE KOLAY YOL:<\/strong> G\u00fc\u00e7l\u00fc bir s\u0131k\u0131\u015ft\u0131rma haznesine sahiptir, bu nedenle tesisat\u00e7\u0131 \u00e7a\u011f\u0131rman\u0131za ve t\u0131kanma\/bo\u015faltma i\u00e7in ekstra para harcaman\u0131za gerek kalmaz, Art\u0131k t\u00fcm sorunlar\u0131 ayn\u0131 \u015fekilde \u00e7\u00f6zebilirsiniz. \u00e7ok fazla para yat\u0131rmadan profesyonel bir tesisat\u00e7\u0131n\u0131n yolu!<\/p>\n<p>\t<strong>Ekran fark\u0131 nedeniyle, renk tonlar\u0131 %0,5 oran\u0131nda fark, Manuel \u00f6l\u00e7\u00fcm nedeniyle Milimetre fark olabilir. anlay\u0131\u015f g\u00f6stermenizi rica ederiz. <\/strong><\/p>\n<p>\tDETAYLI B\u0130LG\u0130 \u0130\u00c7\u0130N EK RES\u0130MLER\u0130 \u0130NCELEYEB\u0130L\u0130RS\u0130N\u0130Z.\t<\/p>\n","protected":false},"excerpt":{"rendered":"<p>\u00dcr\u00fcn \u00d6zellikleri : \u00d6l\u00e7\u00fcler : GEN\u0130\u015e KULLANIM ALANI : Tuvalet, lavabo, k\u00fcvetler, du\u015f, yer sifonu, t\u0131kal\u0131 borular vb. i\u00e7in kullan\u0131labilir. \u00d6NE \u00c7IKAN \u00d6ZELL\u0130K : OLA\u011eAN\u00dcST\u00dc G\u00dc\u00c7\u00a0: G\u00fc\u00e7l\u00fc bir hava bas\u0131nc\u0131 fark\u0131 olu\u015fturmak i\u00e7in t\u0131kanm\u0131\u015f borular\u0131n i\u00e7indeki havay\u0131 vakumlay\u0131n, su, tarama amac\u0131na ula\u015fmak i\u00e7in t\u0131kanm\u0131\u015f \u015feyleri g\u00fc\u00e7l\u00fc bir \u015fekilde pompalay\u0131n; ERGONOM\u0130K SAP : Tahliye p\u00fcsk\u00fcrt\u00fcc\u00fc, giderlerinizdeki&#8230;<\/p>\n","protected":false},"featured_media":102422,"comment_status":"open","ping_status":"closed","template":"","meta":{"_kad_post_transparent":"","_kad_post_title":"","_kad_post_layout":"","_kad_post_sidebar_id":"","_kad_post_content_style":"","_kad_post_vertical_padding":"","_kad_post_feature":"","_kad_post_feature_position":"","_kad_post_header":false,"_kad_post_footer":false,"_kad_post_classname":""},"product_brand":[],"product_cat":[14294],"product_tag":[],"class_list":{"0":"post-107981","1":"product","2":"type-product","3":"status-publish","4":"has-post-thumbnail","6":"product_cat-banyo-yapi-malzemeleri-yapi-market-bahce-yapi-market-ev-yasam-banyo-yapi-malzemeleri","8":"first","9":"instock","10":"purchasable","11":"product-type-simple","12":"entry","13":"content-bg","14":"loop-entry"},"_links":{"self":[{"href":"https:\/\/www.hediyepazar.com\/index.php?rest_route=\/wp\/v2\/product\/107981","targetHints":{"allow":["GET"]}}],"collection":[{"href":"https:\/\/www.hediyepazar.com\/index.php?rest_route=\/wp\/v2\/product"}],"about":[{"href":"https:\/\/www.hediyepazar.com\/index.php?rest_route=\/wp\/v2\/types\/product"}],"replies":[{"embeddable":true,"href":"https:\/\/www.hediyepazar.com\/index.php?rest_route=%2Fwp%2Fv2%2Fcomments&post=107981"}],"wp:featuredmedia":[{"embeddable":true,"href":"https:\/\/www.hediyepazar.com\/index.php?rest_route=\/wp\/v2\/media\/102422"}],"wp:attachment":[{"href":"https:\/\/www.hediyepazar.com\/index.php?rest_route=%2Fwp%2Fv2%2Fmedia&parent=107981"}],"wp:term":[{"taxonomy":"product_brand","embeddable":true,"href":"https:\/\/www.hediyepazar.com\/index.php?rest_route=%2Fwp%2Fv2%2Fproduct_brand&post=107981"},{"taxonomy":"product_cat","embeddable":true,"href":"https:\/\/www.hediyepazar.com\/index.php?rest_route=%2Fwp%2Fv2%2Fproduct_cat&post=107981"},{"taxonomy":"product_tag","embeddable":true,"href":"https:\/\/www.hediyepazar.com\/index.php?rest_route=%2Fwp%2Fv2%2Fproduct_tag&post=107981"}],"curies":[{"name":"wp","href":"https:\/\/api.w.org\/{rel}","templated":true}]}}