{"id":108040,"date":"2026-05-04T21:14:00","date_gmt":"2026-05-05T00:14:00","guid":{"rendered":"https:\/\/www.hediyepazar.com\/?product=turk-hortum-aski-toplama-aparati-aparat-seti-2"},"modified":"2026-05-04T21:14:00","modified_gmt":"2026-05-05T00:14:00","slug":"turk-hortum-aski-toplama-aparati-aparat-seti-2","status":"publish","type":"product","link":"https:\/\/www.hediyepazar.com\/?product=turk-hortum-aski-toplama-aparati-aparat-seti-2","title":{"rendered":"Turk Hortum Ask\u0131 Toplama Aparat\u0131 Aparat Seti"},"content":{"rendered":"<p>\t<span style=\"color:#ff0000;\"><strong>Spesifikasyonlar; Turk Hortum Ask\u0131 Toplama Aparat\u0131 + Turk Otomatik Ayarlamal\u0131 Lans Sulay\u0131c\u0131 423498 + Turk Hortum Musluk Ba\u011flant\u0131 Adapt\u00f6r\u00fc 422671 HED\u0130YES\u0130YLE g\u00f6nderilir.<\/strong><\/span><\/p>\n<p>\t% 100 PP-C ABS materyaldir ve \u00e7ok sa\u011flamd\u0131r<br \/>\t30 Kg\u2019a kadar a\u011f\u0131rl\u0131ktaki gortumu ta\u015f\u0131r<br \/>\t50 Metre\u2019ye kadar hortum sar\u0131labilir.<br \/>\tDuvara Monte i\u00e7in vidalar\u0131 birlikte g\u00f6nderilir.<\/p>\n<p>\t<strong style=\"color: rgb(255, 0, 0);\">Turk Hortum Musluk Ba\u011flant\u0131 Adapt\u00f6r\u00fc 422671\u00a0<\/strong><span style=\"color:#ff0000;\"><strong>\u00dcr\u00fcn \u00d6zellikleri :\u00a0<\/strong><\/span>Vanal\u0131 Musluk Hortum Ba\u011flant\u0131 adapt\u00f6r\u00fcd\u00fcr.<br \/>\tAlet kullanmadan ba\u011flama \u00f6zelli\u011fi sayesinde kolay, sorunsuz kullan\u0131m sa\u011flar.<br \/>\tMusluk Ba\u011flant\u0131s\u0131 13 mm (1\/2 in\u00e7) di\u015fe sahip musluklara tak\u0131labilir. (STANDART \u00c7OK KULLANILAN)<\/p>\n<p>\t<strong style=\"color: rgb(255, 0, 0);\">Turk Otomatik Ayarlamal\u0131 Lans Sulay\u0131c\u0131 423498\u00a0<\/strong><span style=\"color:#ff0000;\"><strong>Nerelerde Kullan\u0131r\u0131m ?\u00a0\u00a0<\/strong><\/span>1\/2 \u201c diye bilinen ,T\u00fcrkiye\u2019de en \u00e7ok kullan\u0131lan(%90) ,hortum i\u00e7 \u00e7ap\u0131 1,27 cm olan hortumlara<br \/>\t% 100 ABS materyaldir ve \u00e7ok sa\u011flamd\u0131r<br \/>\t% 100 T\u00fcrkiye\u2019de imal edilmekte,\u00c7\u0130N \u00fcr\u00fcn\u00fc de\u011fildir.<br \/>\tOtomatik ayarl\u0131 lans ucundaki ayarlanabilen aksesuar\u0131 bulunur<br \/>\tSis ,ya\u011fmurlama ve tazyik modu ile sulama yapabilir<br \/>\t<span style=\"color:#ff0000;\">\u00a0<\/span><\/p>\n","protected":false},"excerpt":{"rendered":"<p>Spesifikasyonlar; Turk Hortum Ask\u0131 Toplama Aparat\u0131 + Turk Otomatik Ayarlamal\u0131 Lans Sulay\u0131c\u0131 423498 + Turk Hortum Musluk Ba\u011flant\u0131 Adapt\u00f6r\u00fc 422671 HED\u0130YES\u0130YLE g\u00f6nderilir. % 100 PP-C ABS materyaldir ve \u00e7ok sa\u011flamd\u0131r 30 Kg\u2019a kadar a\u011f\u0131rl\u0131ktaki gortumu ta\u015f\u0131r 50 Metre\u2019ye kadar hortum sar\u0131labilir. Duvara Monte i\u00e7in vidalar\u0131 birlikte g\u00f6nderilir. Turk Hortum Musluk Ba\u011flant\u0131 Adapt\u00f6r\u00fc 422671\u00a0\u00dcr\u00fcn \u00d6zellikleri :\u00a0Vanal\u0131&#8230;<\/p>\n","protected":false},"featured_media":102519,"comment_status":"open","ping_status":"closed","template":"","meta":{"_kad_post_transparent":"","_kad_post_title":"","_kad_post_layout":"","_kad_post_sidebar_id":"","_kad_post_content_style":"","_kad_post_vertical_padding":"","_kad_post_feature":"","_kad_post_feature_position":"","_kad_post_header":false,"_kad_post_footer":false,"_kad_post_classname":""},"product_brand":[],"product_cat":[14404],"product_tag":[],"class_list":{"0":"post-108040","1":"product","2":"type-product","3":"status-publish","4":"has-post-thumbnail","6":"product_cat-hirdavat-urunleri-yapi-market-bahce-yapi-market-ev-yasam-hortum-ve-toplama-urunleri","8":"first","9":"instock","10":"purchasable","11":"product-type-simple","12":"entry","13":"content-bg","14":"loop-entry"},"_links":{"self":[{"href":"https:\/\/www.hediyepazar.com\/index.php?rest_route=\/wp\/v2\/product\/108040","targetHints":{"allow":["GET"]}}],"collection":[{"href":"https:\/\/www.hediyepazar.com\/index.php?rest_route=\/wp\/v2\/product"}],"about":[{"href":"https:\/\/www.hediyepazar.com\/index.php?rest_route=\/wp\/v2\/types\/product"}],"replies":[{"embeddable":true,"href":"https:\/\/www.hediyepazar.com\/index.php?rest_route=%2Fwp%2Fv2%2Fcomments&post=108040"}],"wp:featuredmedia":[{"embeddable":true,"href":"https:\/\/www.hediyepazar.com\/index.php?rest_route=\/wp\/v2\/media\/102519"}],"wp:attachment":[{"href":"https:\/\/www.hediyepazar.com\/index.php?rest_route=%2Fwp%2Fv2%2Fmedia&parent=108040"}],"wp:term":[{"taxonomy":"product_brand","embeddable":true,"href":"https:\/\/www.hediyepazar.com\/index.php?rest_route=%2Fwp%2Fv2%2Fproduct_brand&post=108040"},{"taxonomy":"product_cat","embeddable":true,"href":"https:\/\/www.hediyepazar.com\/index.php?rest_route=%2Fwp%2Fv2%2Fproduct_cat&post=108040"},{"taxonomy":"product_tag","embeddable":true,"href":"https:\/\/www.hediyepazar.com\/index.php?rest_route=%2Fwp%2Fv2%2Fproduct_tag&post=108040"}],"curies":[{"name":"wp","href":"https:\/\/api.w.org\/{rel}","templated":true}]}}