{"id":108082,"date":"2026-05-04T21:28:06","date_gmt":"2026-05-05T00:28:06","guid":{"rendered":"https:\/\/www.hediyepazar.com\/?product=turk-3-boy-metal-cekecek-seti-rezina-design-2"},"modified":"2026-05-04T21:28:06","modified_gmt":"2026-05-05T00:28:06","slug":"turk-3-boy-metal-cekecek-seti-rezina-design-2","status":"publish","type":"product","link":"https:\/\/www.hediyepazar.com\/?product=turk-3-boy-metal-cekecek-seti-rezina-design-2","title":{"rendered":"Turk 3 Boy Metal \u00c7ekecek Seti Rezina Design"},"content":{"rendered":"<p>\t<strong>\u00dcr\u00fcn \u00d6zellikleri : <\/strong><\/p>\n<p>\t<strong>Materyal : Metal\u00a0<\/strong><\/p>\n<p>\t<strong>Adet \/ Renk \/ Tasar\u0131m : <\/strong> 3 Adet (10 &#8211; 20 VE 60 cm) , Turk Rezina Design olarak tasarlad\u0131\u011f\u0131m\u0131z, resimde yer alan modeli, s\u00fcrpriz ya\u015famaman\u0131z i\u00e7in birebir g\u00f6nderiyoruz.\u00a0\u00a0<\/p>\n<p>\tY\u00fcksek Kalite: Bu 3 boy \u00e7ekecek seti, aya\u011f\u0131n\u0131z\u0131 h\u0131zl\u0131 ve kolay bir \u015fekilde yerine kayd\u0131rabilen, metalden yap\u0131lm\u0131\u015f, dayan\u0131kl\u0131 ve hafiftir. Ayak bileklerinize\u00a0 veya \u00e7oraplar\u0131n\u0131za zarar vermez<\/p>\n<p>\tUygun Boyut: Her t\u00fcrl\u00fc ayakkab\u0131ya kolayl\u0131kla kayan 10 &#8211; 20 VE 60 cm\u00a0 cm&#8217;lik set g\u00f6nderiyoruz. Uygun boyut, bavula, s\u0131rt \u00e7antas\u0131na veya evrak \u00e7antas\u0131na koysan\u0131z da, k\u00f6\u015fede kolayca saklanabilir<\/p>\n<p>\tKavramas\u0131 Kolay: Bu metal ayakkab\u0131 \u00e7ekece\u011fi, p\u00fcr\u00fczs\u00fcz yuvarlak kenarl\u0131 ergonomik olarak tasarlanm\u0131\u015ft\u0131r, kullan\u0131m\u0131 ve ayakkab\u0131 giymesi kolayd\u0131r. \u00c7oraplarda tak\u0131lma ve y\u0131rt\u0131lmalar\u0131, ayakkab\u0131lar\u0131n\u0131z\u0131n \u00e7izilmesini \u00f6nleyin<\/p>\n<p>\tGeni\u015f Uygulama: \u00c7ocuklardan ya\u015fl\u0131lara kadar her ya\u015f i\u00e7in uygundur. Ayr\u0131ca her t\u00fcrl\u00fc ayakkab\u0131 i\u00e7in uygundur. Deri ayakkab\u0131lar, y\u00fcksek topuklu ayakkab\u0131lar, spor ayakkab\u0131lar, botlar tek ad\u0131mda, giymeyi kolayla\u015ft\u0131r\u0131r<\/p>\n<p>\t<strong>M\u00dcKEMMEL SATI\u015e SONRASI H\u0130ZMET : <\/strong>Turk \/ Turk olarak m\u00fc\u015fterilerimize en iyi hizmeti sunmay\u0131 ama\u00e7l\u0131yor, g\u00fcvenle sat\u0131n alabilmeniz i\u00e7in, ambalaj kalitemize g\u00fcveniyor, her \u00fcr\u00fcn sorunsuz teslimat i\u00e7in \u00f6zenle paketliyor ve resimde belirtilen renk, ebat, \u00f6zelikte \u00fcr\u00fcn g\u00f6ndermeyi taahh\u00fct ediyoruz. Hasarl\u0131 \u00fcr\u00fcn ald\u0131ysan\u0131z veya di\u011fer \u00fcr\u00fcn ve paket teslimat sorunlar\u0131 oldu\u011funda bizimle ileti\u015fime ge\u00e7mekten \u00e7ekinmeyin.<\/p>\n<p>\t<strong>Detayl\u0131 bilgi i\u00e7in ek resimleri inceleyebilirsiniz<\/strong><\/p>\n<p><\/p>\n<p>\t<strong><strong> <\/strong><\/strong><\/p>\n<p>\t\u00a0<\/p>\n","protected":false},"excerpt":{"rendered":"<p>\u00dcr\u00fcn \u00d6zellikleri : Materyal : Metal\u00a0 Adet \/ Renk \/ Tasar\u0131m : 3 Adet (10 &#8211; 20 VE 60 cm) , Turk Rezina Design olarak tasarlad\u0131\u011f\u0131m\u0131z, resimde yer alan modeli, s\u00fcrpriz ya\u015famaman\u0131z i\u00e7in birebir g\u00f6nderiyoruz.\u00a0\u00a0 Y\u00fcksek Kalite: Bu 3 boy \u00e7ekecek seti, aya\u011f\u0131n\u0131z\u0131 h\u0131zl\u0131 ve kolay bir \u015fekilde yerine kayd\u0131rabilen, metalden yap\u0131lm\u0131\u015f, dayan\u0131kl\u0131 ve hafiftir&#8230;.<\/p>\n","protected":false},"featured_media":102605,"comment_status":"open","ping_status":"closed","template":"","meta":{"_kad_post_transparent":"","_kad_post_title":"","_kad_post_layout":"","_kad_post_sidebar_id":"","_kad_post_content_style":"","_kad_post_vertical_padding":"","_kad_post_feature":"","_kad_post_feature_position":"","_kad_post_header":false,"_kad_post_footer":false,"_kad_post_classname":""},"product_brand":[],"product_cat":[7858],"product_tag":[],"class_list":{"0":"post-108082","1":"product","2":"type-product","3":"status-publish","4":"has-post-thumbnail","6":"product_cat-ayakkabi-bakimi-ev-yasam-kisiye-ozel-hediyelik-ayakkabi-bakimi","8":"first","9":"instock","10":"purchasable","11":"product-type-simple","12":"entry","13":"content-bg","14":"loop-entry"},"_links":{"self":[{"href":"https:\/\/www.hediyepazar.com\/index.php?rest_route=\/wp\/v2\/product\/108082","targetHints":{"allow":["GET"]}}],"collection":[{"href":"https:\/\/www.hediyepazar.com\/index.php?rest_route=\/wp\/v2\/product"}],"about":[{"href":"https:\/\/www.hediyepazar.com\/index.php?rest_route=\/wp\/v2\/types\/product"}],"replies":[{"embeddable":true,"href":"https:\/\/www.hediyepazar.com\/index.php?rest_route=%2Fwp%2Fv2%2Fcomments&post=108082"}],"wp:featuredmedia":[{"embeddable":true,"href":"https:\/\/www.hediyepazar.com\/index.php?rest_route=\/wp\/v2\/media\/102605"}],"wp:attachment":[{"href":"https:\/\/www.hediyepazar.com\/index.php?rest_route=%2Fwp%2Fv2%2Fmedia&parent=108082"}],"wp:term":[{"taxonomy":"product_brand","embeddable":true,"href":"https:\/\/www.hediyepazar.com\/index.php?rest_route=%2Fwp%2Fv2%2Fproduct_brand&post=108082"},{"taxonomy":"product_cat","embeddable":true,"href":"https:\/\/www.hediyepazar.com\/index.php?rest_route=%2Fwp%2Fv2%2Fproduct_cat&post=108082"},{"taxonomy":"product_tag","embeddable":true,"href":"https:\/\/www.hediyepazar.com\/index.php?rest_route=%2Fwp%2Fv2%2Fproduct_tag&post=108082"}],"curies":[{"name":"wp","href":"https:\/\/api.w.org\/{rel}","templated":true}]}}