{"id":108088,"date":"2026-05-04T21:29:40","date_gmt":"2026-05-05T00:29:40","guid":{"rendered":"https:\/\/www.hediyepazar.com\/?product=turk-budama-makasi-agac-bitki-cicek-budayici-makas-3"},"modified":"2026-05-04T21:29:40","modified_gmt":"2026-05-05T00:29:40","slug":"turk-budama-makasi-agac-bitki-cicek-budayici-makas-3","status":"publish","type":"product","link":"https:\/\/www.hediyepazar.com\/?product=turk-budama-makasi-agac-bitki-cicek-budayici-makas-3","title":{"rendered":"Turk Budama Makas\u0131 A\u011fa\u00e7 Bitki \u00c7i\u00e7ek Buday\u0131c\u0131 Makas"},"content":{"rendered":"<p>\t<strong>\u00dcr\u00fcn \u00d6zellikleri :\u00a0<\/strong><\/p>\n<p>\t<strong>Materyal : Silikon kaplama tutma b\u00f6lgesi, Karbon ala\u015f\u0131m \u00e7elik makas<\/strong><\/p>\n<p>\t<strong>\u00d6l\u00e7\u00fcler : <\/strong> 20 cm uzunluk &#8211; Ekran yan\u0131lmalar\u0131na kar\u015f\u0131 l\u00fctfen \u00f6l\u00e7\u00fcleri kar\u015f\u0131la\u015ft\u0131r\u0131n.<\/p>\n<p>\t<strong>BUDAMA ve KESME <\/strong>: \u00c7al\u0131lar\u0131\u0131z\u0131, bitkilerinizi, \u00e7i\u00e7eklerinizi ve a\u011fa\u00e7lar\u0131 kesmek, jilet keskinli\u011finde sertle\u015ftirilmi\u015f karbon \u00e7elik b\u0131\u00e7aklar ve rahat tutu\u015f sayesinde kolayd\u0131r. K\u00fc\u00e7\u00fck-b\u00fcy\u00fck boy eller i\u00e7in idealdir.<\/p>\n<p>\t<strong>DAYANIKLI YAPI:<\/strong> Sertle\u015ftirilmi\u015f \u00e7elik, daha h\u0131zl\u0131, daha g\u00fczel ve daha sa\u011fl\u0131kl\u0131 \u00e7evre d\u00fczenlemesi i\u00e7in dallar\u0131 ve ince dallar\u0131 h\u0131zla kesen p\u00fcr\u00fczs\u00fcz, keskin, e\u015fit kesimler \u00fcretir. G\u00f6m\u00fcl\u00fc yay, elinizi ve bile\u011finizi koruyacak olan kesme i\u015fleminize duyarl\u0131 ve rahat bir s\u0131\u00e7rama sa\u011flar. Yay, el yorgunlu\u011funu azaltmak i\u00e7in her kesimden sonra b\u0131\u00e7aklar\u0131 nazik\u00e7e a\u00e7ar. G\u00fc\u00e7l\u00fc ve a\u015f\u0131nd\u0131r\u0131c\u0131 diren\u00e7li ultra ince parlatma teknolojisine sahip y\u00fcksek karbonlu \u00e7elikten \u00fcretilmi\u015ftir, b\u0131\u00e7aklar uzun s\u00fcre keskin kalacakt\u0131r<\/p>\n<p>\t<strong>ERGONOM\u0130K TASARIM:<\/strong> Maksimum konfor i\u00e7in tasarlanm\u0131\u015f Kaymaz Yumu\u015fak Tutma Saplar\u0131, bu makaslar bah\u00e7e i\u015flerinizi konforlu hale getirir, b\u00f6ylece kabarc\u0131klar veya nas\u0131rlar olmadan saatlerce hobinizin keyfini \u00e7\u0131karabilirsiniz. Profesyonel, keskin ve g\u00fcvenilir bir hasat makas\u0131, zahmetsiz ve hassas kesim sa\u011flar, bah\u00e7enizin tad\u0131n\u0131 \u00e7\u0131kar\u0131rken daha az enerji gerektirir<\/p>\n<p>\t<strong>YAPI\u015eKAN SAP YOK:<\/strong> \u00d6zel sap olu\u011fu tasar\u0131m\u0131, makas\u0131n\u0131z\u0131n yap\u0131\u015fmamas\u0131n\u0131 sa\u011flar. B\u0131\u00e7aklar ve kau\u00e7uk kulplar\u0131n temizlenmesi son derece kolayd\u0131r ve neredeyse hi\u00e7 bak\u0131m gerektirmez. \u00c7ok g\u00fcvenli a\u00e7ma\/kapama klipsli kapatma sistemi ile kolay ve g\u00fcvenli bir \u015fekilde saklan\u0131rlar.<\/p>\n<p>\t<strong>KULLANIMI KOLAY:<\/strong> A\u011fa\u00e7 dallar\u0131n\u0131z da rahatl\u0131kla kesebilir. Mandallar s\u0131k\u0131\u015fmaz, Bu buday\u0131c\u0131lar\u0131n \u00fcst\u00fcn, uzun \u00f6m\u00fcrl\u00fc performans ve m\u00fckemmel performans sunaca\u011f\u0131na g\u00fcvenebilirsiniz.<\/p>\n","protected":false},"excerpt":{"rendered":"<p>\u00dcr\u00fcn \u00d6zellikleri :\u00a0 Materyal : Silikon kaplama tutma b\u00f6lgesi, Karbon ala\u015f\u0131m \u00e7elik makas \u00d6l\u00e7\u00fcler : 20 cm uzunluk &#8211; Ekran yan\u0131lmalar\u0131na kar\u015f\u0131 l\u00fctfen \u00f6l\u00e7\u00fcleri kar\u015f\u0131la\u015ft\u0131r\u0131n. BUDAMA ve KESME : \u00c7al\u0131lar\u0131\u0131z\u0131, bitkilerinizi, \u00e7i\u00e7eklerinizi ve a\u011fa\u00e7lar\u0131 kesmek, jilet keskinli\u011finde sertle\u015ftirilmi\u015f karbon \u00e7elik b\u0131\u00e7aklar ve rahat tutu\u015f sayesinde kolayd\u0131r. K\u00fc\u00e7\u00fck-b\u00fcy\u00fck boy eller i\u00e7in idealdir. DAYANIKLI YAPI: Sertle\u015ftirilmi\u015f \u00e7elik,&#8230;<\/p>\n","protected":false},"featured_media":0,"comment_status":"open","ping_status":"closed","template":"","meta":{"_kad_post_transparent":"","_kad_post_title":"","_kad_post_layout":"","_kad_post_sidebar_id":"","_kad_post_content_style":"","_kad_post_vertical_padding":"","_kad_post_feature":"","_kad_post_feature_position":"","_kad_post_header":false,"_kad_post_footer":false,"_kad_post_classname":""},"product_brand":[],"product_cat":[7848],"product_tag":[],"class_list":{"0":"post-108088","1":"product","2":"type-product","3":"status-publish","5":"product_cat-saksi-cicek-bakimi-bitki-yetistirme-bahce-ev-yasam-saksi","7":"first","8":"instock","9":"purchasable","10":"product-type-simple","11":"entry","12":"content-bg","13":"loop-entry"},"_links":{"self":[{"href":"https:\/\/www.hediyepazar.com\/index.php?rest_route=\/wp\/v2\/product\/108088","targetHints":{"allow":["GET"]}}],"collection":[{"href":"https:\/\/www.hediyepazar.com\/index.php?rest_route=\/wp\/v2\/product"}],"about":[{"href":"https:\/\/www.hediyepazar.com\/index.php?rest_route=\/wp\/v2\/types\/product"}],"replies":[{"embeddable":true,"href":"https:\/\/www.hediyepazar.com\/index.php?rest_route=%2Fwp%2Fv2%2Fcomments&post=108088"}],"wp:attachment":[{"href":"https:\/\/www.hediyepazar.com\/index.php?rest_route=%2Fwp%2Fv2%2Fmedia&parent=108088"}],"wp:term":[{"taxonomy":"product_brand","embeddable":true,"href":"https:\/\/www.hediyepazar.com\/index.php?rest_route=%2Fwp%2Fv2%2Fproduct_brand&post=108088"},{"taxonomy":"product_cat","embeddable":true,"href":"https:\/\/www.hediyepazar.com\/index.php?rest_route=%2Fwp%2Fv2%2Fproduct_cat&post=108088"},{"taxonomy":"product_tag","embeddable":true,"href":"https:\/\/www.hediyepazar.com\/index.php?rest_route=%2Fwp%2Fv2%2Fproduct_tag&post=108088"}],"curies":[{"name":"wp","href":"https:\/\/api.w.org\/{rel}","templated":true}]}}