{"id":108089,"date":"2026-05-04T21:30:08","date_gmt":"2026-05-05T00:30:08","guid":{"rendered":"https:\/\/www.hediyepazar.com\/?product=turk-bas-birak-kapakli-silikon-buz-kalibi-2"},"modified":"2026-05-04T21:30:08","modified_gmt":"2026-05-05T00:30:08","slug":"turk-bas-birak-kapakli-silikon-buz-kalibi-2","status":"publish","type":"product","link":"https:\/\/www.hediyepazar.com\/?product=turk-bas-birak-kapakli-silikon-buz-kalibi-2","title":{"rendered":"Turk Bas-B\u0131rak Kapakl\u0131 Silikon Buz Kal\u0131b\u0131"},"content":{"rendered":"<p>\t<strong>\u00dcr\u00fcn \u00d6zellikleri : <\/strong><\/p>\n<p>\t<strong>Adet \/ Renk \/ Tasar\u0131m : <\/strong> 1 Adet, Turk\u00a0 Design olarak tasarlad\u0131\u011f\u0131m\u0131z, resimde yer alan KALP MODEL\u0130N\u0130 , s\u00fcrpriz ya\u015famaman\u0131z i\u00e7in birebir g\u00f6nderiyoruz. Kalp renklerinde farkl\u0131l\u0131klar olabilir<\/p>\n<p>\t<strong>\u00d6l\u00e7\u00fcler : <\/strong> 27 x 9 x 3,5 cm Y\u00fckselik\u00a0<\/p>\n<p>\t<strong>GEN\u0130\u015e KULLANIM ALANI : Bu silikon buz k\u00fcp\u00fc tepsileri seti buz yapmakla s\u0131n\u0131rl\u0131 de\u011fildir, ayr\u0131ca dondurma, puding, j\u00f6le, meyve suyu, vis ki, kokteyl, sodal\u0131 su, kekler, yo\u011furt, kahve, bebek mamas\u0131 ve daha fazlas\u0131 gibi her t\u00fcrl\u00fc buzlu g\u0131da yapmak i\u00e7in idealdir. <\/strong><\/p>\n<p>\t<strong>\u00d6NE \u00c7IKAN \u00d6ZELL\u0130K : \u00dcst Kapa\u011f\u0131 b\u00fct\u00fcn halinde \u00e7\u0131kar\u0131p i\u00e7erisine s\u0131v\u0131 vb konulabilir ya da \u00fczerindeki a\u00e7\u0131labilir mini kapa\u011f\u0131ndan gerekli s\u0131v\u0131y\u0131 doldurabilirsiniz. Alt k\u0131s\u0131m yumu\u015fak silikondur ve parma\u0131n\u0131zla hafif yukar\u0131 do\u011fru itmeniz, buzun \u00e7\u0131kmas\u0131 i\u00e7in yeterlidir. E\u011e\u0130P-B\u00dcKMEYE son! <\/strong><\/p>\n<p>\t<strong>G\u00dcVENL\u0130 VE TOKS\u0130K OLMAYAN MALZEME :<\/strong> -30 &#8211; 175 derece aras\u0131 dayan\u0131kl\u0131 yumu\u015fak silikon malzemeler uzun s\u00fcre donduktan sonra bile \u00e7atlamaz veya k\u0131r\u0131lmaz. Kimyasal i\u00e7ermeyen, kur\u015funsuz g\u0131da s\u0131n\u0131f\u0131 silikondan yap\u0131lm\u0131\u015ft\u0131r. \u0130lk kullan\u0131mda buz kal\u0131plar\u0131n\u0131 30 dakika veya birka\u00e7 saat kaynat\u0131n, ard\u0131ndan buz kal\u0131plar\u0131n\u0131 doldurmak i\u00e7in saf su kullan\u0131n ve dondurun. Ve buz kal\u0131plar\u0131n\u0131 kulland\u0131ktan sonra bula\u015f\u0131k makinenize koyabilirsiniz, temizlenmesi kolayd\u0131r.<\/p>\n<p>\t<strong>HIZLI VE ESNEK BUZ \u00c7IKARMA :<\/strong> K\u00fcp tepsisinde 12 bo\u015fluk, bulunur. Esnek yap\u0131\u015fmaz silikon malzeme ve ba\u011f\u0131ms\u0131z k\u00fcp b\u00f6lmesi tasar\u0131m\u0131, buz k\u00fcplerinin serbest b\u0131rak\u0131lmas\u0131n\u0131 kolayla\u015ft\u0131r\u0131r. B\u00fckmeden alttan iterek buz k\u00fcplerini \u00e7\u0131karman\u0131z yeterlidir.<\/p>\n<p>\t<strong>\u0130ST\u0130FLENEB\u0130L\u0130R TASARIM :<\/strong> Buz k\u00fcp\u00fc tepsileri silikon kapaklarla gelir, yaln\u0131zca d\u00f6k\u00fclmeleri \u00f6nlemekle kalmaz, ayn\u0131 zamanda i\u00e7indekilerin dondurucu kokusunu veya tad\u0131n\u0131 emmemesini de sa\u011flar. Buz tepsileri ayr\u0131ca birbirine yap\u0131\u015fmadan kolayca istiflenir ve dondurucunuzu d\u00fczenli ve d\u00fczenli tutman\u0131za yard\u0131mc\u0131 olur.<\/p>\n<p>\t<strong>\u00c7EVRE DOSTUDUR &#8211; ATIKLARI AZALTIN :<\/strong> Bu buz k\u00fcp\u00fc yeniden kullan\u0131labilir ve y\u0131kanabilir, topraklar\u0131m\u0131z\u0131, nehirlerimizi ve deniz ya\u015fam\u0131n\u0131 korumaya yard\u0131mc\u0131 olur, Tek kullan\u0131ml\u0131k plastik kirlili\u011fini ve \u00e7evreye verilen zarar\u0131 azalt\u0131r.<\/p>\n<p>\t<strong>M\u00dcKEMMEL SATI\u015e SONRASI H\u0130ZMET :\u00a0<\/strong>Bu \u00fcr\u00fcne daha avantajl\u0131 sahip olabilmeniz i\u00e7in ma\u011fazam\u0131z\u0131 ziyaret ederek, kampanyalar\u0131 inceleyebilirsiniz. Turk \/ Turk olarak m\u00fc\u015fterilerimize en iyi hizmeti sunmay\u0131 ama\u00e7l\u0131yor, g\u00fcvenle sat\u0131n alabilmeniz i\u00e7in, ambalaj kalitemize g\u00fcveniyor, her \u00fcr\u00fcn sorunsuz teslimat i\u00e7in \u00f6zenle paketliyor ve resimde belirtilen renk, ebat, \u00f6zelikte \u00fcr\u00fcn g\u00f6ndermeyi taahh\u00fct ediyoruz. Hasarl\u0131 \u00fcr\u00fcn ald\u0131ysan\u0131z veya di\u011fer \u00fcr\u00fcn ve paket teslimat sorunlar\u0131 oldu\u011funda bizimle ileti\u015fime ge\u00e7mekten \u00e7ekinmeyin.<\/p>\n<p>\t<strong>DETAYLI B\u0130LG\u0130 \u0130\u00c7\u0130N EK RES\u0130MLER\u0130 \u0130NCELEYEB\u0130L\u0130RS\u0130N\u0130Z. <\/strong><\/p>\n<p>\t\u00a0<\/p>\n","protected":false},"excerpt":{"rendered":"<p>\u00dcr\u00fcn \u00d6zellikleri : Adet \/ Renk \/ Tasar\u0131m : 1 Adet, Turk\u00a0 Design olarak tasarlad\u0131\u011f\u0131m\u0131z, resimde yer alan KALP MODEL\u0130N\u0130 , s\u00fcrpriz ya\u015famaman\u0131z i\u00e7in birebir g\u00f6nderiyoruz. Kalp renklerinde farkl\u0131l\u0131klar olabilir \u00d6l\u00e7\u00fcler : 27 x 9 x 3,5 cm Y\u00fckselik\u00a0 GEN\u0130\u015e KULLANIM ALANI : Bu silikon buz k\u00fcp\u00fc tepsileri seti buz yapmakla s\u0131n\u0131rl\u0131 de\u011fildir, ayr\u0131ca dondurma,&#8230;<\/p>\n","protected":false},"featured_media":102614,"comment_status":"open","ping_status":"closed","template":"","meta":{"_kad_post_transparent":"","_kad_post_title":"","_kad_post_layout":"","_kad_post_sidebar_id":"","_kad_post_content_style":"","_kad_post_vertical_padding":"","_kad_post_feature":"","_kad_post_feature_position":"","_kad_post_header":false,"_kad_post_footer":false,"_kad_post_classname":""},"product_brand":[],"product_cat":[7826],"product_tag":[],"class_list":{"0":"post-108089","1":"product","2":"type-product","3":"status-publish","4":"has-post-thumbnail","6":"product_cat-endustriyel-mutfak-ekipmanlari-sofra-sofra-mutfak-ev-yasam-endustriyel-mutfak-ekipmanlari","8":"first","9":"instock","10":"purchasable","11":"product-type-simple","12":"entry","13":"content-bg","14":"loop-entry"},"_links":{"self":[{"href":"https:\/\/www.hediyepazar.com\/index.php?rest_route=\/wp\/v2\/product\/108089","targetHints":{"allow":["GET"]}}],"collection":[{"href":"https:\/\/www.hediyepazar.com\/index.php?rest_route=\/wp\/v2\/product"}],"about":[{"href":"https:\/\/www.hediyepazar.com\/index.php?rest_route=\/wp\/v2\/types\/product"}],"replies":[{"embeddable":true,"href":"https:\/\/www.hediyepazar.com\/index.php?rest_route=%2Fwp%2Fv2%2Fcomments&post=108089"}],"wp:featuredmedia":[{"embeddable":true,"href":"https:\/\/www.hediyepazar.com\/index.php?rest_route=\/wp\/v2\/media\/102614"}],"wp:attachment":[{"href":"https:\/\/www.hediyepazar.com\/index.php?rest_route=%2Fwp%2Fv2%2Fmedia&parent=108089"}],"wp:term":[{"taxonomy":"product_brand","embeddable":true,"href":"https:\/\/www.hediyepazar.com\/index.php?rest_route=%2Fwp%2Fv2%2Fproduct_brand&post=108089"},{"taxonomy":"product_cat","embeddable":true,"href":"https:\/\/www.hediyepazar.com\/index.php?rest_route=%2Fwp%2Fv2%2Fproduct_cat&post=108089"},{"taxonomy":"product_tag","embeddable":true,"href":"https:\/\/www.hediyepazar.com\/index.php?rest_route=%2Fwp%2Fv2%2Fproduct_tag&post=108089"}],"curies":[{"name":"wp","href":"https:\/\/api.w.org\/{rel}","templated":true}]}}