{"id":108090,"date":"2026-05-04T21:30:17","date_gmt":"2026-05-05T00:30:17","guid":{"rendered":"https:\/\/www.hediyepazar.com\/?product=turk-yumurta-zamanlayici-2"},"modified":"2026-05-04T21:30:17","modified_gmt":"2026-05-05T00:30:17","slug":"turk-yumurta-zamanlayici-2","status":"publish","type":"product","link":"https:\/\/www.hediyepazar.com\/?product=turk-yumurta-zamanlayici-2","title":{"rendered":"Turk Yumurta Zamanlay\u0131c\u0131"},"content":{"rendered":"<p>\t<strong>\u00dcr\u00fcn \u00d6zellikleri : <\/strong><\/p>\n<p>\t<strong>ADET : 1 <\/strong><\/p>\n<p>\t<strong>\u00d6L\u00c7\u00dcLER :\u00a0 5,6 X 4 CM\u00a0<\/strong><\/p>\n<p>\t<strong>ETK\u0130L\u0130 YUMURTA ZAMANLAYICI: <\/strong> Yumurta zamanlay\u0131c\u0131 ile yumurtalar\u0131n\u0131z\u0131n tad\u0131n\u0131 istedi\u011finiz gibi \u00e7\u0131kar\u0131n. Tahmin etmeye ve hayal k\u0131r\u0131kl\u0131\u011f\u0131na u\u011framaya gerek yok. Bu, yumurtalar\u0131n nas\u0131l kaynat\u0131laca\u011f\u0131n\u0131 se\u00e7menizi sa\u011flar: yumu\u015fak, orta veya sert. Her seferinde inan\u0131lmaz derecede ha\u015flanm\u0131\u015f yumurta al\u0131n!<\/p>\n<p>\t<strong>KULLANIMI KOLAY : <\/strong> Yumurta zamanlay\u0131c\u0131y\u0131 kaynayan suda yumurtalarla birlikte tencereye oturtun. Siz yumurtalar\u0131 pi\u015firirken zamanlay\u0131c\u0131n\u0131n renginin k\u0131rm\u0131z\u0131dan beyaza d\u00f6n\u00fc\u015fmesini basit\u00e7e izleyebilirsiniz. Su \u0131s\u0131nd\u0131k\u00e7a zamanlay\u0131c\u0131 d\u0131\u015f k\u0131s\u0131mdan merkeze do\u011fru renk de\u011fi\u015ftirir. Renk, bir etiket ve bir \u00e7izgi ile g\u00f6sterilen istenen \u00f6l\u00e7e\u011fe ula\u015ft\u0131\u011f\u0131nda yumurtalar\u0131 \u00e7\u0131karabilirsiniz.<\/p>\n<p>\t<strong>DAYANIKLI VE Y\u00dcKSEK KAL\u0130TE: <\/strong> Malzeme, toksik olmayan polyresin kaliteli yumurta zamanlay\u0131c\u0131d\u0131r. Bu, \u0131s\u0131ya dayan\u0131kl\u0131d\u0131r, G\u0131da maddeleri i\u00e7in g\u00fcvenlidir. Is\u0131ya duyarl\u0131 tasar\u0131m\u0131, yumurta gibi davrand\u0131\u011f\u0131ndan etkili olmas\u0131n\u0131 sa\u011flar. Ba\u015far\u0131s\u0131z yumurtalar\u0131 do\u011fru pi\u015firme giri\u015fimleri i\u00e7in m\u00fckemmel bir \u00e7\u00f6z\u00fcm.<\/p>\n<p>\t<strong>KOLAY SAKLAMA: <\/strong> Zamanlay\u0131c\u0131y\u0131 elde y\u0131kay\u0131n ve mutfak \u00e7ekmecelerinizde saklay\u0131n. Parlak k\u0131rm\u0131z\u0131 renk bulmay\u0131 kolayla\u015ft\u0131racakt\u0131r. Kullan\u0131\u015fl\u0131 ve boyut, normal boyuttaki bir yumurta ile neredeyse ayn\u0131.<\/p>\n<p>\t<strong>M\u00dcKEMMEL SATI\u015e SONRASI H\u0130ZMET : <\/strong>Bu \u00fcr\u00fcne daha avantajl\u0131 sahip olabilmeniz i\u00e7in ma\u011fazam\u0131z\u0131 ziyaret ederek, kampanyalar\u0131 inceleyebilirsiniz. Turk \/ Turk olarak m\u00fc\u015fterilerimize en iyi hizmeti sunmay\u0131 ama\u00e7l\u0131yor, g\u00fcvenle sat\u0131n alabilmeniz i\u00e7in, ambalaj kalitemize g\u00fcveniyor, her \u00fcr\u00fcn sorunsuz teslimat i\u00e7in \u00f6zenle paketliyor ve resimde belirtilen renk, ebat, \u00f6zelikte \u00fcr\u00fcn g\u00f6ndermeyi taahh\u00fct ediyoruz. Hasarl\u0131 \u00fcr\u00fcn ald\u0131ysan\u0131z veya di\u011fer \u00fcr\u00fcn ve paket teslimat sorunlar\u0131 oldu\u011funda bizimle ileti\u015fime ge\u00e7mekten \u00e7ekinmeyin.<\/p>\n<p>\tDETAYLI B\u0130LG\u0130 \u0130\u00c7\u0130N EK RES\u0130MLER\u0130 \u0130NCELEYEB\u0130L\u0130RS\u0130N\u0130Z.\t<\/p>\n","protected":false},"excerpt":{"rendered":"<p>\u00dcr\u00fcn \u00d6zellikleri : ADET : 1 \u00d6L\u00c7\u00dcLER :\u00a0 5,6 X 4 CM\u00a0 ETK\u0130L\u0130 YUMURTA ZAMANLAYICI: Yumurta zamanlay\u0131c\u0131 ile yumurtalar\u0131n\u0131z\u0131n tad\u0131n\u0131 istedi\u011finiz gibi \u00e7\u0131kar\u0131n. Tahmin etmeye ve hayal k\u0131r\u0131kl\u0131\u011f\u0131na u\u011framaya gerek yok. Bu, yumurtalar\u0131n nas\u0131l kaynat\u0131laca\u011f\u0131n\u0131 se\u00e7menizi sa\u011flar: yumu\u015fak, orta veya sert. Her seferinde inan\u0131lmaz derecede ha\u015flanm\u0131\u015f yumurta al\u0131n! KULLANIMI KOLAY : Yumurta zamanlay\u0131c\u0131y\u0131 kaynayan suda&#8230;<\/p>\n","protected":false},"featured_media":102616,"comment_status":"open","ping_status":"closed","template":"","meta":{"_kad_post_transparent":"","_kad_post_title":"","_kad_post_layout":"","_kad_post_sidebar_id":"","_kad_post_content_style":"","_kad_post_vertical_padding":"","_kad_post_feature":"","_kad_post_feature_position":"","_kad_post_header":false,"_kad_post_footer":false,"_kad_post_classname":""},"product_brand":[],"product_cat":[7826],"product_tag":[],"class_list":{"0":"post-108090","1":"product","2":"type-product","3":"status-publish","4":"has-post-thumbnail","6":"product_cat-endustriyel-mutfak-ekipmanlari-sofra-sofra-mutfak-ev-yasam-endustriyel-mutfak-ekipmanlari","8":"first","9":"instock","10":"purchasable","11":"product-type-simple","12":"entry","13":"content-bg","14":"loop-entry"},"_links":{"self":[{"href":"https:\/\/www.hediyepazar.com\/index.php?rest_route=\/wp\/v2\/product\/108090","targetHints":{"allow":["GET"]}}],"collection":[{"href":"https:\/\/www.hediyepazar.com\/index.php?rest_route=\/wp\/v2\/product"}],"about":[{"href":"https:\/\/www.hediyepazar.com\/index.php?rest_route=\/wp\/v2\/types\/product"}],"replies":[{"embeddable":true,"href":"https:\/\/www.hediyepazar.com\/index.php?rest_route=%2Fwp%2Fv2%2Fcomments&post=108090"}],"wp:featuredmedia":[{"embeddable":true,"href":"https:\/\/www.hediyepazar.com\/index.php?rest_route=\/wp\/v2\/media\/102616"}],"wp:attachment":[{"href":"https:\/\/www.hediyepazar.com\/index.php?rest_route=%2Fwp%2Fv2%2Fmedia&parent=108090"}],"wp:term":[{"taxonomy":"product_brand","embeddable":true,"href":"https:\/\/www.hediyepazar.com\/index.php?rest_route=%2Fwp%2Fv2%2Fproduct_brand&post=108090"},{"taxonomy":"product_cat","embeddable":true,"href":"https:\/\/www.hediyepazar.com\/index.php?rest_route=%2Fwp%2Fv2%2Fproduct_cat&post=108090"},{"taxonomy":"product_tag","embeddable":true,"href":"https:\/\/www.hediyepazar.com\/index.php?rest_route=%2Fwp%2Fv2%2Fproduct_tag&post=108090"}],"curies":[{"name":"wp","href":"https:\/\/api.w.org\/{rel}","templated":true}]}}