{"id":108163,"date":"2026-05-04T22:09:20","date_gmt":"2026-05-05T01:09:20","guid":{"rendered":"https:\/\/www.hediyepazar.com\/?product=turk-bisiklet-zili-metal-2"},"modified":"2026-05-04T22:09:20","modified_gmt":"2026-05-05T01:09:20","slug":"turk-bisiklet-zili-metal-2","status":"publish","type":"product","link":"https:\/\/www.hediyepazar.com\/?product=turk-bisiklet-zili-metal-2","title":{"rendered":"Turk Bisiklet Zili Metal"},"content":{"rendered":"<p>\t<strong>\u00dcr\u00fcn \u00d6zellikleri : <\/strong><\/p>\n<p>\t<strong>NE G\u00d6NDER\u0130YORUZ ? <\/strong>1 ADET\u00a0 \u00a0y\u00fcksek ses i\u00e7in kullanabilece\u011finiz, Turk Maytoni Design olarak tasarlad\u0131\u011f\u0131m\u0131z \u00fcr\u00fcn\u00fc g\u00f6nderiyoruz.\u00a0\u00a0<\/p>\n<p>\t<strong>\u00dcST\u00dcN KAL\u0130TE METAL : <\/strong>Kubbesi, yaln\u0131zca muhte\u015fem bir ses yaratan y\u00fcksek kaliteli metalden yap\u0131lm\u0131\u015ft\u0131r.<\/p>\n<p>\t<strong>E\u015eS\u0130Z SES <\/strong>: Daha net, daha y\u00fcksek, daha uzun s\u00fcre kal\u0131c\u0131 daha saf ton yayalara ho\u015f bir uyar\u0131 verir; bisikletinize g\u00fczel bir melodi getiriyor. Uzun ve y\u00fcksek bir ses getirmesini sa\u011flayan dahili oyuk yank\u0131 sistemi ile birle\u015fir. Ayr\u0131ca \u00e7eki\u00e7, birbirine ba\u011fl\u0131 entegre bir PP malzemedir, yay gibi d\u00fc\u015fmesi kolay de\u011fildir. Yayalar ve ge\u00e7en ara\u00e7lar zil sesini net bir \u015fekilde duyabilir, g\u00fcvenli\u011fimiz i\u00e7in erken uyar\u0131d\u0131r.<\/p>\n<p>\t<strong>\u0130NCE \u0130\u015eLEME :<\/strong> Anti-oksidasyon ve a\u015f\u0131nma direncine sahip kaliteli elektro kaplama ile geli\u015ftirilmi\u015f parlakl\u0131k. \u00c7apaks\u0131z, iyi cilalanm\u0131\u015f ve PP tutucudan olu\u015fur.<\/p>\n<p>\t<strong>KURULUMU KOLAY <\/strong>: Bisiklet zili, 2,22 ila 2,25 cm \u00e7ap\u0131ndaki gidon veya g\u00f6vdeli bisikletler i\u00e7in uygundur (Bu \u00f6l\u00e7\u00fcler en \u00e7ok kullan\u0131lan gidon \u00f6l\u00e7\u00fcleridir) Vidalamak i\u00e7in sadece bir dakika, bitti!<\/p>\n<p>\t<strong>M\u00dcKEMMEL SATI\u015e SONRASI H\u0130ZMET :\u00a0<\/strong>Turk \/ Turk m\u00fc\u015fterilerimize en iyi hizmeti sunmay\u0131 ama\u00e7l\u0131yor ve resimde belirtilen renk, ebat, \u00f6zelikte \u00fcr\u00fcn g\u00f6ndermeyi taahh\u00fct ediyoruz. G\u00fcvenle sat\u0131n alabilirsiniz. Hasarl\u0131 \u00fcr\u00fcn ald\u0131ysan\u0131z veya di\u011fer \u00fcr\u00fcn ve paket teslimat sorunlar\u0131 oldu\u011funda bizimle ileti\u015fime ge\u00e7mekten \u00e7ekinmeyin.<\/p>\n","protected":false},"excerpt":{"rendered":"<p>\u00dcr\u00fcn \u00d6zellikleri : NE G\u00d6NDER\u0130YORUZ ? 1 ADET\u00a0 \u00a0y\u00fcksek ses i\u00e7in kullanabilece\u011finiz, Turk Maytoni Design olarak tasarlad\u0131\u011f\u0131m\u0131z \u00fcr\u00fcn\u00fc g\u00f6nderiyoruz.\u00a0\u00a0 \u00dcST\u00dcN KAL\u0130TE METAL : Kubbesi, yaln\u0131zca muhte\u015fem bir ses yaratan y\u00fcksek kaliteli metalden yap\u0131lm\u0131\u015ft\u0131r. E\u015eS\u0130Z SES : Daha net, daha y\u00fcksek, daha uzun s\u00fcre kal\u0131c\u0131 daha saf ton yayalara ho\u015f bir uyar\u0131 verir; bisikletinize g\u00fczel bir&#8230;<\/p>\n","protected":false},"featured_media":0,"comment_status":"open","ping_status":"closed","template":"","meta":{"_kad_post_transparent":"","_kad_post_title":"","_kad_post_layout":"","_kad_post_sidebar_id":"","_kad_post_content_style":"","_kad_post_vertical_padding":"","_kad_post_feature":"","_kad_post_feature_position":"","_kad_post_header":false,"_kad_post_footer":false,"_kad_post_classname":""},"product_brand":[],"product_cat":[14310],"product_tag":[],"class_list":{"0":"post-108163","1":"product","2":"type-product","3":"status-publish","5":"product_cat-motosiklet-aksesuarlari-motosiklet-otomobil-motosiklet-yasam-motosiklet-aksesuarlari","7":"first","8":"instock","9":"purchasable","10":"product-type-simple","11":"entry","12":"content-bg","13":"loop-entry"},"_links":{"self":[{"href":"https:\/\/www.hediyepazar.com\/index.php?rest_route=\/wp\/v2\/product\/108163","targetHints":{"allow":["GET"]}}],"collection":[{"href":"https:\/\/www.hediyepazar.com\/index.php?rest_route=\/wp\/v2\/product"}],"about":[{"href":"https:\/\/www.hediyepazar.com\/index.php?rest_route=\/wp\/v2\/types\/product"}],"replies":[{"embeddable":true,"href":"https:\/\/www.hediyepazar.com\/index.php?rest_route=%2Fwp%2Fv2%2Fcomments&post=108163"}],"wp:attachment":[{"href":"https:\/\/www.hediyepazar.com\/index.php?rest_route=%2Fwp%2Fv2%2Fmedia&parent=108163"}],"wp:term":[{"taxonomy":"product_brand","embeddable":true,"href":"https:\/\/www.hediyepazar.com\/index.php?rest_route=%2Fwp%2Fv2%2Fproduct_brand&post=108163"},{"taxonomy":"product_cat","embeddable":true,"href":"https:\/\/www.hediyepazar.com\/index.php?rest_route=%2Fwp%2Fv2%2Fproduct_cat&post=108163"},{"taxonomy":"product_tag","embeddable":true,"href":"https:\/\/www.hediyepazar.com\/index.php?rest_route=%2Fwp%2Fv2%2Fproduct_tag&post=108163"}],"curies":[{"name":"wp","href":"https:\/\/api.w.org\/{rel}","templated":true}]}}