{"id":108323,"date":"2026-05-04T23:28:01","date_gmt":"2026-05-05T02:28:01","guid":{"rendered":"https:\/\/www.hediyepazar.com\/?product=turk-seyahat-kiti-bos-sise-seyahat-seti-6-parca"},"modified":"2026-05-04T23:28:01","modified_gmt":"2026-05-05T02:28:01","slug":"turk-seyahat-kiti-bos-sise-seyahat-seti-6-parca","status":"publish","type":"product","link":"https:\/\/www.hediyepazar.com\/?product=turk-seyahat-kiti-bos-sise-seyahat-seti-6-parca","title":{"rendered":"Turk Seyahat Kiti Bo\u015f \u015ei\u015fe Seyahat Seti 6 Par\u00e7a"},"content":{"rendered":"<p>\t<strong>\u00dcr\u00fcn \u00d6zellikleri : <\/strong><\/p>\n<p>\t<strong>Adet \/ Renk \/ Tasar\u0131m : <\/strong> 1 SET ( 6 LI PAKET) , Turk\u00a0 Design olarak tasarlad\u0131\u011f\u0131m\u0131z, resimde yer alan MODEL\u0130 , s\u00fcrpriz ya\u015famaman\u0131z i\u00e7in birebir g\u00f6nderiyoruz. Kapak renkleri k\u0131rm\u0131z\u0131 veya mavi olabilir<\/p>\n<p>\t50 \u015fer ml \u015fi\u015fer ve 10 ml yuvarlak krem kutular\u0131 1 adet spatula<\/p>\n<p>\tBo\u015f kaplar : El, losyon, y\u00fcz, y\u00fcz kremi, v\u00fccut losyonu, g\u00fcne\u015f kremi, \u015fampuan, sa\u00e7 kremi ve daha fazlas\u0131 i\u00e7in m\u00fckemmel bir se\u00e7im.<\/p>\n<p>\tKozmetik \u015fi\u015fesi &#8211; \u015fi\u015fe s\u0131z\u0131nt\u0131 yapmaz, kullan\u0131m\u0131 kolayd\u0131r, k\u00fc\u00e7\u00fck hacimlidir, kullan\u0131m\u0131 ve ta\u015f\u0131nmas\u0131 kolayd\u0131r.<\/p>\n<p>\tSeyahat boyutunda banyo malzemeleri kaplar\u0131 &#8211; basit ve ta\u015f\u0131nabilir tasar\u0131ma sahip alt \u015fi\u015feler, seyahat ederken kozmetik \u00fcr\u00fcnlerini paketlemeniz i\u00e7in uygundur.<\/p>\n<p>\tEl bagajl\u0131 \u015fi\u015fe seti \u015fampuan, sa\u00e7 kremi, v\u00fccut y\u0131kama, losyon ve daha fazlas\u0131 i\u00e7in m\u00fckemmeldir. Fermuarl\u0131 \u015feffaf bir ki\u015fisel bak\u0131m \u00e7antas\u0131 ile paketlenmi\u015ftir, yer tasarrufu sa\u011flar, ta\u015f\u0131mas\u0131 kolayd\u0131r, el bagaj\u0131 onayl\u0131d\u0131r.<\/p>\n<p>\tSette bulunan kozmetik \u00e7antas\u0131 da \u015feffaf plastikten yap\u0131lm\u0131\u015ft\u0131r ve havaalan\u0131nda g\u00fcvenlik kontrolleri i\u00e7in m\u00fckemmeldir. Havaalan\u0131nda uzun g\u00fcvenlik kontrol\u00fc s\u0131ras\u0131na girmeden \u00f6nce t\u00fcm kozmetik \u00fcr\u00fcnlerinizi, parf\u00fcmlerinizi ve kremlerinizi el bagaj\u0131nda d\u00fczg\u00fcn bir \u015fekilde saklad\u0131\u011f\u0131n\u0131zda hayat kurtar\u0131c\u0131d\u0131r.<\/p>\n<p>\t\u015ei\u015feler \u015feffaf plastikten \u00fcretilmi\u015ftir, b\u00f6ylece i\u00e7inde hangi s\u0131v\u0131 veya krem oldu\u011funu bilirsiniz. S\u0131v\u0131lar\u0131n s\u0131zmas\u0131n\u0131 \u00f6nlemek i\u00e7in kapak s\u0131k\u0131ca kapat\u0131labilir. P\u00fcsk\u00fcrtme \u015fi\u015fesi, yanl\u0131\u015fl\u0131kla p\u00fcsk\u00fcrtmeyi \u00f6nlemek i\u00e7in ek bir plastik kapa\u011fa sahiptir. Pompa \u015fi\u015fesi ayn\u0131 zamanda bir g\u00fcvenlik klipsi ile donat\u0131lm\u0131\u015ft\u0131r. E\u011fer bir veya di\u011fer damla akarsa, makyaj \u00e7antas\u0131 onu yakalar.<\/p>\n<p>\t<strong>M\u00dcKEMMEL SATI\u015e SONRASI H\u0130ZMET : <\/strong>Bu \u00fcr\u00fcne daha avantajl\u0131 sahip olabilmeniz i\u00e7in ma\u011fazam\u0131z\u0131 ziyaret ederek, kampanyalar\u0131 inceleyebilirsiniz. Turk \/ Turk olarak m\u00fc\u015fterilerimize en iyi hizmeti sunmay\u0131 ama\u00e7l\u0131yor, g\u00fcvenle sat\u0131n alabilmeniz i\u00e7in, ambalaj kalitemize g\u00fcveniyor, her \u00fcr\u00fcn sorunsuz teslimat i\u00e7in \u00f6zenle paketliyor ve resimde belirtilen renk, ebat, \u00f6zelikte \u00fcr\u00fcn g\u00f6ndermeyi taahh\u00fct ediyoruz. Hasarl\u0131 \u00fcr\u00fcn ald\u0131ysan\u0131z veya di\u011fer \u00fcr\u00fcn ve paket teslimat sorunlar\u0131 oldu\u011funda bizimle ileti\u015fime ge\u00e7mekten \u00e7ekinmeyin.<\/p>\n","protected":false},"excerpt":{"rendered":"<p>\u00dcr\u00fcn \u00d6zellikleri : Adet \/ Renk \/ Tasar\u0131m : 1 SET ( 6 LI PAKET) , Turk\u00a0 Design olarak tasarlad\u0131\u011f\u0131m\u0131z, resimde yer alan MODEL\u0130 , s\u00fcrpriz ya\u015famaman\u0131z i\u00e7in birebir g\u00f6nderiyoruz. Kapak renkleri k\u0131rm\u0131z\u0131 veya mavi olabilir 50 \u015fer ml \u015fi\u015fer ve 10 ml yuvarlak krem kutular\u0131 1 adet spatula Bo\u015f kaplar : El, losyon, y\u00fcz,&#8230;<\/p>\n","protected":false},"featured_media":108322,"comment_status":"open","ping_status":"closed","template":"","meta":{"_kad_post_transparent":"","_kad_post_title":"","_kad_post_layout":"","_kad_post_sidebar_id":"","_kad_post_content_style":"","_kad_post_vertical_padding":"","_kad_post_feature":"","_kad_post_feature_position":"","_kad_post_header":false,"_kad_post_footer":false,"_kad_post_classname":""},"product_brand":[],"product_cat":[7831],"product_tag":[],"class_list":{"0":"post-108323","1":"product","2":"type-product","3":"status-publish","4":"has-post-thumbnail","6":"product_cat-hobi-malzemeleri-hobi-ev-yasam-hobi-malzemeleri-hobi-ev-yasam","8":"first","9":"instock","10":"purchasable","11":"product-type-simple","12":"entry","13":"content-bg","14":"loop-entry"},"_links":{"self":[{"href":"https:\/\/www.hediyepazar.com\/index.php?rest_route=\/wp\/v2\/product\/108323","targetHints":{"allow":["GET"]}}],"collection":[{"href":"https:\/\/www.hediyepazar.com\/index.php?rest_route=\/wp\/v2\/product"}],"about":[{"href":"https:\/\/www.hediyepazar.com\/index.php?rest_route=\/wp\/v2\/types\/product"}],"replies":[{"embeddable":true,"href":"https:\/\/www.hediyepazar.com\/index.php?rest_route=%2Fwp%2Fv2%2Fcomments&post=108323"}],"wp:featuredmedia":[{"embeddable":true,"href":"https:\/\/www.hediyepazar.com\/index.php?rest_route=\/wp\/v2\/media\/108322"}],"wp:attachment":[{"href":"https:\/\/www.hediyepazar.com\/index.php?rest_route=%2Fwp%2Fv2%2Fmedia&parent=108323"}],"wp:term":[{"taxonomy":"product_brand","embeddable":true,"href":"https:\/\/www.hediyepazar.com\/index.php?rest_route=%2Fwp%2Fv2%2Fproduct_brand&post=108323"},{"taxonomy":"product_cat","embeddable":true,"href":"https:\/\/www.hediyepazar.com\/index.php?rest_route=%2Fwp%2Fv2%2Fproduct_cat&post=108323"},{"taxonomy":"product_tag","embeddable":true,"href":"https:\/\/www.hediyepazar.com\/index.php?rest_route=%2Fwp%2Fv2%2Fproduct_tag&post=108323"}],"curies":[{"name":"wp","href":"https:\/\/api.w.org\/{rel}","templated":true}]}}