{"id":108326,"date":"2026-05-04T23:28:29","date_gmt":"2026-05-05T02:28:29","guid":{"rendered":"https:\/\/www.hediyepazar.com\/?product=turk-elbise-askisi-natural-ahsap-8-adet"},"modified":"2026-05-04T23:28:29","modified_gmt":"2026-05-05T02:28:29","slug":"turk-elbise-askisi-natural-ahsap-8-adet","status":"publish","type":"product","link":"https:\/\/www.hediyepazar.com\/?product=turk-elbise-askisi-natural-ahsap-8-adet","title":{"rendered":"Turk Elbise Ask\u0131s\u0131 Natural Ah\u015fap 8 ADET"},"content":{"rendered":"<p>\t<strong>\u00dcr\u00fcn \u00d6zellikleri : <\/strong><\/p>\n<p>\t<strong>Materyal : Kay\u0131n A\u011fac\u0131 AH\u015eAP<\/strong><\/p>\n<p>\t<strong>Adet \/ Renk \/ Tasar\u0131m : <\/strong> 8 Adet, Turk\u00a0<span style=\"color: rgb(1, 15, 38); font-family: Roboto, sans-serif; font-size: 13px;\">Montague\u00a0<\/span>Design olarak tasarlad\u0131\u011f\u0131m\u0131z, resimde yer alan NATURAL rengi, s\u00fcrpriz ya\u015famaman\u0131z i\u00e7in birebir g\u00f6nderiyoruz<\/p>\n<p>\t<strong>\u00d6l\u00e7\u00fcler :\u00a0<\/strong><strong style=\"color: rgb(255, 0, 0);\">45 cm<\/strong><\/p>\n<p>\t%100 ah\u015fap malzemeden \u00fcretilmi\u015ftir. D\u00f6ner kancal\u0131d\u0131r. Kayd\u0131rmaz yap\u0131dad\u0131r. Eteklik b\u00f6lgesi bulunur.<\/p>\n<p>\t<strong>M\u00dcKEMMEL SATI\u015e SONRASI H\u0130ZMET : <\/strong>Turk \/ Turk m\u00fc\u015fterilerimize en iyi hizmeti sunmay\u0131 ama\u00e7l\u0131yor ve resimde belirtilen renk, ebat, \u00f6zelikte \u00fcr\u00fcn g\u00f6ndermeyi taahh\u00fct ediyoruz. G\u00fcvenle sat\u0131n alabilirsiniz. Hasarl\u0131 \u00fcr\u00fcn ald\u0131ysan\u0131z veya di\u011fer \u00fcr\u00fcn ve paket teslimat sorunlar\u0131 oldu\u011funda bizimle ileti\u015fime ge\u00e7mekten \u00e7ekinmeyin.<\/p>\n<p>\t<strong>Detayl\u0131 bilgi i\u00e7in ek resimleri inceleyebilirsiniz<\/strong><\/p>\n<p><strong>Detayl\u0131 bilgi i\u00e7in ek resimleri inceleyebilirsiniz<\/p>\n<p> <strong> <\/strong><\/strong><\/strong><\/p>\n","protected":false},"excerpt":{"rendered":"<p>\u00dcr\u00fcn \u00d6zellikleri : Materyal : Kay\u0131n A\u011fac\u0131 AH\u015eAP Adet \/ Renk \/ Tasar\u0131m : 8 Adet, Turk\u00a0Montague\u00a0Design olarak tasarlad\u0131\u011f\u0131m\u0131z, resimde yer alan NATURAL rengi, s\u00fcrpriz ya\u015famaman\u0131z i\u00e7in birebir g\u00f6nderiyoruz \u00d6l\u00e7\u00fcler :\u00a045 cm %100 ah\u015fap malzemeden \u00fcretilmi\u015ftir. D\u00f6ner kancal\u0131d\u0131r. Kayd\u0131rmaz yap\u0131dad\u0131r. Eteklik b\u00f6lgesi bulunur. M\u00dcKEMMEL SATI\u015e SONRASI H\u0130ZMET : Turk \/ Turk m\u00fc\u015fterilerimize en iyi hizmeti&#8230;<\/p>\n","protected":false},"featured_media":0,"comment_status":"open","ping_status":"closed","template":"","meta":{"_kad_post_transparent":"","_kad_post_title":"","_kad_post_layout":"","_kad_post_sidebar_id":"","_kad_post_content_style":"","_kad_post_vertical_padding":"","_kad_post_feature":"","_kad_post_feature_position":"","_kad_post_header":false,"_kad_post_footer":false,"_kad_post_classname":""},"product_brand":[],"product_cat":[14199],"product_tag":[],"class_list":{"0":"post-108326","1":"product","2":"type-product","3":"status-publish","5":"product_cat-aski-depolama-duzenleme-urunleri-ev-gerecleri-ev-yasam-aski","7":"first","8":"instock","9":"purchasable","10":"product-type-simple","11":"entry","12":"content-bg","13":"loop-entry"},"_links":{"self":[{"href":"https:\/\/www.hediyepazar.com\/index.php?rest_route=\/wp\/v2\/product\/108326","targetHints":{"allow":["GET"]}}],"collection":[{"href":"https:\/\/www.hediyepazar.com\/index.php?rest_route=\/wp\/v2\/product"}],"about":[{"href":"https:\/\/www.hediyepazar.com\/index.php?rest_route=\/wp\/v2\/types\/product"}],"replies":[{"embeddable":true,"href":"https:\/\/www.hediyepazar.com\/index.php?rest_route=%2Fwp%2Fv2%2Fcomments&post=108326"}],"wp:attachment":[{"href":"https:\/\/www.hediyepazar.com\/index.php?rest_route=%2Fwp%2Fv2%2Fmedia&parent=108326"}],"wp:term":[{"taxonomy":"product_brand","embeddable":true,"href":"https:\/\/www.hediyepazar.com\/index.php?rest_route=%2Fwp%2Fv2%2Fproduct_brand&post=108326"},{"taxonomy":"product_cat","embeddable":true,"href":"https:\/\/www.hediyepazar.com\/index.php?rest_route=%2Fwp%2Fv2%2Fproduct_cat&post=108326"},{"taxonomy":"product_tag","embeddable":true,"href":"https:\/\/www.hediyepazar.com\/index.php?rest_route=%2Fwp%2Fv2%2Fproduct_tag&post=108326"}],"curies":[{"name":"wp","href":"https:\/\/api.w.org\/{rel}","templated":true}]}}