{"id":108336,"date":"2026-05-04T23:34:16","date_gmt":"2026-05-05T02:34:16","guid":{"rendered":"https:\/\/www.hediyepazar.com\/?product=turk-tiras-makinesi-kayma-sicaklik-titresim-kavrama-duzeltici"},"modified":"2026-05-04T23:34:16","modified_gmt":"2026-05-05T02:34:16","slug":"turk-tiras-makinesi-kayma-sicaklik-titresim-kavrama-duzeltici","status":"publish","type":"product","link":"https:\/\/www.hediyepazar.com\/?product=turk-tiras-makinesi-kayma-sicaklik-titresim-kavrama-duzeltici","title":{"rendered":"Turk T\u0131ra\u015f Makinesi Kayma S\u0131cakl\u0131k Titre\u015fim Kavrama D\u00fczeltici"},"content":{"rendered":"<p><\/p>\n<p>\t<strong>\u00dcr\u00fcn \u00d6zellikleri : <\/strong> Tra\u015f makinesi ve d\u00fczeltici dahil de\u011fildir.<\/p>\n<p>\t<strong>Materyal : <\/strong> Y\u00fcksek kaliteli silikon, gerilebilir malzeme.<\/p>\n<p>\t<strong>Adet \/ Renk \/ Tasar\u0131m : <\/strong> 2 Adet, Turk Absolute Design olarak tasarlad\u0131\u011f\u0131m\u0131z, resimde yer alan rengi, s\u00fcrpriz ya\u015famaman\u0131z i\u00e7in birebir g\u00f6nderiyoruz<\/p>\n<p>\t<strong>\u00d6l\u00e7\u00fcler : <\/strong> 5,5 x 4,5 cm &#8211; %20 oran\u0131nda daha esneyebilir<\/p>\n<p>\tKaymaz tasar\u0131m, yumu\u015fak dokunu\u015f.<br \/>\tSa\u00e7 kesme makineniz i\u00e7in \u0131s\u0131ya dayan\u0131kl\u0131 ve koruyucu.<br \/>\tEv veya salon kullan\u0131m\u0131na uygundur.<\/p>\n<p>\t\u00d6NE \u00c7IKAN \u00d6ZELL\u0130K : Y\u00fcksek \u0131s\u0131nman\u0131n verdi\u011fi rahats\u0131zl\u0131\u011f\u0131, elinizin kaymas\u0131n\u0131, titre\u015fimi daha az hissetmenizi sa\u011flayarak konfrolu kullan\u0131m sa\u011flar<\/p>\n<p>\tUNIVERSAL TASARIM : \u00e7o\u011fu kesme makinesine ve d\u00fczelticiye uyacakt\u0131r. Bantlar gerilebilir ve di\u011fer uygulamalarda kullan\u0131lmas\u0131na izin verir.<\/p>\n<p>\tKAVRAMA VE DAHA FAZLA KONTROL : Kaymaz kavrama bantlar\u0131, uzun s\u00fcre \u00e7al\u0131\u015fmay\u0131 daha rahat hale getirir ve kesme makinenizin elinizde daha dengeli kalmas\u0131na ve kaymas\u0131n\u0131 \u00f6nlemeye yard\u0131mc\u0131 olur.<\/p>\n<p>\tISIYA DAYANIKLI : Zorlu \u00e7al\u0131\u015fma ko\u015fullar\u0131nda elinizi serin ve stresten uzak tutar. Ayr\u0131ca titre\u015fimi azaltabilir ve temizlenmesi \u00e7ok kolayd\u0131r. Sa\u00e7 kesme makinesi veya d\u00fczeltici \u00e7ok \u0131s\u0131nd\u0131\u011f\u0131nda \u0131s\u0131dan kaynaklanan Rahats\u0131zl\u0131\u011f\u0131 \u00f6nler.<\/p>\n<p>\t<strong>M\u00dcKEMMEL SATI\u015e SONRASI H\u0130ZMET : <\/strong>Turk \/ Turk olarak m\u00fc\u015fterilerimize en iyi hizmeti sunmay\u0131 ama\u00e7l\u0131yor, g\u00fcvenle sat\u0131n alabilmeniz i\u00e7in, ambalaj kalitemize g\u00fcveniyor, her \u00fcr\u00fcn sorunsuz teslimat i\u00e7in \u00f6zenle paketliyor ve resimde belirtilen renk, ebat, \u00f6zelikte \u00fcr\u00fcn g\u00f6ndermeyi taahh\u00fct ediyoruz. Hasarl\u0131 \u00fcr\u00fcn ald\u0131ysan\u0131z veya di\u011fer \u00fcr\u00fcn ve paket teslimat sorunlar\u0131 oldu\u011funda bizimle ileti\u015fime ge\u00e7mekten \u00e7ekinmeyin.<\/p>\n<p>\t<strong>Detayl\u0131 bilgi i\u00e7in ek resimleri inceleyebilirsiniz<\/strong><\/p>\n<p><\/p>\n<p>\t<strong><strong> <\/strong><\/strong><\/p>\n<p>\t\u00a0<\/p>\n","protected":false},"excerpt":{"rendered":"<p>\u00dcr\u00fcn \u00d6zellikleri : Tra\u015f makinesi ve d\u00fczeltici dahil de\u011fildir. Materyal : Y\u00fcksek kaliteli silikon, gerilebilir malzeme. Adet \/ Renk \/ Tasar\u0131m : 2 Adet, Turk Absolute Design olarak tasarlad\u0131\u011f\u0131m\u0131z, resimde yer alan rengi, s\u00fcrpriz ya\u015famaman\u0131z i\u00e7in birebir g\u00f6nderiyoruz \u00d6l\u00e7\u00fcler : 5,5 x 4,5 cm &#8211; %20 oran\u0131nda daha esneyebilir Kaymaz tasar\u0131m, yumu\u015fak dokunu\u015f. Sa\u00e7 kesme&#8230;<\/p>\n","protected":false},"featured_media":0,"comment_status":"open","ping_status":"closed","template":"","meta":{"_kad_post_transparent":"","_kad_post_title":"","_kad_post_layout":"","_kad_post_sidebar_id":"","_kad_post_content_style":"","_kad_post_vertical_padding":"","_kad_post_feature":"","_kad_post_feature_position":"","_kad_post_header":false,"_kad_post_footer":false,"_kad_post_classname":""},"product_brand":[],"product_cat":[14227],"product_tag":[],"class_list":{"0":"post-108336","1":"product","2":"type-product","3":"status-publish","5":"product_cat-kuafor-urunleri-erkek-kuafor-kuafor-urunleri","7":"first","8":"instock","9":"purchasable","10":"product-type-simple","11":"entry","12":"content-bg","13":"loop-entry"},"_links":{"self":[{"href":"https:\/\/www.hediyepazar.com\/index.php?rest_route=\/wp\/v2\/product\/108336","targetHints":{"allow":["GET"]}}],"collection":[{"href":"https:\/\/www.hediyepazar.com\/index.php?rest_route=\/wp\/v2\/product"}],"about":[{"href":"https:\/\/www.hediyepazar.com\/index.php?rest_route=\/wp\/v2\/types\/product"}],"replies":[{"embeddable":true,"href":"https:\/\/www.hediyepazar.com\/index.php?rest_route=%2Fwp%2Fv2%2Fcomments&post=108336"}],"wp:attachment":[{"href":"https:\/\/www.hediyepazar.com\/index.php?rest_route=%2Fwp%2Fv2%2Fmedia&parent=108336"}],"wp:term":[{"taxonomy":"product_brand","embeddable":true,"href":"https:\/\/www.hediyepazar.com\/index.php?rest_route=%2Fwp%2Fv2%2Fproduct_brand&post=108336"},{"taxonomy":"product_cat","embeddable":true,"href":"https:\/\/www.hediyepazar.com\/index.php?rest_route=%2Fwp%2Fv2%2Fproduct_cat&post=108336"},{"taxonomy":"product_tag","embeddable":true,"href":"https:\/\/www.hediyepazar.com\/index.php?rest_route=%2Fwp%2Fv2%2Fproduct_tag&post=108336"}],"curies":[{"name":"wp","href":"https:\/\/api.w.org\/{rel}","templated":true}]}}