{"id":108338,"date":"2026-05-04T23:34:26","date_gmt":"2026-05-05T02:34:26","guid":{"rendered":"https:\/\/www.hediyepazar.com\/?product=turk-protez-tirnak-sunum-kartelasi-seffaf-100-lu"},"modified":"2026-05-04T23:34:26","modified_gmt":"2026-05-05T02:34:26","slug":"turk-protez-tirnak-sunum-kartelasi-seffaf-100-lu","status":"publish","type":"product","link":"https:\/\/www.hediyepazar.com\/?product=turk-protez-tirnak-sunum-kartelasi-seffaf-100-lu","title":{"rendered":"Turk Protez T\u0131rnak Sunum Kartelas\u0131 \u015eEFFAF 100 L\u00dc"},"content":{"rendered":"<p>\t<strong>\u00dcr\u00fcn \u00d6zellikleri : <\/strong><\/p>\n<p>\t<strong>Materyal : ABS\u00a0<\/strong>Akrilik\u00a0<\/p>\n<p>\t<strong>Adet : <\/strong>2 KARTELA<\/p>\n<p>\t<strong>Renk : <\/strong>Resimdeki \u015eEFFAF renk birebir g\u00f6nderilir ve s\u00fcrpriz ya\u015famazs\u0131n\u0131z<\/p>\n<p>\tTamamen ABS plastikten yap\u0131lm\u0131\u015f bu t\u0131rnak te\u015fhir seti sa\u011flam, hafif ve kullan\u0131m\u0131 g\u00fcvenlidir.<\/p>\n<p>\tProtez t\u0131rnak kart\u0131n\u0131n ta\u015f\u0131nmas\u0131 ve saklanmas\u0131 kolayd\u0131r.\u00a0<\/p>\n<p>\tBu ABS T\u0131rnak Renk Kart\u0131 Seti, \u00f6nceden yapt\u0131\u011f\u0131n\u0131z, protez t\u0131rnak, s\u00fcsleme gibi aktivitelerin m\u00fc\u015fterilerin se\u00e7ebilece\u011fi 50 renk oje g\u00f6r\u00fcnt\u00fcleyebilir.<\/p>\n<p>\tYeni ba\u015flayanlar i\u00e7in, e\u011fiyim ve \u00e7izmek i\u00e7in bir uygulama tahtas\u0131 olarak kullan\u0131labilir, bu nedenle bu t\u0131rnak te\u015fhir panosu \u00e7ok pratiktir.<\/p>\n<p>\tProfesyonel manik\u00fcrc\u00fcler ve t\u0131rnak d\u00fckkanlar\u0131 i\u00e7in de ev kullan\u0131m\u0131 i\u00e7in uygundur.<\/p>\n<p>\t\u00a0<\/p>\n<p>\t<strong>M\u00dcKEMMEL SATI\u015e SONRASI H\u0130ZMET : <\/strong>Turk \/ Turk olarak m\u00fc\u015fterilerimize en iyi hizmeti sunmay\u0131 ama\u00e7l\u0131yor, g\u00fcvenle sat\u0131n alabilmeniz i\u00e7in, ambalaj kalitemize g\u00fcveniyor, her \u00fcr\u00fcn sorunsuz teslimat i\u00e7in \u00f6zenle paketliyor ve resimde belirtilen renk, ebat, \u00f6zelikte \u00fcr\u00fcn g\u00f6ndermeyi taahh\u00fct ediyoruz. Hasarl\u0131 \u00fcr\u00fcn ald\u0131ysan\u0131z veya di\u011fer \u00fcr\u00fcn ve paket teslimat sorunlar\u0131 oldu\u011funda bizimle ileti\u015fime ge\u00e7mekten \u00e7ekinmeyin.<\/p>\n<p>\t<strong>Detayl\u0131 bilgi i\u00e7in ek resimleri inceleyebilirsiniz<\/strong><\/p>\n<p><\/p>\n<p>\t<strong><strong> <\/strong><\/strong><\/p>\n<p>\t\u00a0<\/p>\n","protected":false},"excerpt":{"rendered":"<p>\u00dcr\u00fcn \u00d6zellikleri : Materyal : ABS\u00a0Akrilik\u00a0 Adet : 2 KARTELA Renk : Resimdeki \u015eEFFAF renk birebir g\u00f6nderilir ve s\u00fcrpriz ya\u015famazs\u0131n\u0131z Tamamen ABS plastikten yap\u0131lm\u0131\u015f bu t\u0131rnak te\u015fhir seti sa\u011flam, hafif ve kullan\u0131m\u0131 g\u00fcvenlidir. Protez t\u0131rnak kart\u0131n\u0131n ta\u015f\u0131nmas\u0131 ve saklanmas\u0131 kolayd\u0131r.\u00a0 Bu ABS T\u0131rnak Renk Kart\u0131 Seti, \u00f6nceden yapt\u0131\u011f\u0131n\u0131z, protez t\u0131rnak, s\u00fcsleme gibi aktivitelerin m\u00fc\u015fterilerin se\u00e7ebilece\u011fi&#8230;<\/p>\n","protected":false},"featured_media":108337,"comment_status":"open","ping_status":"closed","template":"","meta":{"_kad_post_transparent":"","_kad_post_title":"","_kad_post_layout":"","_kad_post_sidebar_id":"","_kad_post_content_style":"","_kad_post_vertical_padding":"","_kad_post_feature":"","_kad_post_feature_position":"","_kad_post_header":false,"_kad_post_footer":false,"_kad_post_classname":""},"product_brand":[],"product_cat":[14207],"product_tag":[],"class_list":{"0":"post-108338","1":"product","2":"type-product","3":"status-publish","4":"has-post-thumbnail","6":"product_cat-el-tirnak-bakim-ve-aksesuarlar-kisisel-bakim-aletleri-elektronik-el-tirnak-bakim-ve-aksesuarlar","8":"first","9":"instock","10":"purchasable","11":"product-type-simple","12":"entry","13":"content-bg","14":"loop-entry"},"_links":{"self":[{"href":"https:\/\/www.hediyepazar.com\/index.php?rest_route=\/wp\/v2\/product\/108338","targetHints":{"allow":["GET"]}}],"collection":[{"href":"https:\/\/www.hediyepazar.com\/index.php?rest_route=\/wp\/v2\/product"}],"about":[{"href":"https:\/\/www.hediyepazar.com\/index.php?rest_route=\/wp\/v2\/types\/product"}],"replies":[{"embeddable":true,"href":"https:\/\/www.hediyepazar.com\/index.php?rest_route=%2Fwp%2Fv2%2Fcomments&post=108338"}],"wp:featuredmedia":[{"embeddable":true,"href":"https:\/\/www.hediyepazar.com\/index.php?rest_route=\/wp\/v2\/media\/108337"}],"wp:attachment":[{"href":"https:\/\/www.hediyepazar.com\/index.php?rest_route=%2Fwp%2Fv2%2Fmedia&parent=108338"}],"wp:term":[{"taxonomy":"product_brand","embeddable":true,"href":"https:\/\/www.hediyepazar.com\/index.php?rest_route=%2Fwp%2Fv2%2Fproduct_brand&post=108338"},{"taxonomy":"product_cat","embeddable":true,"href":"https:\/\/www.hediyepazar.com\/index.php?rest_route=%2Fwp%2Fv2%2Fproduct_cat&post=108338"},{"taxonomy":"product_tag","embeddable":true,"href":"https:\/\/www.hediyepazar.com\/index.php?rest_route=%2Fwp%2Fv2%2Fproduct_tag&post=108338"}],"curies":[{"name":"wp","href":"https:\/\/api.w.org\/{rel}","templated":true}]}}