{"id":108340,"date":"2026-05-04T23:34:57","date_gmt":"2026-05-05T02:34:57","guid":{"rendered":"https:\/\/www.hediyepazar.com\/?product=turk-novellini-dogal-banyo-sirt-ve-selulit-fircasi"},"modified":"2026-05-04T23:34:57","modified_gmt":"2026-05-05T02:34:57","slug":"turk-novellini-dogal-banyo-sirt-ve-selulit-fircasi","status":"publish","type":"product","link":"https:\/\/www.hediyepazar.com\/?product=turk-novellini-dogal-banyo-sirt-ve-selulit-fircasi","title":{"rendered":"Turk Novellini Do\u011fal Banyo S\u0131rt ve Sel\u00fclit F\u0131r\u00e7as\u0131"},"content":{"rendered":"<p>\t<span style=\"color:#ff0000;\"><strong>Spesifikasyonlar : <\/strong><\/span><\/p>\n<p>\t<span style=\"color:#008000;\"><strong>Renk : Resimdeki Renk-Desen Kombinasyonu birebir g\u00f6nderilir. DETAY RES\u0130MLERDEK\u0130 RENKLER \u00d6RNEKT\u0130R. Ekran fark\u0131 nedeniyle, renk tonlar\u0131 %0,5 oran\u0131nda fark olabilir. L\u00fctfen anlay\u0131\u015f g\u00f6sterin<\/strong><\/span><\/p>\n<p>\t<span style=\"color:#ff0000;\"><strong>Materyal : Bambu sapl\u0131 + At k\u0131l\u0131 f\u0131r\u00e7a tasar\u0131m\u0131 <\/strong><\/span><\/p>\n<p>\t<span style=\"color:#ff0000;\"><strong>\u00d6l\u00e7\u00fcler : RAHAT BOYUT: : Sap\u0131n uzunlu\u011fu 41 cm X f\u0131r\u00e7a 12 x 7 cm&#8217;dir, bu da s\u0131rt\u0131n\u0131z\u0131 kolayca temizlemenizi ve masaj yapman\u0131z\u0131 sa\u011flar. K\u0131l y\u00fcksekli\u011fi 1,5 cm olup kuru f\u0131r\u00e7alama veya du\u015f jeli i\u00e7in kullan\u0131labilir. &#8211; Ekran yan\u0131lmalar\u0131na kar\u015f\u0131 l\u00fctfen \u00f6l\u00e7\u00fcleri kar\u015f\u0131la\u015ft\u0131r\u0131n. Manuel \u00f6l\u00e7\u00fcm nedeniyle MM fark olabilir. L\u00fctfen anlay\u0131\u015f g\u00f6sterin <\/strong><\/span><\/p>\n<p>\t<span style=\"color:#ff0000;\"><strong>Cinsiyet : Unisex <\/strong><\/span><\/p>\n<p>\t<span style=\"color:#008000;\"><strong>\u00d6NE \u00c7IKAN \u00d6ZELL\u0130K :\u00c7IKARILAB\u0130L\u0130R TASARIM : <\/strong><\/span><\/p>\n<p>\t<span style=\"color:#008000;\"><strong>GEN\u0130\u015e KULLANIM ALANI :<\/strong><\/span><\/p>\n<p>\t<strong>CANLANDIRICI : <\/strong>Du\u015f almadan hemen \u00f6nce g\u00fcnl\u00fck rutininize bu kuru f\u0131r\u00e7a ile bir sabah seans\u0131 ekleyin ve sadece bir spada alabilece\u011finiz t\u00fcrden bir bak\u0131mla cildinizi gen\u00e7le\u015ftirirken fark\u0131 hissedin. Ayaklardan omuzlara kadar bu v\u00fccut f\u0131r\u00e7as\u0131, lenf d\u00fc\u011f\u00fcmlerinizi uyarmaya, kan ak\u0131\u015f\u0131n\u0131 iyile\u015ftirmeye, toksinleri yok etmeye ve cildinizi ba\u015fka hi\u00e7bir \u015feyin yapamayaca\u011f\u0131 \u015fekilde pul pul d\u00f6kmeye yard\u0131mc\u0131 olur.<\/p>\n<p>\t<strong>HER YERDE : <\/strong>Du\u015f i\u00e7in bu kullan\u0131\u015fl\u0131 arka y\u0131kay\u0131c\u0131, size tam g\u00fc\u00e7 ve kontrol sa\u011flayan, \u00e7\u0131kar\u0131labilir bir tutamak ve bir el kay\u0131\u015f\u0131 ile birlikte gelir. \u0130ster kollar\u0131n\u0131z\u0131 ve uyluklar\u0131n\u0131z\u0131 f\u0131r\u00e7alamak i\u00e7in el kay\u0131\u015f\u0131n\u0131, ister s\u0131rt\u0131n\u0131zdaki \u00f6l\u00fc deriye sald\u0131rmak i\u00e7in ergonomik sap\u0131 kullan\u0131n, bu banyo f\u0131r\u00e7as\u0131 cildinizin sabunlardan, kremlerden, du\u015f jellerinden en iyi \u015fekilde yararlanmas\u0131n\u0131 sa\u011flayan eksiksiz bir kuru cilt bak\u0131m \u00e7\u00f6z\u00fcm\u00fcd\u00fcr.<\/p>\n<p>\t<strong>SEL\u00dcL\u0130TLE M\u00dcCADELE: <\/strong>Kilo veriyor olsan\u0131z bile inat\u00e7\u0131 sel\u00fclit cildinizin ya\u015f\u0131n\u0131 veya \u00f6tesinde g\u00f6r\u00fcnmesini sa\u011flayabilir. Bu lenfatik drenajl\u0131 kuru v\u00fccut f\u0131r\u00e7as\u0131, sel\u00fcliti ezmeye, fasyay\u0131 k\u0131rmaya ve cildinizi p\u00fcr\u00fczs\u00fczle\u015ftirmeye yard\u0131mc\u0131 olabilir, b\u00f6ylece du\u015ftan her seferinde \u0131\u015f\u0131lt\u0131l\u0131 bir g\u00f6r\u00fcn\u00fcm elde edersiniz.<\/p>\n<p>\t<strong>TAMAMEN DO\u011eAL: <\/strong>\u00c7ok sert olmayan, \u00e7ok yumu\u015fak olmayan at k\u0131llar\u0131, sa\u011flam ancak hafif bir bambu f\u0131r\u00e7a g\u00f6vdesi ve \u00e7\u0131kar\u0131labilir sap\u0131 ile kuru cilt f\u0131r\u00e7as\u0131 cildinizi temizlerken bile kirletmemenizi sa\u011flar . Herhangi bir plastik veya kimyasal i\u00e7ermeyen bu v\u00fccut f\u0131r\u00e7as\u0131, lenfatik drenaj ve sel\u00fclit tedavisi i\u00e7in cildinize \u00e7ok say\u0131da fayda sa\u011flar.<\/p>\n<p>\t<strong>\u00c7IKARILAB\u0130L\u0130R TASARIM : <\/strong>Daha uzun bambu sap tasar\u0131m\u0131na sahip v\u00fccut f\u0131r\u00e7as\u0131, banyo f\u0131r\u00e7as\u0131n\u0131n s\u0131rt\u0131n\u0131z\u0131, omuzlar\u0131n\u0131z\u0131, kal\u00e7alar\u0131n\u0131z\u0131 vb. temizlemesini kolayla\u015ft\u0131r\u0131r. Uzun sap\u0131 kullanmak istemiyorsan\u0131z, kolayca \u00e7\u0131kar\u0131p el kay\u0131\u015flar\u0131nda kullanabilirsiniz. .<\/p>\n<p>\t<strong>KOLAY KULLANIM : <\/strong>Banyo f\u0131r\u00e7as\u0131n\u0131 \u0131l\u0131k suyla \u0131slat\u0131n ve zengin k\u00f6p\u00fck elde etmek i\u00e7in biraz du\u015f jeli uygulay\u0131n. T\u00fcm v\u00fccudunuzu nazik\u00e7e f\u0131r\u00e7alay\u0131n. Kulland\u0131ktan sonra iyice durulay\u0131n, kuru ve havaland\u0131r\u0131lm\u0131\u015f bir yere as\u0131n, k\u00fcflenmeyi \u00f6nleyin, bakteri \u00fcremesini azalt\u0131n ve servis \u00f6mr\u00fcn\u00fc uzat\u0131n.<\/p>\n<p>\t<strong>RAHAT BOYUT: : <\/strong>Sap\u0131n uzunlu\u011fu 41 cm X f\u0131r\u00e7a 12 x 7 cm&#8217;dir, bu da s\u0131rt\u0131n\u0131z\u0131 kolayca temizlemenizi ve masaj yapman\u0131z\u0131 sa\u011flar. K\u0131l y\u00fcksekli\u011fi 1,5 cm olup kuru f\u0131r\u00e7alama veya du\u015f jeli i\u00e7in kullan\u0131labilir.<\/p>\n<p>\t<strong>GEN\u0130\u015e UYGULAMALAR :\u00a0<\/strong>Ah\u015fap s\u0131rt temizleyici, hassas ciltler, kuru ciltler ve ya\u011fl\u0131 ciltler dahil her cilt tipi i\u00e7in uygundur. \u00d6l\u00fc deriyi ve toksinleri \u00e7\u0131karabilir ve dola\u015f\u0131m\u0131, hormonu, ya\u011f \u00fcreten bezleri ve lenf sistemini uyarabilirler.<\/p>\n<p>DETAYLI B\u0130LG\u0130 \u0130\u00c7\u0130N EK RES\u0130MLER\u0130 \u0130NCELEYEB\u0130L\u0130RS\u0130N\u0130Z.   <br \/><\/center><\/p>\n","protected":false},"excerpt":{"rendered":"<p>Spesifikasyonlar : Renk : Resimdeki Renk-Desen Kombinasyonu birebir g\u00f6nderilir. DETAY RES\u0130MLERDEK\u0130 RENKLER \u00d6RNEKT\u0130R. Ekran fark\u0131 nedeniyle, renk tonlar\u0131 %0,5 oran\u0131nda fark olabilir. L\u00fctfen anlay\u0131\u015f g\u00f6sterin Materyal : Bambu sapl\u0131 + At k\u0131l\u0131 f\u0131r\u00e7a tasar\u0131m\u0131 \u00d6l\u00e7\u00fcler : RAHAT BOYUT: : Sap\u0131n uzunlu\u011fu 41 cm X f\u0131r\u00e7a 12 x 7 cm&#8217;dir, bu da s\u0131rt\u0131n\u0131z\u0131 kolayca temizlemenizi ve&#8230;<\/p>\n","protected":false},"featured_media":108339,"comment_status":"open","ping_status":"closed","template":"","meta":{"_kad_post_transparent":"","_kad_post_title":"","_kad_post_layout":"","_kad_post_sidebar_id":"","_kad_post_content_style":"","_kad_post_vertical_padding":"","_kad_post_feature":"","_kad_post_feature_position":"","_kad_post_header":false,"_kad_post_footer":false,"_kad_post_classname":""},"product_brand":[],"product_cat":[14294],"product_tag":[],"class_list":{"0":"post-108340","1":"product","2":"type-product","3":"status-publish","4":"has-post-thumbnail","6":"product_cat-banyo-yapi-malzemeleri-yapi-market-bahce-yapi-market-ev-yasam-banyo-yapi-malzemeleri","8":"first","9":"instock","10":"purchasable","11":"product-type-simple","12":"entry","13":"content-bg","14":"loop-entry"},"_links":{"self":[{"href":"https:\/\/www.hediyepazar.com\/index.php?rest_route=\/wp\/v2\/product\/108340","targetHints":{"allow":["GET"]}}],"collection":[{"href":"https:\/\/www.hediyepazar.com\/index.php?rest_route=\/wp\/v2\/product"}],"about":[{"href":"https:\/\/www.hediyepazar.com\/index.php?rest_route=\/wp\/v2\/types\/product"}],"replies":[{"embeddable":true,"href":"https:\/\/www.hediyepazar.com\/index.php?rest_route=%2Fwp%2Fv2%2Fcomments&post=108340"}],"wp:featuredmedia":[{"embeddable":true,"href":"https:\/\/www.hediyepazar.com\/index.php?rest_route=\/wp\/v2\/media\/108339"}],"wp:attachment":[{"href":"https:\/\/www.hediyepazar.com\/index.php?rest_route=%2Fwp%2Fv2%2Fmedia&parent=108340"}],"wp:term":[{"taxonomy":"product_brand","embeddable":true,"href":"https:\/\/www.hediyepazar.com\/index.php?rest_route=%2Fwp%2Fv2%2Fproduct_brand&post=108340"},{"taxonomy":"product_cat","embeddable":true,"href":"https:\/\/www.hediyepazar.com\/index.php?rest_route=%2Fwp%2Fv2%2Fproduct_cat&post=108340"},{"taxonomy":"product_tag","embeddable":true,"href":"https:\/\/www.hediyepazar.com\/index.php?rest_route=%2Fwp%2Fv2%2Fproduct_tag&post=108340"}],"curies":[{"name":"wp","href":"https:\/\/api.w.org\/{rel}","templated":true}]}}