{"id":108344,"date":"2026-05-04T23:35:07","date_gmt":"2026-05-05T02:35:07","guid":{"rendered":"https:\/\/www.hediyepazar.com\/?product=turk-armando-60-kg-olcer-hizli-pratik-el-kantari"},"modified":"2026-05-04T23:35:07","modified_gmt":"2026-05-05T02:35:07","slug":"turk-armando-60-kg-olcer-hizli-pratik-el-kantari","status":"publish","type":"product","link":"https:\/\/www.hediyepazar.com\/?product=turk-armando-60-kg-olcer-hizli-pratik-el-kantari","title":{"rendered":"Turk Armando 60 Kg \u00d6l\u00e7er H\u0131zl\u0131 Pratik El Kantar\u0131"},"content":{"rendered":"<p>\t<span style=\"color:#ff0000;\"><strong>Spesifikasyonlar : <\/strong><\/span><\/p>\n<p>\t<span style=\"color:#ff0000;\"><strong>Materyal : Demir G\u00f6vde <\/strong><\/span><\/p>\n<p>\t<span style=\"color:#ff0000;\"><strong>Adet : 1 <\/strong><\/span><\/p>\n<p>\t<span style=\"color:#ff0000;\"><strong>\u00d6l\u00e7\u00fcler : <\/strong><\/span><\/p>\n<p>\t<span style=\"color:#ff0000;\"><strong>Kapasite : 60 Kg <\/strong><\/span><\/p>\n<p>\t<span style=\"color:#ff0000;\"><strong>GEN\u0130\u015e KULLANIM ALANI : Bu ta\u015f\u0131nabilir tart\u0131 i\u015fyeri, seyahat, al\u0131\u015fveri\u015f, bal\u0131k tutma ve ev kullan\u0131m\u0131 i\u00e7in m\u00fckemmeldir.<\/strong><\/span><\/p>\n<p>\t\u00a0<\/p>\n<p>\tYayl\u0131 t\u00fcp terazi, a\u011f\u0131rl\u0131k \u00f6l\u00e7\u00fcm\u00fc ve gerilim testi i\u00e7in tasarlanm\u0131\u015ft\u0131r. Paslanmay\u0131 \u00f6nlemek i\u00e7in eloksall\u0131 metal g\u00f6vde, paslanmaz \u00e7elik yay ve kanca ile donat\u0131lm\u0131\u015ft\u0131r.<br \/>\tK\u00fc\u00e7\u00fck boyutlu, hafif, kullan\u0131m\u0131 kolay, ta\u015f\u0131mas\u0131 kolay.<\/p>\n","protected":false},"excerpt":{"rendered":"<p>Spesifikasyonlar : Materyal : Demir G\u00f6vde Adet : 1 \u00d6l\u00e7\u00fcler : Kapasite : 60 Kg GEN\u0130\u015e KULLANIM ALANI : Bu ta\u015f\u0131nabilir tart\u0131 i\u015fyeri, seyahat, al\u0131\u015fveri\u015f, bal\u0131k tutma ve ev kullan\u0131m\u0131 i\u00e7in m\u00fckemmeldir. \u00a0 Yayl\u0131 t\u00fcp terazi, a\u011f\u0131rl\u0131k \u00f6l\u00e7\u00fcm\u00fc ve gerilim testi i\u00e7in tasarlanm\u0131\u015ft\u0131r. Paslanmay\u0131 \u00f6nlemek i\u00e7in eloksall\u0131 metal g\u00f6vde, paslanmaz \u00e7elik yay ve kanca ile&#8230;<\/p>\n","protected":false},"featured_media":108343,"comment_status":"open","ping_status":"closed","template":"","meta":{"_kad_post_transparent":"","_kad_post_title":"","_kad_post_layout":"","_kad_post_sidebar_id":"","_kad_post_content_style":"","_kad_post_vertical_padding":"","_kad_post_feature":"","_kad_post_feature_position":"","_kad_post_header":false,"_kad_post_footer":false,"_kad_post_classname":""},"product_brand":[],"product_cat":[14347],"product_tag":[],"class_list":{"0":"post-108344","1":"product","2":"type-product","3":"status-publish","4":"has-post-thumbnail","6":"product_cat-ofis-aksesuarlari-masaustu-gerecleri-kirtasiye-ofis-ofis-aksesuarlari","8":"first","9":"instock","10":"purchasable","11":"product-type-simple","12":"entry","13":"content-bg","14":"loop-entry"},"_links":{"self":[{"href":"https:\/\/www.hediyepazar.com\/index.php?rest_route=\/wp\/v2\/product\/108344","targetHints":{"allow":["GET"]}}],"collection":[{"href":"https:\/\/www.hediyepazar.com\/index.php?rest_route=\/wp\/v2\/product"}],"about":[{"href":"https:\/\/www.hediyepazar.com\/index.php?rest_route=\/wp\/v2\/types\/product"}],"replies":[{"embeddable":true,"href":"https:\/\/www.hediyepazar.com\/index.php?rest_route=%2Fwp%2Fv2%2Fcomments&post=108344"}],"wp:featuredmedia":[{"embeddable":true,"href":"https:\/\/www.hediyepazar.com\/index.php?rest_route=\/wp\/v2\/media\/108343"}],"wp:attachment":[{"href":"https:\/\/www.hediyepazar.com\/index.php?rest_route=%2Fwp%2Fv2%2Fmedia&parent=108344"}],"wp:term":[{"taxonomy":"product_brand","embeddable":true,"href":"https:\/\/www.hediyepazar.com\/index.php?rest_route=%2Fwp%2Fv2%2Fproduct_brand&post=108344"},{"taxonomy":"product_cat","embeddable":true,"href":"https:\/\/www.hediyepazar.com\/index.php?rest_route=%2Fwp%2Fv2%2Fproduct_cat&post=108344"},{"taxonomy":"product_tag","embeddable":true,"href":"https:\/\/www.hediyepazar.com\/index.php?rest_route=%2Fwp%2Fv2%2Fproduct_tag&post=108344"}],"curies":[{"name":"wp","href":"https:\/\/api.w.org\/{rel}","templated":true}]}}