{"id":108351,"date":"2026-05-04T23:39:00","date_gmt":"2026-05-05T02:39:00","guid":{"rendered":"https:\/\/www.hediyepazar.com\/?product=turk-silikon-uclu-cam-sil-cekcek-22-cm"},"modified":"2026-05-04T23:39:00","modified_gmt":"2026-05-05T02:39:00","slug":"turk-silikon-uclu-cam-sil-cekcek-22-cm","status":"publish","type":"product","link":"https:\/\/www.hediyepazar.com\/?product=turk-silikon-uclu-cam-sil-cekcek-22-cm","title":{"rendered":"Turk Silikon U\u00e7lu Cam Sil \u00c7ek\u00e7ek 22 Cm"},"content":{"rendered":"<p>\t<strong>\u00dcr\u00fcn \u00d6zellikleri : <\/strong><\/p>\n<p>\t<strong>Materyal : Plastik + Silikon<\/strong><\/p>\n<p>\t<strong>Adet \/ Renk \/ Tasar\u0131m : <\/strong> 1 Adet, Turk Caltabiano Design olarak tasarlad\u0131\u011f\u0131m\u0131z, resimde yer alan rengi, s\u00fcrpriz ya\u015famaman\u0131z i\u00e7in birebir g\u00f6nderiyoruz<\/p>\n<p>\t<strong>\u00d6l\u00e7\u00fcler :\u00a0\u00a0<\/strong>22 cm x 19 cm<\/p>\n<p>\t<span style=\"color:#ff0000;\"><strong>Nerelerde Kullan\u0131r\u0131m ?\u00a0<\/strong><\/span>Otomobilinizde,evinizde,ofisinizde,banyonuzda VB<br \/>\t\u00a0<\/p>\n<p>\t<span style=\"color: rgb(255, 0, 0);\"><strong>\u00dcr\u00fcn \u00d6zellikleri :\u00a0<\/strong><\/span>Suyu \u00e7ekerek al\u0131rs\u0131n\u0131z<\/p>\n<p>\tYumu\u015fak silikon kau\u00e7uk malzeme su \u00e7ekme ucu<br \/>\tSilikon ucu ile \u00e7ekilen y\u00fczeyde kesinlikle su ve iz b\u0131rakmaz.<br \/>\tPratik el tutma b\u00f6lgesi<\/p>\n<p>\t<strong>M\u00dcKEMMEL SATI\u015e SONRASI H\u0130ZMET : <\/strong>Turk \/ Turk olarak m\u00fc\u015fterilerimize en iyi hizmeti sunmay\u0131 ama\u00e7l\u0131yor, g\u00fcvenle sat\u0131n alabilmeniz i\u00e7in, ambalaj kalitemize g\u00fcveniyor, her \u00fcr\u00fcn sorunsuz teslimat i\u00e7in \u00f6zenle paketliyor ve resimde belirtilen renk, ebat, \u00f6zelikte \u00fcr\u00fcn g\u00f6ndermeyi taahh\u00fct ediyoruz. Hasarl\u0131 \u00fcr\u00fcn ald\u0131ysan\u0131z veya di\u011fer \u00fcr\u00fcn ve paket teslimat sorunlar\u0131 oldu\u011funda bizimle ileti\u015fime ge\u00e7mekten \u00e7ekinmeyin.<\/p>\n<p>\t\u00a0<\/p>\n","protected":false},"excerpt":{"rendered":"<p>\u00dcr\u00fcn \u00d6zellikleri : Materyal : Plastik + Silikon Adet \/ Renk \/ Tasar\u0131m : 1 Adet, Turk Caltabiano Design olarak tasarlad\u0131\u011f\u0131m\u0131z, resimde yer alan rengi, s\u00fcrpriz ya\u015famaman\u0131z i\u00e7in birebir g\u00f6nderiyoruz \u00d6l\u00e7\u00fcler :\u00a0\u00a022 cm x 19 cm Nerelerde Kullan\u0131r\u0131m ?\u00a0Otomobilinizde,evinizde,ofisinizde,banyonuzda VB \u00a0 \u00dcr\u00fcn \u00d6zellikleri :\u00a0Suyu \u00e7ekerek al\u0131rs\u0131n\u0131z Yumu\u015fak silikon kau\u00e7uk malzeme su \u00e7ekme ucu Silikon ucu&#8230;<\/p>\n","protected":false},"featured_media":108350,"comment_status":"open","ping_status":"closed","template":"","meta":{"_kad_post_transparent":"","_kad_post_title":"","_kad_post_layout":"","_kad_post_sidebar_id":"","_kad_post_content_style":"","_kad_post_vertical_padding":"","_kad_post_feature":"","_kad_post_feature_position":"","_kad_post_header":false,"_kad_post_footer":false,"_kad_post_classname":""},"product_brand":[],"product_cat":[14360],"product_tag":[],"class_list":{"0":"post-108351","1":"product","2":"type-product","3":"status-publish","4":"has-post-thumbnail","6":"product_cat-temizlik-gerecleri-ev-temizlik-supermarket-temizlik-gerecleri-ev-temizlik-supermarket","8":"first","9":"instock","10":"purchasable","11":"product-type-simple","12":"entry","13":"content-bg","14":"loop-entry"},"_links":{"self":[{"href":"https:\/\/www.hediyepazar.com\/index.php?rest_route=\/wp\/v2\/product\/108351","targetHints":{"allow":["GET"]}}],"collection":[{"href":"https:\/\/www.hediyepazar.com\/index.php?rest_route=\/wp\/v2\/product"}],"about":[{"href":"https:\/\/www.hediyepazar.com\/index.php?rest_route=\/wp\/v2\/types\/product"}],"replies":[{"embeddable":true,"href":"https:\/\/www.hediyepazar.com\/index.php?rest_route=%2Fwp%2Fv2%2Fcomments&post=108351"}],"wp:featuredmedia":[{"embeddable":true,"href":"https:\/\/www.hediyepazar.com\/index.php?rest_route=\/wp\/v2\/media\/108350"}],"wp:attachment":[{"href":"https:\/\/www.hediyepazar.com\/index.php?rest_route=%2Fwp%2Fv2%2Fmedia&parent=108351"}],"wp:term":[{"taxonomy":"product_brand","embeddable":true,"href":"https:\/\/www.hediyepazar.com\/index.php?rest_route=%2Fwp%2Fv2%2Fproduct_brand&post=108351"},{"taxonomy":"product_cat","embeddable":true,"href":"https:\/\/www.hediyepazar.com\/index.php?rest_route=%2Fwp%2Fv2%2Fproduct_cat&post=108351"},{"taxonomy":"product_tag","embeddable":true,"href":"https:\/\/www.hediyepazar.com\/index.php?rest_route=%2Fwp%2Fv2%2Fproduct_tag&post=108351"}],"curies":[{"name":"wp","href":"https:\/\/api.w.org\/{rel}","templated":true}]}}